{"id":5266,"date":"2015-05-19T14:17:17","date_gmt":"2015-05-19T11:17:17","guid":{"rendered":"https:\/\/frosthotel.ee\/hotell-parnu-vanalinnas\/"},"modified":"2023-03-02T11:55:27","modified_gmt":"2023-03-02T09:55:27","slug":"hotel-in-parnu-old-town","status":"publish","type":"page","link":"https:\/\/frosthotel.ee\/en\/hotel-in-parnu-old-town\/","title":{"rendered":"Hotel in P\u00e4rnu old town"},"content":{"rendered":"<div class='row'><div style='padding-bottom:0px;' class='span6 first-module module_number_1 module_cont  module_video'><div class=\"wrapped_video\"><div id='player5711'><\/div><\/div><\/div><!-- .module_cont --><div style='padding-bottom:30px;' class='span6  module_number_2 module_cont  module_text_area'>\r\n                <div class='module_content'>\r\n                    <p><span class='dropcap type2'>A<\/span>n exquisitely designed cosy boutique hotel in P&auml;rnu old town. The building was originally built in 1705 by the merchant and royal postmaster Joachim FROST. The wooden details emphasised in the whole interior design of the building originate from that period. The interior of the hotel and rooms are in pastel colours, the rooms are spacious, filled with luxury and the warmth of fireplaces.<\/p>\r\n<p>The courtyard building of Frost Boutique Hotel has 7 unique and luxurious rooms and a spacious lounge with a fireplace.<\/p>\r\n<p>The main building of Frost Boutique Hotel has 7 exclusive suites, all of them are equipped with a kitchenette so You can comfortably enjoy even a longer stay with us.&nbsp;<\/p>\r\n<p>You will feel yourself right at home in our hotel&rsquo;s relaxing atmosphere &ndash; fluffy blankets and extra-large beds will guarantee You a good night&rsquo;s sleep.&nbsp;<\/p>\r\n<p>The hotel yard has a cosy summer patio with a fountain where You can enjoy a glass of wine or a cup of coffee from our Lounge menu. During the colder season we welcome You in our cosy hotel lobby which features a wood-burning fireplace.<\/p>\r\n<p>You can enjoy new taste experiences at Mon Ami restaurant and relaxing treatments at Frost Salon.<\/p>\r\n<p>The hotel is located a couple of meters away from the open-air stage on Vallik&auml;&auml;r meadow, the theatre Endla, St. Elizabeth&rsquo;s Church and the alley of restaurants and shops on R&uuml;&uuml;tli Street.<\/p>\r\n<p>Smoking is prohibited in Frost Boutique Hotel's rooms and public areas. Smoking in our hotel is allowed only on the designated area in front of the hotel.<\/p>\r\n<p><a href=\"https:\/\/bouk.io\/booking\/frost\/240\/rooms?language=en&amp;adults=2\"  class=\" shortcode_button btn_small btn_type5\">Book a room<\/a><\/p>\r\n                <\/div><\/div><!-- .module_cont --><\/div>","protected":false},"excerpt":{"rendered":"<p>An exquisitely designed cosy boutique hotel in P&auml;rnu old town. The building was originally built in 1705 by the merchant and royal postmaster Joachim FROST. The wooden details emphasised in the whole interior design of the building originate from that period. The interior of the hotel and rooms are in pastel colours, the rooms are spacious, filled with luxury and the warmth of fireplaces. The courtyard building of Frost Boutique Hotel has 7 unique and luxurious rooms and a spacious lounge with a fireplace. The main building of Frost Boutique Hotel has 7 exclusive suites, all of them are equipped with a kitchenette so You can comfortably enjoy even a longer stay with us.&nbsp; You will feel yourself right at home in our hotel&rsquo;s relaxing atmosphere &ndash; fluffy blankets and extra-large beds will guarantee You a good night&rsquo;s sleep.&nbsp; The hotel yard has a cosy summer patio with a fountain where You can enjoy a glass of wine or a cup of coffee from our Lounge menu. During the colder season we welcome You in our cosy hotel lobby which features a wood-burning fireplace. You can enjoy new taste experiences at Mon Ami restaurant and relaxing treatments at Frost Salon. [&hellip;]<\/p>\n","protected":false},"author":1,"featured_media":0,"parent":0,"menu_order":0,"comment_status":"closed","ping_status":"closed","template":"page-center.php","meta":{"_acf_changed":false,"footnotes":""},"class_list":["post-5266","page","type-page","status-publish","hentry"],"acf":[],"yoast_head":"<!-- This site is optimized with the Yoast SEO Premium plugin v20.6 (Yoast SEO v27.3) - https:\/\/yoast.com\/product\/yoast-seo-premium-wordpress\/ -->\n<title>Hotel in P\u00e4rnu old town | Luxurious Frost Boutique Hotel<\/title>\n<meta name=\"description\" content=\"A luxuriously, to the detail furnished boutique hotel in P\u00e4rnu old town. Frost Boutique Hotel in P\u00e4rnu is located in the heart of the city.\" \/>\n<meta name=\"robots\" content=\"index, follow, max-snippet:-1, max-image-preview:large, max-video-preview:-1\" \/>\n<link rel=\"canonical\" href=\"https:\/\/frosthotel.ee\/en\/hotel-in-parnu-old-town\/\" \/>\n<meta property=\"og:locale\" content=\"en_US\" \/>\n<meta property=\"og:type\" content=\"article\" \/>\n<meta property=\"og:title\" content=\"Hotel in P\u00e4rnu old town\" \/>\n<meta property=\"og:description\" content=\"A luxuriously, to the detail furnished boutique hotel in P\u00e4rnu old town. Frost Boutique Hotel in P\u00e4rnu is located in the heart of the city.\" \/>\n<meta property=\"og:url\" content=\"https:\/\/frosthotel.ee\/en\/hotel-in-parnu-old-town\/\" \/>\n<meta property=\"og:site_name\" content=\"Frost Boutique Hotel\" \/>\n<meta property=\"article:publisher\" content=\"https:\/\/www.facebook.com\/frostboutiquehotel\/\" \/>\n<meta property=\"article:modified_time\" content=\"2023-03-02T09:55:27+00:00\" \/>\n<meta property=\"og:image\" content=\"https:\/\/frosthotel.ee\/wp-content\/uploads\/2021\/04\/Frost-Boutique-Hotell.jpg\" \/>\n\t<meta property=\"og:image:width\" content=\"2016\" \/>\n\t<meta property=\"og:image:height\" content=\"1512\" \/>\n\t<meta property=\"og:image:type\" content=\"image\/jpeg\" \/>\n<meta name=\"twitter:card\" content=\"summary_large_image\" \/>\n<script type=\"application\/ld+json\" class=\"yoast-schema-graph\">{\"@context\":\"https:\\\/\\\/schema.org\",\"@graph\":[{\"@type\":\"WebPage\",\"@id\":\"https:\\\/\\\/frosthotel.ee\\\/en\\\/hotel-in-parnu-old-town\\\/\",\"url\":\"https:\\\/\\\/frosthotel.ee\\\/en\\\/hotel-in-parnu-old-town\\\/\",\"name\":\"Hotel in P\u00e4rnu old town | Luxurious Frost Boutique Hotel\",\"isPartOf\":{\"@id\":\"https:\\\/\\\/frosthotel.ee\\\/en\\\/#website\"},\"datePublished\":\"2015-05-19T11:17:17+00:00\",\"dateModified\":\"2023-03-02T09:55:27+00:00\",\"description\":\"A luxuriously, to the detail furnished boutique hotel in P\u00e4rnu old town. Frost Boutique Hotel in P\u00e4rnu is located in the heart of the city.\",\"breadcrumb\":{\"@id\":\"https:\\\/\\\/frosthotel.ee\\\/en\\\/hotel-in-parnu-old-town\\\/#breadcrumb\"},\"inLanguage\":\"en-US\",\"potentialAction\":[{\"@type\":\"ReadAction\",\"target\":[\"https:\\\/\\\/frosthotel.ee\\\/en\\\/hotel-in-parnu-old-town\\\/\"]}]},{\"@type\":\"BreadcrumbList\",\"@id\":\"https:\\\/\\\/frosthotel.ee\\\/en\\\/hotel-in-parnu-old-town\\\/#breadcrumb\",\"itemListElement\":[{\"@type\":\"ListItem\",\"position\":1,\"name\":\"Home\",\"item\":\"https:\\\/\\\/frosthotel.ee\\\/en\\\/\"},{\"@type\":\"ListItem\",\"position\":2,\"name\":\"Hotel in P\u00e4rnu old town\"}]},{\"@type\":\"WebSite\",\"@id\":\"https:\\\/\\\/frosthotel.ee\\\/en\\\/#website\",\"url\":\"https:\\\/\\\/frosthotel.ee\\\/en\\\/\",\"name\":\"Frost Boutique Hotel\",\"description\":\"P\u00e4rnu s\u00fcdalinna erakordne butiik-hotell\",\"publisher\":{\"@id\":\"https:\\\/\\\/frosthotel.ee\\\/en\\\/#organization\"},\"potentialAction\":[{\"@type\":\"SearchAction\",\"target\":{\"@type\":\"EntryPoint\",\"urlTemplate\":\"https:\\\/\\\/frosthotel.ee\\\/en\\\/?s={search_term_string}\"},\"query-input\":{\"@type\":\"PropertyValueSpecification\",\"valueRequired\":true,\"valueName\":\"search_term_string\"}}],\"inLanguage\":\"en-US\"},{\"@type\":\"Organization\",\"@id\":\"https:\\\/\\\/frosthotel.ee\\\/en\\\/#organization\",\"name\":\"Frost Boutique Hotel P\u00e4rnu\",\"url\":\"https:\\\/\\\/frosthotel.ee\\\/en\\\/\",\"logo\":{\"@type\":\"ImageObject\",\"inLanguage\":\"en-US\",\"@id\":\"https:\\\/\\\/frosthotel.ee\\\/en\\\/#\\\/schema\\\/logo\\\/image\\\/\",\"url\":\"https:\\\/\\\/frosthotel.ee\\\/wp-content\\\/uploads\\\/2022\\\/04\\\/Frost_logo-02.png\",\"contentUrl\":\"https:\\\/\\\/frosthotel.ee\\\/wp-content\\\/uploads\\\/2022\\\/04\\\/Frost_logo-02.png\",\"width\":3545,\"height\":1772,\"caption\":\"Frost Boutique Hotel P\u00e4rnu\"},\"image\":{\"@id\":\"https:\\\/\\\/frosthotel.ee\\\/en\\\/#\\\/schema\\\/logo\\\/image\\\/\"},\"sameAs\":[\"https:\\\/\\\/www.facebook.com\\\/frostboutiquehotel\\\/\",\"https:\\\/\\\/www.instagram.com\\\/frostboutiquehotel\\\/\"]}]}<\/script>\n<!-- \/ Yoast SEO Premium plugin. -->","yoast_head_json":{"title":"Hotel in P\u00e4rnu old town | Luxurious Frost Boutique Hotel","description":"A luxuriously, to the detail furnished boutique hotel in P\u00e4rnu old town. Frost Boutique Hotel in P\u00e4rnu is located in the heart of the city.","robots":{"index":"index","follow":"follow","max-snippet":"max-snippet:-1","max-image-preview":"max-image-preview:large","max-video-preview":"max-video-preview:-1"},"canonical":"https:\/\/frosthotel.ee\/en\/hotel-in-parnu-old-town\/","og_locale":"en_US","og_type":"article","og_title":"Hotel in P\u00e4rnu old town","og_description":"A luxuriously, to the detail furnished boutique hotel in P\u00e4rnu old town. Frost Boutique Hotel in P\u00e4rnu is located in the heart of the city.","og_url":"https:\/\/frosthotel.ee\/en\/hotel-in-parnu-old-town\/","og_site_name":"Frost Boutique Hotel","article_publisher":"https:\/\/www.facebook.com\/frostboutiquehotel\/","article_modified_time":"2023-03-02T09:55:27+00:00","og_image":[{"width":2016,"height":1512,"url":"https:\/\/frosthotel.ee\/wp-content\/uploads\/2021\/04\/Frost-Boutique-Hotell.jpg","type":"image\/jpeg"}],"twitter_card":"summary_large_image","schema":{"@context":"https:\/\/schema.org","@graph":[{"@type":"WebPage","@id":"https:\/\/frosthotel.ee\/en\/hotel-in-parnu-old-town\/","url":"https:\/\/frosthotel.ee\/en\/hotel-in-parnu-old-town\/","name":"Hotel in P\u00e4rnu old town | Luxurious Frost Boutique Hotel","isPartOf":{"@id":"https:\/\/frosthotel.ee\/en\/#website"},"datePublished":"2015-05-19T11:17:17+00:00","dateModified":"2023-03-02T09:55:27+00:00","description":"A luxuriously, to the detail furnished boutique hotel in P\u00e4rnu old town. Frost Boutique Hotel in P\u00e4rnu is located in the heart of the city.","breadcrumb":{"@id":"https:\/\/frosthotel.ee\/en\/hotel-in-parnu-old-town\/#breadcrumb"},"inLanguage":"en-US","potentialAction":[{"@type":"ReadAction","target":["https:\/\/frosthotel.ee\/en\/hotel-in-parnu-old-town\/"]}]},{"@type":"BreadcrumbList","@id":"https:\/\/frosthotel.ee\/en\/hotel-in-parnu-old-town\/#breadcrumb","itemListElement":[{"@type":"ListItem","position":1,"name":"Home","item":"https:\/\/frosthotel.ee\/en\/"},{"@type":"ListItem","position":2,"name":"Hotel in P\u00e4rnu old town"}]},{"@type":"WebSite","@id":"https:\/\/frosthotel.ee\/en\/#website","url":"https:\/\/frosthotel.ee\/en\/","name":"Frost Boutique Hotel","description":"P\u00e4rnu s\u00fcdalinna erakordne butiik-hotell","publisher":{"@id":"https:\/\/frosthotel.ee\/en\/#organization"},"potentialAction":[{"@type":"SearchAction","target":{"@type":"EntryPoint","urlTemplate":"https:\/\/frosthotel.ee\/en\/?s={search_term_string}"},"query-input":{"@type":"PropertyValueSpecification","valueRequired":true,"valueName":"search_term_string"}}],"inLanguage":"en-US"},{"@type":"Organization","@id":"https:\/\/frosthotel.ee\/en\/#organization","name":"Frost Boutique Hotel P\u00e4rnu","url":"https:\/\/frosthotel.ee\/en\/","logo":{"@type":"ImageObject","inLanguage":"en-US","@id":"https:\/\/frosthotel.ee\/en\/#\/schema\/logo\/image\/","url":"https:\/\/frosthotel.ee\/wp-content\/uploads\/2022\/04\/Frost_logo-02.png","contentUrl":"https:\/\/frosthotel.ee\/wp-content\/uploads\/2022\/04\/Frost_logo-02.png","width":3545,"height":1772,"caption":"Frost Boutique Hotel P\u00e4rnu"},"image":{"@id":"https:\/\/frosthotel.ee\/en\/#\/schema\/logo\/image\/"},"sameAs":["https:\/\/www.facebook.com\/frostboutiquehotel\/","https:\/\/www.instagram.com\/frostboutiquehotel\/"]}]}},"_links":{"self":[{"href":"https:\/\/frosthotel.ee\/en\/wp-json\/wp\/v2\/pages\/5266","targetHints":{"allow":["GET"]}}],"collection":[{"href":"https:\/\/frosthotel.ee\/en\/wp-json\/wp\/v2\/pages"}],"about":[{"href":"https:\/\/frosthotel.ee\/en\/wp-json\/wp\/v2\/types\/page"}],"author":[{"embeddable":true,"href":"https:\/\/frosthotel.ee\/en\/wp-json\/wp\/v2\/users\/1"}],"replies":[{"embeddable":true,"href":"https:\/\/frosthotel.ee\/en\/wp-json\/wp\/v2\/comments?post=5266"}],"version-history":[{"count":2,"href":"https:\/\/frosthotel.ee\/en\/wp-json\/wp\/v2\/pages\/5266\/revisions"}],"predecessor-version":[{"id":5268,"href":"https:\/\/frosthotel.ee\/en\/wp-json\/wp\/v2\/pages\/5266\/revisions\/5268"}],"wp:attachment":[{"href":"https:\/\/frosthotel.ee\/en\/wp-json\/wp\/v2\/media?parent=5266"}],"curies":[{"name":"wp","href":"https:\/\/api.w.org\/{rel}","templated":true}]}}