{"id":5269,"date":"2015-05-19T15:34:39","date_gmt":"2015-05-19T12:34:39","guid":{"rendered":"https:\/\/frosthotel.ee\/majutus-parnus\/"},"modified":"2026-03-09T15:45:36","modified_gmt":"2026-03-09T13:45:36","slug":"accommodation-in-parnu","status":"publish","type":"page","link":"https:\/\/frosthotel.ee\/en\/accommodation-in-parnu\/","title":{"rendered":"Rooms"},"content":{"rendered":"<div class='row'><div style='padding-bottom:30px;' class='span3 first-module module_number_1 module_cont  module_text_area'><div class='bg_title'><h3 style='' class='headInModule'>Standard double room<\/h3><\/div>\r\n                <div class='module_content'>\r\n                    <p><a href=\"\/superior-tuba\/\"><img loading=\"lazy\" decoding=\"async\" src=\"\/wp-content\/uploads\/2022\/07\/Vanilla_S-5-scaled.jpg\" alt=\"Paul Keres Superior Room\" width=\"1920\" height=\"1080\" \/><\/a><\/p>\r\n<p>Standard double room with stylish design located in the courtyard building. The room is next to the main entrance of the hotel. The hotel room has a spacious terrace facing the interior courtyard, where you can comfortably enjoy the evening sun and drinks.<\/p>\r\n<p><strong>1 bedroom<sup><br \/><\/sup>Accommodates up to 2 persons<br \/>Price starting from 130 &euro;<\/strong><\/p>\r\n<p><a href=\"\/en\/accommodation-in-parnu\/standarddouble\/\"  class=\" shortcode_button btn_small btn_type3\">Read more...<\/a><a href=\"https:\/\/bouk.io\/booking\/frost\/240\/rooms?language=en&amp;adults=2\"  class=\" shortcode_button btn_small btn_type5\">Book a room<\/a><\/p>\r\n                <\/div><\/div><!-- .module_cont --><div style='padding-bottom:30px;' class='span3  module_number_2 module_cont  module_text_area'><div class='bg_title'><h3 style='' class='headInModule'>Superior room<\/h3><\/div>\r\n                <div class='module_content'>\r\n                    <p>&nbsp;<\/p>\r\n<p><a href=\"\/en\/accommodation-in-parnu\/superior-room\/\"><img loading=\"lazy\" decoding=\"async\" src=\"\/wp-content\/uploads\/2025\/02\/Superior-Chocolate-1--scaled.jpg\" alt=\"Superior Room\" width=\"2560\" height=\"1707\" \/><\/a><\/p>\r\n<p>The Superior Rooms in the courtyard house are stylishly and luxuriously furnished. In these west-facing rooms You can enjoy the evening sun on the terrace opening onto the hotel&rsquo;s courtyard.<\/p>\r\n<p>&nbsp;<\/p>\r\n<p><strong>1 bedroom<br \/><\/strong><strong>Accommodates up to 2 people<br \/><\/strong><strong>The price starts from &euro;150<\/strong><\/p>\r\n<p>&nbsp;<\/p>\r\n<p>&nbsp;<\/p>\r\n<p><a href=\"\/en\/accommodation-in-parnu\/superior-room\/\"  class=\" shortcode_button btn_small btn_type3\">Read more...<\/a><a href=\"https:\/\/bouk.io\/booking\/frost\/240\/rooms?language=en&amp;adults=2\"  class=\" shortcode_button btn_small btn_type5\">Book a room<\/a><\/p>\r\n                <\/div><\/div><!-- .module_cont --><div style='padding-bottom:30px;' class='span3  module_number_3 module_cont  module_text_area'><div class='bg_title'><h3 style='' class='headInModule'>Family Room<\/h3><\/div>\r\n                <div class='module_content'>\r\n                    <p>&nbsp;<\/p>\r\n<p><a href=\"\/en\/accommodation-in-parnu\/family-room\/\"><img loading=\"lazy\" decoding=\"async\" src=\"\/wp-content\/uploads\/2021\/03\/White-Suite_peretuba-Frost-Boutique-Parnu-scaled.jpg\" alt=\"Family Room\" width=\"1920\" height=\"1080\" \/><\/a><\/p>\r\n<p>The Family Room has in addition to a double bed a loft-style extra bed for two &ndash; the perfect and exciting solution for a family of four &ndash; 2 adults and 2 children (the extra bed is suitable for kids over 5 years old).&nbsp;<\/p>\r\n<p><strong>1 bedroom<br \/><\/strong><strong>Accommodates up to 2 adults + 2 kids<br \/><\/strong><strong>The price starts from &euro;180<\/strong><\/p>\r\n<p>&nbsp;<\/p>\r\n<p><a href=\"\/en\/accommodation-in-parnu\/family-room\/\"  class=\" shortcode_button btn_small btn_type3\">Read more...<\/a><a href=\"https:\/\/bouk.io\/booking\/frost\/240\/rooms?language=en&amp;adults=2\"  class=\" shortcode_button btn_small btn_type5\">Book a room<\/a><\/p>\r\n                <\/div><\/div><!-- .module_cont --><div style='padding-bottom:30px;' class='span3  module_number_4 module_cont  module_text_area'><div class='bg_title'><h3 style='' class='headInModule'>JUNIOR SUITE<\/h3><\/div>\r\n                <div class='module_content'>\r\n                    <p>&nbsp;<\/p>\r\n<p><a href=\"\/en\/accommodation-in-parnu\/junior-suite\/\"><img loading=\"lazy\" decoding=\"async\" src=\"\/wp-content\/uploads\/2025\/02\/Juuniorsviit_taustaks.jpg\" alt=\"Junior Suite\" width=\"1920\" height=\"1080\" \/><\/a><\/p>\r\n<p>High floor-to-ceiling windows offer a feeling of spaciousness, and the private balcony overlooking the cosy courtyard of the hotel makes the Junior Suite perfect for couples.<\/p>\r\n<p>&nbsp;<\/p>\r\n<p><strong>1 bedroom<br \/><\/strong><strong>Accommodates up to 2 people<br \/><\/strong><strong>The price starts from &euro;170<\/strong><\/p>\r\n<p>&nbsp;<\/p>\r\n<p>&nbsp;<\/p>\r\n<p><a href=\"\/en\/accommodation-in-parnu\/junior-suite\/\"  class=\" shortcode_button btn_small btn_type3\">Read more...<\/a><a href=\"https:\/\/bouk.io\/booking\/frost\/240\/rooms?language=en&amp;adults=2\"  class=\" shortcode_button btn_small btn_type5\">Book a room<\/a><\/p>\r\n                <\/div><\/div><!-- .module_cont --><\/div><div class='row'><div style='padding-bottom:30px;' class='span3  module_number_5 module_cont  module_text_area'><div class='bg_title'><h3 style='' class='headInModule'>DELUXE SUITE WITH A BALCONY<\/h3><\/div>\r\n                <div class='module_content'>\r\n                    <p><a href=\"\/en\/accommodation-in-parnu\/deluxe-suite\/\"><img loading=\"lazy\" decoding=\"async\" src=\"\/wp-content\/uploads\/2025\/02\/deluxe_sviit_coral.jpeg\" alt=\"Deluxe Suite\" width=\"1920\" height=\"1080\" \/><\/a><\/p>\r\n<p>The Deluxe Suite is a French-style suite on the second floor of the main building. It has a spacious living room, open kitchen and private balcony &ndash; a cosy place to stay right in the heart of P&auml;rnu.<\/p>\r\n<p><strong>Living room, 1 bedroom<br \/><\/strong><strong>Accommodates up to 2 people<br \/><\/strong><strong>The price starts from &euro;190<\/strong><\/p>\r\n<p>&nbsp;<\/p>\r\n<p>&nbsp;<\/p>\r\n<p><a href=\"\/en\/accommodation-in-parnu\/deluxe-suite\/\"  class=\" shortcode_button btn_small btn_type3\">Read more...<\/a><a href=\"https:\/\/bouk.io\/booking\/frost\/240\/rooms?language=en&amp;adults=2\"  class=\" shortcode_button btn_small btn_type5\">Book a room<\/a><\/p>\r\n                <\/div><\/div><!-- .module_cont --><div style='padding-bottom:30px;' class='span3  module_number_6 module_cont  module_text_area'><div class='bg_title'><h3 style='' class='headInModule'>Family Suite<\/h3><\/div>\r\n                <div class='module_content'>\r\n                    <p>&nbsp;<\/p>\r\n<p><a href=\"\/en\/accommodation-in-parnu\/family-suite\/\"><img loading=\"lazy\" decoding=\"async\" src=\"\/wp-content\/uploads\/2025\/02\/Peresviit-Honey-2--scaled.jpg\" alt=\"Family Suite\" width=\"1920\" height=\"1080\" \/><\/a><\/p>\r\n<p>The Family Suite is located on the second floor of the main building, has two separate bedrooms, a spacious living room and a kitchenette. Our Family Suite is suitable for guests with children or groups of up to four members.<\/p>\r\n<p><strong>Living room, 2 bedrooms<br \/><\/strong><strong>Accommodates up to 4 people<br \/><\/strong><strong>The price starts from &euro;240<\/strong><\/p>\r\n<p>&nbsp;<\/p>\r\n<p><a href=\"\/en\/accommodation-in-parnu\/family-suite\/\"  class=\" shortcode_button btn_small btn_type3\">Read more...<\/a><a href=\"https:\/\/bouk.io\/booking\/frost\/240\/rooms?language=en&amp;adults=2\"  class=\" shortcode_button btn_small btn_type5\">Book a room<\/a><\/p>\r\n                <\/div><\/div><!-- .module_cont --><div style='padding-bottom:30px;' class='span3  module_number_7 module_cont  module_text_area'><div class='bg_title'><h3 style='' class='headInModule'>TWO-BEDROOM SUITE with BALCONY<\/h3><\/div>\r\n                <div class='module_content'>\r\n                    <p><a href=\"\/en\/accommodation-in-parnu\/suite-in-parnu\/\"><img loading=\"lazy\" decoding=\"async\" src=\"\/wp-content\/uploads\/2025\/02\/Sviit-roduga-Perle-1--scaled.jpg\" alt=\"Suite with balcony\" width=\"1920\" height=\"1080\" \/><\/a><\/p>\r\n<p>Located on the third floor of the main building, this three-room suite is a luxurious stop in P&auml;rnu Old Town. A balcony, fireplace, bath, air-conditioning - everything You can dream of is here.<\/p>\r\n<p>&nbsp;<\/p>\r\n<p><strong>Living room, 2 bedrooms<br \/><\/strong><strong>Accommodates up to 4 people<br \/><\/strong><strong>The price starts from &euro;275<\/strong><\/p>\r\n<p>&nbsp;<\/p>\r\n<p><a href=\"\/en\/accommodation-in-parnu\/suite-in-parnu\/\"  class=\" shortcode_button btn_small btn_type3\">Read more...<\/a><a href=\"https:\/\/bouk.io\/booking\/frost\/240\/rooms?language=en&amp;adults=2\"  class=\" shortcode_button btn_small btn_type5\">Book a room<\/a><\/p>\r\n                <\/div><\/div><!-- .module_cont --><div style='padding-bottom:30px;' class='span3  module_number_8 module_cont  module_text_area'><div class='bg_title'><h3 style='' class='headInModule'>TWO-BEDROOM LUX SUITE with BALCONY<\/h3><\/div>\r\n                <div class='module_content'>\r\n                    <p><a href=\"\/en\/accommodation-in-parnu\/luxury-suite-parnu\/\"><img loading=\"lazy\" decoding=\"async\" src=\"\/wp-content\/uploads\/2025\/02\/Lix-sviit-Silver-2--scaled.jpg\" alt=\"Lux-suite\" width=\"1920\" height=\"1080\" \/><\/a><\/p>\r\n<p>A spacious sunny balcony, luxurious bathroom, fireplace that gives warmth and cosiness, designer furniture and a fully equipped open kitchen - pure luxury in the heart of P&auml;rnu.<\/p>\r\n<p>&nbsp;<\/p>\r\n<p><strong>Living room, 2 bedrooms<br \/><\/strong><strong>Accommodates up to 4 people<br \/><\/strong><strong>The price starts from &euro;320<\/strong><\/p>\r\n<p>&nbsp;<\/p>\r\n<p><a href=\"\/en\/accommodation-in-parnu\/luxury-suite-parnu\/\"  class=\" shortcode_button btn_small btn_type3\">Read more...<\/a><a href=\"https:\/\/bouk.io\/booking\/frost\/240\/rooms?language=en&amp;adults=2\"  class=\" shortcode_button btn_small btn_type5\">Book a room<\/a><\/p>\r\n                <\/div><\/div><!-- .module_cont --><\/div><div class='row'><div style='padding-bottom:30px;' class='span3  module_number_9 module_cont  module_text_area'><div class='bg_title'><h3 style='' class='headInModule'>Royal Suite<\/h3><\/div>\r\n                <div class='module_content'>\r\n                    <p>&nbsp;<\/p>\r\n<p><a href=\"\/en\/accommodation-in-parnu\/royal-suite\/\"><img loading=\"lazy\" decoding=\"async\" src=\"\/wp-content\/uploads\/2025\/02\/Royal-sviit-1--scaled.jpg\" alt=\"Royal Suite\" width=\"1920\" height=\"1080\" \/><\/a><\/p>\r\n<p>The Royal Suite on the ground floor of the main building has 1 bedroom, a bath, fireplace, kitchenette, air conditioning and all the necessary equipment for a business meeting or a small conference.<\/p>\r\n<p><strong>Living room, 1 bedroom<br \/><\/strong><strong>Accommodates up to 2 people<br \/><\/strong><strong>The price starts from &euro;380<\/strong><\/p>\r\n<p>&nbsp;<\/p>\r\n<p><a href=\"\/en\/accommodation-in-parnu\/royal-suite\/\"  class=\" shortcode_button btn_small btn_type3\">Read more...<\/a><a href=\"https:\/\/bouk.io\/booking\/frost\/240\/rooms?language=en&amp;adults=2\"  class=\" shortcode_button btn_small btn_type5\">Book a room<\/a><\/p>\r\n                <\/div><\/div><!-- .module_cont --><\/div>","protected":false},"excerpt":{"rendered":"<p>Standard double room Standard double room with stylish design located in the courtyard building. The room is next to the main entrance of the hotel. The hotel room has a spacious terrace facing the interior courtyard, where you can comfortably enjoy the evening sun and drinks. 1 bedroomAccommodates up to 2 personsPrice starting from 130 &euro; Read more&#8230;Book a room Superior room &nbsp; The Superior Rooms in the courtyard house are stylishly and luxuriously furnished. In these west-facing rooms You can enjoy the evening sun on the terrace opening onto the hotel&rsquo;s courtyard. &nbsp; 1 bedroomAccommodates up to 2 peopleThe price starts from &euro;150 &nbsp; &nbsp; Read more&#8230;Book a room Family Room &nbsp; The Family Room has in addition to a double bed a loft-style extra bed for two &ndash; the perfect and exciting solution for a family of four &ndash; 2 adults and 2 children (the extra bed is suitable for kids over 5 years old).&nbsp; 1 bedroomAccommodates up to 2 adults + 2 kidsThe price starts from &euro;180 &nbsp; Read more&#8230;Book a room JUNIOR SUITE &nbsp; High floor-to-ceiling windows offer a feeling of spaciousness, and the private balcony overlooking the cosy courtyard of the hotel makes the Junior [&hellip;]<\/p>\n","protected":false},"author":1,"featured_media":0,"parent":0,"menu_order":0,"comment_status":"closed","ping_status":"closed","template":"page-center.php","meta":{"_acf_changed":false,"footnotes":""},"class_list":["post-5269","page","type-page","status-publish","hentry"],"acf":[],"yoast_head":"<!-- This site is optimized with the Yoast SEO Premium plugin v20.6 (Yoast SEO v27.4) - https:\/\/yoast.com\/product\/yoast-seo-premium-wordpress\/ -->\n<title>Accommodation in P\u00e4rnu | Superior rooms and luxurious Suites in P\u00e4rnu<\/title>\n<meta name=\"description\" content=\"The accommodation in P\u00e4rnu in Frost Boutique is provided in spacious and luxuriously designed rooms with balconies and a superb view!\" \/>\n<meta name=\"robots\" content=\"index, follow, max-snippet:-1, max-image-preview:large, max-video-preview:-1\" \/>\n<link rel=\"canonical\" href=\"https:\/\/frosthotel.ee\/en\/accommodation-in-parnu\/\" \/>\n<meta property=\"og:locale\" content=\"en_US\" \/>\n<meta property=\"og:type\" content=\"article\" \/>\n<meta property=\"og:title\" content=\"Rooms\" \/>\n<meta property=\"og:description\" content=\"The accommodation in P\u00e4rnu in Frost Boutique is provided in spacious and luxuriously designed rooms with balconies and a superb view!\" \/>\n<meta property=\"og:url\" content=\"https:\/\/frosthotel.ee\/en\/accommodation-in-parnu\/\" \/>\n<meta property=\"og:site_name\" content=\"Frost Boutique Hotel\" \/>\n<meta property=\"article:publisher\" content=\"https:\/\/www.facebook.com\/frostboutiquehotel\/\" \/>\n<meta property=\"article:modified_time\" content=\"2026-03-09T13:45:36+00:00\" \/>\n<meta property=\"og:image\" content=\"https:\/\/frosthotel.ee\/wp-content\/uploads\/2021\/04\/Frost-Boutique-Hotell.jpg\" \/>\n\t<meta property=\"og:image:width\" content=\"2016\" \/>\n\t<meta property=\"og:image:height\" content=\"1512\" \/>\n\t<meta property=\"og:image:type\" content=\"image\/jpeg\" \/>\n<meta name=\"twitter:card\" content=\"summary_large_image\" \/>\n<script type=\"application\/ld+json\" class=\"yoast-schema-graph\">{\"@context\":\"https:\\\/\\\/schema.org\",\"@graph\":[{\"@type\":\"WebPage\",\"@id\":\"https:\\\/\\\/frosthotel.ee\\\/en\\\/accommodation-in-parnu\\\/\",\"url\":\"https:\\\/\\\/frosthotel.ee\\\/en\\\/accommodation-in-parnu\\\/\",\"name\":\"Accommodation in P\u00e4rnu | Superior rooms and luxurious Suites in P\u00e4rnu\",\"isPartOf\":{\"@id\":\"https:\\\/\\\/frosthotel.ee\\\/en\\\/#website\"},\"datePublished\":\"2015-05-19T12:34:39+00:00\",\"dateModified\":\"2026-03-09T13:45:36+00:00\",\"description\":\"The accommodation in P\u00e4rnu in Frost Boutique is provided in spacious and luxuriously designed rooms with balconies and a superb view!\",\"breadcrumb\":{\"@id\":\"https:\\\/\\\/frosthotel.ee\\\/en\\\/accommodation-in-parnu\\\/#breadcrumb\"},\"inLanguage\":\"en-US\",\"potentialAction\":[{\"@type\":\"ReadAction\",\"target\":[\"https:\\\/\\\/frosthotel.ee\\\/en\\\/accommodation-in-parnu\\\/\"]}]},{\"@type\":\"BreadcrumbList\",\"@id\":\"https:\\\/\\\/frosthotel.ee\\\/en\\\/accommodation-in-parnu\\\/#breadcrumb\",\"itemListElement\":[{\"@type\":\"ListItem\",\"position\":1,\"name\":\"Home\",\"item\":\"https:\\\/\\\/frosthotel.ee\\\/en\\\/\"},{\"@type\":\"ListItem\",\"position\":2,\"name\":\"Rooms\"}]},{\"@type\":\"WebSite\",\"@id\":\"https:\\\/\\\/frosthotel.ee\\\/en\\\/#website\",\"url\":\"https:\\\/\\\/frosthotel.ee\\\/en\\\/\",\"name\":\"Frost Boutique Hotel\",\"description\":\"P\u00e4rnu s\u00fcdalinna erakordne butiik-hotell\",\"publisher\":{\"@id\":\"https:\\\/\\\/frosthotel.ee\\\/en\\\/#organization\"},\"potentialAction\":[{\"@type\":\"SearchAction\",\"target\":{\"@type\":\"EntryPoint\",\"urlTemplate\":\"https:\\\/\\\/frosthotel.ee\\\/en\\\/?s={search_term_string}\"},\"query-input\":{\"@type\":\"PropertyValueSpecification\",\"valueRequired\":true,\"valueName\":\"search_term_string\"}}],\"inLanguage\":\"en-US\"},{\"@type\":\"Organization\",\"@id\":\"https:\\\/\\\/frosthotel.ee\\\/en\\\/#organization\",\"name\":\"Frost Boutique Hotel P\u00e4rnu\",\"url\":\"https:\\\/\\\/frosthotel.ee\\\/en\\\/\",\"logo\":{\"@type\":\"ImageObject\",\"inLanguage\":\"en-US\",\"@id\":\"https:\\\/\\\/frosthotel.ee\\\/en\\\/#\\\/schema\\\/logo\\\/image\\\/\",\"url\":\"https:\\\/\\\/frosthotel.ee\\\/wp-content\\\/uploads\\\/2022\\\/04\\\/Frost_logo-02.png\",\"contentUrl\":\"https:\\\/\\\/frosthotel.ee\\\/wp-content\\\/uploads\\\/2022\\\/04\\\/Frost_logo-02.png\",\"width\":3545,\"height\":1772,\"caption\":\"Frost Boutique Hotel P\u00e4rnu\"},\"image\":{\"@id\":\"https:\\\/\\\/frosthotel.ee\\\/en\\\/#\\\/schema\\\/logo\\\/image\\\/\"},\"sameAs\":[\"https:\\\/\\\/www.facebook.com\\\/frostboutiquehotel\\\/\",\"https:\\\/\\\/www.instagram.com\\\/frostboutiquehotel\\\/\"]}]}<\/script>\n<!-- \/ Yoast SEO Premium plugin. -->","yoast_head_json":{"title":"Accommodation in P\u00e4rnu | Superior rooms and luxurious Suites in P\u00e4rnu","description":"The accommodation in P\u00e4rnu in Frost Boutique is provided in spacious and luxuriously designed rooms with balconies and a superb view!","robots":{"index":"index","follow":"follow","max-snippet":"max-snippet:-1","max-image-preview":"max-image-preview:large","max-video-preview":"max-video-preview:-1"},"canonical":"https:\/\/frosthotel.ee\/en\/accommodation-in-parnu\/","og_locale":"en_US","og_type":"article","og_title":"Rooms","og_description":"The accommodation in P\u00e4rnu in Frost Boutique is provided in spacious and luxuriously designed rooms with balconies and a superb view!","og_url":"https:\/\/frosthotel.ee\/en\/accommodation-in-parnu\/","og_site_name":"Frost Boutique Hotel","article_publisher":"https:\/\/www.facebook.com\/frostboutiquehotel\/","article_modified_time":"2026-03-09T13:45:36+00:00","og_image":[{"width":2016,"height":1512,"url":"https:\/\/frosthotel.ee\/wp-content\/uploads\/2021\/04\/Frost-Boutique-Hotell.jpg","type":"image\/jpeg"}],"twitter_card":"summary_large_image","schema":{"@context":"https:\/\/schema.org","@graph":[{"@type":"WebPage","@id":"https:\/\/frosthotel.ee\/en\/accommodation-in-parnu\/","url":"https:\/\/frosthotel.ee\/en\/accommodation-in-parnu\/","name":"Accommodation in P\u00e4rnu | Superior rooms and luxurious Suites in P\u00e4rnu","isPartOf":{"@id":"https:\/\/frosthotel.ee\/en\/#website"},"datePublished":"2015-05-19T12:34:39+00:00","dateModified":"2026-03-09T13:45:36+00:00","description":"The accommodation in P\u00e4rnu in Frost Boutique is provided in spacious and luxuriously designed rooms with balconies and a superb view!","breadcrumb":{"@id":"https:\/\/frosthotel.ee\/en\/accommodation-in-parnu\/#breadcrumb"},"inLanguage":"en-US","potentialAction":[{"@type":"ReadAction","target":["https:\/\/frosthotel.ee\/en\/accommodation-in-parnu\/"]}]},{"@type":"BreadcrumbList","@id":"https:\/\/frosthotel.ee\/en\/accommodation-in-parnu\/#breadcrumb","itemListElement":[{"@type":"ListItem","position":1,"name":"Home","item":"https:\/\/frosthotel.ee\/en\/"},{"@type":"ListItem","position":2,"name":"Rooms"}]},{"@type":"WebSite","@id":"https:\/\/frosthotel.ee\/en\/#website","url":"https:\/\/frosthotel.ee\/en\/","name":"Frost Boutique Hotel","description":"P\u00e4rnu s\u00fcdalinna erakordne butiik-hotell","publisher":{"@id":"https:\/\/frosthotel.ee\/en\/#organization"},"potentialAction":[{"@type":"SearchAction","target":{"@type":"EntryPoint","urlTemplate":"https:\/\/frosthotel.ee\/en\/?s={search_term_string}"},"query-input":{"@type":"PropertyValueSpecification","valueRequired":true,"valueName":"search_term_string"}}],"inLanguage":"en-US"},{"@type":"Organization","@id":"https:\/\/frosthotel.ee\/en\/#organization","name":"Frost Boutique Hotel P\u00e4rnu","url":"https:\/\/frosthotel.ee\/en\/","logo":{"@type":"ImageObject","inLanguage":"en-US","@id":"https:\/\/frosthotel.ee\/en\/#\/schema\/logo\/image\/","url":"https:\/\/frosthotel.ee\/wp-content\/uploads\/2022\/04\/Frost_logo-02.png","contentUrl":"https:\/\/frosthotel.ee\/wp-content\/uploads\/2022\/04\/Frost_logo-02.png","width":3545,"height":1772,"caption":"Frost Boutique Hotel P\u00e4rnu"},"image":{"@id":"https:\/\/frosthotel.ee\/en\/#\/schema\/logo\/image\/"},"sameAs":["https:\/\/www.facebook.com\/frostboutiquehotel\/","https:\/\/www.instagram.com\/frostboutiquehotel\/"]}]}},"_links":{"self":[{"href":"https:\/\/frosthotel.ee\/en\/wp-json\/wp\/v2\/pages\/5269","targetHints":{"allow":["GET"]}}],"collection":[{"href":"https:\/\/frosthotel.ee\/en\/wp-json\/wp\/v2\/pages"}],"about":[{"href":"https:\/\/frosthotel.ee\/en\/wp-json\/wp\/v2\/types\/page"}],"author":[{"embeddable":true,"href":"https:\/\/frosthotel.ee\/en\/wp-json\/wp\/v2\/users\/1"}],"replies":[{"embeddable":true,"href":"https:\/\/frosthotel.ee\/en\/wp-json\/wp\/v2\/comments?post=5269"}],"version-history":[{"count":2,"href":"https:\/\/frosthotel.ee\/en\/wp-json\/wp\/v2\/pages\/5269\/revisions"}],"predecessor-version":[{"id":5271,"href":"https:\/\/frosthotel.ee\/en\/wp-json\/wp\/v2\/pages\/5269\/revisions\/5271"}],"wp:attachment":[{"href":"https:\/\/frosthotel.ee\/en\/wp-json\/wp\/v2\/media?parent=5269"}],"curies":[{"name":"wp","href":"https:\/\/api.w.org\/{rel}","templated":true}]}}