{"id":5364,"date":"2015-06-15T12:01:24","date_gmt":"2015-06-15T09:01:24","guid":{"rendered":"https:\/\/frosthotel.ee\/parnu-in-estonia\/parnu-vaatamisvaarsused\/"},"modified":"2023-03-02T13:14:17","modified_gmt":"2023-03-02T11:14:17","slug":"parnu-sightseeing","status":"publish","type":"page","link":"https:\/\/frosthotel.ee\/en\/parnu-in-estonia\/parnu-sightseeing\/","title":{"rendered":"P\u00e4rnu Sightseeing"},"content":{"rendered":"<p>&nbsp;<\/p>\n<p>&nbsp;<\/p>\n<div class='row'><div style='padding-bottom:30px;' class='span12 first-module module_number_1 module_cont  module_text_area'>\r\n                <div class='module_content'>\r\n                    <p><span class='dropcap type2'>T<\/span>he majority of the P&auml;rnu sightseeing points are in the immediate vicinity of Frost Boutique Hotel or located a maximum 15-minute walk from the hotel.<\/p>\r\n                <\/div><\/div><!-- .module_cont --><\/div><div class='row'><div style='padding-bottom:30px;' class='span8  module_number_2 module_cont  module_text_area'><div class='bg_title'><h2 style='' class='headInModule'>P\u00e4rnu beach and Beach Park<\/h2><\/div>\r\n                <div class='module_content'>\r\n                    <p>P&auml;rnu beach that is located less than a 15-minute walk (1,5 km) away from Frost Boutique Hotel is the biggest attraction in P&auml;rnu. Up to 30 000 people are visiting the beach during hot days. During the summer months many different events and festivals take place on the P&auml;rnu beach. The beach has several playgrounds for children and an illuminated beach promenade.<\/p>\r\n                <\/div><\/div><!-- .module_cont --><div style='padding-bottom:30px;' class='span4  module_number_3 module_cont  module_text_area'>\r\n                <div class='module_content'>\r\n                    <p><img loading=\"lazy\" decoding=\"async\" src=\"\/wp-content\/uploads\/2021\/04\/Parnu-rand.jpg\" alt=\"P&auml;rnu rand\" width=\"1600\" height=\"900\" \/><\/p>\r\n                <\/div><\/div><!-- .module_cont --><\/div><div class='row'><div style='padding-bottom:30px;' class='span8  module_number_4 module_cont  module_text_area'><div class='bg_title'><h2 style='' class='headInModule'>P\u00e4rnu Vallik\u00e4\u00e4r meadow<\/h2><\/div>\r\n                <div class='module_content'>\r\n                    <p>P&auml;rnu Vallik&auml;&auml;r meadow is just a 5-minute (500 m) walk away from Frost Boutique Hotel. P&auml;rnu Vallik&auml;&auml;r is a place for many concerts and festivals in the summer period. Fountains and an illuminated promenade through the meadow are the reason why the P&auml;rnu Vallik&auml;&auml;r meadow is a perfect destination for romantic walks.<\/p>\r\n                <\/div><\/div><!-- .module_cont --><div style='padding-bottom:30px;' class='span4  module_number_5 module_cont  module_text_area'>\r\n                <div class='module_content'>\r\n                    <p><img loading=\"lazy\" decoding=\"async\" src=\"\/wp-content\/uploads\/2021\/04\/Parnu-vallikaar.jpg\" alt=\"P&auml;rnu Vallik&auml;&auml;r\" width=\"1600\" height=\"900\" \/><\/p>\r\n                <\/div><\/div><!-- .module_cont --><\/div><div class='row'><div style='padding-bottom:30px;' class='span8  module_number_6 module_cont  module_text_area'><div class='bg_title'><h2 style='' class='headInModule'>Koidula Park<\/h2><\/div>\r\n                <div class='module_content'>\r\n                    <p>Koidula park in the P&auml;rnu centre is one of the most loved parks in the town, you can enjoy the beauty of flowers and the babbling of fountains. Koidula Park located 5 minutes (250 m) walking distance&nbsp; from Frost Boutique Hotel.<\/p>\r\n                <\/div><\/div><!-- .module_cont --><div style='padding-bottom:30px;' class='span4  module_number_7 module_cont  module_text_area'>\r\n                <div class='module_content'>\r\n                    <p><img loading=\"lazy\" decoding=\"async\" src=\"\/wp-content\/uploads\/2015\/06\/koidulapark.suvi_.purskkaev.jpg\" alt=\"\" width=\"800\" height=\"450\" \/><\/p>\r\n                <\/div><\/div><!-- .module_cont --><\/div><div class='row'><div style='padding-bottom:30px;' class='span8  module_number_8 module_cont  module_text_area'><div class='bg_title'><h2 style='' class='headInModule'>Eliisabet's Church<\/h2><\/div>\r\n                <div class='module_content'>\r\n                    <p>Eliisabet's Church, inaugurated in 1750, is the most outstanding sacral building of the Baroque period in Estonia. One of the best organs in Estonia is in Eliisabet's Church and the place is popular as a concert hall among music lovers.P&auml;rnu's Eliisabet's Church located 2 minutes (100 m) distance from Frost Boutique Hotel in P&auml;rnu.<\/p>\r\n                <\/div><\/div><!-- .module_cont --><div style='padding-bottom:30px;' class='span4  module_number_9 module_cont  module_text_area'>\r\n                <div class='module_content'>\r\n                    <p><img loading=\"lazy\" decoding=\"async\" src=\"\/wp-content\/uploads\/2021\/04\/Elisabethi-kirik-Parnus.jpg\" alt=\"P&auml;rnu Elisabethi kirik\" width=\"465\" height=\"305\" \/><\/p>\r\n                <\/div><\/div><!-- .module_cont --><\/div><div class='row'><div style='padding-bottom:30px;' class='span12  module_number_10 module_cont  module_text_area'>\r\n                <div class='module_content'>\r\n                    <p><a href=\"https:\/\/bouk.io\/booking\/frost\/240\/rooms?language=en&amp;adults=2\"  class=\" shortcode_button btn_normal btn_type5\">Book a hotel in P&auml;rnu<\/a><\/p>\r\n<p>&nbsp;<\/p>\r\n<p>&nbsp;<\/p>\r\n<p>&nbsp;<\/p>\r\n<p><strong>Source: <a href=\"http:\/\/www.visitestonia.com\" target=\"_blank\" rel=\"noopener\">visitestonia.com<\/a>&nbsp;and&nbsp;<a href=\"http:\/\/www.visitparnu.com\/en\/\" target=\"_blank\" rel=\"noopener\">Visitparnu.com<\/a><\/strong><\/p>\r\n                <\/div><\/div><!-- .module_cont --><\/div>","protected":false},"excerpt":{"rendered":"<p>&nbsp; &nbsp; The majority of the P&auml;rnu sightseeing points are in the immediate vicinity of Frost Boutique Hotel or located a maximum 15-minute walk from the hotel. P\u00e4rnu beach and Beach Park P&auml;rnu beach that is located less than a 15-minute walk (1,5 km) away from Frost Boutique Hotel is the biggest attraction in P&auml;rnu. Up to 30 000 people are visiting the beach during hot days. During the summer months many different events and festivals take place on the P&auml;rnu beach. The beach has several playgrounds for children and an illuminated beach promenade. P\u00e4rnu Vallik\u00e4\u00e4r meadow P&auml;rnu Vallik&auml;&auml;r meadow is just a 5-minute (500 m) walk away from Frost Boutique Hotel. P&auml;rnu Vallik&auml;&auml;r is a place for many concerts and festivals in the summer period. Fountains and an illuminated promenade through the meadow are the reason why the P&auml;rnu Vallik&auml;&auml;r meadow is a perfect destination for romantic walks. Koidula Park Koidula park in the P&auml;rnu centre is one of the most loved parks in the town, you can enjoy the beauty of flowers and the babbling of fountains. Koidula Park located 5 minutes (250 m) walking distance&nbsp; from Frost Boutique Hotel. Eliisabet&#8217;s Church Eliisabet&#8217;s Church, inaugurated in 1750, is [&hellip;]<\/p>\n","protected":false},"author":1,"featured_media":0,"parent":5361,"menu_order":0,"comment_status":"closed","ping_status":"closed","template":"page-center.php","meta":{"_acf_changed":false,"footnotes":""},"class_list":["post-5364","page","type-page","status-publish","hentry"],"acf":[],"yoast_head":"<!-- This site is optimized with the Yoast SEO Premium plugin v20.6 (Yoast SEO v27.4) - https:\/\/yoast.com\/product\/yoast-seo-premium-wordpress\/ -->\n<title>P\u00e4rnu Sightseeing | What to do in P\u00e4rnu old town, Estonia<\/title>\n<meta name=\"description\" content=\"All the main P\u00e4rnu sightseeing points are in the immediate vicinity of the Frost Boutique Hotel. See what to do and what to see in P\u00e4rnu.\" \/>\n<meta name=\"robots\" content=\"index, follow, max-snippet:-1, max-image-preview:large, max-video-preview:-1\" \/>\n<link rel=\"canonical\" href=\"https:\/\/frosthotel.ee\/en\/parnu-in-estonia\/parnu-sightseeing\/\" \/>\n<meta property=\"og:locale\" content=\"en_US\" \/>\n<meta property=\"og:type\" content=\"article\" \/>\n<meta property=\"og:title\" content=\"P\u00e4rnu Sightseeing\" \/>\n<meta property=\"og:description\" content=\"All the main P\u00e4rnu sightseeing points are in the immediate vicinity of the Frost Boutique Hotel. See what to do and what to see in P\u00e4rnu.\" \/>\n<meta property=\"og:url\" content=\"https:\/\/frosthotel.ee\/en\/parnu-in-estonia\/parnu-sightseeing\/\" \/>\n<meta property=\"og:site_name\" content=\"Frost Boutique Hotel\" \/>\n<meta property=\"article:publisher\" content=\"https:\/\/www.facebook.com\/frostboutiquehotel\/\" \/>\n<meta property=\"article:modified_time\" content=\"2023-03-02T11:14:17+00:00\" \/>\n<meta property=\"og:image\" content=\"https:\/\/frosthotel.ee\/wp-content\/uploads\/2021\/04\/Frost-Boutique-Hotell.jpg\" \/>\n\t<meta property=\"og:image:width\" content=\"2016\" \/>\n\t<meta property=\"og:image:height\" content=\"1512\" \/>\n\t<meta property=\"og:image:type\" content=\"image\/jpeg\" \/>\n<meta name=\"twitter:card\" content=\"summary_large_image\" \/>\n<script type=\"application\/ld+json\" class=\"yoast-schema-graph\">{\"@context\":\"https:\\\/\\\/schema.org\",\"@graph\":[{\"@type\":\"WebPage\",\"@id\":\"https:\\\/\\\/frosthotel.ee\\\/en\\\/parnu-in-estonia\\\/parnu-sightseeing\\\/\",\"url\":\"https:\\\/\\\/frosthotel.ee\\\/en\\\/parnu-in-estonia\\\/parnu-sightseeing\\\/\",\"name\":\"P\u00e4rnu Sightseeing | What to do in P\u00e4rnu old town, Estonia\",\"isPartOf\":{\"@id\":\"https:\\\/\\\/frosthotel.ee\\\/en\\\/#website\"},\"datePublished\":\"2015-06-15T09:01:24+00:00\",\"dateModified\":\"2023-03-02T11:14:17+00:00\",\"description\":\"All the main P\u00e4rnu sightseeing points are in the immediate vicinity of the Frost Boutique Hotel. See what to do and what to see in P\u00e4rnu.\",\"breadcrumb\":{\"@id\":\"https:\\\/\\\/frosthotel.ee\\\/en\\\/parnu-in-estonia\\\/parnu-sightseeing\\\/#breadcrumb\"},\"inLanguage\":\"en-US\",\"potentialAction\":[{\"@type\":\"ReadAction\",\"target\":[\"https:\\\/\\\/frosthotel.ee\\\/en\\\/parnu-in-estonia\\\/parnu-sightseeing\\\/\"]}]},{\"@type\":\"BreadcrumbList\",\"@id\":\"https:\\\/\\\/frosthotel.ee\\\/en\\\/parnu-in-estonia\\\/parnu-sightseeing\\\/#breadcrumb\",\"itemListElement\":[{\"@type\":\"ListItem\",\"position\":1,\"name\":\"Home\",\"item\":\"https:\\\/\\\/frosthotel.ee\\\/en\\\/\"},{\"@type\":\"ListItem\",\"position\":2,\"name\":\"P\u00e4rnu in Estonia\",\"item\":\"https:\\\/\\\/frosthotel.ee\\\/en\\\/parnu-in-estonia\\\/\"},{\"@type\":\"ListItem\",\"position\":3,\"name\":\"P\u00e4rnu Sightseeing\"}]},{\"@type\":\"WebSite\",\"@id\":\"https:\\\/\\\/frosthotel.ee\\\/en\\\/#website\",\"url\":\"https:\\\/\\\/frosthotel.ee\\\/en\\\/\",\"name\":\"Frost Boutique Hotel\",\"description\":\"P\u00e4rnu s\u00fcdalinna erakordne butiik-hotell\",\"publisher\":{\"@id\":\"https:\\\/\\\/frosthotel.ee\\\/en\\\/#organization\"},\"potentialAction\":[{\"@type\":\"SearchAction\",\"target\":{\"@type\":\"EntryPoint\",\"urlTemplate\":\"https:\\\/\\\/frosthotel.ee\\\/en\\\/?s={search_term_string}\"},\"query-input\":{\"@type\":\"PropertyValueSpecification\",\"valueRequired\":true,\"valueName\":\"search_term_string\"}}],\"inLanguage\":\"en-US\"},{\"@type\":\"Organization\",\"@id\":\"https:\\\/\\\/frosthotel.ee\\\/en\\\/#organization\",\"name\":\"Frost Boutique Hotel P\u00e4rnu\",\"url\":\"https:\\\/\\\/frosthotel.ee\\\/en\\\/\",\"logo\":{\"@type\":\"ImageObject\",\"inLanguage\":\"en-US\",\"@id\":\"https:\\\/\\\/frosthotel.ee\\\/en\\\/#\\\/schema\\\/logo\\\/image\\\/\",\"url\":\"https:\\\/\\\/frosthotel.ee\\\/wp-content\\\/uploads\\\/2022\\\/04\\\/Frost_logo-02.png\",\"contentUrl\":\"https:\\\/\\\/frosthotel.ee\\\/wp-content\\\/uploads\\\/2022\\\/04\\\/Frost_logo-02.png\",\"width\":3545,\"height\":1772,\"caption\":\"Frost Boutique Hotel P\u00e4rnu\"},\"image\":{\"@id\":\"https:\\\/\\\/frosthotel.ee\\\/en\\\/#\\\/schema\\\/logo\\\/image\\\/\"},\"sameAs\":[\"https:\\\/\\\/www.facebook.com\\\/frostboutiquehotel\\\/\",\"https:\\\/\\\/www.instagram.com\\\/frostboutiquehotel\\\/\"]}]}<\/script>\n<!-- \/ Yoast SEO Premium plugin. -->","yoast_head_json":{"title":"P\u00e4rnu Sightseeing | What to do in P\u00e4rnu old town, Estonia","description":"All the main P\u00e4rnu sightseeing points are in the immediate vicinity of the Frost Boutique Hotel. See what to do and what to see in P\u00e4rnu.","robots":{"index":"index","follow":"follow","max-snippet":"max-snippet:-1","max-image-preview":"max-image-preview:large","max-video-preview":"max-video-preview:-1"},"canonical":"https:\/\/frosthotel.ee\/en\/parnu-in-estonia\/parnu-sightseeing\/","og_locale":"en_US","og_type":"article","og_title":"P\u00e4rnu Sightseeing","og_description":"All the main P\u00e4rnu sightseeing points are in the immediate vicinity of the Frost Boutique Hotel. See what to do and what to see in P\u00e4rnu.","og_url":"https:\/\/frosthotel.ee\/en\/parnu-in-estonia\/parnu-sightseeing\/","og_site_name":"Frost Boutique Hotel","article_publisher":"https:\/\/www.facebook.com\/frostboutiquehotel\/","article_modified_time":"2023-03-02T11:14:17+00:00","og_image":[{"width":2016,"height":1512,"url":"https:\/\/frosthotel.ee\/wp-content\/uploads\/2021\/04\/Frost-Boutique-Hotell.jpg","type":"image\/jpeg"}],"twitter_card":"summary_large_image","schema":{"@context":"https:\/\/schema.org","@graph":[{"@type":"WebPage","@id":"https:\/\/frosthotel.ee\/en\/parnu-in-estonia\/parnu-sightseeing\/","url":"https:\/\/frosthotel.ee\/en\/parnu-in-estonia\/parnu-sightseeing\/","name":"P\u00e4rnu Sightseeing | What to do in P\u00e4rnu old town, Estonia","isPartOf":{"@id":"https:\/\/frosthotel.ee\/en\/#website"},"datePublished":"2015-06-15T09:01:24+00:00","dateModified":"2023-03-02T11:14:17+00:00","description":"All the main P\u00e4rnu sightseeing points are in the immediate vicinity of the Frost Boutique Hotel. See what to do and what to see in P\u00e4rnu.","breadcrumb":{"@id":"https:\/\/frosthotel.ee\/en\/parnu-in-estonia\/parnu-sightseeing\/#breadcrumb"},"inLanguage":"en-US","potentialAction":[{"@type":"ReadAction","target":["https:\/\/frosthotel.ee\/en\/parnu-in-estonia\/parnu-sightseeing\/"]}]},{"@type":"BreadcrumbList","@id":"https:\/\/frosthotel.ee\/en\/parnu-in-estonia\/parnu-sightseeing\/#breadcrumb","itemListElement":[{"@type":"ListItem","position":1,"name":"Home","item":"https:\/\/frosthotel.ee\/en\/"},{"@type":"ListItem","position":2,"name":"P\u00e4rnu in Estonia","item":"https:\/\/frosthotel.ee\/en\/parnu-in-estonia\/"},{"@type":"ListItem","position":3,"name":"P\u00e4rnu Sightseeing"}]},{"@type":"WebSite","@id":"https:\/\/frosthotel.ee\/en\/#website","url":"https:\/\/frosthotel.ee\/en\/","name":"Frost Boutique Hotel","description":"P\u00e4rnu s\u00fcdalinna erakordne butiik-hotell","publisher":{"@id":"https:\/\/frosthotel.ee\/en\/#organization"},"potentialAction":[{"@type":"SearchAction","target":{"@type":"EntryPoint","urlTemplate":"https:\/\/frosthotel.ee\/en\/?s={search_term_string}"},"query-input":{"@type":"PropertyValueSpecification","valueRequired":true,"valueName":"search_term_string"}}],"inLanguage":"en-US"},{"@type":"Organization","@id":"https:\/\/frosthotel.ee\/en\/#organization","name":"Frost Boutique Hotel P\u00e4rnu","url":"https:\/\/frosthotel.ee\/en\/","logo":{"@type":"ImageObject","inLanguage":"en-US","@id":"https:\/\/frosthotel.ee\/en\/#\/schema\/logo\/image\/","url":"https:\/\/frosthotel.ee\/wp-content\/uploads\/2022\/04\/Frost_logo-02.png","contentUrl":"https:\/\/frosthotel.ee\/wp-content\/uploads\/2022\/04\/Frost_logo-02.png","width":3545,"height":1772,"caption":"Frost Boutique Hotel P\u00e4rnu"},"image":{"@id":"https:\/\/frosthotel.ee\/en\/#\/schema\/logo\/image\/"},"sameAs":["https:\/\/www.facebook.com\/frostboutiquehotel\/","https:\/\/www.instagram.com\/frostboutiquehotel\/"]}]}},"_links":{"self":[{"href":"https:\/\/frosthotel.ee\/en\/wp-json\/wp\/v2\/pages\/5364","targetHints":{"allow":["GET"]}}],"collection":[{"href":"https:\/\/frosthotel.ee\/en\/wp-json\/wp\/v2\/pages"}],"about":[{"href":"https:\/\/frosthotel.ee\/en\/wp-json\/wp\/v2\/types\/page"}],"author":[{"embeddable":true,"href":"https:\/\/frosthotel.ee\/en\/wp-json\/wp\/v2\/users\/1"}],"replies":[{"embeddable":true,"href":"https:\/\/frosthotel.ee\/en\/wp-json\/wp\/v2\/comments?post=5364"}],"version-history":[{"count":2,"href":"https:\/\/frosthotel.ee\/en\/wp-json\/wp\/v2\/pages\/5364\/revisions"}],"predecessor-version":[{"id":5366,"href":"https:\/\/frosthotel.ee\/en\/wp-json\/wp\/v2\/pages\/5364\/revisions\/5366"}],"up":[{"embeddable":true,"href":"https:\/\/frosthotel.ee\/en\/wp-json\/wp\/v2\/pages\/5361"}],"wp:attachment":[{"href":"https:\/\/frosthotel.ee\/en\/wp-json\/wp\/v2\/media?parent=5364"}],"curies":[{"name":"wp","href":"https:\/\/api.w.org\/{rel}","templated":true}]}}