{"id":5367,"date":"2015-06-15T12:27:22","date_gmt":"2015-06-15T09:27:22","guid":{"rendered":"https:\/\/frosthotel.ee\/parnu-in-estonia\/kuhu-minna-parnus\/"},"modified":"2023-03-02T13:16:23","modified_gmt":"2023-03-02T11:16:23","slug":"what-to-do-it-parnu","status":"publish","type":"page","link":"https:\/\/frosthotel.ee\/en\/parnu-in-estonia\/what-to-do-it-parnu\/","title":{"rendered":"Attractions near the hotel"},"content":{"rendered":"<h2>Where to go and what to do in P\u00e4rnu<\/h2>\n<p>Frost Boutique Hotel in P\u00e4rnu is located right in the centre of the cultural life of P\u00e4rnu.<\/p>\n<p>&nbsp;<\/p>\n<p>&nbsp;<\/p>\n<div class='row'><div style='padding-bottom:30px;' class='span8 first-module module_number_1 module_cont  module_text_area'><div class='bg_title'><h3 style='' class='headInModule'>Theatre Endla<\/h3><\/div>\r\n                <div class='module_content'>\r\n                    <p><a href=\"http:\/\/www.endla.ee\/\" target=\"_blank\" rel=\"noopener\">Theatre Endla<\/a> is located just a 2-minute walk away from the hotel. Endla offers theatre lovers a diverse repertoire from drama to musical plays and from classics to modern dramas. The repertoire includes at least 20 productions in a year; the theatre has a caf&eacute; and an art gallery, and it is a place for various movies and jazz club concerts.<\/p>\r\n                <\/div><\/div><!-- .module_cont --><div style='padding-bottom:30px;' class='span4  module_number_2 module_cont  module_text_area'>\r\n                <div class='module_content'>\r\n                    <p><img loading=\"lazy\" decoding=\"async\" src=\"\/wp-content\/uploads\/2015\/06\/Teater-Endla-Parnu.jpg\" alt=\"\" width=\"800\" height=\"450\" \/><\/p>\r\n                <\/div><\/div><!-- .module_cont --><\/div><div class='row'><div style='padding-bottom:30px;' class='span8  module_number_3 module_cont  module_text_area'><div class='bg_title'><h3 style='' class='headInModule'>P\u00e4rnu Concert Hall<\/h3><\/div>\r\n                <div class='module_content'>\r\n                    <p><a href=\"https:\/\/concert.ee\/en\/kontserdi-toimumiskoht\/parnu-concert-hall\/\" target=\"_blank\" rel=\"noopener\">P&auml;rnu Concert Hall<\/a> that was completed in 2002 has an important place in the city&rsquo;s cultural life. The caf&eacute;, music school and music shop located in the building attract visitors during the whole day. P&auml;rnu Concert Hall hosts various events: from chamber music concerts to the serial music performances and from science conferences to banquets.<br \/>P&auml;rnu Concert Hall&nbsp;located only&nbsp;7 minutes (600 m) walking distance from <a href=\"\/en\/hotel-in-parnu-old-town\/\" target=\"_self\" rel=\"noopener\">Frost Boutique Hotel in P&auml;rnu<\/a>, Estonia.<\/p>\r\n                <\/div><\/div><!-- .module_cont --><div style='padding-bottom:30px;' class='span4  module_number_4 module_cont  module_text_area'>\r\n                <div class='module_content'>\r\n                    <p><img loading=\"lazy\" decoding=\"async\" src=\"\/wp-content\/uploads\/2015\/06\/Parnu-Kontserdimaja.jpg\" alt=\"P&auml;rnu Kontserdimaja\" width=\"800\" height=\"450\" \/><\/p>\r\n                <\/div><\/div><!-- .module_cont --><\/div><div class='row'><div style='padding-bottom:30px;' class='span8  module_number_5 module_cont  module_text_area'><div class='bg_title'><h3 style='' class='headInModule'>Maarja-Magdaleena Gild<\/h3><\/div>\r\n                <div class='module_content'>\r\n                    <p><a href=\"http:\/\/maarjamagdaleenagild.ee\/en\/\" target=\"_blank\" rel=\"noopener\">Maarja-Magdaleena Gild<\/a>&nbsp;located on the neighbouring street of <a href=\"\/en\/hotel-in-parnu-old-town\/\">Frost Boutique Hotel<\/a>, 3 minutes (270 m) walking distance. The gild represents the great Estonian applied art and handicraft made with heart. This is the place where you can buy and order the works of the recognised craftsmen and see with your own eyes how the products are made.<\/p>\r\n                <\/div><\/div><!-- .module_cont --><div style='padding-bottom:30px;' class='span4  module_number_6 module_cont  module_text_area'>\r\n                <div class='module_content'>\r\n                    <p><img loading=\"lazy\" decoding=\"async\" src=\"\/wp-content\/uploads\/2015\/06\/Maarja-Magdaleena-gild.jpg\" alt=\"Maarja Magdaleena Gild\" width=\"1404\" height=\"850\" \/><\/p>\r\n                <\/div><\/div><!-- .module_cont --><\/div><div class='row'><div style='padding-bottom:30px;' class='span8  module_number_7 module_cont  module_text_area'><div class='bg_title'><h3 style='' class='headInModule'>R\u00fc\u00fctli street \u2013 pedestrian street of P\u00e4rnu<\/h3><\/div>\r\n                <div class='module_content'>\r\n                    <p>The pedestrian street of P&auml;rnu&nbsp;- <a href=\"https:\/\/www.google.com\/maps\/dir\/58.3845158,24.497557\/58.3837408,24.4985139\/@58.3841838,24.4991318,18z\/data=!4m9!4m8!1m5!3m4!1m2!1d24.497557!2d58.3845158!3s0x46ecfd17db75f73d:0x2d1379403bc6b12f!1m0!3e2?hl=et\" target=\"_blank\" rel=\"noopener\">R&uuml;&uuml;tli street is the neighbour street of our hotel<\/a>, where is less than 150 meters distance.<br \/>There are several clothes, handcraft and book stores on R&uuml;&uuml;tli street. Also most restaurants and cafes in P&auml;rnu are located on the pedestrian street or on streets nearby. Also 3 city centre nightclubs are located nearby R&uuml;&uuml;tli street.<\/p>\r\n                <\/div><\/div><!-- .module_cont --><div style='padding-bottom:30px;' class='span4  module_number_8 module_cont  module_text_area'>\r\n                <div class='module_content'>\r\n                    <p><img loading=\"lazy\" decoding=\"async\" src=\"\/wp-content\/uploads\/2021\/04\/Ruutli-tanav-Parnu.jpg\" alt=\"R&uuml;&uuml;tli T&auml;nav P&auml;rnus\" width=\"800\" height=\"450\" \/><\/p>\r\n                <\/div><\/div><!-- .module_cont --><\/div><div class='row'><div style='padding-bottom:30px;' class='span8  module_number_9 module_cont  module_text_area'><div class='bg_title'><h3 style='' class='headInModule'>Shopping in P\u00e4rnu<\/h3><\/div>\r\n                <div class='module_content'>\r\n                    <p>In addition to small shops and boutiques on R&uuml;&uuml;tli Street, there are also 2 shopping centres in P&auml;rnu city centre:&nbsp;<a href=\"https:\/\/en.astri.ee\/parnu-keskus\/\" target=\"_blank\" rel=\"noopener\">P&auml;rnu Keskus<\/a>&nbsp;and&nbsp;<a href=\"https:\/\/portartur.ee\/?lang=en\" target=\"_blank\" rel=\"noopener\">Port Artur store<\/a>. There are variety of different brand shops in P&auml;rnu Keskus, eco store, small cafes and anonly cinema in P&auml;rnu - <a href=\"http:\/\/www.apollokino.ee\/eng\/\" target=\"_blank\" rel=\"noopener\">Apollo Cinema<\/a>.<br \/>Port Artur store hosts a biggest grocerie in the city centre and smaller glothes, home &nbsp;and electronic, etc stores.<br \/>Both shopping centres located only 10 minutes (800 m) walking distance from <a href=\"\/en\/hotel-in-parnu-old-town\/\" target=\"_self\" rel=\"noopener\">Frost Boutique Hotel in P&auml;rnu<\/a>.<\/p>\r\n                <\/div><\/div><!-- .module_cont --><div style='padding-bottom:30px;' class='span4  module_number_10 module_cont  module_text_area'>\r\n                <div class='module_content'>\r\n                    <p><img loading=\"lazy\" decoding=\"async\" src=\"\/wp-content\/uploads\/2021\/04\/Shoping-Parnus.jpg\" alt=\"P&auml;rnu Keskus\" width=\"800\" height=\"450\" \/><\/p>\r\n                <\/div><\/div><!-- .module_cont --><\/div><div class='row'><div style='padding-bottom:30px;' class='span8  module_number_11 module_cont  module_text_area'><div class='bg_title'><h3 style='' class='headInModule'>Tennis in P\u00e4rnu<\/h3><\/div>\r\n                <div class='module_content'>\r\n                    <p><a href=\"http:\/\/www.visitestonia.com\/en\/parnu-kesklinna-tenniseklubi-parnu-town-centre-tennis-club\" target=\"_blank\" rel=\"noopener\">P&auml;rnu Kesklinna Tenniseklubi<\/a>&nbsp;(P&auml;rnu Town Centre Tennis Club) located only 400 meters (5 minutes) walking distance from Frost&nbsp;Boutique Hotel. The four clay courts of the P&auml;rnu Town Centre Tennis Club are located in the historical centre of P&auml;rnu. Parks and lime alleys protect the courts from wind. The balcony of the clubhouse offers great views of all courts. The club has a caf&eacute;, where you can also hire tennis equipment.<\/p>\r\n                <\/div><\/div><!-- .module_cont --><div style='padding-bottom:30px;' class='span4  module_number_12 module_cont  module_text_area'>\r\n                <div class='module_content'>\r\n                    <p><img loading=\"lazy\" decoding=\"async\" src=\"\/wp-content\/uploads\/2021\/04\/Tennisevaljak-Parnu.jpg\" alt=\"P&auml;rnu Kesklinna tenniseklubi\" width=\"800\" height=\"450\" \/><\/p>\r\n                <\/div><\/div><!-- .module_cont --><\/div><div class='row'><div style='padding-bottom:30px;' class='span8  module_number_13 module_cont  module_text_area'><div class='bg_title'><h3 style='' class='headInModule'>Golf in P\u00e4rnu<\/h3><\/div>\r\n                <div class='module_content'>\r\n                    <p><a href=\"http:\/\/www.wbg.ee\/3881\" target=\"_blank\" rel=\"noopener\">White Beach Golf<\/a>, the only 18-hole golf course in the county, is located near Valgerand (White Beach), the most beautiful beach by P&auml;rnu Bay and the Villa Andropoff Holiday &amp; Conference Centre. <br \/>The links-type course is perfect for beginners. The practice course is open for everyone, but you have to pass basic golf training (green card) to play on the 18-hole course.&nbsp;<\/p>\r\n                <\/div><\/div><!-- .module_cont --><div style='padding-bottom:30px;' class='span4  module_number_14 module_cont  module_text_area'>\r\n                <div class='module_content'>\r\n                    <p><img loading=\"lazy\" decoding=\"async\" src=\"\/wp-content\/uploads\/2015\/06\/Valgeranna-golf.jpg\" alt=\"P&auml;rnu Valgeranna Golf\" width=\"800\" height=\"450\" \/><\/p>\r\n                <\/div><\/div><!-- .module_cont --><\/div><div class='row'><div style='padding-bottom:30px;' class='span8  module_number_15 module_cont  module_text_area'><div class='bg_title'><h3 style='' class='headInModule'>Kino P\u00e4rnus<\/h3><\/div>\r\n                <div class='module_content'>\r\n                    <p>2014. aastal avatud <a href=\"https:\/\/www.apollokino.ee\/eng\/home\/\" target=\"_blank\" rel=\"noopener\">Apollo Kino<\/a> asub P&auml;rnu s&uuml;dalinnas k&otilde;ige uuemas P&auml;rnu Keskuses. P&auml;rnu Kino on vaieldamatult selle keskuse ja P&auml;rnu linna populaarseim ajaveetmise koht ehk maja s&uuml;da ning seda aastaringselt.<\/p>\r\n<p>Apollo Kino asub Frost Boutique Hotellist 10 minutilise (800 m) jalutusk&auml;igu kaugusel.<\/p>\r\n                <\/div><\/div><!-- .module_cont --><div style='padding-bottom:30px;' class='span4  module_number_16 module_cont  module_text_area'>\r\n                <div class='module_content'>\r\n                    <p><img loading=\"lazy\" decoding=\"async\" src=\"\/wp-content\/uploads\/2015\/06\/Apollo-kino-Parnus.jpg\" alt=\"Apollo Kino P&auml;rnus Allikas: Maalehe blogi\" width=\"800\" height=\"450\" \/><\/p>\r\n                <\/div><\/div><!-- .module_cont --><\/div><div class='row'><div style='padding-bottom:30px;' class='span8  module_number_17 module_cont  module_text_area'><div class='bg_title'><h3 style='' class='headInModule'>\u00d6\u00f6klubi Sugar<\/h3><\/div>\r\n                <div class='module_content'>\r\n                    <p>P&auml;rnu kesklinna &uuml;ks populaarsemaid &ouml;&ouml;kubisid, <a href=\"http:\/\/www.sugarclub.ee\/en\/\" target=\"_blank\" rel=\"noopener\">Sugar Club<\/a> asub Frost Boutique Hotelli vahetus l&auml;heduses. &Ouml;&ouml;klubini on hotellist jalutada ca 50 meetrit. Lisaks tantsusaalile on &ouml;&ouml;klubil suveterrass mis on sooja suve&otilde;htu kokteilideks avatud juba &otilde;htu kella 22:00-st, n&auml;dalavahetuseti alates 21:00-st.&nbsp;<\/p>\r\n                <\/div><\/div><!-- .module_cont --><div style='padding-bottom:30px;' class='span4  module_number_18 module_cont  module_text_area'>\r\n                <div class='module_content'>\r\n                    <p><img loading=\"lazy\" decoding=\"async\" src=\"\/wp-content\/uploads\/2015\/06\/Sugar-Club.jpg\" alt=\"Club Sugar\" width=\"800\" height=\"450\" \/><\/p>\r\n                <\/div><\/div><!-- .module_cont --><\/div><div class='row'><div style='padding-bottom:30px;' class='span12  module_number_19 module_cont  module_text_area'>\r\n                <div class='module_content'>\r\n                    <p><a href=\"https:\/\/bouk.io\/booking\/frost\/240\/rooms?language=en&amp;adults=2\"  class=\" shortcode_button btn_normal btn_type5\">Book a room in P&auml;rnu<\/a><\/p>\r\n<p>&nbsp;<\/p>\r\n<p><strong>Source: <a href=\"http:\/\/www.visitestonia.com\" target=\"_blank\" rel=\"noopener\">visitestonia.com<\/a>&nbsp;and&nbsp;<a href=\"http:\/\/www.visitparnu.com\/et\/\" target=\"_blank\" rel=\"noopener\">Visitparnu.com<\/a><\/strong><\/p>\r\n                <\/div><\/div><!-- .module_cont --><\/div>","protected":false},"excerpt":{"rendered":"<p>Where to go and what to do in P\u00e4rnu Frost Boutique Hotel in P\u00e4rnu is located right in the centre of the cultural life of P\u00e4rnu. &nbsp; &nbsp; Theatre Endla Theatre Endla is located just a 2-minute walk away from the hotel. Endla offers theatre lovers a diverse repertoire from drama to musical plays and from classics to modern dramas. The repertoire includes at least 20 productions in a year; the theatre has a caf&eacute; and an art gallery, and it is a place for various movies and jazz club concerts. P\u00e4rnu Concert Hall P&auml;rnu Concert Hall that was completed in 2002 has an important place in the city&rsquo;s cultural life. The caf&eacute;, music school and music shop located in the building attract visitors during the whole day. P&auml;rnu Concert Hall hosts various events: from chamber music concerts to the serial music performances and from science conferences to banquets.P&auml;rnu Concert Hall&nbsp;located only&nbsp;7 minutes (600 m) walking distance from Frost Boutique Hotel in P&auml;rnu, Estonia. Maarja-Magdaleena Gild Maarja-Magdaleena Gild&nbsp;located on the neighbouring street of Frost Boutique Hotel, 3 minutes (270 m) walking distance. The gild represents the great Estonian applied art and handicraft made with heart. This is the place where [&hellip;]<\/p>\n","protected":false},"author":1,"featured_media":0,"parent":5361,"menu_order":0,"comment_status":"closed","ping_status":"closed","template":"page-center.php","meta":{"_acf_changed":false,"footnotes":""},"class_list":["post-5367","page","type-page","status-publish","hentry"],"acf":[],"yoast_head":"<!-- This site is optimized with the Yoast SEO Premium plugin v20.6 (Yoast SEO v27.4) - https:\/\/yoast.com\/product\/yoast-seo-premium-wordpress\/ -->\n<title>Attractions in P\u00e4rnu | What to do in P\u00e4rnu<\/title>\n<meta name=\"description\" content=\"Attractions in P\u00e4rnu city centre near the immediate vicinity of Frost Boutique Hotel. See what to do in P\u00e4rnu.\" \/>\n<meta name=\"robots\" content=\"index, follow, max-snippet:-1, max-image-preview:large, max-video-preview:-1\" \/>\n<link rel=\"canonical\" href=\"https:\/\/frosthotel.ee\/en\/parnu-in-estonia\/what-to-do-it-parnu\/\" \/>\n<meta property=\"og:locale\" content=\"en_US\" \/>\n<meta property=\"og:type\" content=\"article\" \/>\n<meta property=\"og:title\" content=\"Attractions near the hotel\" \/>\n<meta property=\"og:description\" content=\"Attractions in P\u00e4rnu city centre near the immediate vicinity of Frost Boutique Hotel. See what to do in P\u00e4rnu.\" \/>\n<meta property=\"og:url\" content=\"https:\/\/frosthotel.ee\/en\/parnu-in-estonia\/what-to-do-it-parnu\/\" \/>\n<meta property=\"og:site_name\" content=\"Frost Boutique Hotel\" \/>\n<meta property=\"article:publisher\" content=\"https:\/\/www.facebook.com\/frostboutiquehotel\/\" \/>\n<meta property=\"article:modified_time\" content=\"2023-03-02T11:16:23+00:00\" \/>\n<meta property=\"og:image\" content=\"https:\/\/frosthotel.ee\/wp-content\/uploads\/2021\/04\/Frost-Boutique-Hotell.jpg\" \/>\n\t<meta property=\"og:image:width\" content=\"2016\" \/>\n\t<meta property=\"og:image:height\" content=\"1512\" \/>\n\t<meta property=\"og:image:type\" content=\"image\/jpeg\" \/>\n<meta name=\"twitter:card\" content=\"summary_large_image\" \/>\n<meta name=\"twitter:label1\" content=\"Est. reading time\" \/>\n\t<meta name=\"twitter:data1\" content=\"1 minute\" \/>\n<script type=\"application\/ld+json\" class=\"yoast-schema-graph\">{\"@context\":\"https:\\\/\\\/schema.org\",\"@graph\":[{\"@type\":\"WebPage\",\"@id\":\"https:\\\/\\\/frosthotel.ee\\\/en\\\/parnu-in-estonia\\\/what-to-do-it-parnu\\\/\",\"url\":\"https:\\\/\\\/frosthotel.ee\\\/en\\\/parnu-in-estonia\\\/what-to-do-it-parnu\\\/\",\"name\":\"Attractions in P\u00e4rnu | What to do in P\u00e4rnu\",\"isPartOf\":{\"@id\":\"https:\\\/\\\/frosthotel.ee\\\/en\\\/#website\"},\"datePublished\":\"2015-06-15T09:27:22+00:00\",\"dateModified\":\"2023-03-02T11:16:23+00:00\",\"description\":\"Attractions in P\u00e4rnu city centre near the immediate vicinity of Frost Boutique Hotel. See what to do in P\u00e4rnu.\",\"breadcrumb\":{\"@id\":\"https:\\\/\\\/frosthotel.ee\\\/en\\\/parnu-in-estonia\\\/what-to-do-it-parnu\\\/#breadcrumb\"},\"inLanguage\":\"en-US\",\"potentialAction\":[{\"@type\":\"ReadAction\",\"target\":[\"https:\\\/\\\/frosthotel.ee\\\/en\\\/parnu-in-estonia\\\/what-to-do-it-parnu\\\/\"]}]},{\"@type\":\"BreadcrumbList\",\"@id\":\"https:\\\/\\\/frosthotel.ee\\\/en\\\/parnu-in-estonia\\\/what-to-do-it-parnu\\\/#breadcrumb\",\"itemListElement\":[{\"@type\":\"ListItem\",\"position\":1,\"name\":\"Home\",\"item\":\"https:\\\/\\\/frosthotel.ee\\\/en\\\/\"},{\"@type\":\"ListItem\",\"position\":2,\"name\":\"P\u00e4rnu in Estonia\",\"item\":\"https:\\\/\\\/frosthotel.ee\\\/en\\\/parnu-in-estonia\\\/\"},{\"@type\":\"ListItem\",\"position\":3,\"name\":\"Attractions near the hotel\"}]},{\"@type\":\"WebSite\",\"@id\":\"https:\\\/\\\/frosthotel.ee\\\/en\\\/#website\",\"url\":\"https:\\\/\\\/frosthotel.ee\\\/en\\\/\",\"name\":\"Frost Boutique Hotel\",\"description\":\"P\u00e4rnu s\u00fcdalinna erakordne butiik-hotell\",\"publisher\":{\"@id\":\"https:\\\/\\\/frosthotel.ee\\\/en\\\/#organization\"},\"potentialAction\":[{\"@type\":\"SearchAction\",\"target\":{\"@type\":\"EntryPoint\",\"urlTemplate\":\"https:\\\/\\\/frosthotel.ee\\\/en\\\/?s={search_term_string}\"},\"query-input\":{\"@type\":\"PropertyValueSpecification\",\"valueRequired\":true,\"valueName\":\"search_term_string\"}}],\"inLanguage\":\"en-US\"},{\"@type\":\"Organization\",\"@id\":\"https:\\\/\\\/frosthotel.ee\\\/en\\\/#organization\",\"name\":\"Frost Boutique Hotel P\u00e4rnu\",\"url\":\"https:\\\/\\\/frosthotel.ee\\\/en\\\/\",\"logo\":{\"@type\":\"ImageObject\",\"inLanguage\":\"en-US\",\"@id\":\"https:\\\/\\\/frosthotel.ee\\\/en\\\/#\\\/schema\\\/logo\\\/image\\\/\",\"url\":\"https:\\\/\\\/frosthotel.ee\\\/wp-content\\\/uploads\\\/2022\\\/04\\\/Frost_logo-02.png\",\"contentUrl\":\"https:\\\/\\\/frosthotel.ee\\\/wp-content\\\/uploads\\\/2022\\\/04\\\/Frost_logo-02.png\",\"width\":3545,\"height\":1772,\"caption\":\"Frost Boutique Hotel P\u00e4rnu\"},\"image\":{\"@id\":\"https:\\\/\\\/frosthotel.ee\\\/en\\\/#\\\/schema\\\/logo\\\/image\\\/\"},\"sameAs\":[\"https:\\\/\\\/www.facebook.com\\\/frostboutiquehotel\\\/\",\"https:\\\/\\\/www.instagram.com\\\/frostboutiquehotel\\\/\"]}]}<\/script>\n<!-- \/ Yoast SEO Premium plugin. -->","yoast_head_json":{"title":"Attractions in P\u00e4rnu | What to do in P\u00e4rnu","description":"Attractions in P\u00e4rnu city centre near the immediate vicinity of Frost Boutique Hotel. See what to do in P\u00e4rnu.","robots":{"index":"index","follow":"follow","max-snippet":"max-snippet:-1","max-image-preview":"max-image-preview:large","max-video-preview":"max-video-preview:-1"},"canonical":"https:\/\/frosthotel.ee\/en\/parnu-in-estonia\/what-to-do-it-parnu\/","og_locale":"en_US","og_type":"article","og_title":"Attractions near the hotel","og_description":"Attractions in P\u00e4rnu city centre near the immediate vicinity of Frost Boutique Hotel. See what to do in P\u00e4rnu.","og_url":"https:\/\/frosthotel.ee\/en\/parnu-in-estonia\/what-to-do-it-parnu\/","og_site_name":"Frost Boutique Hotel","article_publisher":"https:\/\/www.facebook.com\/frostboutiquehotel\/","article_modified_time":"2023-03-02T11:16:23+00:00","og_image":[{"width":2016,"height":1512,"url":"https:\/\/frosthotel.ee\/wp-content\/uploads\/2021\/04\/Frost-Boutique-Hotell.jpg","type":"image\/jpeg"}],"twitter_card":"summary_large_image","twitter_misc":{"Est. reading time":"1 minute"},"schema":{"@context":"https:\/\/schema.org","@graph":[{"@type":"WebPage","@id":"https:\/\/frosthotel.ee\/en\/parnu-in-estonia\/what-to-do-it-parnu\/","url":"https:\/\/frosthotel.ee\/en\/parnu-in-estonia\/what-to-do-it-parnu\/","name":"Attractions in P\u00e4rnu | What to do in P\u00e4rnu","isPartOf":{"@id":"https:\/\/frosthotel.ee\/en\/#website"},"datePublished":"2015-06-15T09:27:22+00:00","dateModified":"2023-03-02T11:16:23+00:00","description":"Attractions in P\u00e4rnu city centre near the immediate vicinity of Frost Boutique Hotel. See what to do in P\u00e4rnu.","breadcrumb":{"@id":"https:\/\/frosthotel.ee\/en\/parnu-in-estonia\/what-to-do-it-parnu\/#breadcrumb"},"inLanguage":"en-US","potentialAction":[{"@type":"ReadAction","target":["https:\/\/frosthotel.ee\/en\/parnu-in-estonia\/what-to-do-it-parnu\/"]}]},{"@type":"BreadcrumbList","@id":"https:\/\/frosthotel.ee\/en\/parnu-in-estonia\/what-to-do-it-parnu\/#breadcrumb","itemListElement":[{"@type":"ListItem","position":1,"name":"Home","item":"https:\/\/frosthotel.ee\/en\/"},{"@type":"ListItem","position":2,"name":"P\u00e4rnu in Estonia","item":"https:\/\/frosthotel.ee\/en\/parnu-in-estonia\/"},{"@type":"ListItem","position":3,"name":"Attractions near the hotel"}]},{"@type":"WebSite","@id":"https:\/\/frosthotel.ee\/en\/#website","url":"https:\/\/frosthotel.ee\/en\/","name":"Frost Boutique Hotel","description":"P\u00e4rnu s\u00fcdalinna erakordne butiik-hotell","publisher":{"@id":"https:\/\/frosthotel.ee\/en\/#organization"},"potentialAction":[{"@type":"SearchAction","target":{"@type":"EntryPoint","urlTemplate":"https:\/\/frosthotel.ee\/en\/?s={search_term_string}"},"query-input":{"@type":"PropertyValueSpecification","valueRequired":true,"valueName":"search_term_string"}}],"inLanguage":"en-US"},{"@type":"Organization","@id":"https:\/\/frosthotel.ee\/en\/#organization","name":"Frost Boutique Hotel P\u00e4rnu","url":"https:\/\/frosthotel.ee\/en\/","logo":{"@type":"ImageObject","inLanguage":"en-US","@id":"https:\/\/frosthotel.ee\/en\/#\/schema\/logo\/image\/","url":"https:\/\/frosthotel.ee\/wp-content\/uploads\/2022\/04\/Frost_logo-02.png","contentUrl":"https:\/\/frosthotel.ee\/wp-content\/uploads\/2022\/04\/Frost_logo-02.png","width":3545,"height":1772,"caption":"Frost Boutique Hotel P\u00e4rnu"},"image":{"@id":"https:\/\/frosthotel.ee\/en\/#\/schema\/logo\/image\/"},"sameAs":["https:\/\/www.facebook.com\/frostboutiquehotel\/","https:\/\/www.instagram.com\/frostboutiquehotel\/"]}]}},"_links":{"self":[{"href":"https:\/\/frosthotel.ee\/en\/wp-json\/wp\/v2\/pages\/5367","targetHints":{"allow":["GET"]}}],"collection":[{"href":"https:\/\/frosthotel.ee\/en\/wp-json\/wp\/v2\/pages"}],"about":[{"href":"https:\/\/frosthotel.ee\/en\/wp-json\/wp\/v2\/types\/page"}],"author":[{"embeddable":true,"href":"https:\/\/frosthotel.ee\/en\/wp-json\/wp\/v2\/users\/1"}],"replies":[{"embeddable":true,"href":"https:\/\/frosthotel.ee\/en\/wp-json\/wp\/v2\/comments?post=5367"}],"version-history":[{"count":2,"href":"https:\/\/frosthotel.ee\/en\/wp-json\/wp\/v2\/pages\/5367\/revisions"}],"predecessor-version":[{"id":5369,"href":"https:\/\/frosthotel.ee\/en\/wp-json\/wp\/v2\/pages\/5367\/revisions\/5369"}],"up":[{"embeddable":true,"href":"https:\/\/frosthotel.ee\/en\/wp-json\/wp\/v2\/pages\/5361"}],"wp:attachment":[{"href":"https:\/\/frosthotel.ee\/en\/wp-json\/wp\/v2\/media?parent=5367"}],"curies":[{"name":"wp","href":"https:\/\/api.w.org\/{rel}","templated":true}]}}