{"id":5370,"date":"2015-06-26T12:38:41","date_gmt":"2015-06-26T09:38:41","guid":{"rendered":"https:\/\/frosthotel.ee\/parnu-in-estonia\/lastega-parnus\/"},"modified":"2023-03-02T13:20:29","modified_gmt":"2023-03-02T11:20:29","slug":"parnu-with-kids","status":"publish","type":"page","link":"https:\/\/frosthotel.ee\/en\/parnu-in-estonia\/parnu-with-kids\/","title":{"rendered":"P\u00e4rnu with kids"},"content":{"rendered":"<div class='row'><div style='padding-bottom:30px;' class='span8 first-module module_number_1 module_cont  module_text_area'><div class='bg_title'><h3 style='' class='headInModule'>Lottemaa Theme Park<\/h3><\/div>\r\n                <div class='module_content'>\r\n                    <p><a href=\"http:\/\/www.lottemaa.ee\/en\" target=\"_blank\" rel=\"noopener\">Lottemaa<\/a>, the largest theme park in the Baltic states, is actually Gadgetville located in a lovely forest by the sea; this place is already familiar from Lotte cartoons, musicals and books. Here, you can meet Lotte, Bruno, Albert and other villagers from Gadgetville and play and invent with them. The theme park is located six kilometres from P&auml;rnu, the summer capital of Estonia<\/p>\r\n                <\/div><\/div><!-- .module_cont --><div style='padding-bottom:30px;' class='span4  module_number_2 module_cont  module_text_area'>\r\n                <div class='module_content'>\r\n                    <p><img loading=\"lazy\" decoding=\"async\" src=\"\/wp-content\/uploads\/2015\/06\/Lottemaa.jpg\" alt=\"Lottemaa\" width=\"800\" height=\"450\" \/><\/p>\r\n                <\/div><\/div><!-- .module_cont --><\/div><div class='row'><div style='padding-bottom:30px;' class='span8  module_number_3 module_cont  module_text_area'><div class='bg_title'><h3 style='' class='headInModule'>Playground on P\u00e4rnu beach<\/h3><\/div>\r\n                <div class='module_content'>\r\n                    <p>Modern and boasting all of the latest technical solutions, it is a great place for the whole family to relax and have fun. Its attractions develop children's muscles, spatial awareness and balance. The playground has a range of attractions: a slide, climbing frames, sandpits and swings. The play area also has a safety cover.<\/p>\r\n                <\/div><\/div><!-- .module_cont --><div style='padding-bottom:30px;' class='span4  module_number_4 module_cont  module_text_area'>\r\n                <div class='module_content'>\r\n                    <p><img loading=\"lazy\" decoding=\"async\" src=\"\/wp-content\/uploads\/2015\/06\/Parnu-Rannapargi-lastevaljak.jpg\" alt=\"P&auml;rnu rand\" width=\"800\" height=\"450\" \/><\/p>\r\n                <\/div><\/div><!-- .module_cont --><\/div><div class='row'><div style='padding-bottom:30px;' class='span8  module_number_5 module_cont  module_text_area'><div class='bg_title'><h3 style='' class='headInModule'>Whitebeach adventure park<\/h3><\/div>\r\n                <div class='module_content'>\r\n                    <p>Conquering new heights, jumping into nets, long zip-lines, THIS IS ADVENTURE PARK IN THE TREE TOPS! Venturing the trails, you&rsquo;ll discover yourself and companions in exhilarating situations! <a href=\"http:\/\/www.valgerannaseikluspark.ee\/en\" target=\"_blank\" rel=\"noopener\">Valgeranna Adventure Park<\/a> has a total of 8 trails. Exciting and memorable experiences are guaranteed to kids and adults of all ages.\/p&gt;<\/p>\r\n                <\/div><\/div><!-- .module_cont --><div style='padding-bottom:30px;' class='span4  module_number_6 module_cont  module_text_area'>\r\n                <div class='module_content'>\r\n                    <p><img loading=\"lazy\" decoding=\"async\" src=\"\/wp-content\/uploads\/2021\/04\/Valgeranna-seikluspark.jpg\" alt=\"seikluspark\" width=\"675\" height=\"450\" \/><\/p>\r\n                <\/div><\/div><!-- .module_cont --><\/div><div class='row'><div style='padding-bottom:30px;' class='span8  module_number_7 module_cont  module_text_area'><div class='bg_title'><h3 style='' class='headInModule'>Children's playground in Munam\u00e4e Park in P\u00e4rnu<\/h3><\/div>\r\n                <div class='module_content'>\r\n                    <p>The children's playground in Munam&auml;e Park in P&auml;rnu&nbsp;offers a range of attractions, from swings and slides&nbsp;to carousels and climbing frames. There is also a sandbox.&nbsp;Climbing to the top of the hill and running down its slopes is sure to be fun, too.<br \/>Children's playground in Munam&auml;e Park is only 3 minutes (250 meters) <a href=\"https:\/\/www.google.com\/maps\/dir\/Munam%C3%A4e+park,+Eesti\/58.3837408,24.4985139\/@58.3831507,24.4949848,17z\/data=!3m1!4b1!4m9!4m8!1m5!1m1!1s0x46ecfd17a07d7a61:0x243c5a50b2b93b2d!2m2!1d24.496264!2d58.382467!1m0!3e2?hl=et\" target=\"_blank\" rel=\"noopener\">walking distance<\/a> from <a href=\"\/en\/hotel-in-parnu-old-town\/\">Frost Boutique Hotel in P&auml;rnu<\/a><\/p>\r\n                <\/div><\/div><!-- .module_cont --><div style='padding-bottom:30px;' class='span4  module_number_8 module_cont  module_text_area'>\r\n                <div class='module_content'>\r\n                    <p><img loading=\"lazy\" decoding=\"async\" src=\"\/wp-content\/uploads\/2015\/06\/Parnu-munamaepark.jpg\" alt=\"P&auml;rnu Munam&auml;epark\" width=\"800\" height=\"450\" \/><\/p>\r\n                <\/div><\/div><!-- .module_cont --><\/div><div class='row'><div style='padding-bottom:30px;' class='span12  module_number_9 module_cont  module_text_area'>\r\n                <div class='module_content'>\r\n                    <div class=\"row\">\r\n<div class=\"span12  module_number_11 module_cont  module_text_area\" style=\"padding-bottom: 30px;\">\r\n<div class=\"module_content\"><a href=\"https:\/\/bouk.io\/booking\/frost\/240\/rooms?language=en&amp;adults=2\"  class=\" shortcode_button btn_normal btn_type5\">Book a room in P&auml;rnu<\/a><\/div>\r\n<div class=\"module_content\">&nbsp;<\/div>\r\n<div class=\"module_content\">\r\n<p>&nbsp;<\/p>\r\n<p><strong>Source: <a href=\"http:\/\/www.visitestonia.com\" target=\"_blank\" rel=\"noopener\">visitestonia.com<\/a>&nbsp;ja <a href=\"http:\/\/www.visitparnu.com\/et\/\" target=\"_blank\" rel=\"noopener\">Visitparnu.com<\/a><\/strong><\/p>\r\n<\/div>\r\n<\/div>\r\n<\/div>\r\n                <\/div><\/div><!-- .module_cont --><\/div>","protected":false},"excerpt":{"rendered":"<p>Lottemaa Theme Park Lottemaa, the largest theme park in the Baltic states, is actually Gadgetville located in a lovely forest by the sea; this place is already familiar from Lotte cartoons, musicals and books. Here, you can meet Lotte, Bruno, Albert and other villagers from Gadgetville and play and invent with them. The theme park is located six kilometres from P&auml;rnu, the summer capital of Estonia Playground on P\u00e4rnu beach Modern and boasting all of the latest technical solutions, it is a great place for the whole family to relax and have fun. Its attractions develop children&#8217;s muscles, spatial awareness and balance. The playground has a range of attractions: a slide, climbing frames, sandpits and swings. The play area also has a safety cover. Whitebeach adventure park Conquering new heights, jumping into nets, long zip-lines, THIS IS ADVENTURE PARK IN THE TREE TOPS! Venturing the trails, you&rsquo;ll discover yourself and companions in exhilarating situations! Valgeranna Adventure Park has a total of 8 trails. Exciting and memorable experiences are guaranteed to kids and adults of all ages.\/p&gt; Children&#8217;s playground in Munam\u00e4e Park in P\u00e4rnu The children&#8217;s playground in Munam&auml;e Park in P&auml;rnu&nbsp;offers a range of attractions, from swings and slides&nbsp;to carousels [&hellip;]<\/p>\n","protected":false},"author":1,"featured_media":0,"parent":5361,"menu_order":0,"comment_status":"closed","ping_status":"closed","template":"page-center.php","meta":{"_acf_changed":false,"footnotes":""},"class_list":["post-5370","page","type-page","status-publish","hentry"],"acf":[],"yoast_head":"<!-- This site is optimized with the Yoast SEO Premium plugin v20.6 (Yoast SEO v27.4) - https:\/\/yoast.com\/product\/yoast-seo-premium-wordpress\/ -->\n<title>What to do in P\u00e4rnu with kids| Frost Boutique Hotel P\u00e4rnu<\/title>\n<meta name=\"description\" content=\"There&#039;s plenty to do in P\u00e4rnu with kids. Baltic&#039;s biggest theme park &quot;Lottemaa&quot;, small children parks, beach is the biggest attraction.\" \/>\n<meta name=\"robots\" content=\"index, follow, max-snippet:-1, max-image-preview:large, max-video-preview:-1\" \/>\n<link rel=\"canonical\" href=\"https:\/\/frosthotel.ee\/en\/parnu-in-estonia\/parnu-with-kids\/\" \/>\n<meta property=\"og:locale\" content=\"en_US\" \/>\n<meta property=\"og:type\" content=\"article\" \/>\n<meta property=\"og:title\" content=\"P\u00e4rnu with kids\" \/>\n<meta property=\"og:description\" content=\"There&#039;s plenty to do in P\u00e4rnu with kids. Baltic&#039;s biggest theme park &quot;Lottemaa&quot;, small children parks, beach is the biggest attraction.\" \/>\n<meta property=\"og:url\" content=\"https:\/\/frosthotel.ee\/en\/parnu-in-estonia\/parnu-with-kids\/\" \/>\n<meta property=\"og:site_name\" content=\"Frost Boutique Hotel\" \/>\n<meta property=\"article:publisher\" content=\"https:\/\/www.facebook.com\/frostboutiquehotel\/\" \/>\n<meta property=\"article:modified_time\" content=\"2023-03-02T11:20:29+00:00\" \/>\n<meta property=\"og:image\" content=\"https:\/\/frosthotel.ee\/wp-content\/uploads\/2021\/04\/Frost-Boutique-Hotell.jpg\" \/>\n\t<meta property=\"og:image:width\" content=\"2016\" \/>\n\t<meta property=\"og:image:height\" content=\"1512\" \/>\n\t<meta property=\"og:image:type\" content=\"image\/jpeg\" \/>\n<meta name=\"twitter:card\" content=\"summary_large_image\" \/>\n<script type=\"application\/ld+json\" class=\"yoast-schema-graph\">{\"@context\":\"https:\\\/\\\/schema.org\",\"@graph\":[{\"@type\":\"WebPage\",\"@id\":\"https:\\\/\\\/frosthotel.ee\\\/en\\\/parnu-in-estonia\\\/parnu-with-kids\\\/\",\"url\":\"https:\\\/\\\/frosthotel.ee\\\/en\\\/parnu-in-estonia\\\/parnu-with-kids\\\/\",\"name\":\"What to do in P\u00e4rnu with kids| Frost Boutique Hotel P\u00e4rnu\",\"isPartOf\":{\"@id\":\"https:\\\/\\\/frosthotel.ee\\\/en\\\/#website\"},\"datePublished\":\"2015-06-26T09:38:41+00:00\",\"dateModified\":\"2023-03-02T11:20:29+00:00\",\"description\":\"There's plenty to do in P\u00e4rnu with kids. Baltic's biggest theme park \\\"Lottemaa\\\", small children parks, beach is the biggest attraction.\",\"breadcrumb\":{\"@id\":\"https:\\\/\\\/frosthotel.ee\\\/en\\\/parnu-in-estonia\\\/parnu-with-kids\\\/#breadcrumb\"},\"inLanguage\":\"en-US\",\"potentialAction\":[{\"@type\":\"ReadAction\",\"target\":[\"https:\\\/\\\/frosthotel.ee\\\/en\\\/parnu-in-estonia\\\/parnu-with-kids\\\/\"]}]},{\"@type\":\"BreadcrumbList\",\"@id\":\"https:\\\/\\\/frosthotel.ee\\\/en\\\/parnu-in-estonia\\\/parnu-with-kids\\\/#breadcrumb\",\"itemListElement\":[{\"@type\":\"ListItem\",\"position\":1,\"name\":\"Home\",\"item\":\"https:\\\/\\\/frosthotel.ee\\\/en\\\/\"},{\"@type\":\"ListItem\",\"position\":2,\"name\":\"P\u00e4rnu in Estonia\",\"item\":\"https:\\\/\\\/frosthotel.ee\\\/en\\\/parnu-in-estonia\\\/\"},{\"@type\":\"ListItem\",\"position\":3,\"name\":\"P\u00e4rnu with kids\"}]},{\"@type\":\"WebSite\",\"@id\":\"https:\\\/\\\/frosthotel.ee\\\/en\\\/#website\",\"url\":\"https:\\\/\\\/frosthotel.ee\\\/en\\\/\",\"name\":\"Frost Boutique Hotel\",\"description\":\"P\u00e4rnu s\u00fcdalinna erakordne butiik-hotell\",\"publisher\":{\"@id\":\"https:\\\/\\\/frosthotel.ee\\\/en\\\/#organization\"},\"potentialAction\":[{\"@type\":\"SearchAction\",\"target\":{\"@type\":\"EntryPoint\",\"urlTemplate\":\"https:\\\/\\\/frosthotel.ee\\\/en\\\/?s={search_term_string}\"},\"query-input\":{\"@type\":\"PropertyValueSpecification\",\"valueRequired\":true,\"valueName\":\"search_term_string\"}}],\"inLanguage\":\"en-US\"},{\"@type\":\"Organization\",\"@id\":\"https:\\\/\\\/frosthotel.ee\\\/en\\\/#organization\",\"name\":\"Frost Boutique Hotel P\u00e4rnu\",\"url\":\"https:\\\/\\\/frosthotel.ee\\\/en\\\/\",\"logo\":{\"@type\":\"ImageObject\",\"inLanguage\":\"en-US\",\"@id\":\"https:\\\/\\\/frosthotel.ee\\\/en\\\/#\\\/schema\\\/logo\\\/image\\\/\",\"url\":\"https:\\\/\\\/frosthotel.ee\\\/wp-content\\\/uploads\\\/2022\\\/04\\\/Frost_logo-02.png\",\"contentUrl\":\"https:\\\/\\\/frosthotel.ee\\\/wp-content\\\/uploads\\\/2022\\\/04\\\/Frost_logo-02.png\",\"width\":3545,\"height\":1772,\"caption\":\"Frost Boutique Hotel P\u00e4rnu\"},\"image\":{\"@id\":\"https:\\\/\\\/frosthotel.ee\\\/en\\\/#\\\/schema\\\/logo\\\/image\\\/\"},\"sameAs\":[\"https:\\\/\\\/www.facebook.com\\\/frostboutiquehotel\\\/\",\"https:\\\/\\\/www.instagram.com\\\/frostboutiquehotel\\\/\"]}]}<\/script>\n<!-- \/ Yoast SEO Premium plugin. -->","yoast_head_json":{"title":"What to do in P\u00e4rnu with kids| Frost Boutique Hotel P\u00e4rnu","description":"There's plenty to do in P\u00e4rnu with kids. Baltic's biggest theme park \"Lottemaa\", small children parks, beach is the biggest attraction.","robots":{"index":"index","follow":"follow","max-snippet":"max-snippet:-1","max-image-preview":"max-image-preview:large","max-video-preview":"max-video-preview:-1"},"canonical":"https:\/\/frosthotel.ee\/en\/parnu-in-estonia\/parnu-with-kids\/","og_locale":"en_US","og_type":"article","og_title":"P\u00e4rnu with kids","og_description":"There's plenty to do in P\u00e4rnu with kids. Baltic's biggest theme park \"Lottemaa\", small children parks, beach is the biggest attraction.","og_url":"https:\/\/frosthotel.ee\/en\/parnu-in-estonia\/parnu-with-kids\/","og_site_name":"Frost Boutique Hotel","article_publisher":"https:\/\/www.facebook.com\/frostboutiquehotel\/","article_modified_time":"2023-03-02T11:20:29+00:00","og_image":[{"width":2016,"height":1512,"url":"https:\/\/frosthotel.ee\/wp-content\/uploads\/2021\/04\/Frost-Boutique-Hotell.jpg","type":"image\/jpeg"}],"twitter_card":"summary_large_image","schema":{"@context":"https:\/\/schema.org","@graph":[{"@type":"WebPage","@id":"https:\/\/frosthotel.ee\/en\/parnu-in-estonia\/parnu-with-kids\/","url":"https:\/\/frosthotel.ee\/en\/parnu-in-estonia\/parnu-with-kids\/","name":"What to do in P\u00e4rnu with kids| Frost Boutique Hotel P\u00e4rnu","isPartOf":{"@id":"https:\/\/frosthotel.ee\/en\/#website"},"datePublished":"2015-06-26T09:38:41+00:00","dateModified":"2023-03-02T11:20:29+00:00","description":"There's plenty to do in P\u00e4rnu with kids. Baltic's biggest theme park \"Lottemaa\", small children parks, beach is the biggest attraction.","breadcrumb":{"@id":"https:\/\/frosthotel.ee\/en\/parnu-in-estonia\/parnu-with-kids\/#breadcrumb"},"inLanguage":"en-US","potentialAction":[{"@type":"ReadAction","target":["https:\/\/frosthotel.ee\/en\/parnu-in-estonia\/parnu-with-kids\/"]}]},{"@type":"BreadcrumbList","@id":"https:\/\/frosthotel.ee\/en\/parnu-in-estonia\/parnu-with-kids\/#breadcrumb","itemListElement":[{"@type":"ListItem","position":1,"name":"Home","item":"https:\/\/frosthotel.ee\/en\/"},{"@type":"ListItem","position":2,"name":"P\u00e4rnu in Estonia","item":"https:\/\/frosthotel.ee\/en\/parnu-in-estonia\/"},{"@type":"ListItem","position":3,"name":"P\u00e4rnu with kids"}]},{"@type":"WebSite","@id":"https:\/\/frosthotel.ee\/en\/#website","url":"https:\/\/frosthotel.ee\/en\/","name":"Frost Boutique Hotel","description":"P\u00e4rnu s\u00fcdalinna erakordne butiik-hotell","publisher":{"@id":"https:\/\/frosthotel.ee\/en\/#organization"},"potentialAction":[{"@type":"SearchAction","target":{"@type":"EntryPoint","urlTemplate":"https:\/\/frosthotel.ee\/en\/?s={search_term_string}"},"query-input":{"@type":"PropertyValueSpecification","valueRequired":true,"valueName":"search_term_string"}}],"inLanguage":"en-US"},{"@type":"Organization","@id":"https:\/\/frosthotel.ee\/en\/#organization","name":"Frost Boutique Hotel P\u00e4rnu","url":"https:\/\/frosthotel.ee\/en\/","logo":{"@type":"ImageObject","inLanguage":"en-US","@id":"https:\/\/frosthotel.ee\/en\/#\/schema\/logo\/image\/","url":"https:\/\/frosthotel.ee\/wp-content\/uploads\/2022\/04\/Frost_logo-02.png","contentUrl":"https:\/\/frosthotel.ee\/wp-content\/uploads\/2022\/04\/Frost_logo-02.png","width":3545,"height":1772,"caption":"Frost Boutique Hotel P\u00e4rnu"},"image":{"@id":"https:\/\/frosthotel.ee\/en\/#\/schema\/logo\/image\/"},"sameAs":["https:\/\/www.facebook.com\/frostboutiquehotel\/","https:\/\/www.instagram.com\/frostboutiquehotel\/"]}]}},"_links":{"self":[{"href":"https:\/\/frosthotel.ee\/en\/wp-json\/wp\/v2\/pages\/5370","targetHints":{"allow":["GET"]}}],"collection":[{"href":"https:\/\/frosthotel.ee\/en\/wp-json\/wp\/v2\/pages"}],"about":[{"href":"https:\/\/frosthotel.ee\/en\/wp-json\/wp\/v2\/types\/page"}],"author":[{"embeddable":true,"href":"https:\/\/frosthotel.ee\/en\/wp-json\/wp\/v2\/users\/1"}],"replies":[{"embeddable":true,"href":"https:\/\/frosthotel.ee\/en\/wp-json\/wp\/v2\/comments?post=5370"}],"version-history":[{"count":2,"href":"https:\/\/frosthotel.ee\/en\/wp-json\/wp\/v2\/pages\/5370\/revisions"}],"predecessor-version":[{"id":5372,"href":"https:\/\/frosthotel.ee\/en\/wp-json\/wp\/v2\/pages\/5370\/revisions\/5372"}],"up":[{"embeddable":true,"href":"https:\/\/frosthotel.ee\/en\/wp-json\/wp\/v2\/pages\/5361"}],"wp:attachment":[{"href":"https:\/\/frosthotel.ee\/en\/wp-json\/wp\/v2\/media?parent=5370"}],"curies":[{"name":"wp","href":"https:\/\/api.w.org\/{rel}","templated":true}]}}