{"id":6830,"date":"2022-09-13T11:21:44","date_gmt":"2022-09-13T08:21:44","guid":{"rendered":"https:\/\/frosthotel.ee\/?page_id=6830"},"modified":"2026-03-13T15:51:59","modified_gmt":"2026-03-13T13:51:59","slug":"relaxarea","status":"publish","type":"page","link":"https:\/\/frosthotel.ee\/en\/relaxarea\/","title":{"rendered":"RELAX AREA"},"content":{"rendered":"<div class='row'><div style='padding-bottom:30px;' class='span12 first-module module_number_1 module_cont  module_text_area'>\r\n                <div class='module_content'>\r\n                    <p><blockquote class='shortcode_blockquote right type5' style='width:25%;'><div class='blockquote_wrapper'><p>Pamper your body with love and relaxation &ndash; you are worth it. <\/p><div class='author'><\/div><\/div><\/blockquote><span class='dropcap type2'>F<\/span>rost Boutique hotel relaxation area is a cosy oasis right in the heart of P&auml;rnu where you can relax your body and mind.<\/p>\r\n<p>There are two saunas on the area &ndash; the classical Finnish sauna with hot and dry air (90 C) and the steam sauna with high humidity (45 C). Only in Frost hotel it is possible to enjoy the relaxing effect of shungite stones and cool yourself in chlorine-free pool water. The pool depth is 130 cm, water is 29 C.<\/p>\r\n<p>Up to 15 people are allowed on the relaxation area at a time to ensure that the guests have enough space and rest from the everyday life. The area is, above all, open for the hotel guests but we also provide service to the citizens and groups.<\/p>\r\n<p>The relaxation area is free from the strong and pungent smell of chlorine. Pool water is cleaned with salt which is natural and soft for the skin. Water cleaned with salt is safe for your health and complies with the norms and requirements established by the Estonian authorities.<\/p>\r\n<p>There are 10 lockers on the area where you can conveniently leave your clothes. Our guests can use the towels and hairdryers.<\/p>\r\n<p>Duration of visit to the relaxation area is 2 hours (per one night stay).<\/p>\r\n<p>Open:<\/p>\r\n<p><strong>Tue-Sat 9:00 - 12:00 and 15:00 - 22:00<\/strong><br \/><strong>Sun 9:00 - 16:00<\/strong><\/p>\r\n<p>Last entry is two hours before closing. <br \/><br \/>* Children aged 0-7 are welcome with an adult until 17:00 (until 16:00 on Sunday) <br \/>* The fee for visiting to the relaxation area who is not staying at the hotel is 40 &euro;. Children up to 14 years (included) are charged 10 euros. Children aged 15 years old are charged the adult price (includes a 2-hour visiting and use of towels).<br \/>* The fee for visiting to the relaxation area for hotel guests is 30 euros. Children up to 14 years (included) are free of charge. Children aged 15 years old are charged the adult price (includes a 2&ndash;hour visit and use of towels).<br \/>* Before your visit to the relaxation area please get acquainted with the internal rules <a href=\"\/en\/sparules\/\">HERE<\/a><br \/>* Please book your visit to the relaxation area in advance.<br \/>* Entrance to the relaxation area is subject to a fee, the fee does not apply to hotel guests if the entrance is included in their accommodation package. <br \/>*Reservations made through Booking.com do not include access to the relaxation area.<\/p>\r\n                <\/div><\/div><!-- .module_cont --><\/div><div class='row'><div style='padding-bottom:30px;' class='span9  module_number_2 module_cont  module_text_area'><div class='bg_title'><h3 style='' class='headInModule'>ABOUT SHUNGITE STONE<\/h3><\/div>\r\n                <div class='module_content'>\r\n                    <p>Frost relaxation area is made special by the shungite stone. The black and lustrous stone can be noticed at the pool and in the sauna. Shungite is a natural mineral which main component is carbon. The geological age of the stone is over 2 billion years. Shungite is particularly special and exciting due to the fact that the stone can be found only in one place in the world &ndash; in Karelia, in the northern part of Lake Onega with one of the purest waters in the world. Shungite is a valuable mineral due to its purifying properties. Shungite purifies the water from virtually all organic substances. For many years shungite filters have been made and the water which has run through it is exceptionally clear, fresh and pure. Purified water is used for drinking and also in cooking. We have provided jugs with shungite water for the guests so that you could have a taste yourself and cool down from the heat of the sauna. Shungite is also used for making soap. Black soap may at first seem unusual but after making it wet the soap will foam pleasantly, remove impurities from the body and leave the skin clean, silky and soft. The special soap can also be purchased from our hotel. Shungite is a natural stone to which several healing properties are attributed, it contains carbon with a crystal structure organised in a specific manner. Whether it is the healing effect of shungite, flowing of the pool water, relaxation from the heat of the sauna or taking a break from the everyday hectic life for a while &ndash; it is important that you feel relaxed and fresh after the sauna rituals. You are welcome to relax in the oasis in the city centre!.<\/p>\r\n<p>&nbsp;<\/p>\r\n                <\/div><\/div><!-- .module_cont --><div style='padding-bottom:30px;' class='span3  module_number_3 module_cont  module_text_area'><div class='bg_title'><h4 style='' class='headInModule'>kontakt<\/h4><\/div>\r\n                <div class='module_content'>\r\n                    <p>Kuninga 11 <br \/>P&auml;rnu 80011<\/p>\r\n<p>Telefon: +372 5303 0424<br \/>E-post:&nbsp;<a href=\"mailto:info@frosthotel.ee\">info@frosthotel.ee<\/a><\/p>\r\n<p>&nbsp;<\/p>\r\n                <\/div><\/div><!-- .module_cont --><\/div><div class='row'><div style='padding-bottom:30px;' class='span12  module_number_4 module_cont  module_divider'><hr class=\"type3 \"><\/div><!-- .module_cont --><\/div><div class='row'><div style='padding-bottom:30px;' class='span12  module_number_5 module_cont  module_gallery'><div class='list-of-images images_in_a_row_1'>\r\n                        <div class=\"gallery_item\">\r\n\t\t\t\t\t\t\t<div class=\"gallery_item_padding\">\r\n\t\t\t\t\t\t\t\t<div class=\"gallery_item_wrapper\"><a class=\"featured_ico_link swipebox\" rel=\"gallery-module\" href=\"https:\/\/frosthotel.ee\/wp-content\/uploads\/2025\/03\/frost_spa_area-scaled.jpg\" title=\"\"><\/a><img loading=\"lazy\" decoding=\"async\" class=\"gallery-stand-img\" src=\"https:\/\/frosthotel.ee\/wp-content\/uploads\/2025\/03\/frost_spa_area-scaled-1140x736.jpg\" alt=\"\" width=\"1140\" height=\"736\">\r\n\t\t\t\t\t\t\t\t\t<div class=\"gallery_fadder\"><\/div>\r\n\t\t\t\t\t\t\t\t\t<div class=\"gallery_likes gallery_likes_add \" data-attachid=\"8319\" data-modify=\"like\">\r\n\t\t\t\t\t\t\t\t\t\t<i class=\"stand_icon icon-heart-o\"><\/i>\r\n\t\t\t\t\t\t\t\t\t\t<span>0<\/span>\r\n\t\t\t\t\t\t\t\t\t<\/div>\t\t\t\t\t\t\t\t\t\r\n\t\t\t\t\t\t\t\t<\/div>\r\n\t\t\t\t\t\t\t<\/div>\r\n                        <\/div>\r\n                        \r\n                        <div class=\"gallery_item\">\r\n\t\t\t\t\t\t\t<div class=\"gallery_item_padding\">\r\n\t\t\t\t\t\t\t\t<div class=\"gallery_item_wrapper\"><a class=\"featured_ico_link swipebox\" rel=\"gallery-module\" href=\"https:\/\/frosthotel.ee\/wp-content\/uploads\/2025\/03\/frosthotel_parnu_spa-scaled.jpg\" title=\"\"><\/a><img loading=\"lazy\" decoding=\"async\" class=\"gallery-stand-img\" src=\"https:\/\/frosthotel.ee\/wp-content\/uploads\/2025\/03\/frosthotel_parnu_spa-scaled-1140x736.jpg\" alt=\"\" width=\"1140\" height=\"736\">\r\n\t\t\t\t\t\t\t\t\t<div class=\"gallery_fadder\"><\/div>\r\n\t\t\t\t\t\t\t\t\t<div class=\"gallery_likes gallery_likes_add \" data-attachid=\"8329\" data-modify=\"like\">\r\n\t\t\t\t\t\t\t\t\t\t<i class=\"stand_icon icon-heart-o\"><\/i>\r\n\t\t\t\t\t\t\t\t\t\t<span>0<\/span>\r\n\t\t\t\t\t\t\t\t\t<\/div>\t\t\t\t\t\t\t\t\t\r\n\t\t\t\t\t\t\t\t<\/div>\r\n\t\t\t\t\t\t\t<\/div>\r\n                        <\/div>\r\n                        \r\n            <div class='clear'><\/div>\r\n            <\/div>\r\n            <\/div><!-- .module_cont --><\/div>","protected":false},"excerpt":{"rendered":"<p>Pamper your body with love and relaxation &ndash; you are worth it. Frost Boutique hotel relaxation area is a cosy oasis right in the heart of P&auml;rnu where you can relax your body and mind. There are two saunas on the area &ndash; the classical Finnish sauna with hot and dry air (90 C) and the steam sauna with high humidity (45 C). Only in Frost hotel it is possible to enjoy the relaxing effect of shungite stones and cool yourself in chlorine-free pool water. The pool depth is 130 cm, water is 29 C. Up to 15 people are allowed on the relaxation area at a time to ensure that the guests have enough space and rest from the everyday life. The area is, above all, open for the hotel guests but we also provide service to the citizens and groups. The relaxation area is free from the strong and pungent smell of chlorine. Pool water is cleaned with salt which is natural and soft for the skin. Water cleaned with salt is safe for your health and complies with the norms and requirements established by the Estonian authorities. There are 10 lockers on the area where you can [&hellip;]<\/p>\n","protected":false},"author":6,"featured_media":0,"parent":0,"menu_order":0,"comment_status":"closed","ping_status":"closed","template":"page-center.php","meta":{"_acf_changed":false,"footnotes":""},"class_list":["post-6830","page","type-page","status-publish","hentry"],"acf":[],"yoast_head":"<!-- This site is optimized with the Yoast SEO Premium plugin v20.6 (Yoast SEO v27.3) - https:\/\/yoast.com\/product\/yoast-seo-premium-wordpress\/ -->\n<title>Relax area in P\u00e4rnu | Frost Boutique Hotell Spaa<\/title>\n<meta name=\"description\" content=\"Frost Boutique Hotelli privaatses l\u00f5\u00f5gastusalal on Soome saun ning aurusaun ning l\u00f5\u00f5gastav bassein, mis on kloorivaba.\" \/>\n<meta name=\"robots\" content=\"index, follow, max-snippet:-1, max-image-preview:large, max-video-preview:-1\" \/>\n<link rel=\"canonical\" href=\"https:\/\/frosthotel.ee\/en\/relaxarea\/\" \/>\n<meta property=\"og:locale\" content=\"en_US\" \/>\n<meta property=\"og:type\" content=\"article\" \/>\n<meta property=\"og:title\" content=\"RELAX AREA\" \/>\n<meta property=\"og:description\" content=\"Frost Boutique Hotelli privaatses l\u00f5\u00f5gastusalal on Soome saun ning aurusaun ning l\u00f5\u00f5gastav bassein, mis on kloorivaba.\" \/>\n<meta property=\"og:url\" content=\"https:\/\/frosthotel.ee\/en\/relaxarea\/\" \/>\n<meta property=\"og:site_name\" content=\"Frost Boutique Hotel\" \/>\n<meta property=\"article:publisher\" content=\"https:\/\/www.facebook.com\/frostboutiquehotel\/\" \/>\n<meta property=\"article:modified_time\" content=\"2026-03-13T13:51:59+00:00\" \/>\n<meta property=\"og:image\" content=\"https:\/\/frosthotel.ee\/wp-content\/uploads\/2021\/04\/Frost-Boutique-Hotell.jpg\" \/>\n\t<meta property=\"og:image:width\" content=\"2016\" \/>\n\t<meta property=\"og:image:height\" content=\"1512\" \/>\n\t<meta property=\"og:image:type\" content=\"image\/jpeg\" \/>\n<meta name=\"twitter:card\" content=\"summary_large_image\" \/>\n<script type=\"application\/ld+json\" class=\"yoast-schema-graph\">{\"@context\":\"https:\\\/\\\/schema.org\",\"@graph\":[{\"@type\":\"WebPage\",\"@id\":\"https:\\\/\\\/frosthotel.ee\\\/en\\\/relaxarea\\\/\",\"url\":\"https:\\\/\\\/frosthotel.ee\\\/en\\\/relaxarea\\\/\",\"name\":\"Relax area in P\u00e4rnu | Frost Boutique Hotell Spaa\",\"isPartOf\":{\"@id\":\"https:\\\/\\\/frosthotel.ee\\\/en\\\/#website\"},\"datePublished\":\"2022-09-13T08:21:44+00:00\",\"dateModified\":\"2026-03-13T13:51:59+00:00\",\"description\":\"Frost Boutique Hotelli privaatses l\u00f5\u00f5gastusalal on Soome saun ning aurusaun ning l\u00f5\u00f5gastav bassein, mis on kloorivaba.\",\"breadcrumb\":{\"@id\":\"https:\\\/\\\/frosthotel.ee\\\/en\\\/relaxarea\\\/#breadcrumb\"},\"inLanguage\":\"en-US\",\"potentialAction\":[{\"@type\":\"ReadAction\",\"target\":[\"https:\\\/\\\/frosthotel.ee\\\/en\\\/relaxarea\\\/\"]}]},{\"@type\":\"BreadcrumbList\",\"@id\":\"https:\\\/\\\/frosthotel.ee\\\/en\\\/relaxarea\\\/#breadcrumb\",\"itemListElement\":[{\"@type\":\"ListItem\",\"position\":1,\"name\":\"Home\",\"item\":\"https:\\\/\\\/frosthotel.ee\\\/en\\\/\"},{\"@type\":\"ListItem\",\"position\":2,\"name\":\"RELAX AREA\"}]},{\"@type\":\"WebSite\",\"@id\":\"https:\\\/\\\/frosthotel.ee\\\/en\\\/#website\",\"url\":\"https:\\\/\\\/frosthotel.ee\\\/en\\\/\",\"name\":\"Frost Boutique Hotel\",\"description\":\"P\u00e4rnu s\u00fcdalinna erakordne butiik-hotell\",\"publisher\":{\"@id\":\"https:\\\/\\\/frosthotel.ee\\\/en\\\/#organization\"},\"potentialAction\":[{\"@type\":\"SearchAction\",\"target\":{\"@type\":\"EntryPoint\",\"urlTemplate\":\"https:\\\/\\\/frosthotel.ee\\\/en\\\/?s={search_term_string}\"},\"query-input\":{\"@type\":\"PropertyValueSpecification\",\"valueRequired\":true,\"valueName\":\"search_term_string\"}}],\"inLanguage\":\"en-US\"},{\"@type\":\"Organization\",\"@id\":\"https:\\\/\\\/frosthotel.ee\\\/en\\\/#organization\",\"name\":\"Frost Boutique Hotel P\u00e4rnu\",\"url\":\"https:\\\/\\\/frosthotel.ee\\\/en\\\/\",\"logo\":{\"@type\":\"ImageObject\",\"inLanguage\":\"en-US\",\"@id\":\"https:\\\/\\\/frosthotel.ee\\\/en\\\/#\\\/schema\\\/logo\\\/image\\\/\",\"url\":\"https:\\\/\\\/frosthotel.ee\\\/wp-content\\\/uploads\\\/2022\\\/04\\\/Frost_logo-02.png\",\"contentUrl\":\"https:\\\/\\\/frosthotel.ee\\\/wp-content\\\/uploads\\\/2022\\\/04\\\/Frost_logo-02.png\",\"width\":3545,\"height\":1772,\"caption\":\"Frost Boutique Hotel P\u00e4rnu\"},\"image\":{\"@id\":\"https:\\\/\\\/frosthotel.ee\\\/en\\\/#\\\/schema\\\/logo\\\/image\\\/\"},\"sameAs\":[\"https:\\\/\\\/www.facebook.com\\\/frostboutiquehotel\\\/\",\"https:\\\/\\\/www.instagram.com\\\/frostboutiquehotel\\\/\"]}]}<\/script>\n<!-- \/ Yoast SEO Premium plugin. -->","yoast_head_json":{"title":"Relax area in P\u00e4rnu | Frost Boutique Hotell Spaa","description":"Frost Boutique Hotelli privaatses l\u00f5\u00f5gastusalal on Soome saun ning aurusaun ning l\u00f5\u00f5gastav bassein, mis on kloorivaba.","robots":{"index":"index","follow":"follow","max-snippet":"max-snippet:-1","max-image-preview":"max-image-preview:large","max-video-preview":"max-video-preview:-1"},"canonical":"https:\/\/frosthotel.ee\/en\/relaxarea\/","og_locale":"en_US","og_type":"article","og_title":"RELAX AREA","og_description":"Frost Boutique Hotelli privaatses l\u00f5\u00f5gastusalal on Soome saun ning aurusaun ning l\u00f5\u00f5gastav bassein, mis on kloorivaba.","og_url":"https:\/\/frosthotel.ee\/en\/relaxarea\/","og_site_name":"Frost Boutique Hotel","article_publisher":"https:\/\/www.facebook.com\/frostboutiquehotel\/","article_modified_time":"2026-03-13T13:51:59+00:00","og_image":[{"width":2016,"height":1512,"url":"https:\/\/frosthotel.ee\/wp-content\/uploads\/2021\/04\/Frost-Boutique-Hotell.jpg","type":"image\/jpeg"}],"twitter_card":"summary_large_image","schema":{"@context":"https:\/\/schema.org","@graph":[{"@type":"WebPage","@id":"https:\/\/frosthotel.ee\/en\/relaxarea\/","url":"https:\/\/frosthotel.ee\/en\/relaxarea\/","name":"Relax area in P\u00e4rnu | Frost Boutique Hotell Spaa","isPartOf":{"@id":"https:\/\/frosthotel.ee\/en\/#website"},"datePublished":"2022-09-13T08:21:44+00:00","dateModified":"2026-03-13T13:51:59+00:00","description":"Frost Boutique Hotelli privaatses l\u00f5\u00f5gastusalal on Soome saun ning aurusaun ning l\u00f5\u00f5gastav bassein, mis on kloorivaba.","breadcrumb":{"@id":"https:\/\/frosthotel.ee\/en\/relaxarea\/#breadcrumb"},"inLanguage":"en-US","potentialAction":[{"@type":"ReadAction","target":["https:\/\/frosthotel.ee\/en\/relaxarea\/"]}]},{"@type":"BreadcrumbList","@id":"https:\/\/frosthotel.ee\/en\/relaxarea\/#breadcrumb","itemListElement":[{"@type":"ListItem","position":1,"name":"Home","item":"https:\/\/frosthotel.ee\/en\/"},{"@type":"ListItem","position":2,"name":"RELAX AREA"}]},{"@type":"WebSite","@id":"https:\/\/frosthotel.ee\/en\/#website","url":"https:\/\/frosthotel.ee\/en\/","name":"Frost Boutique Hotel","description":"P\u00e4rnu s\u00fcdalinna erakordne butiik-hotell","publisher":{"@id":"https:\/\/frosthotel.ee\/en\/#organization"},"potentialAction":[{"@type":"SearchAction","target":{"@type":"EntryPoint","urlTemplate":"https:\/\/frosthotel.ee\/en\/?s={search_term_string}"},"query-input":{"@type":"PropertyValueSpecification","valueRequired":true,"valueName":"search_term_string"}}],"inLanguage":"en-US"},{"@type":"Organization","@id":"https:\/\/frosthotel.ee\/en\/#organization","name":"Frost Boutique Hotel P\u00e4rnu","url":"https:\/\/frosthotel.ee\/en\/","logo":{"@type":"ImageObject","inLanguage":"en-US","@id":"https:\/\/frosthotel.ee\/en\/#\/schema\/logo\/image\/","url":"https:\/\/frosthotel.ee\/wp-content\/uploads\/2022\/04\/Frost_logo-02.png","contentUrl":"https:\/\/frosthotel.ee\/wp-content\/uploads\/2022\/04\/Frost_logo-02.png","width":3545,"height":1772,"caption":"Frost Boutique Hotel P\u00e4rnu"},"image":{"@id":"https:\/\/frosthotel.ee\/en\/#\/schema\/logo\/image\/"},"sameAs":["https:\/\/www.facebook.com\/frostboutiquehotel\/","https:\/\/www.instagram.com\/frostboutiquehotel\/"]}]}},"_links":{"self":[{"href":"https:\/\/frosthotel.ee\/en\/wp-json\/wp\/v2\/pages\/6830","targetHints":{"allow":["GET"]}}],"collection":[{"href":"https:\/\/frosthotel.ee\/en\/wp-json\/wp\/v2\/pages"}],"about":[{"href":"https:\/\/frosthotel.ee\/en\/wp-json\/wp\/v2\/types\/page"}],"author":[{"embeddable":true,"href":"https:\/\/frosthotel.ee\/en\/wp-json\/wp\/v2\/users\/6"}],"replies":[{"embeddable":true,"href":"https:\/\/frosthotel.ee\/en\/wp-json\/wp\/v2\/comments?post=6830"}],"version-history":[{"count":3,"href":"https:\/\/frosthotel.ee\/en\/wp-json\/wp\/v2\/pages\/6830\/revisions"}],"predecessor-version":[{"id":6859,"href":"https:\/\/frosthotel.ee\/en\/wp-json\/wp\/v2\/pages\/6830\/revisions\/6859"}],"wp:attachment":[{"href":"https:\/\/frosthotel.ee\/en\/wp-json\/wp\/v2\/media?parent=6830"}],"curies":[{"name":"wp","href":"https:\/\/api.w.org\/{rel}","templated":true}]}}