{"id":2851,"date":"2015-05-19T14:17:17","date_gmt":"2015-05-19T11:17:17","guid":{"rendered":"http:\/\/frosthotel.ee\/hotell-parnu-vanalinnas-2\/"},"modified":"2023-03-29T09:15:39","modified_gmt":"2023-03-29T06:15:39","slug":"hotelli-parnun-vanhassakaupungissa","status":"publish","type":"page","link":"https:\/\/frosthotel.ee\/fi\/hotelli-parnun-vanhassakaupungissa\/","title":{"rendered":"Hotelli P\u00e4rnun vanhassakaupungissa"},"content":{"rendered":"<div class='row'><div style='padding-bottom:30px;' class='span6 first-module module_number_1 module_cont  module_video'><div class=\"wrapped_video\"><div id='player784'><\/div><\/div><\/div><!-- .module_cont --><div style='padding-bottom:30px;' class='span6  module_number_2 module_cont  module_text_area'>\r\n                <div class='module_content'>\r\n                    <p><span class='dropcap type2'>T<\/span>yylikk&auml;&auml;sti suunniteltu viihtyis&auml; boutique-hotelli P&auml;rnun vanhassa kaupungissa. Talon on alun perin rakentanut vuonna 1705 kauppias ja kuninkaallinen postimestari Joachim FROST. Silt&auml; ajalta ovat per&auml;isin koko rakennuksen sisustussuunnittelussa k&auml;ytetyt puiset elementit.&nbsp;<\/p>\r\n<p>Hotellissa ja huoneiden sisustuksessa on k&auml;ytetty pastellis&auml;vyj&auml;, huoneissa on paljon avaruutta, takan l&auml;mp&ouml;&auml; ja luksusta.<\/p>\r\n<p>Frost Boutique Hotellin piharakennuksessa on 7 yksil&ouml;llist&auml; ylellist&auml; huonetta ja tilava, takalla varustettu aula.<\/p>\r\n<p>Hotellin p&auml;&auml;rakennuksessa on 7 ainutlaatuista sviitti&auml;, jotka kaikki ovat varustettu tarvittavilla keitti&ouml;koneilla, jotta voisitte nauttia luonamme pitk&auml;&auml;kin lomaa.&nbsp;<\/p>\r\n<p>Hotellimme rentouttavassa ilmapiiriss&auml; tunnette olevanne kuin kotona &ndash; h&ouml;yhenpehme&auml;t peitot ja leve&auml;t paris&auml;ngyt takaavat makeat y&ouml;unet.<\/p>\r\n<p>Hotellin pihalla on viihtyis&auml; kes&auml;terassi suihkul&auml;hteell&auml;, jossa voi nauttia lasillisen viini&auml; tai kupillisen kahvia. Kylmemp&auml;n&auml; aikana Teit&auml; tervehtii hotellin aulassa aito takkatuli.&nbsp;<\/p>\r\n<p>Teill&auml; on mahdollisuus nauttia makuel&auml;myksist&auml; Mon Ami -ravintolassa ja rentouttavista hoidoista Frost Salong -kauneussalongissa.<\/p>\r\n<p>Hotellista vain muutaman minuutin k&auml;velymatkan p&auml;&auml;ss&auml; on P&auml;rnun Vallik&auml;&auml;rin romanttinen promenadi, Endla-teatteri ja P&auml;rnun konserttitalo, useat vanhan kaupungin n&auml;ht&auml;vyydet ja R&uuml;&uuml;tli-kadun ravintolat.<\/p>\r\n<p>Kaikissa huoneissamme ja julkisissa paikoissa tupakointi on kielletty. Tupakointi on sallittu hotellin sis&auml;pihalla erikseen merkityll&auml; tupakointipaikalla.<\/p>\r\n<p>&nbsp;<\/p>\r\n<p><a href=\"https:\/\/bouk.io\/booking\/frost\/240\/rooms?language=fi&amp;adults=2\"  class=\" shortcode_button btn_small btn_type5\">Varaa huone<\/a><\/p>\r\n                <\/div><\/div><!-- .module_cont --><\/div>","protected":false},"excerpt":{"rendered":"<p>Tyylikk&auml;&auml;sti suunniteltu viihtyis&auml; boutique-hotelli P&auml;rnun vanhassa kaupungissa. Talon on alun perin rakentanut vuonna 1705 kauppias ja kuninkaallinen postimestari Joachim FROST. Silt&auml; ajalta ovat per&auml;isin koko rakennuksen sisustussuunnittelussa k&auml;ytetyt puiset elementit.&nbsp; Hotellissa ja huoneiden sisustuksessa on k&auml;ytetty pastellis&auml;vyj&auml;, huoneissa on paljon avaruutta, takan l&auml;mp&ouml;&auml; ja luksusta. Frost Boutique Hotellin piharakennuksessa on 7 yksil&ouml;llist&auml; ylellist&auml; huonetta ja tilava, takalla varustettu aula. Hotellin p&auml;&auml;rakennuksessa on 7 ainutlaatuista sviitti&auml;, jotka kaikki ovat varustettu tarvittavilla keitti&ouml;koneilla, jotta voisitte nauttia luonamme pitk&auml;&auml;kin lomaa.&nbsp; Hotellimme rentouttavassa ilmapiiriss&auml; tunnette olevanne kuin kotona &ndash; h&ouml;yhenpehme&auml;t peitot ja leve&auml;t paris&auml;ngyt takaavat makeat y&ouml;unet. Hotellin pihalla on viihtyis&auml; kes&auml;terassi suihkul&auml;hteell&auml;, jossa voi nauttia lasillisen viini&auml; tai kupillisen kahvia. Kylmemp&auml;n&auml; aikana Teit&auml; tervehtii hotellin aulassa aito takkatuli.&nbsp; Teill&auml; on mahdollisuus nauttia makuel&auml;myksist&auml; Mon Ami -ravintolassa ja rentouttavista hoidoista Frost Salong -kauneussalongissa. Hotellista vain muutaman minuutin k&auml;velymatkan p&auml;&auml;ss&auml; on P&auml;rnun Vallik&auml;&auml;rin romanttinen promenadi, Endla-teatteri ja P&auml;rnun konserttitalo, useat vanhan kaupungin n&auml;ht&auml;vyydet ja R&uuml;&uuml;tli-kadun ravintolat. Kaikissa huoneissamme ja julkisissa paikoissa tupakointi on kielletty. Tupakointi on sallittu hotellin sis&auml;pihalla erikseen merkityll&auml; tupakointipaikalla. &nbsp; Varaa huone<\/p>\n","protected":false},"author":1,"featured_media":0,"parent":0,"menu_order":0,"comment_status":"closed","ping_status":"closed","template":"page-center.php","meta":{"_acf_changed":false,"footnotes":""},"class_list":["post-2851","page","type-page","status-publish","hentry"],"acf":[],"yoast_head":"<!-- This site is optimized with the Yoast SEO Premium plugin v20.6 (Yoast SEO v27.4) - https:\/\/yoast.com\/product\/yoast-seo-premium-wordpress\/ -->\n<title>Hotelli P\u00e4rnun vanhassakaupungissa | Frost Boutique Hotelli<\/title>\n<meta name=\"description\" content=\"Ylellisesti ja yksityiskohtaisesti sisustettu boutique-hotelli P\u00e4rnu vanhassakaupungissa. Frost Boutique sijaitsee R\u00fc\u00fctli katun l\u00e4hell\u00e4.\" \/>\n<meta name=\"robots\" content=\"index, follow, max-snippet:-1, max-image-preview:large, max-video-preview:-1\" \/>\n<link rel=\"canonical\" href=\"https:\/\/frosthotel.ee\/fi\/hotelli-parnun-vanhassakaupungissa\/\" \/>\n<meta property=\"og:locale\" content=\"fi_FI\" \/>\n<meta property=\"og:type\" content=\"article\" \/>\n<meta property=\"og:title\" content=\"Hotelli P\u00e4rnun vanhassakaupungissa\" \/>\n<meta property=\"og:description\" content=\"Ylellisesti ja yksityiskohtaisesti sisustettu boutique-hotelli P\u00e4rnu vanhassakaupungissa. Frost Boutique sijaitsee R\u00fc\u00fctli katun l\u00e4hell\u00e4.\" \/>\n<meta property=\"og:url\" content=\"https:\/\/frosthotel.ee\/fi\/hotelli-parnun-vanhassakaupungissa\/\" \/>\n<meta property=\"og:site_name\" content=\"Frost Boutique Hotel\" \/>\n<meta property=\"article:publisher\" content=\"https:\/\/www.facebook.com\/frostboutiquehotel\/\" \/>\n<meta property=\"article:modified_time\" content=\"2023-03-29T06:15:39+00:00\" \/>\n<meta property=\"og:image\" content=\"https:\/\/frosthotel.ee\/wp-content\/uploads\/2021\/04\/Frost-Boutique-Hotell.jpg\" \/>\n\t<meta property=\"og:image:width\" content=\"2016\" \/>\n\t<meta property=\"og:image:height\" content=\"1512\" \/>\n\t<meta property=\"og:image:type\" content=\"image\/jpeg\" \/>\n<meta name=\"twitter:card\" content=\"summary_large_image\" \/>\n<script type=\"application\/ld+json\" class=\"yoast-schema-graph\">{\"@context\":\"https:\\\/\\\/schema.org\",\"@graph\":[{\"@type\":\"WebPage\",\"@id\":\"https:\\\/\\\/frosthotel.ee\\\/fi\\\/hotelli-parnun-vanhassakaupungissa\\\/\",\"url\":\"https:\\\/\\\/frosthotel.ee\\\/fi\\\/hotelli-parnun-vanhassakaupungissa\\\/\",\"name\":\"Hotelli P\u00e4rnun vanhassakaupungissa | Frost Boutique Hotelli\",\"isPartOf\":{\"@id\":\"https:\\\/\\\/frosthotel.ee\\\/fi\\\/#website\"},\"datePublished\":\"2015-05-19T11:17:17+00:00\",\"dateModified\":\"2023-03-29T06:15:39+00:00\",\"description\":\"Ylellisesti ja yksityiskohtaisesti sisustettu boutique-hotelli P\u00e4rnu vanhassakaupungissa. Frost Boutique sijaitsee R\u00fc\u00fctli katun l\u00e4hell\u00e4.\",\"breadcrumb\":{\"@id\":\"https:\\\/\\\/frosthotel.ee\\\/fi\\\/hotelli-parnun-vanhassakaupungissa\\\/#breadcrumb\"},\"inLanguage\":\"fi\",\"potentialAction\":[{\"@type\":\"ReadAction\",\"target\":[\"https:\\\/\\\/frosthotel.ee\\\/fi\\\/hotelli-parnun-vanhassakaupungissa\\\/\"]}]},{\"@type\":\"BreadcrumbList\",\"@id\":\"https:\\\/\\\/frosthotel.ee\\\/fi\\\/hotelli-parnun-vanhassakaupungissa\\\/#breadcrumb\",\"itemListElement\":[{\"@type\":\"ListItem\",\"position\":1,\"name\":\"Home\",\"item\":\"https:\\\/\\\/frosthotel.ee\\\/fi\\\/\"},{\"@type\":\"ListItem\",\"position\":2,\"name\":\"Hotelli P\u00e4rnun vanhassakaupungissa\"}]},{\"@type\":\"WebSite\",\"@id\":\"https:\\\/\\\/frosthotel.ee\\\/fi\\\/#website\",\"url\":\"https:\\\/\\\/frosthotel.ee\\\/fi\\\/\",\"name\":\"Frost Boutique Hotel\",\"description\":\"P\u00e4rnu s\u00fcdalinna erakordne butiik-hotell\",\"publisher\":{\"@id\":\"https:\\\/\\\/frosthotel.ee\\\/fi\\\/#organization\"},\"potentialAction\":[{\"@type\":\"SearchAction\",\"target\":{\"@type\":\"EntryPoint\",\"urlTemplate\":\"https:\\\/\\\/frosthotel.ee\\\/fi\\\/?s={search_term_string}\"},\"query-input\":{\"@type\":\"PropertyValueSpecification\",\"valueRequired\":true,\"valueName\":\"search_term_string\"}}],\"inLanguage\":\"fi\"},{\"@type\":\"Organization\",\"@id\":\"https:\\\/\\\/frosthotel.ee\\\/fi\\\/#organization\",\"name\":\"Frost Boutique Hotel P\u00e4rnu\",\"url\":\"https:\\\/\\\/frosthotel.ee\\\/fi\\\/\",\"logo\":{\"@type\":\"ImageObject\",\"inLanguage\":\"fi\",\"@id\":\"https:\\\/\\\/frosthotel.ee\\\/fi\\\/#\\\/schema\\\/logo\\\/image\\\/\",\"url\":\"https:\\\/\\\/frosthotel.ee\\\/wp-content\\\/uploads\\\/2022\\\/04\\\/Frost_logo-02.png\",\"contentUrl\":\"https:\\\/\\\/frosthotel.ee\\\/wp-content\\\/uploads\\\/2022\\\/04\\\/Frost_logo-02.png\",\"width\":3545,\"height\":1772,\"caption\":\"Frost Boutique Hotel P\u00e4rnu\"},\"image\":{\"@id\":\"https:\\\/\\\/frosthotel.ee\\\/fi\\\/#\\\/schema\\\/logo\\\/image\\\/\"},\"sameAs\":[\"https:\\\/\\\/www.facebook.com\\\/frostboutiquehotel\\\/\",\"https:\\\/\\\/www.instagram.com\\\/frostboutiquehotel\\\/\"]}]}<\/script>\n<!-- \/ Yoast SEO Premium plugin. -->","yoast_head_json":{"title":"Hotelli P\u00e4rnun vanhassakaupungissa | Frost Boutique Hotelli","description":"Ylellisesti ja yksityiskohtaisesti sisustettu boutique-hotelli P\u00e4rnu vanhassakaupungissa. Frost Boutique sijaitsee R\u00fc\u00fctli katun l\u00e4hell\u00e4.","robots":{"index":"index","follow":"follow","max-snippet":"max-snippet:-1","max-image-preview":"max-image-preview:large","max-video-preview":"max-video-preview:-1"},"canonical":"https:\/\/frosthotel.ee\/fi\/hotelli-parnun-vanhassakaupungissa\/","og_locale":"fi_FI","og_type":"article","og_title":"Hotelli P\u00e4rnun vanhassakaupungissa","og_description":"Ylellisesti ja yksityiskohtaisesti sisustettu boutique-hotelli P\u00e4rnu vanhassakaupungissa. Frost Boutique sijaitsee R\u00fc\u00fctli katun l\u00e4hell\u00e4.","og_url":"https:\/\/frosthotel.ee\/fi\/hotelli-parnun-vanhassakaupungissa\/","og_site_name":"Frost Boutique Hotel","article_publisher":"https:\/\/www.facebook.com\/frostboutiquehotel\/","article_modified_time":"2023-03-29T06:15:39+00:00","og_image":[{"width":2016,"height":1512,"url":"https:\/\/frosthotel.ee\/wp-content\/uploads\/2021\/04\/Frost-Boutique-Hotell.jpg","type":"image\/jpeg"}],"twitter_card":"summary_large_image","schema":{"@context":"https:\/\/schema.org","@graph":[{"@type":"WebPage","@id":"https:\/\/frosthotel.ee\/fi\/hotelli-parnun-vanhassakaupungissa\/","url":"https:\/\/frosthotel.ee\/fi\/hotelli-parnun-vanhassakaupungissa\/","name":"Hotelli P\u00e4rnun vanhassakaupungissa | Frost Boutique Hotelli","isPartOf":{"@id":"https:\/\/frosthotel.ee\/fi\/#website"},"datePublished":"2015-05-19T11:17:17+00:00","dateModified":"2023-03-29T06:15:39+00:00","description":"Ylellisesti ja yksityiskohtaisesti sisustettu boutique-hotelli P\u00e4rnu vanhassakaupungissa. Frost Boutique sijaitsee R\u00fc\u00fctli katun l\u00e4hell\u00e4.","breadcrumb":{"@id":"https:\/\/frosthotel.ee\/fi\/hotelli-parnun-vanhassakaupungissa\/#breadcrumb"},"inLanguage":"fi","potentialAction":[{"@type":"ReadAction","target":["https:\/\/frosthotel.ee\/fi\/hotelli-parnun-vanhassakaupungissa\/"]}]},{"@type":"BreadcrumbList","@id":"https:\/\/frosthotel.ee\/fi\/hotelli-parnun-vanhassakaupungissa\/#breadcrumb","itemListElement":[{"@type":"ListItem","position":1,"name":"Home","item":"https:\/\/frosthotel.ee\/fi\/"},{"@type":"ListItem","position":2,"name":"Hotelli P\u00e4rnun vanhassakaupungissa"}]},{"@type":"WebSite","@id":"https:\/\/frosthotel.ee\/fi\/#website","url":"https:\/\/frosthotel.ee\/fi\/","name":"Frost Boutique Hotel","description":"P\u00e4rnu s\u00fcdalinna erakordne butiik-hotell","publisher":{"@id":"https:\/\/frosthotel.ee\/fi\/#organization"},"potentialAction":[{"@type":"SearchAction","target":{"@type":"EntryPoint","urlTemplate":"https:\/\/frosthotel.ee\/fi\/?s={search_term_string}"},"query-input":{"@type":"PropertyValueSpecification","valueRequired":true,"valueName":"search_term_string"}}],"inLanguage":"fi"},{"@type":"Organization","@id":"https:\/\/frosthotel.ee\/fi\/#organization","name":"Frost Boutique Hotel P\u00e4rnu","url":"https:\/\/frosthotel.ee\/fi\/","logo":{"@type":"ImageObject","inLanguage":"fi","@id":"https:\/\/frosthotel.ee\/fi\/#\/schema\/logo\/image\/","url":"https:\/\/frosthotel.ee\/wp-content\/uploads\/2022\/04\/Frost_logo-02.png","contentUrl":"https:\/\/frosthotel.ee\/wp-content\/uploads\/2022\/04\/Frost_logo-02.png","width":3545,"height":1772,"caption":"Frost Boutique Hotel P\u00e4rnu"},"image":{"@id":"https:\/\/frosthotel.ee\/fi\/#\/schema\/logo\/image\/"},"sameAs":["https:\/\/www.facebook.com\/frostboutiquehotel\/","https:\/\/www.instagram.com\/frostboutiquehotel\/"]}]}},"_links":{"self":[{"href":"https:\/\/frosthotel.ee\/fi\/wp-json\/wp\/v2\/pages\/2851","targetHints":{"allow":["GET"]}}],"collection":[{"href":"https:\/\/frosthotel.ee\/fi\/wp-json\/wp\/v2\/pages"}],"about":[{"href":"https:\/\/frosthotel.ee\/fi\/wp-json\/wp\/v2\/types\/page"}],"author":[{"embeddable":true,"href":"https:\/\/frosthotel.ee\/fi\/wp-json\/wp\/v2\/users\/1"}],"replies":[{"embeddable":true,"href":"https:\/\/frosthotel.ee\/fi\/wp-json\/wp\/v2\/comments?post=2851"}],"version-history":[{"count":1,"href":"https:\/\/frosthotel.ee\/fi\/wp-json\/wp\/v2\/pages\/2851\/revisions"}],"predecessor-version":[{"id":5753,"href":"https:\/\/frosthotel.ee\/fi\/wp-json\/wp\/v2\/pages\/2851\/revisions\/5753"}],"wp:attachment":[{"href":"https:\/\/frosthotel.ee\/fi\/wp-json\/wp\/v2\/media?parent=2851"}],"curies":[{"name":"wp","href":"https:\/\/api.w.org\/{rel}","templated":true}]}}