{"id":2861,"date":"2014-03-07T15:02:41","date_gmt":"2014-03-07T15:02:41","guid":{"rendered":"http:\/\/frosthotel.ee\/kontakt-2\/"},"modified":"2021-04-28T13:32:58","modified_gmt":"2021-04-28T13:32:58","slug":"yhteystiedot","status":"publish","type":"page","link":"https:\/\/frosthotel.ee\/fi\/yhteystiedot\/","title":{"rendered":"Yhteystiedot"},"content":{"rendered":"<div class='row'><div style='padding-bottom:30px;' class='span12 first-module module_number_1 module_cont  module_text_area'>\r\n                <div class='module_content'>\r\n                    <p>Frost Boutique Hotelli on sopiva majoituspaikka, jos haluaa majoittua ihan P&auml;rnun kaupungin keskustassa. Teatteri ja konserttirakennukset sijaitsevat hotellin l&auml;hell&auml;, my&ouml;s P&auml;rnun kaupungin p&auml;&auml;katu &minus; R&uuml;&uuml;tli-katu kahviloineen ja kauppoineen. P&auml;rnu Keskus ja Port Artur &ndash;tavaratalot sijaitsevat 10 minuutin k&auml;velymatkan p&auml;&auml;ss&auml; hotellista.<\/p>\r\n                <\/div><\/div><!-- .module_cont --><\/div><div class='row'><div style='padding-bottom:30px;' class='span6  module_number_2 module_cont  module_text_area'>\r\n                <div class='module_content'>\r\n                    <p>Kuninga 11<br \/>P&auml;rnu 80011<br \/>Viro<\/p>\r\n<p>Puhelin: +372 5303 0424<br \/>S&auml;hk&ouml;posti: <a href=\"mailto:info@frosthotel.ee\">info@frosthotel.ee<\/a><\/p>\r\n                <\/div><\/div><!-- .module_cont --><div style='padding-bottom:30px;' class='span6  module_number_3 module_cont  module_text_area'>\r\n                <div class='module_content'>\r\n                    <ul>\r\n<li>Hotelli sijaitsee P&auml;rnun vanhassakaupungissa, ihan l&auml;hell&auml; R&uuml;&uuml;tli-katua<\/li>\r\n<li>15 minuutin k&auml;velymatkan p&auml;&auml;ss&auml; P&auml;rnun rannasta<\/li>\r\n<li>3 minuutin k&auml;velymatkan p&auml;&auml;ss&auml; P&auml;rnun Endla-teatterista<\/li>\r\n<li>10 minuutin k&auml;velymatkan p&auml;&auml;ss&auml; P&auml;rnun konserttitalosta<\/li>\r\n<\/ul>\r\n<p>&nbsp;<\/p>\r\n                <\/div><\/div><!-- .module_cont --><\/div><div class='row'><div style='padding-bottom:30px;' class='span12  module_number_4 module_cont  module_google_map'>\r\n                <div class='module_content'>\r\n                    <div class=''>\r\n                        <iframe loading=\"lazy\" src=\"https:\/\/www.google.com\/maps\/embed?pb=!1m14!1m8!1m3!1d8366.296579924116!2d24.494447771524985!3d58.38371850255423!3m2!1i1024!2i768!4f13.1!3m3!1m2!1s0x0%3A0x6f8978c7be7c2344!2sFrost+Boutique+Hotel!5e0!3m2!1set!2see!4v1432049619867\" width=\"100%\" height=\"450\" frameborder=\"0\" style=\"border:0\"><\/iframe>\r\n                    <\/div>\r\n                <\/div><\/div><!-- .module_cont --><\/div>","protected":false},"excerpt":{"rendered":"<p>Frost Boutique Hotelli on sopiva majoituspaikka, jos haluaa majoittua ihan P&auml;rnun kaupungin keskustassa. Teatteri ja konserttirakennukset sijaitsevat hotellin l&auml;hell&auml;, my&ouml;s P&auml;rnun kaupungin p&auml;&auml;katu &minus; R&uuml;&uuml;tli-katu kahviloineen ja kauppoineen. P&auml;rnu Keskus ja Port Artur &ndash;tavaratalot sijaitsevat 10 minuutin k&auml;velymatkan p&auml;&auml;ss&auml; hotellista. Kuninga 11P&auml;rnu 80011Viro Puhelin: +372 5303 0424S&auml;hk&ouml;posti: info@frosthotel.ee Hotelli sijaitsee P&auml;rnun vanhassakaupungissa, ihan l&auml;hell&auml; R&uuml;&uuml;tli-katua 15 minuutin k&auml;velymatkan p&auml;&auml;ss&auml; P&auml;rnun rannasta 3 minuutin k&auml;velymatkan p&auml;&auml;ss&auml; P&auml;rnun Endla-teatterista 10 minuutin k&auml;velymatkan p&auml;&auml;ss&auml; P&auml;rnun konserttitalosta &nbsp;<\/p>\n","protected":false},"author":1,"featured_media":0,"parent":0,"menu_order":0,"comment_status":"open","ping_status":"open","template":"page-center.php","meta":{"_acf_changed":false,"footnotes":""},"class_list":["post-2861","page","type-page","status-publish","hentry"],"acf":[],"yoast_head":"<!-- This site is optimized with the Yoast SEO Premium plugin v20.6 (Yoast SEO v27.4) - https:\/\/yoast.com\/product\/yoast-seo-premium-wordpress\/ -->\n<title>Yhteystiedot ja sijainti | Frost Boutique Hotelli P\u00e4rnussa<\/title>\n<meta name=\"description\" content=\"Kuninga 11 P\u00e4rnu 80011 Viro| Puhelin: +372 5303 0424 | S\u00e4hk\u00f6posti: info@frosthotel.ee\" \/>\n<meta name=\"robots\" content=\"index, follow, max-snippet:-1, max-image-preview:large, max-video-preview:-1\" \/>\n<link rel=\"canonical\" href=\"https:\/\/frosthotel.ee\/fi\/yhteystiedot\/\" \/>\n<meta property=\"og:locale\" content=\"fi_FI\" \/>\n<meta property=\"og:type\" content=\"article\" \/>\n<meta property=\"og:title\" content=\"Yhteystiedot\" \/>\n<meta property=\"og:description\" content=\"Kuninga 11 P\u00e4rnu 80011 Viro| Puhelin: +372 5303 0424 | S\u00e4hk\u00f6posti: info@frosthotel.ee\" \/>\n<meta property=\"og:url\" content=\"https:\/\/frosthotel.ee\/fi\/yhteystiedot\/\" \/>\n<meta property=\"og:site_name\" content=\"Frost Boutique Hotel\" \/>\n<meta property=\"article:publisher\" content=\"https:\/\/www.facebook.com\/frostboutiquehotel\/\" \/>\n<meta property=\"article:modified_time\" content=\"2021-04-28T13:32:58+00:00\" \/>\n<meta property=\"og:image\" content=\"https:\/\/frosthotel.ee\/wp-content\/uploads\/2021\/04\/Frost-Boutique-Hotell.jpg\" \/>\n\t<meta property=\"og:image:width\" content=\"2016\" \/>\n\t<meta property=\"og:image:height\" content=\"1512\" \/>\n\t<meta property=\"og:image:type\" content=\"image\/jpeg\" \/>\n<meta name=\"twitter:card\" content=\"summary_large_image\" \/>\n<script type=\"application\/ld+json\" class=\"yoast-schema-graph\">{\"@context\":\"https:\\\/\\\/schema.org\",\"@graph\":[{\"@type\":\"WebPage\",\"@id\":\"https:\\\/\\\/frosthotel.ee\\\/fi\\\/yhteystiedot\\\/\",\"url\":\"https:\\\/\\\/frosthotel.ee\\\/fi\\\/yhteystiedot\\\/\",\"name\":\"Yhteystiedot ja sijainti | Frost Boutique Hotelli P\u00e4rnussa\",\"isPartOf\":{\"@id\":\"https:\\\/\\\/frosthotel.ee\\\/fi\\\/#website\"},\"datePublished\":\"2014-03-07T15:02:41+00:00\",\"dateModified\":\"2021-04-28T13:32:58+00:00\",\"description\":\"Kuninga 11 P\u00e4rnu 80011 Viro| Puhelin: +372 5303 0424 | S\u00e4hk\u00f6posti: info@frosthotel.ee\",\"breadcrumb\":{\"@id\":\"https:\\\/\\\/frosthotel.ee\\\/fi\\\/yhteystiedot\\\/#breadcrumb\"},\"inLanguage\":\"fi\",\"potentialAction\":[{\"@type\":\"ReadAction\",\"target\":[\"https:\\\/\\\/frosthotel.ee\\\/fi\\\/yhteystiedot\\\/\"]}]},{\"@type\":\"BreadcrumbList\",\"@id\":\"https:\\\/\\\/frosthotel.ee\\\/fi\\\/yhteystiedot\\\/#breadcrumb\",\"itemListElement\":[{\"@type\":\"ListItem\",\"position\":1,\"name\":\"Home\",\"item\":\"https:\\\/\\\/frosthotel.ee\\\/fi\\\/\"},{\"@type\":\"ListItem\",\"position\":2,\"name\":\"Yhteystiedot\"}]},{\"@type\":\"WebSite\",\"@id\":\"https:\\\/\\\/frosthotel.ee\\\/fi\\\/#website\",\"url\":\"https:\\\/\\\/frosthotel.ee\\\/fi\\\/\",\"name\":\"Frost Boutique Hotel\",\"description\":\"P\u00e4rnu s\u00fcdalinna erakordne butiik-hotell\",\"publisher\":{\"@id\":\"https:\\\/\\\/frosthotel.ee\\\/fi\\\/#organization\"},\"potentialAction\":[{\"@type\":\"SearchAction\",\"target\":{\"@type\":\"EntryPoint\",\"urlTemplate\":\"https:\\\/\\\/frosthotel.ee\\\/fi\\\/?s={search_term_string}\"},\"query-input\":{\"@type\":\"PropertyValueSpecification\",\"valueRequired\":true,\"valueName\":\"search_term_string\"}}],\"inLanguage\":\"fi\"},{\"@type\":\"Organization\",\"@id\":\"https:\\\/\\\/frosthotel.ee\\\/fi\\\/#organization\",\"name\":\"Frost Boutique Hotel P\u00e4rnu\",\"url\":\"https:\\\/\\\/frosthotel.ee\\\/fi\\\/\",\"logo\":{\"@type\":\"ImageObject\",\"inLanguage\":\"fi\",\"@id\":\"https:\\\/\\\/frosthotel.ee\\\/fi\\\/#\\\/schema\\\/logo\\\/image\\\/\",\"url\":\"https:\\\/\\\/frosthotel.ee\\\/wp-content\\\/uploads\\\/2022\\\/04\\\/Frost_logo-02.png\",\"contentUrl\":\"https:\\\/\\\/frosthotel.ee\\\/wp-content\\\/uploads\\\/2022\\\/04\\\/Frost_logo-02.png\",\"width\":3545,\"height\":1772,\"caption\":\"Frost Boutique Hotel P\u00e4rnu\"},\"image\":{\"@id\":\"https:\\\/\\\/frosthotel.ee\\\/fi\\\/#\\\/schema\\\/logo\\\/image\\\/\"},\"sameAs\":[\"https:\\\/\\\/www.facebook.com\\\/frostboutiquehotel\\\/\",\"https:\\\/\\\/www.instagram.com\\\/frostboutiquehotel\\\/\"]}]}<\/script>\n<!-- \/ Yoast SEO Premium plugin. -->","yoast_head_json":{"title":"Yhteystiedot ja sijainti | Frost Boutique Hotelli P\u00e4rnussa","description":"Kuninga 11 P\u00e4rnu 80011 Viro| Puhelin: +372 5303 0424 | S\u00e4hk\u00f6posti: info@frosthotel.ee","robots":{"index":"index","follow":"follow","max-snippet":"max-snippet:-1","max-image-preview":"max-image-preview:large","max-video-preview":"max-video-preview:-1"},"canonical":"https:\/\/frosthotel.ee\/fi\/yhteystiedot\/","og_locale":"fi_FI","og_type":"article","og_title":"Yhteystiedot","og_description":"Kuninga 11 P\u00e4rnu 80011 Viro| Puhelin: +372 5303 0424 | S\u00e4hk\u00f6posti: info@frosthotel.ee","og_url":"https:\/\/frosthotel.ee\/fi\/yhteystiedot\/","og_site_name":"Frost Boutique Hotel","article_publisher":"https:\/\/www.facebook.com\/frostboutiquehotel\/","article_modified_time":"2021-04-28T13:32:58+00:00","og_image":[{"width":2016,"height":1512,"url":"https:\/\/frosthotel.ee\/wp-content\/uploads\/2021\/04\/Frost-Boutique-Hotell.jpg","type":"image\/jpeg"}],"twitter_card":"summary_large_image","schema":{"@context":"https:\/\/schema.org","@graph":[{"@type":"WebPage","@id":"https:\/\/frosthotel.ee\/fi\/yhteystiedot\/","url":"https:\/\/frosthotel.ee\/fi\/yhteystiedot\/","name":"Yhteystiedot ja sijainti | Frost Boutique Hotelli P\u00e4rnussa","isPartOf":{"@id":"https:\/\/frosthotel.ee\/fi\/#website"},"datePublished":"2014-03-07T15:02:41+00:00","dateModified":"2021-04-28T13:32:58+00:00","description":"Kuninga 11 P\u00e4rnu 80011 Viro| Puhelin: +372 5303 0424 | S\u00e4hk\u00f6posti: info@frosthotel.ee","breadcrumb":{"@id":"https:\/\/frosthotel.ee\/fi\/yhteystiedot\/#breadcrumb"},"inLanguage":"fi","potentialAction":[{"@type":"ReadAction","target":["https:\/\/frosthotel.ee\/fi\/yhteystiedot\/"]}]},{"@type":"BreadcrumbList","@id":"https:\/\/frosthotel.ee\/fi\/yhteystiedot\/#breadcrumb","itemListElement":[{"@type":"ListItem","position":1,"name":"Home","item":"https:\/\/frosthotel.ee\/fi\/"},{"@type":"ListItem","position":2,"name":"Yhteystiedot"}]},{"@type":"WebSite","@id":"https:\/\/frosthotel.ee\/fi\/#website","url":"https:\/\/frosthotel.ee\/fi\/","name":"Frost Boutique Hotel","description":"P\u00e4rnu s\u00fcdalinna erakordne butiik-hotell","publisher":{"@id":"https:\/\/frosthotel.ee\/fi\/#organization"},"potentialAction":[{"@type":"SearchAction","target":{"@type":"EntryPoint","urlTemplate":"https:\/\/frosthotel.ee\/fi\/?s={search_term_string}"},"query-input":{"@type":"PropertyValueSpecification","valueRequired":true,"valueName":"search_term_string"}}],"inLanguage":"fi"},{"@type":"Organization","@id":"https:\/\/frosthotel.ee\/fi\/#organization","name":"Frost Boutique Hotel P\u00e4rnu","url":"https:\/\/frosthotel.ee\/fi\/","logo":{"@type":"ImageObject","inLanguage":"fi","@id":"https:\/\/frosthotel.ee\/fi\/#\/schema\/logo\/image\/","url":"https:\/\/frosthotel.ee\/wp-content\/uploads\/2022\/04\/Frost_logo-02.png","contentUrl":"https:\/\/frosthotel.ee\/wp-content\/uploads\/2022\/04\/Frost_logo-02.png","width":3545,"height":1772,"caption":"Frost Boutique Hotel P\u00e4rnu"},"image":{"@id":"https:\/\/frosthotel.ee\/fi\/#\/schema\/logo\/image\/"},"sameAs":["https:\/\/www.facebook.com\/frostboutiquehotel\/","https:\/\/www.instagram.com\/frostboutiquehotel\/"]}]}},"_links":{"self":[{"href":"https:\/\/frosthotel.ee\/fi\/wp-json\/wp\/v2\/pages\/2861","targetHints":{"allow":["GET"]}}],"collection":[{"href":"https:\/\/frosthotel.ee\/fi\/wp-json\/wp\/v2\/pages"}],"about":[{"href":"https:\/\/frosthotel.ee\/fi\/wp-json\/wp\/v2\/types\/page"}],"author":[{"embeddable":true,"href":"https:\/\/frosthotel.ee\/fi\/wp-json\/wp\/v2\/users\/1"}],"replies":[{"embeddable":true,"href":"https:\/\/frosthotel.ee\/fi\/wp-json\/wp\/v2\/comments?post=2861"}],"version-history":[{"count":2,"href":"https:\/\/frosthotel.ee\/fi\/wp-json\/wp\/v2\/pages\/2861\/revisions"}],"predecessor-version":[{"id":5773,"href":"https:\/\/frosthotel.ee\/fi\/wp-json\/wp\/v2\/pages\/2861\/revisions\/5773"}],"wp:attachment":[{"href":"https:\/\/frosthotel.ee\/fi\/wp-json\/wp\/v2\/media?parent=2861"}],"curies":[{"name":"wp","href":"https:\/\/api.w.org\/{rel}","templated":true}]}}