{"id":2868,"date":"2015-05-19T15:34:39","date_gmt":"2015-05-19T12:34:39","guid":{"rendered":"http:\/\/frosthotel.ee\/majutus-parnus-2\/"},"modified":"2026-03-09T15:49:29","modified_gmt":"2026-03-09T13:49:29","slug":"parnu-majoitus","status":"publish","type":"page","link":"https:\/\/frosthotel.ee\/fi\/parnu-majoitus\/","title":{"rendered":"Huoneet"},"content":{"rendered":"<div class='row'><div style='padding-bottom:30px;' class='span3 first-module module_number_1 module_cont  module_text_area'><div class='bg_title'><h3 style='' class='headInModule'>Standard kahden hengen huone<\/h3><\/div>\r\n                <div class='module_content'>\r\n                    <p>&nbsp;<\/p>\r\n<p><a href=\"\/superior-tuba\/\"><img loading=\"lazy\" decoding=\"async\" src=\"\/wp-content\/uploads\/2022\/07\/Vanilla_S-5-scaled.jpg\" alt=\"Paul Keres Superior Room\" width=\"1920\" height=\"1080\" \/><\/a><\/p>\r\n<p>Tyylikk&auml;&auml;sti sisustettu standard kahden hengen huone piharakennuksessa. Huone sijaitsee hotellin p&auml;&auml;oven vieress&auml;. Hotellihuoneella on sis&auml;pihalle avautuva avara terassi, jossa on mukava nauttia ilta-aurinkoa ja juomia.<\/p>\r\n<p><strong>1 makuuhuone<sup><br \/><\/sup>Mahtuu enint&auml;&auml;n 2 henke&auml;<br \/>Hinta alkaen: 130&euro;<\/strong><\/p>\r\n<p><a href=\"\/fi\/parnu-majoitus\/standardkahdenhengenhuone\/\"  class=\" shortcode_button btn_small btn_type3\">Lue lis&auml;&auml;...<\/a><a href=\"https:\/\/bouk.io\/booking\/frost\/240\/rooms?language=fi&amp;adults=2\"  class=\" shortcode_button btn_small btn_type5\">Varaa huone<\/a><\/p>\r\n                <\/div><\/div><!-- .module_cont --><div style='padding-bottom:30px;' class='span3  module_number_2 module_cont  module_text_area'><div class='bg_title'><h3 style='' class='headInModule'>SUPERIOR HUONE<\/h3><\/div>\r\n                <div class='module_content'>\r\n                    <p>&nbsp;<\/p>\r\n<p><a href=\"\/fi\/parnu-majoitus\/superior-huone\/\"><img loading=\"lazy\" decoding=\"async\" src=\"\/wp-content\/uploads\/2021\/03\/Paul-Keres_Superior-Frost-Boutique-Parnu-scaled.jpg\" alt=\"Paul Keres Superior Room\" width=\"1920\" height=\"1080\" \/><\/a><\/p>\r\n<p>Piharakennuksessa sijaitsevat Superior huoneet ovat sisustettu tyylikk&auml;&auml;sti ja ylellisesti. L&auml;nnen puoleisissa huoneissa on mahdollista nauttia ilta-aurinkoa sis&auml;pihalle avautuvilla terasseilla.<\/p>\r\n<p><strong>1 makuuhuone<br \/><\/strong><strong>Mahtuu: enint&auml;&auml;n 2 henke&auml;<br \/><\/strong><strong>Hinta alkaen: 150 &euro;<\/strong><\/p>\r\n<p>&nbsp;<\/p>\r\n<p><a href=\"\/fi\/parnu-majoitus\/superior-huone\/\"  class=\" shortcode_button btn_small btn_type3\">Lue lis&auml;&auml;...<\/a><a href=\"https:\/\/bouk.io\/booking\/frost\/240\/rooms?language=fi&amp;adults=2\"  class=\" shortcode_button btn_small btn_type5\">Varaa huone<\/a><\/p>\r\n                <\/div><\/div><!-- .module_cont --><div style='padding-bottom:30px;' class='span3  module_number_3 module_cont  module_text_area'><div class='bg_title'><h3 style='' class='headInModule'>PERHEHUONE<\/h3><\/div>\r\n                <div class='module_content'>\r\n                    <p>&nbsp;<\/p>\r\n<p><a href=\"\/fi\/parnu-majoitus\/perhehuone\/\"><img loading=\"lazy\" decoding=\"async\" src=\"\/wp-content\/uploads\/2021\/03\/White-Suite_peretuba-Frost-Boutique-Parnu-scaled.jpg\" alt=\"Peretuba\" width=\"1920\" height=\"1080\" \/><\/a><\/p>\r\n<p>Perhehuoneessa on tavanomaisen paris&auml;ngyn lis&auml;ksi viel&auml; yksi leve&auml; parvis&auml;nky (sopii yli 5 v. lapsille) &ndash; j&auml;nnitt&auml;v&auml; ja mukava ratkaisu lasten kanssa loman viett&auml;jille.<\/p>\r\n<p><strong>1 makuuhuone<br \/><\/strong><strong>Mahtuu: enint&auml;&auml;n 4 henke&auml; (2 lasta ml.)<br \/><\/strong><strong>Hinta alkaen: 180 &euro;<\/strong><\/p>\r\n<p>&nbsp;<\/p>\r\n<p><a href=\"\/fi\/parnu-majoitus\/perhehuone\/\"  class=\" shortcode_button btn_small btn_type3\">Lue lis&auml;&auml;...<\/a><a href=\"https:\/\/bouk.io\/booking\/frost\/240\/rooms?language=fi&amp;adults=2\"  class=\" shortcode_button btn_small btn_type5\">Varaa huone<\/a><\/p>\r\n                <\/div><\/div><!-- .module_cont --><div style='padding-bottom:30px;' class='span3  module_number_4 module_cont  module_text_area'><div class='bg_title'><h3 style='' class='headInModule'>JUNIORSVIITTI<\/h3><\/div>\r\n                <div class='module_content'>\r\n                    <p>&nbsp;<\/p>\r\n<p><a href=\"\/fi\/parnu-majoitus\/juniorsviitti\/\"><img loading=\"lazy\" decoding=\"async\" src=\"\/wp-content\/uploads\/2021\/03\/Golden-Suite_Junior-Suite-Frost-Boutique-Parnu-scaled.jpg\" alt=\"Juuniorsviit\" width=\"1920\" height=\"1080\" \/><\/a><\/p>\r\n<p>Korkeat ikkunat lattiasta kattoon, riitt&auml;v&auml;sti tilaa, oma parveke, josta avautuu n&auml;k&ouml;ala hotellin viihtyis&auml;lle sis&auml;pihalle &ndash; ihanteellinen pys&auml;hdyspaikka kahdelle lomailijalle.&nbsp; &nbsp; &nbsp; &nbsp; &nbsp;&nbsp;<\/p>\r\n<p><strong>1 makuuhuone<br \/><\/strong><strong>Mahtuu: enint&auml;&auml;n 2 henke&auml;<br \/><\/strong><strong>Hinta alkaen: 170 &euro;<\/strong><\/p>\r\n<p>&nbsp;<\/p>\r\n<p><a href=\"\/fi\/parnu-majoitus\/juniorsviitti\/\"  class=\" shortcode_button btn_small btn_type3\">Lue lis&auml;&auml;...<\/a><a href=\"https:\/\/bouk.io\/booking\/frost\/240\/rooms?language=fi&amp;adults=2\"  class=\" shortcode_button btn_small btn_type5\">Varaa huone<\/a><\/p>\r\n                <\/div><\/div><!-- .module_cont --><\/div><div class='row'><div style='padding-bottom:30px;' class='span3  module_number_5 module_cont  module_text_area'><div class='bg_title'><h3 style='' class='headInModule'>DELUXE SVIITTI PARVEKKEELLA<\/h3><\/div>\r\n                <div class='module_content'>\r\n                    <p><a href=\"\/fi\/parnu-majoitus\/deluxe-sviitti\/\"><img loading=\"lazy\" decoding=\"async\" src=\"\/wp-content\/uploads\/2021\/03\/Coral-Deluxe-Suite-Frost-Boutique-Parnu-scaled.jpg\" alt=\"Deluxe Sviit\" width=\"1920\" height=\"1080\" \/><\/a><\/p>\r\n<p>Viihtyis&auml; ranskalaistyylinen sviitti p&auml;&auml;rakennuksen toisessa kerroksessa. Tilava olohuone, avoin keitti&ouml; ja oma parveke &ndash; mukava pys&auml;hdyspaikka aivan P&auml;rnun syd&auml;mess&auml;.<\/p>\r\n<p><strong>Olohuone, 1 makuuhuone<br \/><\/strong><strong>Mahtuu: enint&auml;&auml;n 2 henke&auml;<br \/><\/strong><strong>Hinta alkaen: 190 &euro;<\/strong><\/p>\r\n<p>&nbsp;<\/p>\r\n<p><a href=\"\/fi\/parnu-majoitus\/deluxe-sviitti\/\"  class=\" shortcode_button btn_small btn_type3\">Lue lis&auml;&auml;...<\/a><a href=\"https:\/\/bouk.io\/booking\/frost\/240\/rooms?language=fi&amp;adults=2\"  class=\" shortcode_button btn_small btn_type5\">Varaa huone<\/a><\/p>\r\n                <\/div><\/div><!-- .module_cont --><div style='padding-bottom:30px;' class='span3  module_number_6 module_cont  module_text_area'><div class='bg_title'><h3 style='' class='headInModule'>PERHESVIITTI<\/h3><\/div>\r\n                <div class='module_content'>\r\n                    <p><br \/><br \/><br \/><\/p>\r\n<p><a href=\"\/fi\/parnu-majoitus\/perhesviitti\/\"><img loading=\"lazy\" decoding=\"async\" src=\"\/wp-content\/uploads\/2021\/03\/Honey_deluxe-peresviit-Frost-Boutique-Parnu-scaled.jpg\" alt=\"Peresviit\" width=\"1920\" height=\"1080\" \/><\/a><\/p>\r\n<p>P&auml;&auml;rakennuksen toisessa kerroksessa sijaitseva sviitti, jossa kaksi erillist&auml; makuuhuonetta, avara olohuone ja keitti&ouml;nurkkaus, sopii eritt&auml;in hyvin lapsiperheelle tai enint&auml;&auml;n nelj&auml;n hengen seurueelle.<\/p>\r\n<p><strong>Olohuone, 2 makuuhuonetta<br \/><\/strong><strong>Mahtuu: enint&auml;&auml;n 4 henke&auml;<br \/><\/strong><strong>Hinta alkaen: 240 &euro;<\/strong><\/p>\r\n<p>&nbsp;<\/p>\r\n<p><a href=\"\/fi\/parnu-majoitus\/perhesviitti\/\"  class=\" shortcode_button btn_small btn_type3\">Lue lis&auml;&auml;...<\/a><a href=\"https:\/\/bouk.io\/booking\/frost\/240\/rooms?language=fi&amp;adults=2\"  class=\" shortcode_button btn_small btn_type5\">Varaa huone<\/a><\/p>\r\n                <\/div><\/div><!-- .module_cont --><div style='padding-bottom:30px;' class='span3  module_number_7 module_cont  module_text_area'><div class='bg_title'><h3 style='' class='headInModule'>SVIITTI KAHDELLA MAKUUHUONEELLA JA PARVEKKEELLA<\/h3><\/div>\r\n                <div class='module_content'>\r\n                    <p>&nbsp;<\/p>\r\n<p><a href=\"\/fi\/parnu-majoitus\/sviitti-parnussa\/\"><img loading=\"lazy\" decoding=\"async\" src=\"\/wp-content\/uploads\/2021\/03\/Perle_Sviit-Frost-Boutique-Hotel-Parnu-scaled.jpg\" alt=\"Suite with balcony\" width=\"1920\" height=\"1080\" \/><\/a><\/p>\r\n<p>P&auml;&auml;rakennuksen kolmannessa kerroksessa sijaitseva kolmen huoneen sviitti on ylellinen pys&auml;hdyspaikka P&auml;rnun vanhassa kaupungissa. Parveke, takka, kylpyamme, ilmastointi &ndash; t&auml;&auml;lt&auml; l&ouml;ytyy kaikki, mist&auml; haaveilet.<\/p>\r\n<p><strong>Olohuone, 2 makuuhuonetta<br \/><\/strong><strong>Mahtuu: enint&auml;&auml;n 4 henke&auml;<br \/><\/strong><strong>Hinta alkaen: 275 &euro;<\/strong><\/p>\r\n<p>&nbsp;<\/p>\r\n<p><a href=\"\/fi\/parnu-majoitus\/sviitti-parnussa\/\"  class=\" shortcode_button btn_small btn_type3\">Lue lis&auml;&auml;...<\/a><a href=\"https:\/\/bouk.io\/booking\/frost\/240\/rooms?language=fi&amp;adults=2\"  class=\" shortcode_button btn_small btn_type5\">Varaa huone<\/a><\/p>\r\n                <\/div><\/div><!-- .module_cont --><div style='padding-bottom:30px;' class='span3  module_number_8 module_cont  module_text_area'><div class='bg_title'><h3 style='' class='headInModule'>LUX-SVIITTI KAHDELLA MAKUUHUONEELLA JA PARVEKKEELLA<\/h3><\/div>\r\n                <div class='module_content'>\r\n                    <p><a href=\"\/fi\/parnu-majoitus\/lux-sviitti\/\"><img loading=\"lazy\" decoding=\"async\" src=\"\/wp-content\/uploads\/2021\/03\/Silver_Sviit-Frost-Boutique-Hotel-Parnu-scaled.jpg\" alt=\"Lux-sviit\" width=\"1920\" height=\"1080\" \/><\/a><\/p>\r\n<p>Tilava auringon puoleinen parveke, ylellinen kylpyhuone, l&auml;mp&ouml;&auml; ja viihtyisyytt&auml; tarjoava takka, design huonekalut ja t&auml;ysin varustettu avoin keitti&ouml; &ndash; todellinen ylellisyys P&auml;rnun syd&auml;mess&auml;.<\/p>\r\n<p><strong>Olohuone, 2 makuuhuonetta<br \/><\/strong><strong>Mahtuu: enint&auml;&auml;n 4 henke&auml;<br \/><\/strong><strong>Hinta alkaen: 320 &euro;<\/strong><\/p>\r\n<p>&nbsp;<\/p>\r\n<p>&nbsp;<\/p>\r\n<p><a href=\"\/fi\/parnu-majoitus\/lux-sviitti\/\"  class=\" shortcode_button btn_small btn_type3\">Lue lis&auml;&auml;...<\/a><a href=\"https:\/\/bouk.io\/booking\/frost\/240\/rooms?language=fi&amp;adults=2\"  class=\" shortcode_button btn_small btn_type5\">Varaa huone<\/a><\/p>\r\n                <\/div><\/div><!-- .module_cont --><\/div><div class='row'><div style='padding-bottom:30px;' class='span3  module_number_9 module_cont  module_text_area'><div class='bg_title'><h3 style='' class='headInModule'>ROYAL SVIITTI<\/h3><\/div>\r\n                <div class='module_content'>\r\n                    <p><br \/><br \/><br \/><\/p>\r\n<p><a href=\"\/fi\/parnu-majoitus\/royal-sviitti\/\"><img loading=\"lazy\" decoding=\"async\" src=\"\/wp-content\/uploads\/2021\/03\/Royal_Suite-Frost-Boutique-Hotel-Parnu-scaled.jpg\" alt=\"Royal Sviit\" width=\"1920\" height=\"1080\" \/><\/a><\/p>\r\n<p>Kuninkaallinen sviitti p&auml;&auml;rakennuksen ensimm&auml;isess&auml; kerroksessa 1 makuuhuoneella, kylpyammeella, takalla, keitti&ouml;nurkkauksella ja kaikilla tarpeellisilla v&auml;lineill&auml; pieni&auml; kokous- ja liiketapaamisia varten.<\/p>\r\n<p><strong>Olohuone, 1 makuuhuone<br \/><\/strong><strong>Mahtuu: enint&auml;&auml;n 2 henke&auml;<br \/><\/strong><strong>Hinta alkaen: 380 &euro;<\/strong><\/p>\r\n<p>&nbsp;<\/p>\r\n<p><a href=\"\/fi\/parnu-majoitus\/royal-sviitti\/\"  class=\" shortcode_button btn_small btn_type3\">Lue lis&auml;&auml;...<\/a><a href=\"https:\/\/bouk.io\/booking\/frost\/240\/rooms?language=fi&amp;adults=2\"  class=\" shortcode_button btn_small btn_type5\">Varaa huone<\/a><\/p>\r\n                <\/div><\/div><!-- .module_cont --><\/div>","protected":false},"excerpt":{"rendered":"<p>Standard kahden hengen huone &nbsp; Tyylikk&auml;&auml;sti sisustettu standard kahden hengen huone piharakennuksessa. Huone sijaitsee hotellin p&auml;&auml;oven vieress&auml;. Hotellihuoneella on sis&auml;pihalle avautuva avara terassi, jossa on mukava nauttia ilta-aurinkoa ja juomia. 1 makuuhuoneMahtuu enint&auml;&auml;n 2 henke&auml;Hinta alkaen: 130&euro; Lue lis&auml;&auml;&#8230;Varaa huone SUPERIOR HUONE &nbsp; Piharakennuksessa sijaitsevat Superior huoneet ovat sisustettu tyylikk&auml;&auml;sti ja ylellisesti. L&auml;nnen puoleisissa huoneissa on mahdollista nauttia ilta-aurinkoa sis&auml;pihalle avautuvilla terasseilla. 1 makuuhuoneMahtuu: enint&auml;&auml;n 2 henke&auml;Hinta alkaen: 150 &euro; &nbsp; Lue lis&auml;&auml;&#8230;Varaa huone PERHEHUONE &nbsp; Perhehuoneessa on tavanomaisen paris&auml;ngyn lis&auml;ksi viel&auml; yksi leve&auml; parvis&auml;nky (sopii yli 5 v. lapsille) &ndash; j&auml;nnitt&auml;v&auml; ja mukava ratkaisu lasten kanssa loman viett&auml;jille. 1 makuuhuoneMahtuu: enint&auml;&auml;n 4 henke&auml; (2 lasta ml.)Hinta alkaen: 180 &euro; &nbsp; Lue lis&auml;&auml;&#8230;Varaa huone JUNIORSVIITTI &nbsp; Korkeat ikkunat lattiasta kattoon, riitt&auml;v&auml;sti tilaa, oma parveke, josta avautuu n&auml;k&ouml;ala hotellin viihtyis&auml;lle sis&auml;pihalle &ndash; ihanteellinen pys&auml;hdyspaikka kahdelle lomailijalle.&nbsp; &nbsp; &nbsp; &nbsp; &nbsp;&nbsp; 1 makuuhuoneMahtuu: enint&auml;&auml;n 2 henke&auml;Hinta alkaen: 170 &euro; &nbsp; Lue lis&auml;&auml;&#8230;Varaa huone DELUXE SVIITTI PARVEKKEELLA Viihtyis&auml; ranskalaistyylinen sviitti p&auml;&auml;rakennuksen toisessa kerroksessa. Tilava olohuone, avoin keitti&ouml; ja oma parveke &ndash; mukava pys&auml;hdyspaikka aivan P&auml;rnun syd&auml;mess&auml;. Olohuone, 1 makuuhuoneMahtuu: enint&auml;&auml;n 2 henke&auml;Hinta alkaen: 190 &euro; &nbsp; Lue lis&auml;&auml;&#8230;Varaa huone PERHESVIITTI P&auml;&auml;rakennuksen toisessa kerroksessa sijaitseva sviitti, jossa kaksi erillist&auml; makuuhuonetta, avara olohuone ja keitti&ouml;nurkkaus, [&hellip;]<\/p>\n","protected":false},"author":1,"featured_media":0,"parent":0,"menu_order":0,"comment_status":"closed","ping_status":"closed","template":"page-center.php","meta":{"_acf_changed":false,"footnotes":""},"class_list":["post-2868","page","type-page","status-publish","hentry"],"acf":[],"yoast_head":"<!-- This site is optimized with the Yoast SEO Premium plugin v20.6 (Yoast SEO v27.3) - https:\/\/yoast.com\/product\/yoast-seo-premium-wordpress\/ -->\n<title>P\u00e4rnu majoitus | Superior huoneet ja ylelliset Sviitit P\u00e4rnussa<\/title>\n<meta name=\"description\" content=\"P\u00e4rnu majoitus Frost Boutique Hotellin tilaviin ja ylellisesti sisustettuihin huoneisiin, parvekkeellisiin Sviitteihin vanhassa kaupunkissa\" \/>\n<meta name=\"robots\" content=\"index, follow, max-snippet:-1, max-image-preview:large, max-video-preview:-1\" \/>\n<link rel=\"canonical\" href=\"https:\/\/frosthotel.ee\/fi\/parnu-majoitus\/\" \/>\n<meta property=\"og:locale\" content=\"fi_FI\" \/>\n<meta property=\"og:type\" content=\"article\" \/>\n<meta property=\"og:title\" content=\"Huoneet\" \/>\n<meta property=\"og:description\" content=\"P\u00e4rnu majoitus Frost Boutique Hotellin tilaviin ja ylellisesti sisustettuihin huoneisiin, parvekkeellisiin Sviitteihin vanhassa kaupunkissa\" \/>\n<meta property=\"og:url\" content=\"https:\/\/frosthotel.ee\/fi\/parnu-majoitus\/\" \/>\n<meta property=\"og:site_name\" content=\"Frost Boutique Hotel\" \/>\n<meta property=\"article:publisher\" content=\"https:\/\/www.facebook.com\/frostboutiquehotel\/\" \/>\n<meta property=\"article:modified_time\" content=\"2026-03-09T13:49:29+00:00\" \/>\n<meta property=\"og:image\" content=\"https:\/\/frosthotel.ee\/wp-content\/uploads\/2021\/04\/Frost-Boutique-Hotell.jpg\" \/>\n\t<meta property=\"og:image:width\" content=\"2016\" \/>\n\t<meta property=\"og:image:height\" content=\"1512\" \/>\n\t<meta property=\"og:image:type\" content=\"image\/jpeg\" \/>\n<meta name=\"twitter:card\" content=\"summary_large_image\" \/>\n<script type=\"application\/ld+json\" class=\"yoast-schema-graph\">{\"@context\":\"https:\\\/\\\/schema.org\",\"@graph\":[{\"@type\":\"WebPage\",\"@id\":\"https:\\\/\\\/frosthotel.ee\\\/fi\\\/parnu-majoitus\\\/\",\"url\":\"https:\\\/\\\/frosthotel.ee\\\/fi\\\/parnu-majoitus\\\/\",\"name\":\"P\u00e4rnu majoitus | Superior huoneet ja ylelliset Sviitit P\u00e4rnussa\",\"isPartOf\":{\"@id\":\"https:\\\/\\\/frosthotel.ee\\\/fi\\\/#website\"},\"datePublished\":\"2015-05-19T12:34:39+00:00\",\"dateModified\":\"2026-03-09T13:49:29+00:00\",\"description\":\"P\u00e4rnu majoitus Frost Boutique Hotellin tilaviin ja ylellisesti sisustettuihin huoneisiin, parvekkeellisiin Sviitteihin vanhassa kaupunkissa\",\"breadcrumb\":{\"@id\":\"https:\\\/\\\/frosthotel.ee\\\/fi\\\/parnu-majoitus\\\/#breadcrumb\"},\"inLanguage\":\"fi\",\"potentialAction\":[{\"@type\":\"ReadAction\",\"target\":[\"https:\\\/\\\/frosthotel.ee\\\/fi\\\/parnu-majoitus\\\/\"]}]},{\"@type\":\"BreadcrumbList\",\"@id\":\"https:\\\/\\\/frosthotel.ee\\\/fi\\\/parnu-majoitus\\\/#breadcrumb\",\"itemListElement\":[{\"@type\":\"ListItem\",\"position\":1,\"name\":\"Home\",\"item\":\"https:\\\/\\\/frosthotel.ee\\\/fi\\\/\"},{\"@type\":\"ListItem\",\"position\":2,\"name\":\"Huoneet\"}]},{\"@type\":\"WebSite\",\"@id\":\"https:\\\/\\\/frosthotel.ee\\\/fi\\\/#website\",\"url\":\"https:\\\/\\\/frosthotel.ee\\\/fi\\\/\",\"name\":\"Frost Boutique Hotel\",\"description\":\"P\u00e4rnu s\u00fcdalinna erakordne butiik-hotell\",\"publisher\":{\"@id\":\"https:\\\/\\\/frosthotel.ee\\\/fi\\\/#organization\"},\"potentialAction\":[{\"@type\":\"SearchAction\",\"target\":{\"@type\":\"EntryPoint\",\"urlTemplate\":\"https:\\\/\\\/frosthotel.ee\\\/fi\\\/?s={search_term_string}\"},\"query-input\":{\"@type\":\"PropertyValueSpecification\",\"valueRequired\":true,\"valueName\":\"search_term_string\"}}],\"inLanguage\":\"fi\"},{\"@type\":\"Organization\",\"@id\":\"https:\\\/\\\/frosthotel.ee\\\/fi\\\/#organization\",\"name\":\"Frost Boutique Hotel P\u00e4rnu\",\"url\":\"https:\\\/\\\/frosthotel.ee\\\/fi\\\/\",\"logo\":{\"@type\":\"ImageObject\",\"inLanguage\":\"fi\",\"@id\":\"https:\\\/\\\/frosthotel.ee\\\/fi\\\/#\\\/schema\\\/logo\\\/image\\\/\",\"url\":\"https:\\\/\\\/frosthotel.ee\\\/wp-content\\\/uploads\\\/2022\\\/04\\\/Frost_logo-02.png\",\"contentUrl\":\"https:\\\/\\\/frosthotel.ee\\\/wp-content\\\/uploads\\\/2022\\\/04\\\/Frost_logo-02.png\",\"width\":3545,\"height\":1772,\"caption\":\"Frost Boutique Hotel P\u00e4rnu\"},\"image\":{\"@id\":\"https:\\\/\\\/frosthotel.ee\\\/fi\\\/#\\\/schema\\\/logo\\\/image\\\/\"},\"sameAs\":[\"https:\\\/\\\/www.facebook.com\\\/frostboutiquehotel\\\/\",\"https:\\\/\\\/www.instagram.com\\\/frostboutiquehotel\\\/\"]}]}<\/script>\n<!-- \/ Yoast SEO Premium plugin. -->","yoast_head_json":{"title":"P\u00e4rnu majoitus | Superior huoneet ja ylelliset Sviitit P\u00e4rnussa","description":"P\u00e4rnu majoitus Frost Boutique Hotellin tilaviin ja ylellisesti sisustettuihin huoneisiin, parvekkeellisiin Sviitteihin vanhassa kaupunkissa","robots":{"index":"index","follow":"follow","max-snippet":"max-snippet:-1","max-image-preview":"max-image-preview:large","max-video-preview":"max-video-preview:-1"},"canonical":"https:\/\/frosthotel.ee\/fi\/parnu-majoitus\/","og_locale":"fi_FI","og_type":"article","og_title":"Huoneet","og_description":"P\u00e4rnu majoitus Frost Boutique Hotellin tilaviin ja ylellisesti sisustettuihin huoneisiin, parvekkeellisiin Sviitteihin vanhassa kaupunkissa","og_url":"https:\/\/frosthotel.ee\/fi\/parnu-majoitus\/","og_site_name":"Frost Boutique Hotel","article_publisher":"https:\/\/www.facebook.com\/frostboutiquehotel\/","article_modified_time":"2026-03-09T13:49:29+00:00","og_image":[{"width":2016,"height":1512,"url":"https:\/\/frosthotel.ee\/wp-content\/uploads\/2021\/04\/Frost-Boutique-Hotell.jpg","type":"image\/jpeg"}],"twitter_card":"summary_large_image","schema":{"@context":"https:\/\/schema.org","@graph":[{"@type":"WebPage","@id":"https:\/\/frosthotel.ee\/fi\/parnu-majoitus\/","url":"https:\/\/frosthotel.ee\/fi\/parnu-majoitus\/","name":"P\u00e4rnu majoitus | Superior huoneet ja ylelliset Sviitit P\u00e4rnussa","isPartOf":{"@id":"https:\/\/frosthotel.ee\/fi\/#website"},"datePublished":"2015-05-19T12:34:39+00:00","dateModified":"2026-03-09T13:49:29+00:00","description":"P\u00e4rnu majoitus Frost Boutique Hotellin tilaviin ja ylellisesti sisustettuihin huoneisiin, parvekkeellisiin Sviitteihin vanhassa kaupunkissa","breadcrumb":{"@id":"https:\/\/frosthotel.ee\/fi\/parnu-majoitus\/#breadcrumb"},"inLanguage":"fi","potentialAction":[{"@type":"ReadAction","target":["https:\/\/frosthotel.ee\/fi\/parnu-majoitus\/"]}]},{"@type":"BreadcrumbList","@id":"https:\/\/frosthotel.ee\/fi\/parnu-majoitus\/#breadcrumb","itemListElement":[{"@type":"ListItem","position":1,"name":"Home","item":"https:\/\/frosthotel.ee\/fi\/"},{"@type":"ListItem","position":2,"name":"Huoneet"}]},{"@type":"WebSite","@id":"https:\/\/frosthotel.ee\/fi\/#website","url":"https:\/\/frosthotel.ee\/fi\/","name":"Frost Boutique Hotel","description":"P\u00e4rnu s\u00fcdalinna erakordne butiik-hotell","publisher":{"@id":"https:\/\/frosthotel.ee\/fi\/#organization"},"potentialAction":[{"@type":"SearchAction","target":{"@type":"EntryPoint","urlTemplate":"https:\/\/frosthotel.ee\/fi\/?s={search_term_string}"},"query-input":{"@type":"PropertyValueSpecification","valueRequired":true,"valueName":"search_term_string"}}],"inLanguage":"fi"},{"@type":"Organization","@id":"https:\/\/frosthotel.ee\/fi\/#organization","name":"Frost Boutique Hotel P\u00e4rnu","url":"https:\/\/frosthotel.ee\/fi\/","logo":{"@type":"ImageObject","inLanguage":"fi","@id":"https:\/\/frosthotel.ee\/fi\/#\/schema\/logo\/image\/","url":"https:\/\/frosthotel.ee\/wp-content\/uploads\/2022\/04\/Frost_logo-02.png","contentUrl":"https:\/\/frosthotel.ee\/wp-content\/uploads\/2022\/04\/Frost_logo-02.png","width":3545,"height":1772,"caption":"Frost Boutique Hotel P\u00e4rnu"},"image":{"@id":"https:\/\/frosthotel.ee\/fi\/#\/schema\/logo\/image\/"},"sameAs":["https:\/\/www.facebook.com\/frostboutiquehotel\/","https:\/\/www.instagram.com\/frostboutiquehotel\/"]}]}},"_links":{"self":[{"href":"https:\/\/frosthotel.ee\/fi\/wp-json\/wp\/v2\/pages\/2868","targetHints":{"allow":["GET"]}}],"collection":[{"href":"https:\/\/frosthotel.ee\/fi\/wp-json\/wp\/v2\/pages"}],"about":[{"href":"https:\/\/frosthotel.ee\/fi\/wp-json\/wp\/v2\/types\/page"}],"author":[{"embeddable":true,"href":"https:\/\/frosthotel.ee\/fi\/wp-json\/wp\/v2\/users\/1"}],"replies":[{"embeddable":true,"href":"https:\/\/frosthotel.ee\/fi\/wp-json\/wp\/v2\/comments?post=2868"}],"version-history":[{"count":1,"href":"https:\/\/frosthotel.ee\/fi\/wp-json\/wp\/v2\/pages\/2868\/revisions"}],"predecessor-version":[{"id":5754,"href":"https:\/\/frosthotel.ee\/fi\/wp-json\/wp\/v2\/pages\/2868\/revisions\/5754"}],"wp:attachment":[{"href":"https:\/\/frosthotel.ee\/fi\/wp-json\/wp\/v2\/media?parent=2868"}],"curies":[{"name":"wp","href":"https:\/\/api.w.org\/{rel}","templated":true}]}}