{"id":2900,"date":"2015-06-15T12:27:22","date_gmt":"2015-06-15T09:27:22","guid":{"rendered":"http:\/\/frosthotel.ee\/parnu-viro\/kuhu-minna-parnus\/"},"modified":"2023-03-29T09:46:36","modified_gmt":"2023-03-29T06:46:36","slug":"mihin-menna-parnussa","status":"publish","type":"page","link":"https:\/\/frosthotel.ee\/fi\/parnu-viro\/mihin-menna-parnussa\/","title":{"rendered":"Ajanvietepaikkoja l\u00e4hell\u00e4 hotellia"},"content":{"rendered":"<h2>Katso mihin menn\u00e4 P\u00e4rnussa<\/h2>\n<p>Frost Boutique Hotelli P\u00e4rnussa, keskell\u00e4 P\u00e4rnun kulttuuriel\u00e4m\u00e4\u00e4.<\/p>\n<p>&nbsp;<\/p>\n<p>&nbsp;<\/p>\n<div class='row'><div style='padding-bottom:30px;' class='span8 first-module module_number_1 module_cont  module_text_area'><div class='bg_title'><h3 style='' class='headInModule'>Teatteri Endla<\/h3><\/div>\r\n                <div class='module_content'>\r\n                    <p>Teatteri Endla sijaitsee hotellista vain 2 minuutin k&auml;velymatkan p&auml;&auml;ss&auml;. Endla tarjoaa teatterista kiinnostuneille monipuolista ohjelmistoa draamasta musikaaliesityksiin ja klassisista teoksista uudenlaiseen dramaturgiaan. Vuodessa teatteri tuottaa noin 20 esityst&auml;, rakennuksessa toimii kahvila sek&auml; taidegalleria, voidaan nauttia elokuvateatterista ja jazz-kerhon konserteista.<\/p>\r\n                <\/div><\/div><!-- .module_cont --><div style='padding-bottom:30px;' class='span4  module_number_2 module_cont  module_text_area'>\r\n                <div class='module_content'>\r\n                    <p><img loading=\"lazy\" decoding=\"async\" src=\"\/wp-content\/uploads\/2015\/06\/Teater-Endla-Parnu.jpg\" alt=\"\" width=\"800\" height=\"450\" \/><\/p>\r\n                <\/div><\/div><!-- .module_cont --><\/div><div class='row'><div style='padding-bottom:30px;' class='span8  module_number_3 module_cont  module_text_area'><div class='bg_title'><h3 style='' class='headInModule'>P\u00e4rnun konserttitalo<\/h3><\/div>\r\n                <div class='module_content'>\r\n                    <p>Vuonna 2002 valmistunut <a href=\"https:\/\/concert.ee\/en\/kontserdi-toimumiskoht\/parnu-concert-hall\/\" target=\"_blank\" rel=\"noopener\">P&auml;rnun konserttitalo<\/a> on kaupungin kulttuuriel&auml;m&auml;n oleellinen valtimo. T&auml;&auml;ll&auml; toimivat kahvila, musiikkikoulu ja &ndash;kauppa tuovat taloon el&auml;m&auml;&auml; koko p&auml;iv&auml;n ajan. P&auml;rnun konserttitalossa j&auml;rjestet&auml;&auml;n l&auml;hes kaikkea &minus; kamarikonserteista suurteoksiin sek&auml; tiedekonferensseista banketteihin.<\/p>\r\n<p>P&auml;rnun konserttitalo sijaitsee hotellistamme 7 minuutin k&auml;velymatkan (600 m) p&auml;&auml;ss&auml;.<\/p>\r\n                <\/div><\/div><!-- .module_cont --><div style='padding-bottom:30px;' class='span4  module_number_4 module_cont  module_text_area'>\r\n                <div class='module_content'>\r\n                    <p><img loading=\"lazy\" decoding=\"async\" src=\"\/wp-content\/uploads\/2015\/06\/Parnu-Kontserdimaja.jpg\" alt=\"P&auml;rnu Kontserdimaja\" width=\"800\" height=\"450\" \/><\/p>\r\n                <\/div><\/div><!-- .module_cont --><\/div><div class='row'><div style='padding-bottom:30px;' class='span8  module_number_5 module_cont  module_text_area'><div class='bg_title'><h3 style='' class='headInModule'>Maria-Magdalenan kilta<\/h3><\/div>\r\n                <div class='module_content'>\r\n                    <p><a href=\"http:\/\/www.maarjamagdaleenagild.ee\/en\/\" target=\"_blank\" rel=\"noopener\">Maria-Magdalenan kilta<\/a> sijaitsee <a href=\"\/fi\/hotelli-parnun-vanhassakaupungissa\/\" target=\"_self\" rel=\"noopener\">Frost Boutique Hotellin<\/a> sivukadulla, 3 minuutin k&auml;velymatkan (270 m) p&auml;&auml;ss&auml;. Killassa on hyv&auml;&auml; virolaista k&auml;ytt&ouml;taidetta ja syd&auml;mell&auml; tehty&auml; k&auml;sity&ouml;t&auml;. Juuri t&auml;&auml;lt&auml; voi ostaa ja tilata tunnettujen P&auml;rnun mestarien t&ouml;it&auml; ja n&auml;hd&auml; omin silmin, miten ne valmistuvat.<\/p>\r\n<p>&nbsp;<\/p>\r\n                <\/div><\/div><!-- .module_cont --><div style='padding-bottom:30px;' class='span4  module_number_6 module_cont  module_text_area'>\r\n                <div class='module_content'>\r\n                    <p><img loading=\"lazy\" decoding=\"async\" src=\"\/wp-content\/uploads\/2015\/06\/Maarja-Magdaleena-gild.jpg\" alt=\"Maarja Magdaleena Gild\" width=\"1404\" height=\"850\" \/><\/p>\r\n                <\/div><\/div><!-- .module_cont --><\/div><div class='row'><div style='padding-bottom:30px;' class='span8  module_number_7 module_cont  module_text_area'><div class='bg_title'><h3 style='' class='headInModule'>R\u00fc\u00fctli kadu \u2013 P\u00e4rnun p\u00e4\u00e4katu<\/h3><\/div>\r\n                <div class='module_content'>\r\n                    <p>P&auml;rnun p&auml;&auml;kadulle &ndash;<a href=\"https:\/\/www.google.com\/maps\/dir\/58.3845158,24.497557\/58.3837408,24.4985139\/@58.3841838,24.4991318,18z\/data=!4m9!4m8!1m5!3m4!1m2!1d24.497557!2d58.3845158!3s0x46ecfd17db75f73d:0x2d1379403bc6b12f!1m0!3e2?hl=et\" target=\"_blank\" rel=\"noopener\"> R&uuml;&uuml;tli-kadulle on hotellistamme k&auml;velem&auml;ll&auml;<\/a> matkaa alle 150 metri&auml;. R&uuml;&uuml;tli-kadulla sijaitsevat erilaiset vaate-, k&auml;sity&ouml;- ja kirjakaupat. R&uuml;&uuml;tli-kadulta ja sen sivukaduilta l&ouml;ytyy my&ouml;s useita kahviloita ja P&auml;rnun parhaita ravintoloita. Saman kadun l&auml;heisyydess&auml; on my&ouml;s 3 y&ouml;kerhoa.<\/p>\r\n                <\/div><\/div><!-- .module_cont --><div style='padding-bottom:30px;' class='span4  module_number_8 module_cont  module_text_area'>\r\n                <div class='module_content'>\r\n                    <p><img loading=\"lazy\" decoding=\"async\" src=\"\/wp-content\/uploads\/2021\/04\/Ruutli-tanav-Parnu.jpg\" alt=\"R&uuml;&uuml;tli T&auml;nav P&auml;rnus\" width=\"800\" height=\"450\" \/><\/p>\r\n                <\/div><\/div><!-- .module_cont --><\/div><div class='row'><div style='padding-bottom:30px;' class='span8  module_number_9 module_cont  module_text_area'><div class='bg_title'><h3 style='' class='headInModule'>Ostoksilla P\u00e4rnussa<\/h3><\/div>\r\n                <div class='module_content'>\r\n                    <p>P&auml;rnun keskustassa sijaitsee pienten liikkeiden lis&auml;ksi my&ouml;s 2 isompaa kauppakeskusta: <a href=\"https:\/\/fi.astri.ee\/parnu-keskus\/\" target=\"_blank\" rel=\"noopener\">P&auml;rnu Keskus<\/a> ja <a href=\"https:\/\/portartur.ee\/?lang=fi\" target=\"_blank\" rel=\"noopener\">Port Artur -tavaratalo<\/a>. P&auml;rnun Keskuksesta l&ouml;ytyy merkkivaatekauppoja, luomutuotekauppa ja pieni&auml; kahviloita. Lis&auml;ksi on P&auml;rnun Keskuksessa P&auml;rnun ainoa elokuvateatteri &ndash; <a href=\"http:\/\/www.apollokino.ee\/eng\/\" target=\"_blank\" rel=\"noopener\">Apollo Kino<\/a>. Port Artur &ndash;tavaratalossa on iso ruokakauppa sek&auml; pienempi&auml; vaate- ym. kauppoja. Kumpaankin ostoskeskukseen on <a href=\"\/fi\/hotelli-parnun-vanhassakaupungissa\/\">Frost Boutique Hotellista<\/a> 10 minuutin k&auml;velymatka (800 m).<\/p>\r\n                <\/div><\/div><!-- .module_cont --><div style='padding-bottom:30px;' class='span4  module_number_10 module_cont  module_text_area'>\r\n                <div class='module_content'>\r\n                    <p><img loading=\"lazy\" decoding=\"async\" src=\"\/wp-content\/uploads\/2021\/04\/Shoping-Parnus.jpg\" alt=\"P&auml;rnu Keskus\" width=\"800\" height=\"450\" \/><\/p>\r\n                <\/div><\/div><!-- .module_cont --><\/div><div class='row'><div style='padding-bottom:30px;' class='span8  module_number_11 module_cont  module_text_area'><div class='bg_title'><h3 style='' class='headInModule'>Tenniskent\u00e4t P\u00e4rnussa<\/h3><\/div>\r\n                <div class='module_content'>\r\n                    <p><a href=\"http:\/\/www.visitestonia.com\/fi\/parnun-keskustan-tennisklubi\" target=\"_blank\" rel=\"noopener\">P&auml;rnun keskustan tennisklubi<\/a> sijaitse P&auml;rnun historiallisessa keskustassa, <a href=\"\/fi\/hotelli-parnun-vanhassakaupungissa\/\">Frost Boutique Hotellista<\/a> 5 minuutin k&auml;velymatkan (400 m) p&auml;&auml;ss&auml;. Kent&auml;t on suojattu tuulelta puistoilla ja lehmuskujilla. Klubirakennuksen parvekkeelta avautuu kaikille kentille loistava n&auml;k&ouml;ala pelien seuraamiseksi. Kenttien vieress&auml; toimii my&ouml;s kahvila, josta on mahdollista vuokrata tennisvarusteita.<\/p>\r\n                <\/div><\/div><!-- .module_cont --><div style='padding-bottom:30px;' class='span4  module_number_12 module_cont  module_text_area'>\r\n                <div class='module_content'>\r\n                    <p><img loading=\"lazy\" decoding=\"async\" src=\"\/wp-content\/uploads\/2021\/04\/Tennisevaljak-Parnu.jpg\" alt=\"P&auml;rnu Kesklinna tenniseklubi\" width=\"800\" height=\"450\" \/><\/p>\r\n                <\/div><\/div><!-- .module_cont --><\/div><div class='row'><div style='padding-bottom:30px;' class='span8  module_number_13 module_cont  module_text_area'><div class='bg_title'><h3 style='' class='headInModule'> Golfkentt\u00e4 P\u00e4rnussa<\/h3><\/div>\r\n                <div class='module_content'>\r\n                    <p>Villa Andropoffin loma- ja kokouskeskuksen sek&auml; P&auml;rnunlahden upeiden rantojen v&auml;litt&ouml;m&auml;ss&auml; l&auml;heisyydess&auml; sijaitsee P&auml;rnun maakunnan ensimm&auml;inen 18-reik&auml;inen golfkentt&auml;, <a href=\"http:\/\/www.wbg.ee\/3840\" target=\"_blank\" rel=\"noopener\">White Beach Golf.<\/a> White Beach Golfin kent&auml;n on suunnitellut Kosti Kuronen DA SAFA, useiden Suomenkin huippukenttien is&auml;.<\/p>\r\n                <\/div><\/div><!-- .module_cont --><div style='padding-bottom:30px;' class='span4  module_number_14 module_cont  module_text_area'>\r\n                <div class='module_content'>\r\n                    <p><img loading=\"lazy\" decoding=\"async\" src=\"\/wp-content\/uploads\/2015\/06\/Valgeranna-golf.jpg\" alt=\"P&auml;rnu Valgeranna Golf\" width=\"800\" height=\"450\" \/><\/p>\r\n                <\/div><\/div><!-- .module_cont --><\/div><div class='row'><div style='padding-bottom:30px;' class='span8  module_number_15 module_cont  module_text_area'><div class='bg_title'><h3 style='' class='headInModule'>Elokuvateatteri P\u00e4rnussa<\/h3><\/div>\r\n                <div class='module_content'>\r\n                    <p>Vuonna 2014 avattu <a href=\"http:\/\/www.apollokino.ee\/eng\/\" target=\"_blank\" rel=\"noopener\">elokuvateatteri Apollo Kino<\/a> sijaitsee P&auml;rnun syd&auml;mess&auml; kaupungin uusimmassa P&auml;rnu Keskus &ndash;nimisess&auml; ostoskeskuksessa. Elokuvateatteri on ep&auml;ilyksitt&auml; t&auml;m&auml;n keskuksen ja koko kaupungin suosituin ajanviettopaikka eli talon syd&auml;n ja sit&auml; ymp&auml;ri vuoden. <br \/>Apollo Kino on Frost Boutique Hotellista 10 minuutin (800 m) k&auml;velymatkan p&auml;&auml;ss&auml;.<\/p>\r\n                <\/div><\/div><!-- .module_cont --><div style='padding-bottom:30px;' class='span4  module_number_16 module_cont  module_text_area'>\r\n                <div class='module_content'>\r\n                    <p><img loading=\"lazy\" decoding=\"async\" src=\"\/wp-content\/uploads\/2015\/06\/Apollo-kino-Parnus.jpg\" alt=\"Apollo Kino P&auml;rnus Allikas: Maalehe blogi\" width=\"800\" height=\"450\" \/><\/p>\r\n                <\/div><\/div><!-- .module_cont --><\/div><div class='row'><div style='padding-bottom:30px;' class='span8  module_number_17 module_cont  module_text_area'><div class='bg_title'><h3 style='' class='headInModule'>Y\u00f6kerho Sugar<\/h3><\/div>\r\n                <div class='module_content'>\r\n                    <p>P&auml;rnun keskikaupungin yksi suosituimpia y&ouml;kerhoja &ndash; <a href=\"http:\/\/www.sugarclub.ee\/en\/\" target=\"_blank\" rel=\"noopener\">Sugar Club<\/a> sijaitsee <a href=\"\/fi\/hotelli-parnun-vanhassakaupungissa\/\" target=\"_self\" rel=\"noopener\">Frost Boutique Hotelli<\/a>n v&auml;litt&ouml;m&auml;ss&auml; l&auml;heisyydess&auml;. Y&ouml;kerhoon on hotellista k&auml;velymatkaa noin 50 metri&auml;. Tanssisalin lis&auml;ksi on y&ouml;kerholla kes&auml;terassi, joka on kes&auml;iltaisin auki klo. 22:00 alkaen, viikonloppuisin klo. 21:00 alkaen.<\/p>\r\n                <\/div><\/div><!-- .module_cont --><div style='padding-bottom:30px;' class='span4  module_number_18 module_cont  module_text_area'>\r\n                <div class='module_content'>\r\n                    <p><img loading=\"lazy\" decoding=\"async\" src=\"\/wp-content\/uploads\/2015\/06\/Sugar-Club.jpg\" alt=\"Club Sugar\" width=\"800\" height=\"450\" \/><\/p>\r\n                <\/div><\/div><!-- .module_cont --><\/div><div class='row'><div style='padding-bottom:30px;' class='span12  module_number_19 module_cont  module_text_area'>\r\n                <div class='module_content'>\r\n                    <p><a href=\"https:\/\/bouk.io\/booking\/frost\/240\/rooms?language=fi&amp;adults=2\"  class=\" shortcode_button btn_normal btn_type5\">Varaa Hotelli P&auml;rnussa<\/a><\/p>\r\n<p>&nbsp;<\/p>\r\n<p><strong>L&auml;hde: <a href=\"http:\/\/www.visitestonia.com\/fi\" target=\"_blank\" rel=\"noopener\">Visitestonia.com<\/a> ja <a href=\"http:\/\/www.visitparnu.com\/fi\/\" target=\"_blank\" rel=\"noopener\">Visitparnu.com<\/a><\/strong><\/p>\r\n                <\/div><\/div><!-- .module_cont --><\/div>","protected":false},"excerpt":{"rendered":"<p>Katso mihin menn\u00e4 P\u00e4rnussa Frost Boutique Hotelli P\u00e4rnussa, keskell\u00e4 P\u00e4rnun kulttuuriel\u00e4m\u00e4\u00e4. &nbsp; &nbsp; Teatteri Endla Teatteri Endla sijaitsee hotellista vain 2 minuutin k&auml;velymatkan p&auml;&auml;ss&auml;. Endla tarjoaa teatterista kiinnostuneille monipuolista ohjelmistoa draamasta musikaaliesityksiin ja klassisista teoksista uudenlaiseen dramaturgiaan. Vuodessa teatteri tuottaa noin 20 esityst&auml;, rakennuksessa toimii kahvila sek&auml; taidegalleria, voidaan nauttia elokuvateatterista ja jazz-kerhon konserteista. P\u00e4rnun konserttitalo Vuonna 2002 valmistunut P&auml;rnun konserttitalo on kaupungin kulttuuriel&auml;m&auml;n oleellinen valtimo. T&auml;&auml;ll&auml; toimivat kahvila, musiikkikoulu ja &ndash;kauppa tuovat taloon el&auml;m&auml;&auml; koko p&auml;iv&auml;n ajan. P&auml;rnun konserttitalossa j&auml;rjestet&auml;&auml;n l&auml;hes kaikkea &minus; kamarikonserteista suurteoksiin sek&auml; tiedekonferensseista banketteihin. P&auml;rnun konserttitalo sijaitsee hotellistamme 7 minuutin k&auml;velymatkan (600 m) p&auml;&auml;ss&auml;. Maria-Magdalenan kilta Maria-Magdalenan kilta sijaitsee Frost Boutique Hotellin sivukadulla, 3 minuutin k&auml;velymatkan (270 m) p&auml;&auml;ss&auml;. Killassa on hyv&auml;&auml; virolaista k&auml;ytt&ouml;taidetta ja syd&auml;mell&auml; tehty&auml; k&auml;sity&ouml;t&auml;. Juuri t&auml;&auml;lt&auml; voi ostaa ja tilata tunnettujen P&auml;rnun mestarien t&ouml;it&auml; ja n&auml;hd&auml; omin silmin, miten ne valmistuvat. &nbsp; R\u00fc\u00fctli kadu \u2013 P\u00e4rnun p\u00e4\u00e4katu P&auml;rnun p&auml;&auml;kadulle &ndash; R&uuml;&uuml;tli-kadulle on hotellistamme k&auml;velem&auml;ll&auml; matkaa alle 150 metri&auml;. R&uuml;&uuml;tli-kadulla sijaitsevat erilaiset vaate-, k&auml;sity&ouml;- ja kirjakaupat. R&uuml;&uuml;tli-kadulta ja sen sivukaduilta l&ouml;ytyy my&ouml;s useita kahviloita ja P&auml;rnun parhaita ravintoloita. Saman kadun l&auml;heisyydess&auml; on my&ouml;s 3 y&ouml;kerhoa. Ostoksilla P\u00e4rnussa P&auml;rnun keskustassa sijaitsee pienten liikkeiden lis&auml;ksi my&ouml;s 2 isompaa kauppakeskusta: P&auml;rnu Keskus ja Port Artur [&hellip;]<\/p>\n","protected":false},"author":1,"featured_media":0,"parent":2892,"menu_order":0,"comment_status":"closed","ping_status":"closed","template":"page-center.php","meta":{"_acf_changed":false,"footnotes":""},"class_list":["post-2900","page","type-page","status-publish","hentry"],"acf":[],"yoast_head":"<!-- This site is optimized with the Yoast SEO Premium plugin v20.6 (Yoast SEO v27.3) - https:\/\/yoast.com\/product\/yoast-seo-premium-wordpress\/ -->\n<title>Ajanvietepaikkoja P\u00e4rnussa | mihin menn\u00e4 P\u00e4rnussa<\/title>\n<meta name=\"description\" content=\"Ajanvietepaikkoja P\u00e4rnun keskustassa l\u00e4hell\u00e4 Frost Boutique Hotellia. Katso mihin menn\u00e4 P\u00e4rnussa\" \/>\n<meta name=\"robots\" content=\"index, follow, max-snippet:-1, max-image-preview:large, max-video-preview:-1\" \/>\n<link rel=\"canonical\" href=\"https:\/\/frosthotel.ee\/fi\/parnu-viro\/mihin-menna-parnussa\/\" \/>\n<meta property=\"og:locale\" content=\"fi_FI\" \/>\n<meta property=\"og:type\" content=\"article\" \/>\n<meta property=\"og:title\" content=\"Ajanvietepaikkoja l\u00e4hell\u00e4 hotellia\" \/>\n<meta property=\"og:description\" content=\"Ajanvietepaikkoja P\u00e4rnun keskustassa l\u00e4hell\u00e4 Frost Boutique Hotellia. Katso mihin menn\u00e4 P\u00e4rnussa\" \/>\n<meta property=\"og:url\" content=\"https:\/\/frosthotel.ee\/fi\/parnu-viro\/mihin-menna-parnussa\/\" \/>\n<meta property=\"og:site_name\" content=\"Frost Boutique Hotel\" \/>\n<meta property=\"article:publisher\" content=\"https:\/\/www.facebook.com\/frostboutiquehotel\/\" \/>\n<meta property=\"article:modified_time\" content=\"2023-03-29T06:46:36+00:00\" \/>\n<meta property=\"og:image\" content=\"https:\/\/frosthotel.ee\/wp-content\/uploads\/2021\/04\/Frost-Boutique-Hotell.jpg\" \/>\n\t<meta property=\"og:image:width\" content=\"2016\" \/>\n\t<meta property=\"og:image:height\" content=\"1512\" \/>\n\t<meta property=\"og:image:type\" content=\"image\/jpeg\" \/>\n<meta name=\"twitter:card\" content=\"summary_large_image\" \/>\n<script type=\"application\/ld+json\" class=\"yoast-schema-graph\">{\"@context\":\"https:\\\/\\\/schema.org\",\"@graph\":[{\"@type\":\"WebPage\",\"@id\":\"https:\\\/\\\/frosthotel.ee\\\/fi\\\/parnu-viro\\\/mihin-menna-parnussa\\\/\",\"url\":\"https:\\\/\\\/frosthotel.ee\\\/fi\\\/parnu-viro\\\/mihin-menna-parnussa\\\/\",\"name\":\"Ajanvietepaikkoja P\u00e4rnussa | mihin menn\u00e4 P\u00e4rnussa\",\"isPartOf\":{\"@id\":\"https:\\\/\\\/frosthotel.ee\\\/fi\\\/#website\"},\"datePublished\":\"2015-06-15T09:27:22+00:00\",\"dateModified\":\"2023-03-29T06:46:36+00:00\",\"description\":\"Ajanvietepaikkoja P\u00e4rnun keskustassa l\u00e4hell\u00e4 Frost Boutique Hotellia. Katso mihin menn\u00e4 P\u00e4rnussa\",\"breadcrumb\":{\"@id\":\"https:\\\/\\\/frosthotel.ee\\\/fi\\\/parnu-viro\\\/mihin-menna-parnussa\\\/#breadcrumb\"},\"inLanguage\":\"fi\",\"potentialAction\":[{\"@type\":\"ReadAction\",\"target\":[\"https:\\\/\\\/frosthotel.ee\\\/fi\\\/parnu-viro\\\/mihin-menna-parnussa\\\/\"]}]},{\"@type\":\"BreadcrumbList\",\"@id\":\"https:\\\/\\\/frosthotel.ee\\\/fi\\\/parnu-viro\\\/mihin-menna-parnussa\\\/#breadcrumb\",\"itemListElement\":[{\"@type\":\"ListItem\",\"position\":1,\"name\":\"Home\",\"item\":\"https:\\\/\\\/frosthotel.ee\\\/fi\\\/\"},{\"@type\":\"ListItem\",\"position\":2,\"name\":\"P\u00e4rnu, Viro\",\"item\":\"https:\\\/\\\/frosthotel.ee\\\/fi\\\/parnu-viro\\\/\"},{\"@type\":\"ListItem\",\"position\":3,\"name\":\"Ajanvietepaikkoja l\u00e4hell\u00e4 hotellia\"}]},{\"@type\":\"WebSite\",\"@id\":\"https:\\\/\\\/frosthotel.ee\\\/fi\\\/#website\",\"url\":\"https:\\\/\\\/frosthotel.ee\\\/fi\\\/\",\"name\":\"Frost Boutique Hotel\",\"description\":\"P\u00e4rnu s\u00fcdalinna erakordne butiik-hotell\",\"publisher\":{\"@id\":\"https:\\\/\\\/frosthotel.ee\\\/fi\\\/#organization\"},\"potentialAction\":[{\"@type\":\"SearchAction\",\"target\":{\"@type\":\"EntryPoint\",\"urlTemplate\":\"https:\\\/\\\/frosthotel.ee\\\/fi\\\/?s={search_term_string}\"},\"query-input\":{\"@type\":\"PropertyValueSpecification\",\"valueRequired\":true,\"valueName\":\"search_term_string\"}}],\"inLanguage\":\"fi\"},{\"@type\":\"Organization\",\"@id\":\"https:\\\/\\\/frosthotel.ee\\\/fi\\\/#organization\",\"name\":\"Frost Boutique Hotel P\u00e4rnu\",\"url\":\"https:\\\/\\\/frosthotel.ee\\\/fi\\\/\",\"logo\":{\"@type\":\"ImageObject\",\"inLanguage\":\"fi\",\"@id\":\"https:\\\/\\\/frosthotel.ee\\\/fi\\\/#\\\/schema\\\/logo\\\/image\\\/\",\"url\":\"https:\\\/\\\/frosthotel.ee\\\/wp-content\\\/uploads\\\/2022\\\/04\\\/Frost_logo-02.png\",\"contentUrl\":\"https:\\\/\\\/frosthotel.ee\\\/wp-content\\\/uploads\\\/2022\\\/04\\\/Frost_logo-02.png\",\"width\":3545,\"height\":1772,\"caption\":\"Frost Boutique Hotel P\u00e4rnu\"},\"image\":{\"@id\":\"https:\\\/\\\/frosthotel.ee\\\/fi\\\/#\\\/schema\\\/logo\\\/image\\\/\"},\"sameAs\":[\"https:\\\/\\\/www.facebook.com\\\/frostboutiquehotel\\\/\",\"https:\\\/\\\/www.instagram.com\\\/frostboutiquehotel\\\/\"]}]}<\/script>\n<!-- \/ Yoast SEO Premium plugin. -->","yoast_head_json":{"title":"Ajanvietepaikkoja P\u00e4rnussa | mihin menn\u00e4 P\u00e4rnussa","description":"Ajanvietepaikkoja P\u00e4rnun keskustassa l\u00e4hell\u00e4 Frost Boutique Hotellia. Katso mihin menn\u00e4 P\u00e4rnussa","robots":{"index":"index","follow":"follow","max-snippet":"max-snippet:-1","max-image-preview":"max-image-preview:large","max-video-preview":"max-video-preview:-1"},"canonical":"https:\/\/frosthotel.ee\/fi\/parnu-viro\/mihin-menna-parnussa\/","og_locale":"fi_FI","og_type":"article","og_title":"Ajanvietepaikkoja l\u00e4hell\u00e4 hotellia","og_description":"Ajanvietepaikkoja P\u00e4rnun keskustassa l\u00e4hell\u00e4 Frost Boutique Hotellia. Katso mihin menn\u00e4 P\u00e4rnussa","og_url":"https:\/\/frosthotel.ee\/fi\/parnu-viro\/mihin-menna-parnussa\/","og_site_name":"Frost Boutique Hotel","article_publisher":"https:\/\/www.facebook.com\/frostboutiquehotel\/","article_modified_time":"2023-03-29T06:46:36+00:00","og_image":[{"width":2016,"height":1512,"url":"https:\/\/frosthotel.ee\/wp-content\/uploads\/2021\/04\/Frost-Boutique-Hotell.jpg","type":"image\/jpeg"}],"twitter_card":"summary_large_image","schema":{"@context":"https:\/\/schema.org","@graph":[{"@type":"WebPage","@id":"https:\/\/frosthotel.ee\/fi\/parnu-viro\/mihin-menna-parnussa\/","url":"https:\/\/frosthotel.ee\/fi\/parnu-viro\/mihin-menna-parnussa\/","name":"Ajanvietepaikkoja P\u00e4rnussa | mihin menn\u00e4 P\u00e4rnussa","isPartOf":{"@id":"https:\/\/frosthotel.ee\/fi\/#website"},"datePublished":"2015-06-15T09:27:22+00:00","dateModified":"2023-03-29T06:46:36+00:00","description":"Ajanvietepaikkoja P\u00e4rnun keskustassa l\u00e4hell\u00e4 Frost Boutique Hotellia. Katso mihin menn\u00e4 P\u00e4rnussa","breadcrumb":{"@id":"https:\/\/frosthotel.ee\/fi\/parnu-viro\/mihin-menna-parnussa\/#breadcrumb"},"inLanguage":"fi","potentialAction":[{"@type":"ReadAction","target":["https:\/\/frosthotel.ee\/fi\/parnu-viro\/mihin-menna-parnussa\/"]}]},{"@type":"BreadcrumbList","@id":"https:\/\/frosthotel.ee\/fi\/parnu-viro\/mihin-menna-parnussa\/#breadcrumb","itemListElement":[{"@type":"ListItem","position":1,"name":"Home","item":"https:\/\/frosthotel.ee\/fi\/"},{"@type":"ListItem","position":2,"name":"P\u00e4rnu, Viro","item":"https:\/\/frosthotel.ee\/fi\/parnu-viro\/"},{"@type":"ListItem","position":3,"name":"Ajanvietepaikkoja l\u00e4hell\u00e4 hotellia"}]},{"@type":"WebSite","@id":"https:\/\/frosthotel.ee\/fi\/#website","url":"https:\/\/frosthotel.ee\/fi\/","name":"Frost Boutique Hotel","description":"P\u00e4rnu s\u00fcdalinna erakordne butiik-hotell","publisher":{"@id":"https:\/\/frosthotel.ee\/fi\/#organization"},"potentialAction":[{"@type":"SearchAction","target":{"@type":"EntryPoint","urlTemplate":"https:\/\/frosthotel.ee\/fi\/?s={search_term_string}"},"query-input":{"@type":"PropertyValueSpecification","valueRequired":true,"valueName":"search_term_string"}}],"inLanguage":"fi"},{"@type":"Organization","@id":"https:\/\/frosthotel.ee\/fi\/#organization","name":"Frost Boutique Hotel P\u00e4rnu","url":"https:\/\/frosthotel.ee\/fi\/","logo":{"@type":"ImageObject","inLanguage":"fi","@id":"https:\/\/frosthotel.ee\/fi\/#\/schema\/logo\/image\/","url":"https:\/\/frosthotel.ee\/wp-content\/uploads\/2022\/04\/Frost_logo-02.png","contentUrl":"https:\/\/frosthotel.ee\/wp-content\/uploads\/2022\/04\/Frost_logo-02.png","width":3545,"height":1772,"caption":"Frost Boutique Hotel P\u00e4rnu"},"image":{"@id":"https:\/\/frosthotel.ee\/fi\/#\/schema\/logo\/image\/"},"sameAs":["https:\/\/www.facebook.com\/frostboutiquehotel\/","https:\/\/www.instagram.com\/frostboutiquehotel\/"]}]}},"_links":{"self":[{"href":"https:\/\/frosthotel.ee\/fi\/wp-json\/wp\/v2\/pages\/2900","targetHints":{"allow":["GET"]}}],"collection":[{"href":"https:\/\/frosthotel.ee\/fi\/wp-json\/wp\/v2\/pages"}],"about":[{"href":"https:\/\/frosthotel.ee\/fi\/wp-json\/wp\/v2\/types\/page"}],"author":[{"embeddable":true,"href":"https:\/\/frosthotel.ee\/fi\/wp-json\/wp\/v2\/users\/1"}],"replies":[{"embeddable":true,"href":"https:\/\/frosthotel.ee\/fi\/wp-json\/wp\/v2\/comments?post=2900"}],"version-history":[{"count":1,"href":"https:\/\/frosthotel.ee\/fi\/wp-json\/wp\/v2\/pages\/2900\/revisions"}],"predecessor-version":[{"id":5782,"href":"https:\/\/frosthotel.ee\/fi\/wp-json\/wp\/v2\/pages\/2900\/revisions\/5782"}],"up":[{"embeddable":true,"href":"https:\/\/frosthotel.ee\/fi\/wp-json\/wp\/v2\/pages\/2892"}],"wp:attachment":[{"href":"https:\/\/frosthotel.ee\/fi\/wp-json\/wp\/v2\/media?parent=2900"}],"curies":[{"name":"wp","href":"https:\/\/api.w.org\/{rel}","templated":true}]}}