{"id":2982,"date":"2015-06-15T12:01:24","date_gmt":"2015-06-15T09:01:24","guid":{"rendered":"http:\/\/frosthotel.ee\/parnu-viro\/parnu-vaatamisvaarsused\/"},"modified":"2023-03-02T13:14:42","modified_gmt":"2023-03-02T11:14:42","slug":"parnun-nahtavyydet","status":"publish","type":"page","link":"https:\/\/frosthotel.ee\/fi\/parnu-viro\/parnun-nahtavyydet\/","title":{"rendered":"P\u00e4rnun n\u00e4ht\u00e4vyydet"},"content":{"rendered":"<p>&nbsp;<\/p>\n<p>&nbsp;<\/p>\n<div class='row'><div style='padding-bottom:30px;' class='span12 first-module module_number_1 module_cont  module_text_area'>\r\n                <div class='module_content'>\r\n                    <p>Valtava osa P&auml;rnun n&auml;ht&auml;vyyksist&auml; sijaitsee hyvin l&auml;hell&auml; <a href=\"\/fi\/hotelli-parnun-vanhassakaupungissa\/\">Frost Boutique Hotellia<\/a> tai siit&auml; eniten 15 minuutin k&auml;velymatkan p&auml;&auml;ss&auml;.<\/p>\r\n                <\/div><\/div><!-- .module_cont --><\/div><div class='row'><div style='padding-bottom:30px;' class='span8  module_number_2 module_cont  module_text_area'><div class='bg_title'><h2 style='' class='headInModule'>P\u00e4rnun ranta ja rantapuisto<\/h2><\/div>\r\n                <div class='module_content'>\r\n                    <p>Frost Boutique Hotellista alle 15 minuutin k&auml;velymatkan p&auml;&auml;ss&auml; sijaitseva ranta on P&auml;rnun kaupungin suurin ajanvietepaikka, johon l&auml;mmin s&auml;&auml; houkuttelee yhteens&auml; jopa 30 000 lomailijaa. Kes&auml;isin P&auml;rnun rannassa j&auml;rjestet&auml;&auml;n lukuisia eri tapahtumia sek&auml; festivaaleja, rannassa on huvilaitteita lapsille ja iltaisin valaistu rantapromenadi.<\/p>\r\n                <\/div><\/div><!-- .module_cont --><div style='padding-bottom:30px;' class='span4  module_number_3 module_cont  module_text_area'>\r\n                <div class='module_content'>\r\n                    <p><img loading=\"lazy\" decoding=\"async\" src=\"\/wp-content\/uploads\/2021\/04\/Parnu-rand.jpg\" alt=\"P&auml;rnu rand\" width=\"1600\" height=\"900\" \/><\/p>\r\n                <\/div><\/div><!-- .module_cont --><\/div><div class='row'><div style='padding-bottom:30px;' class='span8  module_number_4 module_cont  module_text_area'><div class='bg_title'><h2 style='' class='headInModule'>P\u00e4rnu Vallik\u00e4\u00e4r<\/h2><\/div>\r\n                <div class='module_content'>\r\n                    <p>P&auml;rnu Vallik&auml;&auml;r sijaitsee Frost Boutique Hotellista vain 5 minuutin k&auml;velymatkan p&auml;&auml;ss&auml;. P&auml;rnu Vallik&auml;&auml;rissa j&auml;rjestet&auml;&auml;n kes&auml;isin eri konsertteja ja festivaaleja. Suihkul&auml;hteet ja vallihaudan yli kaartuva valaistu promenadi tekev&auml;t P&auml;rnu Vallik&auml;&auml;rista erinomaisen paikan romanttisiin illanviettoihin.<\/p>\r\n                <\/div><\/div><!-- .module_cont --><div style='padding-bottom:30px;' class='span4  module_number_5 module_cont  module_text_area'>\r\n                <div class='module_content'>\r\n                    <p><img loading=\"lazy\" decoding=\"async\" src=\"\/wp-content\/uploads\/2021\/04\/Parnu-vallikaar.jpg\" alt=\"P&auml;rnu Vallik&auml;&auml;r\" width=\"1600\" height=\"900\" \/><\/p>\r\n                <\/div><\/div><!-- .module_cont --><\/div><div class='row'><div style='padding-bottom:30px;' class='span8  module_number_6 module_cont  module_text_area'><div class='bg_title'><h2 style='' class='headInModule'>Lydia Koidulan patsas<\/h2><\/div>\r\n                <div class='module_content'>\r\n                    <p>P&auml;rnun keskustassa sijaitseva <a href=\"http:\/\/www.visitestonia.com\/fi\/lydia-koidulan-patsas\" target=\"_blank\" rel=\"noopener\">Koidulan puisto<\/a> on yksi rakastetuimmista puistoista, ja siell&auml; voi nauttia kukkien kauneudesta ja suihkul&auml;hteen solinasta. Koidulan puisto on hyv&auml;&auml; piknikkipaikka. Puisto sijaitse <a href=\"\/fi\/hotelli-parnun-vanhassakaupungissa\/\">Frost Boutique Hotellista<\/a> 5 minuutin k&auml;velymatkan (250 m) p&auml;&auml;ss&auml; min.<\/p>\r\n                <\/div><\/div><!-- .module_cont --><div style='padding-bottom:30px;' class='span4  module_number_7 module_cont  module_text_area'>\r\n                <div class='module_content'>\r\n                    <p><img loading=\"lazy\" decoding=\"async\" src=\"\/wp-content\/uploads\/2015\/06\/koidulapark.suvi_.purskkaev.jpg\" alt=\"\" width=\"800\" height=\"450\" \/><\/p>\r\n                <\/div><\/div><!-- .module_cont --><\/div><div class='row'><div style='padding-bottom:30px;' class='span8  module_number_8 module_cont  module_text_area'><div class='bg_title'><h2 style='' class='headInModule'>Elisabetin kirkko<\/h2><\/div>\r\n                <div class='module_content'>\r\n                    <p>Vuonna 1750 siunattu <a href=\"http:\/\/www.visitestonia.com\/fi\/elisabetin-kirkko\" target=\"_blank\" rel=\"noopener\">Elisabetin kirkko<\/a> on barokkikauden merkitt&auml;vin uskonnollinen rakennus Virossa. P&auml;rnun keskustassa, <a href=\"\/fi\/hotelli-parnun-vanhassakaupungissa\/\">Frost Boutique Hotellin<\/a> vieress&auml; sijaitseva kaunis kirkko kutsuu astumaan sis&auml;lle korkeaan tilaan ja tutustumaan l&auml;hemmin uusgoottilaista tyyli&auml; edustavaan kansliaan ja alttariin sek&auml; alttarimaalaukseen Yl&ouml;snousemus. Elisabetin kirkon urut lukeutuvat Viron parhaisiin soittimiin ja kirkko on musiikin yst&auml;vien iloksi my&ouml;s kaupungin suosittu konserttipaikka<\/p>\r\n                <\/div><\/div><!-- .module_cont --><div style='padding-bottom:30px;' class='span4  module_number_9 module_cont  module_text_area'>\r\n                <div class='module_content'>\r\n                    <p><img loading=\"lazy\" decoding=\"async\" src=\"\/wp-content\/uploads\/2021\/04\/Elisabethi-kirik-Parnus.jpg\" alt=\"P&auml;rnu Elisabethi kirik\" width=\"465\" height=\"305\" \/><\/p>\r\n                <\/div><\/div><!-- .module_cont --><\/div><div class='row'><div style='padding-bottom:30px;' class='span12  module_number_10 module_cont  module_text_area'>\r\n                <div class='module_content'>\r\n                    <p><a href=\"https:\/\/bouk.io\/booking\/frost\/240\/rooms?language=fi&amp;adults=2\"  class=\" shortcode_button btn_normal btn_type5\">Varaa Hotelli P&auml;rnussa<\/a><\/p>\r\n<p>&nbsp;<\/p>\r\n<p><strong>L&auml;hde: <a href=\"http:\/\/www.visitestonia.com\/fi\" target=\"_blank\" rel=\"noopener\">Visitestonia.com<\/a> ja <a href=\"http:\/\/www.visitparnu.com\/fi\/\" target=\"_blank\" rel=\"noopener\">Visitparnu.com<\/a><\/strong><\/p>\r\n                <\/div><\/div><!-- .module_cont --><\/div>","protected":false},"excerpt":{"rendered":"<p>&nbsp; &nbsp; Valtava osa P&auml;rnun n&auml;ht&auml;vyyksist&auml; sijaitsee hyvin l&auml;hell&auml; Frost Boutique Hotellia tai siit&auml; eniten 15 minuutin k&auml;velymatkan p&auml;&auml;ss&auml;. P\u00e4rnun ranta ja rantapuisto Frost Boutique Hotellista alle 15 minuutin k&auml;velymatkan p&auml;&auml;ss&auml; sijaitseva ranta on P&auml;rnun kaupungin suurin ajanvietepaikka, johon l&auml;mmin s&auml;&auml; houkuttelee yhteens&auml; jopa 30 000 lomailijaa. Kes&auml;isin P&auml;rnun rannassa j&auml;rjestet&auml;&auml;n lukuisia eri tapahtumia sek&auml; festivaaleja, rannassa on huvilaitteita lapsille ja iltaisin valaistu rantapromenadi. P\u00e4rnu Vallik\u00e4\u00e4r P&auml;rnu Vallik&auml;&auml;r sijaitsee Frost Boutique Hotellista vain 5 minuutin k&auml;velymatkan p&auml;&auml;ss&auml;. P&auml;rnu Vallik&auml;&auml;rissa j&auml;rjestet&auml;&auml;n kes&auml;isin eri konsertteja ja festivaaleja. Suihkul&auml;hteet ja vallihaudan yli kaartuva valaistu promenadi tekev&auml;t P&auml;rnu Vallik&auml;&auml;rista erinomaisen paikan romanttisiin illanviettoihin. Lydia Koidulan patsas P&auml;rnun keskustassa sijaitseva Koidulan puisto on yksi rakastetuimmista puistoista, ja siell&auml; voi nauttia kukkien kauneudesta ja suihkul&auml;hteen solinasta. Koidulan puisto on hyv&auml;&auml; piknikkipaikka. Puisto sijaitse Frost Boutique Hotellista 5 minuutin k&auml;velymatkan (250 m) p&auml;&auml;ss&auml; min. Elisabetin kirkko Vuonna 1750 siunattu Elisabetin kirkko on barokkikauden merkitt&auml;vin uskonnollinen rakennus Virossa. P&auml;rnun keskustassa, Frost Boutique Hotellin vieress&auml; sijaitseva kaunis kirkko kutsuu astumaan sis&auml;lle korkeaan tilaan ja tutustumaan l&auml;hemmin uusgoottilaista tyyli&auml; edustavaan kansliaan ja alttariin sek&auml; alttarimaalaukseen Yl&ouml;snousemus. Elisabetin kirkon urut lukeutuvat Viron parhaisiin soittimiin ja kirkko on musiikin yst&auml;vien iloksi my&ouml;s kaupungin suosittu konserttipaikka Varaa Hotelli P&auml;rnussa &nbsp; L&auml;hde: Visitestonia.com ja [&hellip;]<\/p>\n","protected":false},"author":1,"featured_media":0,"parent":2892,"menu_order":0,"comment_status":"closed","ping_status":"closed","template":"page-center.php","meta":{"_acf_changed":false,"footnotes":""},"class_list":["post-2982","page","type-page","status-publish","hentry"],"acf":[],"yoast_head":"<!-- This site is optimized with the Yoast SEO Premium plugin v20.6 (Yoast SEO v27.3) - https:\/\/yoast.com\/product\/yoast-seo-premium-wordpress\/ -->\n<title>P\u00e4rnun n\u00e4ht\u00e4vyydet | Mihin menn\u00e4 P\u00e4rnun vanhassakaupungissa<\/title>\n<meta name=\"description\" content=\"Kaikki kuuluisimmat P\u00e4rnun n\u00e4ht\u00e4vyydet sijaitsevat vanhassakaupungissa hyvin l\u00e4hell\u00e4 Frost Boutique Hotellia. Katso, mihin menn\u00e4 P\u00e4rnun vanhassakaupungissa\" \/>\n<meta name=\"robots\" content=\"index, follow, max-snippet:-1, max-image-preview:large, max-video-preview:-1\" \/>\n<link rel=\"canonical\" href=\"https:\/\/frosthotel.ee\/fi\/parnu-viro\/parnun-nahtavyydet\/\" \/>\n<meta property=\"og:locale\" content=\"fi_FI\" \/>\n<meta property=\"og:type\" content=\"article\" \/>\n<meta property=\"og:title\" content=\"P\u00e4rnun n\u00e4ht\u00e4vyydet\" \/>\n<meta property=\"og:description\" content=\"Kaikki kuuluisimmat P\u00e4rnun n\u00e4ht\u00e4vyydet sijaitsevat vanhassakaupungissa hyvin l\u00e4hell\u00e4 Frost Boutique Hotellia. Katso, mihin menn\u00e4 P\u00e4rnun vanhassakaupungissa\" \/>\n<meta property=\"og:url\" content=\"https:\/\/frosthotel.ee\/fi\/parnu-viro\/parnun-nahtavyydet\/\" \/>\n<meta property=\"og:site_name\" content=\"Frost Boutique Hotel\" \/>\n<meta property=\"article:publisher\" content=\"https:\/\/www.facebook.com\/frostboutiquehotel\/\" \/>\n<meta property=\"article:modified_time\" content=\"2023-03-02T11:14:42+00:00\" \/>\n<meta property=\"og:image\" content=\"https:\/\/frosthotel.ee\/wp-content\/uploads\/2021\/04\/Frost-Boutique-Hotell.jpg\" \/>\n\t<meta property=\"og:image:width\" content=\"2016\" \/>\n\t<meta property=\"og:image:height\" content=\"1512\" \/>\n\t<meta property=\"og:image:type\" content=\"image\/jpeg\" \/>\n<meta name=\"twitter:card\" content=\"summary_large_image\" \/>\n<script type=\"application\/ld+json\" class=\"yoast-schema-graph\">{\"@context\":\"https:\\\/\\\/schema.org\",\"@graph\":[{\"@type\":\"WebPage\",\"@id\":\"https:\\\/\\\/frosthotel.ee\\\/fi\\\/parnu-viro\\\/parnun-nahtavyydet\\\/\",\"url\":\"https:\\\/\\\/frosthotel.ee\\\/fi\\\/parnu-viro\\\/parnun-nahtavyydet\\\/\",\"name\":\"P\u00e4rnun n\u00e4ht\u00e4vyydet | Mihin menn\u00e4 P\u00e4rnun vanhassakaupungissa\",\"isPartOf\":{\"@id\":\"https:\\\/\\\/frosthotel.ee\\\/fi\\\/#website\"},\"datePublished\":\"2015-06-15T09:01:24+00:00\",\"dateModified\":\"2023-03-02T11:14:42+00:00\",\"description\":\"Kaikki kuuluisimmat P\u00e4rnun n\u00e4ht\u00e4vyydet sijaitsevat vanhassakaupungissa hyvin l\u00e4hell\u00e4 Frost Boutique Hotellia. Katso, mihin menn\u00e4 P\u00e4rnun vanhassakaupungissa\",\"breadcrumb\":{\"@id\":\"https:\\\/\\\/frosthotel.ee\\\/fi\\\/parnu-viro\\\/parnun-nahtavyydet\\\/#breadcrumb\"},\"inLanguage\":\"fi\",\"potentialAction\":[{\"@type\":\"ReadAction\",\"target\":[\"https:\\\/\\\/frosthotel.ee\\\/fi\\\/parnu-viro\\\/parnun-nahtavyydet\\\/\"]}]},{\"@type\":\"BreadcrumbList\",\"@id\":\"https:\\\/\\\/frosthotel.ee\\\/fi\\\/parnu-viro\\\/parnun-nahtavyydet\\\/#breadcrumb\",\"itemListElement\":[{\"@type\":\"ListItem\",\"position\":1,\"name\":\"Home\",\"item\":\"https:\\\/\\\/frosthotel.ee\\\/fi\\\/\"},{\"@type\":\"ListItem\",\"position\":2,\"name\":\"P\u00e4rnu, Viro\",\"item\":\"https:\\\/\\\/frosthotel.ee\\\/fi\\\/parnu-viro\\\/\"},{\"@type\":\"ListItem\",\"position\":3,\"name\":\"P\u00e4rnun n\u00e4ht\u00e4vyydet\"}]},{\"@type\":\"WebSite\",\"@id\":\"https:\\\/\\\/frosthotel.ee\\\/fi\\\/#website\",\"url\":\"https:\\\/\\\/frosthotel.ee\\\/fi\\\/\",\"name\":\"Frost Boutique Hotel\",\"description\":\"P\u00e4rnu s\u00fcdalinna erakordne butiik-hotell\",\"publisher\":{\"@id\":\"https:\\\/\\\/frosthotel.ee\\\/fi\\\/#organization\"},\"potentialAction\":[{\"@type\":\"SearchAction\",\"target\":{\"@type\":\"EntryPoint\",\"urlTemplate\":\"https:\\\/\\\/frosthotel.ee\\\/fi\\\/?s={search_term_string}\"},\"query-input\":{\"@type\":\"PropertyValueSpecification\",\"valueRequired\":true,\"valueName\":\"search_term_string\"}}],\"inLanguage\":\"fi\"},{\"@type\":\"Organization\",\"@id\":\"https:\\\/\\\/frosthotel.ee\\\/fi\\\/#organization\",\"name\":\"Frost Boutique Hotel P\u00e4rnu\",\"url\":\"https:\\\/\\\/frosthotel.ee\\\/fi\\\/\",\"logo\":{\"@type\":\"ImageObject\",\"inLanguage\":\"fi\",\"@id\":\"https:\\\/\\\/frosthotel.ee\\\/fi\\\/#\\\/schema\\\/logo\\\/image\\\/\",\"url\":\"https:\\\/\\\/frosthotel.ee\\\/wp-content\\\/uploads\\\/2022\\\/04\\\/Frost_logo-02.png\",\"contentUrl\":\"https:\\\/\\\/frosthotel.ee\\\/wp-content\\\/uploads\\\/2022\\\/04\\\/Frost_logo-02.png\",\"width\":3545,\"height\":1772,\"caption\":\"Frost Boutique Hotel P\u00e4rnu\"},\"image\":{\"@id\":\"https:\\\/\\\/frosthotel.ee\\\/fi\\\/#\\\/schema\\\/logo\\\/image\\\/\"},\"sameAs\":[\"https:\\\/\\\/www.facebook.com\\\/frostboutiquehotel\\\/\",\"https:\\\/\\\/www.instagram.com\\\/frostboutiquehotel\\\/\"]}]}<\/script>\n<!-- \/ Yoast SEO Premium plugin. -->","yoast_head_json":{"title":"P\u00e4rnun n\u00e4ht\u00e4vyydet | Mihin menn\u00e4 P\u00e4rnun vanhassakaupungissa","description":"Kaikki kuuluisimmat P\u00e4rnun n\u00e4ht\u00e4vyydet sijaitsevat vanhassakaupungissa hyvin l\u00e4hell\u00e4 Frost Boutique Hotellia. Katso, mihin menn\u00e4 P\u00e4rnun vanhassakaupungissa","robots":{"index":"index","follow":"follow","max-snippet":"max-snippet:-1","max-image-preview":"max-image-preview:large","max-video-preview":"max-video-preview:-1"},"canonical":"https:\/\/frosthotel.ee\/fi\/parnu-viro\/parnun-nahtavyydet\/","og_locale":"fi_FI","og_type":"article","og_title":"P\u00e4rnun n\u00e4ht\u00e4vyydet","og_description":"Kaikki kuuluisimmat P\u00e4rnun n\u00e4ht\u00e4vyydet sijaitsevat vanhassakaupungissa hyvin l\u00e4hell\u00e4 Frost Boutique Hotellia. Katso, mihin menn\u00e4 P\u00e4rnun vanhassakaupungissa","og_url":"https:\/\/frosthotel.ee\/fi\/parnu-viro\/parnun-nahtavyydet\/","og_site_name":"Frost Boutique Hotel","article_publisher":"https:\/\/www.facebook.com\/frostboutiquehotel\/","article_modified_time":"2023-03-02T11:14:42+00:00","og_image":[{"width":2016,"height":1512,"url":"https:\/\/frosthotel.ee\/wp-content\/uploads\/2021\/04\/Frost-Boutique-Hotell.jpg","type":"image\/jpeg"}],"twitter_card":"summary_large_image","schema":{"@context":"https:\/\/schema.org","@graph":[{"@type":"WebPage","@id":"https:\/\/frosthotel.ee\/fi\/parnu-viro\/parnun-nahtavyydet\/","url":"https:\/\/frosthotel.ee\/fi\/parnu-viro\/parnun-nahtavyydet\/","name":"P\u00e4rnun n\u00e4ht\u00e4vyydet | Mihin menn\u00e4 P\u00e4rnun vanhassakaupungissa","isPartOf":{"@id":"https:\/\/frosthotel.ee\/fi\/#website"},"datePublished":"2015-06-15T09:01:24+00:00","dateModified":"2023-03-02T11:14:42+00:00","description":"Kaikki kuuluisimmat P\u00e4rnun n\u00e4ht\u00e4vyydet sijaitsevat vanhassakaupungissa hyvin l\u00e4hell\u00e4 Frost Boutique Hotellia. Katso, mihin menn\u00e4 P\u00e4rnun vanhassakaupungissa","breadcrumb":{"@id":"https:\/\/frosthotel.ee\/fi\/parnu-viro\/parnun-nahtavyydet\/#breadcrumb"},"inLanguage":"fi","potentialAction":[{"@type":"ReadAction","target":["https:\/\/frosthotel.ee\/fi\/parnu-viro\/parnun-nahtavyydet\/"]}]},{"@type":"BreadcrumbList","@id":"https:\/\/frosthotel.ee\/fi\/parnu-viro\/parnun-nahtavyydet\/#breadcrumb","itemListElement":[{"@type":"ListItem","position":1,"name":"Home","item":"https:\/\/frosthotel.ee\/fi\/"},{"@type":"ListItem","position":2,"name":"P\u00e4rnu, Viro","item":"https:\/\/frosthotel.ee\/fi\/parnu-viro\/"},{"@type":"ListItem","position":3,"name":"P\u00e4rnun n\u00e4ht\u00e4vyydet"}]},{"@type":"WebSite","@id":"https:\/\/frosthotel.ee\/fi\/#website","url":"https:\/\/frosthotel.ee\/fi\/","name":"Frost Boutique Hotel","description":"P\u00e4rnu s\u00fcdalinna erakordne butiik-hotell","publisher":{"@id":"https:\/\/frosthotel.ee\/fi\/#organization"},"potentialAction":[{"@type":"SearchAction","target":{"@type":"EntryPoint","urlTemplate":"https:\/\/frosthotel.ee\/fi\/?s={search_term_string}"},"query-input":{"@type":"PropertyValueSpecification","valueRequired":true,"valueName":"search_term_string"}}],"inLanguage":"fi"},{"@type":"Organization","@id":"https:\/\/frosthotel.ee\/fi\/#organization","name":"Frost Boutique Hotel P\u00e4rnu","url":"https:\/\/frosthotel.ee\/fi\/","logo":{"@type":"ImageObject","inLanguage":"fi","@id":"https:\/\/frosthotel.ee\/fi\/#\/schema\/logo\/image\/","url":"https:\/\/frosthotel.ee\/wp-content\/uploads\/2022\/04\/Frost_logo-02.png","contentUrl":"https:\/\/frosthotel.ee\/wp-content\/uploads\/2022\/04\/Frost_logo-02.png","width":3545,"height":1772,"caption":"Frost Boutique Hotel P\u00e4rnu"},"image":{"@id":"https:\/\/frosthotel.ee\/fi\/#\/schema\/logo\/image\/"},"sameAs":["https:\/\/www.facebook.com\/frostboutiquehotel\/","https:\/\/www.instagram.com\/frostboutiquehotel\/"]}]}},"_links":{"self":[{"href":"https:\/\/frosthotel.ee\/fi\/wp-json\/wp\/v2\/pages\/2982","targetHints":{"allow":["GET"]}}],"collection":[{"href":"https:\/\/frosthotel.ee\/fi\/wp-json\/wp\/v2\/pages"}],"about":[{"href":"https:\/\/frosthotel.ee\/fi\/wp-json\/wp\/v2\/types\/page"}],"author":[{"embeddable":true,"href":"https:\/\/frosthotel.ee\/fi\/wp-json\/wp\/v2\/users\/1"}],"replies":[{"embeddable":true,"href":"https:\/\/frosthotel.ee\/fi\/wp-json\/wp\/v2\/comments?post=2982"}],"version-history":[{"count":1,"href":"https:\/\/frosthotel.ee\/fi\/wp-json\/wp\/v2\/pages\/2982\/revisions"}],"predecessor-version":[{"id":5780,"href":"https:\/\/frosthotel.ee\/fi\/wp-json\/wp\/v2\/pages\/2982\/revisions\/5780"}],"up":[{"embeddable":true,"href":"https:\/\/frosthotel.ee\/fi\/wp-json\/wp\/v2\/pages\/2892"}],"wp:attachment":[{"href":"https:\/\/frosthotel.ee\/fi\/wp-json\/wp\/v2\/media?parent=2982"}],"curies":[{"name":"wp","href":"https:\/\/api.w.org\/{rel}","templated":true}]}}