{"id":2986,"date":"2015-06-26T12:38:41","date_gmt":"2015-06-26T09:38:41","guid":{"rendered":"http:\/\/frosthotel.ee\/parnu-viro\/lastega-parnus\/"},"modified":"2023-03-02T13:20:58","modified_gmt":"2023-03-02T11:20:58","slug":"lasten-kanssa-parnuun","status":"publish","type":"page","link":"https:\/\/frosthotel.ee\/fi\/parnu-viro\/lasten-kanssa-parnuun\/","title":{"rendered":"Lasten kanssa P\u00e4rnuun"},"content":{"rendered":"<div class='row'><div style='padding-bottom:30px;' class='span8 first-module module_number_1 module_cont  module_text_area'><div class='bg_title'><h2 style='' class='headInModule'>Lottemaan teemapuisto<\/h2><\/div>\r\n                <div class='module_content'>\r\n                    <p>Baltian suurin teemapuisto <a href=\"http:\/\/lottemaa.ee\/fi\" target=\"_blank\" rel=\"noopener\">Lottemaa<\/a> on kaunis rantames&auml;ss&auml; sijaitseva Keksij&auml;kyl&auml;, joka on tuttu Lotta-elokuvista, musikaaleista ja kirjoista. T&auml;&auml;ll&auml; tapaat Lotan, Brunon, Albertin ja muut Keksij&auml;kyl&auml;n asukkaat ja voit leikki&auml; ja oivaltaa heid&auml;n kanssaan. Teemapuisto sijaitsee kuuden kilometrin et&auml;isyydell&auml; kes&auml;p&auml;&auml;kaupunki P&auml;rnusta<\/p>\r\n                <\/div><\/div><!-- .module_cont --><div style='padding-bottom:30px;' class='span4  module_number_2 module_cont  module_text_area'>\r\n                <div class='module_content'>\r\n                    <p><img loading=\"lazy\" decoding=\"async\" src=\"\/wp-content\/uploads\/2015\/06\/Lottemaa.jpg\" alt=\"Lottemaa\" width=\"800\" height=\"450\" \/><\/p>\r\n                <\/div><\/div><!-- .module_cont --><\/div><div class='row'><div style='padding-bottom:30px;' class='span8  module_number_3 module_cont  module_text_area'><div class='bg_title'><h2 style='' class='headInModule'>P\u00e4rnun rantapuisto<\/h2><\/div>\r\n                <div class='module_content'>\r\n                    <p>P&auml;rnun rantapuiston merenpuoleisella puistoalueella on nykyaikainen ja turvallinen leikkipaikka lapsille. Rantapuiston l&auml;pi kulkee kuntorata ja t&auml;&auml;ll&auml; on my&ouml;s mahdollisuus pit&auml;&auml; piknikkej&auml;. P&auml;rnun rannassa on hauskoja laitteita lapsille, keinuja, minigolf-rata, paljon j&auml;&auml;tel&ouml;&auml; ja muita virvokkeita.<\/p>\r\n                <\/div><\/div><!-- .module_cont --><div style='padding-bottom:30px;' class='span4  module_number_4 module_cont  module_text_area'>\r\n                <div class='module_content'>\r\n                    <p><img loading=\"lazy\" decoding=\"async\" src=\"\/wp-content\/uploads\/2015\/06\/Parnu-Rannapargi-lastevaljak.jpg\" alt=\"P&auml;rnu rand\" width=\"800\" height=\"450\" \/><\/p>\r\n                <\/div><\/div><!-- .module_cont --><\/div><div class='row'><div style='padding-bottom:30px;' class='span8  module_number_5 module_cont  module_text_area'><div class='bg_title'><h2 style='' class='headInModule'>White Beach Seikkailupuisto<\/h2><\/div>\r\n                <div class='module_content'>\r\n                    <p class=\"MsoNormal\">Kiipeily&auml; korkeuksissa, hyppyj&auml; verkkoihin, pitki&auml; liukuja maan ja taivaan v&auml;lill&auml; &ndash; <strong><span style=\"font-family: 'Calibri','sans-serif'; mso-ascii-theme-font: minor-latin; mso-hansi-theme-font: minor-latin; mso-bidi-font-family: 'Times New Roman'; mso-bidi-theme-font: minor-bidi; font-weight: normal; mso-bidi-font-weight: bold;\">T&Auml;M&Auml; ON<\/span><\/strong> <strong><span style=\"font-family: 'Calibri','sans-serif'; mso-ascii-theme-font: minor-latin; mso-hansi-theme-font: minor-latin; mso-bidi-font-family: 'Times New Roman'; mso-bidi-theme-font: minor-bidi; font-weight: normal; mso-bidi-font-weight: bold;\">SEIKKAILUPUISTO PUIDEN LATVOISSA<\/span><\/strong><strong><span style=\"font-family: 'Calibri','sans-serif'; mso-ascii-theme-font: minor-latin; mso-hansi-theme-font: minor-latin; mso-bidi-font-family: 'Times New Roman'; mso-bidi-theme-font: minor-bidi;\">. <\/span><\/strong><a href=\"http:\/\/www.valgerannaseikluspark.ee\/fi\" target=\"_blank\" rel=\"noopener\">Valgerannan seikkailupuistossa<\/a> on nyt yhteens&auml; <strong><span style=\"font-family: 'Calibri','sans-serif'; mso-ascii-theme-font: minor-latin; mso-hansi-theme-font: minor-latin; mso-bidi-font-family: 'Times New Roman'; mso-bidi-theme-font: minor-bidi; font-weight: normal; mso-bidi-font-weight: bold;\">8<\/span><\/strong> <strong><span style=\"font-family: 'Calibri','sans-serif'; mso-ascii-theme-font: minor-latin; mso-hansi-theme-font: minor-latin; mso-bidi-font-family: 'Times New Roman'; mso-bidi-theme-font: minor-bidi; font-weight: normal; mso-bidi-font-weight: bold;\">seikkailurataa<\/span><\/strong>, jokainen rata nousee korkeammalle ja sis&auml;lt&auml;&auml; erin&auml;isin vaikeusastein varustettuja esteit&auml;. &nbsp;Lis&auml;ksi puistossa on kaksi pikkulapsille tarkoitettua rataa. Radat ovat sopivia 2-7 &ndash;vuotiaille ja heit&auml; odottavat matalat riippusillat, keinut sek&auml; vaijeriliu&rsquo;ut.<\/p>\r\n                <\/div><\/div><!-- .module_cont --><div style='padding-bottom:30px;' class='span4  module_number_6 module_cont  module_text_area'>\r\n                <div class='module_content'>\r\n                    <p><img loading=\"lazy\" decoding=\"async\" src=\"\/wp-content\/uploads\/2021\/04\/Valgeranna-seikluspark.jpg\" alt=\"seikluspark\" width=\"675\" height=\"450\" \/><\/p>\r\n                <\/div><\/div><!-- .module_cont --><\/div><div class='row'><div style='padding-bottom:30px;' class='span8  module_number_7 module_cont  module_text_area'><div class='bg_title'><h2 style='' class='headInModule'>P\u00e4rnun Munam\u00e4en puisto<\/h2><\/div>\r\n                <div class='module_content'>\r\n                    <p><a href=\"https:\/\/www.google.com\/maps\/dir\/Munam%C3%A4e+park,+Eesti\/58.3837408,24.4985139\/@58.3831507,24.4949848,17z\/data=!3m1!4b1!4m9!4m8!1m5!1m1!1s0x46ecfd17a07d7a61:0x243c5a50b2b93b2d!2m2!1d24.496264!2d58.382467!1m0!3e2?hl=et\" target=\"_blank\" rel=\"noopener\">Pieni Munam&auml;en puisto<\/a> on P&auml;rnun kaupungin yksi kuudesta suojelunalaisesta puistosta. T&auml;m&auml; vanha puisto on kaupungin korkein paikka. Frost Boutique Hotellin l&auml;hell&auml; (250 m) olevaan puistoon on helppo tulla lasten kanssa. Puistossa on istuinpenkkej&auml;, leikkikentt&auml; ja rullalautakentt&auml;.<\/p>\r\n                <\/div><\/div><!-- .module_cont --><div style='padding-bottom:30px;' class='span4  module_number_8 module_cont  module_text_area'>\r\n                <div class='module_content'>\r\n                    <p><img loading=\"lazy\" decoding=\"async\" src=\"\/wp-content\/uploads\/2015\/06\/Parnu-munamaepark.jpg\" alt=\"P&auml;rnu Munam&auml;epark\" width=\"800\" height=\"450\" \/><\/p>\r\n                <\/div><\/div><!-- .module_cont --><\/div><div class='row'><div style='padding-bottom:30px;' class='span12  module_number_9 module_cont  module_text_area'>\r\n                <div class='module_content'>\r\n                    <div class=\"row\">\r\n<div class=\"span12  module_number_11 module_cont  module_text_area\" style=\"padding-bottom: 30px;\">\r\n<p><a href=\"https:\/\/bouk.io\/booking\/frost\/240\/rooms?language=fi&amp;adults=2\"  class=\" shortcode_button btn_normal btn_type5\">Varaa Hotelli P&auml;rnussa<\/a><\/p>\r\n<p>&nbsp;<\/p>\r\n<strong>L&auml;hde: <a href=\"http:\/\/www.visitestonia.com\/fi\" target=\"_blank\" rel=\"noopener\">Visitestonia.com<\/a> ja <a href=\"http:\/\/www.visitparnu.com\/fi\/\" target=\"_blank\" rel=\"noopener\">Visitparnu.com<\/a><\/strong><\/div>\r\n<\/div>\r\n                <\/div><\/div><!-- .module_cont --><\/div>","protected":false},"excerpt":{"rendered":"<p>Lottemaan teemapuisto Baltian suurin teemapuisto Lottemaa on kaunis rantames&auml;ss&auml; sijaitseva Keksij&auml;kyl&auml;, joka on tuttu Lotta-elokuvista, musikaaleista ja kirjoista. T&auml;&auml;ll&auml; tapaat Lotan, Brunon, Albertin ja muut Keksij&auml;kyl&auml;n asukkaat ja voit leikki&auml; ja oivaltaa heid&auml;n kanssaan. Teemapuisto sijaitsee kuuden kilometrin et&auml;isyydell&auml; kes&auml;p&auml;&auml;kaupunki P&auml;rnusta P\u00e4rnun rantapuisto P&auml;rnun rantapuiston merenpuoleisella puistoalueella on nykyaikainen ja turvallinen leikkipaikka lapsille. Rantapuiston l&auml;pi kulkee kuntorata ja t&auml;&auml;ll&auml; on my&ouml;s mahdollisuus pit&auml;&auml; piknikkej&auml;. P&auml;rnun rannassa on hauskoja laitteita lapsille, keinuja, minigolf-rata, paljon j&auml;&auml;tel&ouml;&auml; ja muita virvokkeita. White Beach Seikkailupuisto Kiipeily&auml; korkeuksissa, hyppyj&auml; verkkoihin, pitki&auml; liukuja maan ja taivaan v&auml;lill&auml; &ndash; T&Auml;M&Auml; ON SEIKKAILUPUISTO PUIDEN LATVOISSA. Valgerannan seikkailupuistossa on nyt yhteens&auml; 8 seikkailurataa, jokainen rata nousee korkeammalle ja sis&auml;lt&auml;&auml; erin&auml;isin vaikeusastein varustettuja esteit&auml;. &nbsp;Lis&auml;ksi puistossa on kaksi pikkulapsille tarkoitettua rataa. Radat ovat sopivia 2-7 &ndash;vuotiaille ja heit&auml; odottavat matalat riippusillat, keinut sek&auml; vaijeriliu&rsquo;ut. P\u00e4rnun Munam\u00e4en puisto Pieni Munam&auml;en puisto on P&auml;rnun kaupungin yksi kuudesta suojelunalaisesta puistosta. T&auml;m&auml; vanha puisto on kaupungin korkein paikka. Frost Boutique Hotellin l&auml;hell&auml; (250 m) olevaan puistoon on helppo tulla lasten kanssa. Puistossa on istuinpenkkej&auml;, leikkikentt&auml; ja rullalautakentt&auml;. Varaa Hotelli P&auml;rnussa &nbsp; L&auml;hde: Visitestonia.com ja Visitparnu.com<\/p>\n","protected":false},"author":1,"featured_media":0,"parent":2892,"menu_order":0,"comment_status":"closed","ping_status":"closed","template":"page-center.php","meta":{"_acf_changed":false,"footnotes":""},"class_list":["post-2986","page","type-page","status-publish","hentry"],"acf":[],"yoast_head":"<!-- This site is optimized with the Yoast SEO Premium plugin v20.6 (Yoast SEO v27.4) - https:\/\/yoast.com\/product\/yoast-seo-premium-wordpress\/ -->\n<title>Lasten kanssa P\u00e4rnuun | Frost Boutique Hotelli P\u00e4rnussa<\/title>\n<meta name=\"description\" content=\"Koe el\u00e4myksi\u00e4 - matkustaa lasten kanssa P\u00e4rnuun: Lasten puistot, leikkikentt\u00e4t P\u00e4rnuun rannassa ja keskikaupunkissa, Lottemaan teemapuisto, elokuvateatteri\" \/>\n<meta name=\"robots\" content=\"index, follow, max-snippet:-1, max-image-preview:large, max-video-preview:-1\" \/>\n<link rel=\"canonical\" href=\"https:\/\/frosthotel.ee\/fi\/parnu-viro\/lasten-kanssa-parnuun\/\" \/>\n<meta property=\"og:locale\" content=\"fi_FI\" \/>\n<meta property=\"og:type\" content=\"article\" \/>\n<meta property=\"og:title\" content=\"Lasten kanssa P\u00e4rnuun\" \/>\n<meta property=\"og:description\" content=\"Koe el\u00e4myksi\u00e4 - matkustaa lasten kanssa P\u00e4rnuun: Lasten puistot, leikkikentt\u00e4t P\u00e4rnuun rannassa ja keskikaupunkissa, Lottemaan teemapuisto, elokuvateatteri\" \/>\n<meta property=\"og:url\" content=\"https:\/\/frosthotel.ee\/fi\/parnu-viro\/lasten-kanssa-parnuun\/\" \/>\n<meta property=\"og:site_name\" content=\"Frost Boutique Hotel\" \/>\n<meta property=\"article:publisher\" content=\"https:\/\/www.facebook.com\/frostboutiquehotel\/\" \/>\n<meta property=\"article:modified_time\" content=\"2023-03-02T11:20:58+00:00\" \/>\n<meta property=\"og:image\" content=\"https:\/\/frosthotel.ee\/wp-content\/uploads\/2021\/04\/Frost-Boutique-Hotell.jpg\" \/>\n\t<meta property=\"og:image:width\" content=\"2016\" \/>\n\t<meta property=\"og:image:height\" content=\"1512\" \/>\n\t<meta property=\"og:image:type\" content=\"image\/jpeg\" \/>\n<meta name=\"twitter:card\" content=\"summary_large_image\" \/>\n<script type=\"application\/ld+json\" class=\"yoast-schema-graph\">{\"@context\":\"https:\\\/\\\/schema.org\",\"@graph\":[{\"@type\":\"WebPage\",\"@id\":\"https:\\\/\\\/frosthotel.ee\\\/fi\\\/parnu-viro\\\/lasten-kanssa-parnuun\\\/\",\"url\":\"https:\\\/\\\/frosthotel.ee\\\/fi\\\/parnu-viro\\\/lasten-kanssa-parnuun\\\/\",\"name\":\"Lasten kanssa P\u00e4rnuun | Frost Boutique Hotelli P\u00e4rnussa\",\"isPartOf\":{\"@id\":\"https:\\\/\\\/frosthotel.ee\\\/fi\\\/#website\"},\"datePublished\":\"2015-06-26T09:38:41+00:00\",\"dateModified\":\"2023-03-02T11:20:58+00:00\",\"description\":\"Koe el\u00e4myksi\u00e4 - matkustaa lasten kanssa P\u00e4rnuun: Lasten puistot, leikkikentt\u00e4t P\u00e4rnuun rannassa ja keskikaupunkissa, Lottemaan teemapuisto, elokuvateatteri\",\"breadcrumb\":{\"@id\":\"https:\\\/\\\/frosthotel.ee\\\/fi\\\/parnu-viro\\\/lasten-kanssa-parnuun\\\/#breadcrumb\"},\"inLanguage\":\"fi\",\"potentialAction\":[{\"@type\":\"ReadAction\",\"target\":[\"https:\\\/\\\/frosthotel.ee\\\/fi\\\/parnu-viro\\\/lasten-kanssa-parnuun\\\/\"]}]},{\"@type\":\"BreadcrumbList\",\"@id\":\"https:\\\/\\\/frosthotel.ee\\\/fi\\\/parnu-viro\\\/lasten-kanssa-parnuun\\\/#breadcrumb\",\"itemListElement\":[{\"@type\":\"ListItem\",\"position\":1,\"name\":\"Home\",\"item\":\"https:\\\/\\\/frosthotel.ee\\\/fi\\\/\"},{\"@type\":\"ListItem\",\"position\":2,\"name\":\"P\u00e4rnu, Viro\",\"item\":\"https:\\\/\\\/frosthotel.ee\\\/fi\\\/parnu-viro\\\/\"},{\"@type\":\"ListItem\",\"position\":3,\"name\":\"Lasten kanssa P\u00e4rnuun\"}]},{\"@type\":\"WebSite\",\"@id\":\"https:\\\/\\\/frosthotel.ee\\\/fi\\\/#website\",\"url\":\"https:\\\/\\\/frosthotel.ee\\\/fi\\\/\",\"name\":\"Frost Boutique Hotel\",\"description\":\"P\u00e4rnu s\u00fcdalinna erakordne butiik-hotell\",\"publisher\":{\"@id\":\"https:\\\/\\\/frosthotel.ee\\\/fi\\\/#organization\"},\"potentialAction\":[{\"@type\":\"SearchAction\",\"target\":{\"@type\":\"EntryPoint\",\"urlTemplate\":\"https:\\\/\\\/frosthotel.ee\\\/fi\\\/?s={search_term_string}\"},\"query-input\":{\"@type\":\"PropertyValueSpecification\",\"valueRequired\":true,\"valueName\":\"search_term_string\"}}],\"inLanguage\":\"fi\"},{\"@type\":\"Organization\",\"@id\":\"https:\\\/\\\/frosthotel.ee\\\/fi\\\/#organization\",\"name\":\"Frost Boutique Hotel P\u00e4rnu\",\"url\":\"https:\\\/\\\/frosthotel.ee\\\/fi\\\/\",\"logo\":{\"@type\":\"ImageObject\",\"inLanguage\":\"fi\",\"@id\":\"https:\\\/\\\/frosthotel.ee\\\/fi\\\/#\\\/schema\\\/logo\\\/image\\\/\",\"url\":\"https:\\\/\\\/frosthotel.ee\\\/wp-content\\\/uploads\\\/2022\\\/04\\\/Frost_logo-02.png\",\"contentUrl\":\"https:\\\/\\\/frosthotel.ee\\\/wp-content\\\/uploads\\\/2022\\\/04\\\/Frost_logo-02.png\",\"width\":3545,\"height\":1772,\"caption\":\"Frost Boutique Hotel P\u00e4rnu\"},\"image\":{\"@id\":\"https:\\\/\\\/frosthotel.ee\\\/fi\\\/#\\\/schema\\\/logo\\\/image\\\/\"},\"sameAs\":[\"https:\\\/\\\/www.facebook.com\\\/frostboutiquehotel\\\/\",\"https:\\\/\\\/www.instagram.com\\\/frostboutiquehotel\\\/\"]}]}<\/script>\n<!-- \/ Yoast SEO Premium plugin. -->","yoast_head_json":{"title":"Lasten kanssa P\u00e4rnuun | Frost Boutique Hotelli P\u00e4rnussa","description":"Koe el\u00e4myksi\u00e4 - matkustaa lasten kanssa P\u00e4rnuun: Lasten puistot, leikkikentt\u00e4t P\u00e4rnuun rannassa ja keskikaupunkissa, Lottemaan teemapuisto, elokuvateatteri","robots":{"index":"index","follow":"follow","max-snippet":"max-snippet:-1","max-image-preview":"max-image-preview:large","max-video-preview":"max-video-preview:-1"},"canonical":"https:\/\/frosthotel.ee\/fi\/parnu-viro\/lasten-kanssa-parnuun\/","og_locale":"fi_FI","og_type":"article","og_title":"Lasten kanssa P\u00e4rnuun","og_description":"Koe el\u00e4myksi\u00e4 - matkustaa lasten kanssa P\u00e4rnuun: Lasten puistot, leikkikentt\u00e4t P\u00e4rnuun rannassa ja keskikaupunkissa, Lottemaan teemapuisto, elokuvateatteri","og_url":"https:\/\/frosthotel.ee\/fi\/parnu-viro\/lasten-kanssa-parnuun\/","og_site_name":"Frost Boutique Hotel","article_publisher":"https:\/\/www.facebook.com\/frostboutiquehotel\/","article_modified_time":"2023-03-02T11:20:58+00:00","og_image":[{"width":2016,"height":1512,"url":"https:\/\/frosthotel.ee\/wp-content\/uploads\/2021\/04\/Frost-Boutique-Hotell.jpg","type":"image\/jpeg"}],"twitter_card":"summary_large_image","schema":{"@context":"https:\/\/schema.org","@graph":[{"@type":"WebPage","@id":"https:\/\/frosthotel.ee\/fi\/parnu-viro\/lasten-kanssa-parnuun\/","url":"https:\/\/frosthotel.ee\/fi\/parnu-viro\/lasten-kanssa-parnuun\/","name":"Lasten kanssa P\u00e4rnuun | Frost Boutique Hotelli P\u00e4rnussa","isPartOf":{"@id":"https:\/\/frosthotel.ee\/fi\/#website"},"datePublished":"2015-06-26T09:38:41+00:00","dateModified":"2023-03-02T11:20:58+00:00","description":"Koe el\u00e4myksi\u00e4 - matkustaa lasten kanssa P\u00e4rnuun: Lasten puistot, leikkikentt\u00e4t P\u00e4rnuun rannassa ja keskikaupunkissa, Lottemaan teemapuisto, elokuvateatteri","breadcrumb":{"@id":"https:\/\/frosthotel.ee\/fi\/parnu-viro\/lasten-kanssa-parnuun\/#breadcrumb"},"inLanguage":"fi","potentialAction":[{"@type":"ReadAction","target":["https:\/\/frosthotel.ee\/fi\/parnu-viro\/lasten-kanssa-parnuun\/"]}]},{"@type":"BreadcrumbList","@id":"https:\/\/frosthotel.ee\/fi\/parnu-viro\/lasten-kanssa-parnuun\/#breadcrumb","itemListElement":[{"@type":"ListItem","position":1,"name":"Home","item":"https:\/\/frosthotel.ee\/fi\/"},{"@type":"ListItem","position":2,"name":"P\u00e4rnu, Viro","item":"https:\/\/frosthotel.ee\/fi\/parnu-viro\/"},{"@type":"ListItem","position":3,"name":"Lasten kanssa P\u00e4rnuun"}]},{"@type":"WebSite","@id":"https:\/\/frosthotel.ee\/fi\/#website","url":"https:\/\/frosthotel.ee\/fi\/","name":"Frost Boutique Hotel","description":"P\u00e4rnu s\u00fcdalinna erakordne butiik-hotell","publisher":{"@id":"https:\/\/frosthotel.ee\/fi\/#organization"},"potentialAction":[{"@type":"SearchAction","target":{"@type":"EntryPoint","urlTemplate":"https:\/\/frosthotel.ee\/fi\/?s={search_term_string}"},"query-input":{"@type":"PropertyValueSpecification","valueRequired":true,"valueName":"search_term_string"}}],"inLanguage":"fi"},{"@type":"Organization","@id":"https:\/\/frosthotel.ee\/fi\/#organization","name":"Frost Boutique Hotel P\u00e4rnu","url":"https:\/\/frosthotel.ee\/fi\/","logo":{"@type":"ImageObject","inLanguage":"fi","@id":"https:\/\/frosthotel.ee\/fi\/#\/schema\/logo\/image\/","url":"https:\/\/frosthotel.ee\/wp-content\/uploads\/2022\/04\/Frost_logo-02.png","contentUrl":"https:\/\/frosthotel.ee\/wp-content\/uploads\/2022\/04\/Frost_logo-02.png","width":3545,"height":1772,"caption":"Frost Boutique Hotel P\u00e4rnu"},"image":{"@id":"https:\/\/frosthotel.ee\/fi\/#\/schema\/logo\/image\/"},"sameAs":["https:\/\/www.facebook.com\/frostboutiquehotel\/","https:\/\/www.instagram.com\/frostboutiquehotel\/"]}]}},"_links":{"self":[{"href":"https:\/\/frosthotel.ee\/fi\/wp-json\/wp\/v2\/pages\/2986","targetHints":{"allow":["GET"]}}],"collection":[{"href":"https:\/\/frosthotel.ee\/fi\/wp-json\/wp\/v2\/pages"}],"about":[{"href":"https:\/\/frosthotel.ee\/fi\/wp-json\/wp\/v2\/types\/page"}],"author":[{"embeddable":true,"href":"https:\/\/frosthotel.ee\/fi\/wp-json\/wp\/v2\/users\/1"}],"replies":[{"embeddable":true,"href":"https:\/\/frosthotel.ee\/fi\/wp-json\/wp\/v2\/comments?post=2986"}],"version-history":[{"count":1,"href":"https:\/\/frosthotel.ee\/fi\/wp-json\/wp\/v2\/pages\/2986\/revisions"}],"predecessor-version":[{"id":5781,"href":"https:\/\/frosthotel.ee\/fi\/wp-json\/wp\/v2\/pages\/2986\/revisions\/5781"}],"up":[{"embeddable":true,"href":"https:\/\/frosthotel.ee\/fi\/wp-json\/wp\/v2\/pages\/2892"}],"wp:attachment":[{"href":"https:\/\/frosthotel.ee\/fi\/wp-json\/wp\/v2\/media?parent=2986"}],"curies":[{"name":"wp","href":"https:\/\/api.w.org\/{rel}","templated":true}]}}