{"id":3037,"date":"2015-07-09T15:47:23","date_gmt":"2015-07-09T12:47:23","guid":{"rendered":"http:\/\/frosthotel.ee\/restaurant-in-parnu-2\/"},"modified":"2025-10-31T12:34:49","modified_gmt":"2025-10-31T10:34:49","slug":"ravintola-parnussa","status":"publish","type":"page","link":"https:\/\/frosthotel.ee\/fi\/ravintola-parnussa\/","title":{"rendered":"Ravintola"},"content":{"rendered":"<div class='row'><div style='padding-bottom:30px;' class='span12 first-module module_number_1 module_cont  module_text_area'>\r\n                <div class='module_content'>\r\n                    <p>&nbsp;<\/p>\r\n<p><blockquote class='shortcode_blockquote right type5' style='width:25%;'><div class='blockquote_wrapper'><p>Tarjoamme intohimoisen omistautuneesti tuoreimpia ja turvallisimpia raaka-aineita sek&auml; kausittaisen ruokalistan, joka keskittyy paikallisuuteen, mutta on globaalisti taiteellinen. <\/p><div class='author'><\/div><\/div><\/blockquote><span class='dropcap type2'>H<\/span>otellimme ravintola P&auml;rnussa tarjoaa ruokailuel&auml;myksen, jossa hyv&auml;&auml; ruokaa sy&ouml;d&auml;&auml;n rauhassa, ilman kiirett&auml;. Aikaa perheen ja yst&auml;vien kanssa arvostetaan, sit&auml; ei ahdeta kalenterissa olevaan pieneen aukkoon. Ulko- ja sis&auml;tilat on yhdistetty luomaan verrattoman rauhallinen ja levollinen tunnelma. Tunnet olevasi kaukana suurkaupungin sykkeest&auml;. Rauhan tyyssija.<\/p>\r\n<p>Tule k&auml;ym&auml;&auml;n ja koe se itse! <a href=\"\/wp-content\/uploads\/2025\/10\/Mon-Ami-sugis-talv-2025.pdf\">Ruokalista.<\/a><\/p>\r\n<p><strong>Tervetuloa illalliselle Ti - To 17:00 - 23:00; Pe 16:00 - 00:00; La 14:00 - 00:00.<\/strong><br \/><br \/><\/p>\r\n                <\/div><\/div><!-- .module_cont --><\/div><div class='row'><div style='padding-bottom:30px;' class='span9  module_number_2 module_cont  module_text_area'><div class='bg_title'><h3 style='' class='headInModule'>Leipomo<\/h3><\/div>\r\n                <div class='module_content'>\r\n                    <p>Mainitsimmeko jo leipomomme? Ei ole mit&auml;&auml;n niin houkuttelevaa kuin juuri leivotun leiv&auml;n, briossin tai kakun tuoksu. Kuumana suoraan uunista p&ouml;yd&auml;llesi, leip&auml;mme ja leipomotuotteemme ovat 100 % s&auml;il&ouml;nt&auml;aineettomia ja valmistettu vain parhaista ja puhtaimmista raaka-aineista. Niin, ja meill&auml; on my&ouml;s gluteenittomia vaihtoehtoja!<\/p>\r\n<p>&nbsp;<\/p>\r\n<p><a href=\"https:\/\/v2.tableonline.fi\/instabook\/bookings\/qRjz7DB?fbclid=IwAR1sCdXkhUlyI6fLzC2KTk7EkAxPEB9YOdxXrHhw9xbaSKyWjF7Kgj9lXsQ&amp;locale=fi\" target=\"_blank\" class=\" shortcode_button btn_normal btn_type5\">Varaa p&ouml;yt&auml;<\/a><\/p>\r\n<p>&nbsp;<\/p>\r\n<p>&nbsp;<\/p>\r\n                <\/div><\/div><!-- .module_cont --><div style='padding-bottom:30px;' class='span3  module_number_3 module_cont  module_text_area'><div class='bg_title'><h4 style='' class='headInModule'>Yhteystiedot<\/h4><\/div>\r\n                <div class='module_content'>\r\n                    <p>Kuninga 11 <br \/>P&auml;rnu 80011<br \/>Viro<br \/>Puhelin: +372 5866 9990 <br \/>S&auml;hk&ouml;posti:&nbsp;<a href=\"mailto:liis.leismann@gmail.com\">hello@monami.ee<\/a><\/p>\r\n<p>&nbsp;<\/p>\r\n<p>&nbsp;<\/p>\r\n                <\/div><\/div><!-- .module_cont --><\/div><div class='row'><div style='padding-bottom:30px;' class='span12  module_number_4 module_cont  module_divider'><hr class=\"type3 \"><\/div><!-- .module_cont --><\/div><div class='row'><div style='padding-bottom:30px;' class='span12  module_number_5 module_cont  module_gallery'><div class='list-of-images images_in_a_row_4'>\r\n                        <div class=\"gallery_item\">\r\n\t\t\t\t\t\t\t<div class=\"gallery_item_padding\">\r\n\t\t\t\t\t\t\t\t<div class=\"gallery_item_wrapper\"><a class=\"featured_ico_link swipebox\" rel=\"gallery-module\" href=\"https:\/\/frosthotel.ee\/wp-content\/uploads\/2015\/07\/Mon-Ami_Restoran-Parnu.jpg\" title=\"Ravintola Mon Ami\"><\/a><img loading=\"lazy\" decoding=\"async\" class=\"gallery-stand-img\" src=\"https:\/\/frosthotel.ee\/wp-content\/uploads\/2015\/07\/Mon-Ami_Restoran-Parnu-570x570.jpg\" alt=\"Ravintola Mon Ami\" width=\"570\" height=\"570\">\r\n\t\t\t\t\t\t\t\t\t<div class=\"gallery_fadder\"><\/div>\r\n\t\t\t\t\t\t\t\t\t<div class=\"gallery_likes gallery_likes_add \" data-attachid=\"5404\" data-modify=\"like\">\r\n\t\t\t\t\t\t\t\t\t\t<i class=\"stand_icon icon-heart-o\"><\/i>\r\n\t\t\t\t\t\t\t\t\t\t<span>0<\/span>\r\n\t\t\t\t\t\t\t\t\t<\/div>\t\t\t\t\t\t\t\t\t\r\n\t\t\t\t\t\t\t\t<\/div>\r\n\t\t\t\t\t\t\t<\/div>\r\n                        <\/div>\r\n                        \r\n                        <div class=\"gallery_item\">\r\n\t\t\t\t\t\t\t<div class=\"gallery_item_padding\">\r\n\t\t\t\t\t\t\t\t<div class=\"gallery_item_wrapper\"><a class=\"featured_ico_link swipebox\" rel=\"gallery-module\" href=\"https:\/\/frosthotel.ee\/wp-content\/uploads\/2015\/07\/Mon_Ami_Restoran.jpg\" title=\"Ravintola Mon Ami\"><\/a><img loading=\"lazy\" decoding=\"async\" class=\"gallery-stand-img\" src=\"https:\/\/frosthotel.ee\/wp-content\/uploads\/2015\/07\/Mon_Ami_Restoran-570x570.jpg\" alt=\"Ravintola Mon Ami\" width=\"570\" height=\"570\">\r\n\t\t\t\t\t\t\t\t\t<div class=\"gallery_fadder\"><\/div>\r\n\t\t\t\t\t\t\t\t\t<div class=\"gallery_likes gallery_likes_add \" data-attachid=\"5396\" data-modify=\"like\">\r\n\t\t\t\t\t\t\t\t\t\t<i class=\"stand_icon icon-heart-o\"><\/i>\r\n\t\t\t\t\t\t\t\t\t\t<span>0<\/span>\r\n\t\t\t\t\t\t\t\t\t<\/div>\t\t\t\t\t\t\t\t\t\r\n\t\t\t\t\t\t\t\t<\/div>\r\n\t\t\t\t\t\t\t<\/div>\r\n                        <\/div>\r\n                        \r\n                        <div class=\"gallery_item\">\r\n\t\t\t\t\t\t\t<div class=\"gallery_item_padding\">\r\n\t\t\t\t\t\t\t\t<div class=\"gallery_item_wrapper\"><a class=\"featured_ico_link swipebox\" rel=\"gallery-module\" href=\"https:\/\/frosthotel.ee\/wp-content\/uploads\/2015\/07\/Mon_Ami-Restaurant.jpg\" title=\"Ravintola Mon Ami\"><\/a><img loading=\"lazy\" decoding=\"async\" class=\"gallery-stand-img\" src=\"https:\/\/frosthotel.ee\/wp-content\/uploads\/2015\/07\/Mon_Ami-Restaurant-570x570.jpg\" alt=\"Ravintola Mon Ami\" width=\"570\" height=\"570\">\r\n\t\t\t\t\t\t\t\t\t<div class=\"gallery_fadder\"><\/div>\r\n\t\t\t\t\t\t\t\t\t<div class=\"gallery_likes gallery_likes_add \" data-attachid=\"5400\" data-modify=\"like\">\r\n\t\t\t\t\t\t\t\t\t\t<i class=\"stand_icon icon-heart-o\"><\/i>\r\n\t\t\t\t\t\t\t\t\t\t<span>0<\/span>\r\n\t\t\t\t\t\t\t\t\t<\/div>\t\t\t\t\t\t\t\t\t\r\n\t\t\t\t\t\t\t\t<\/div>\r\n\t\t\t\t\t\t\t<\/div>\r\n                        <\/div>\r\n                        \r\n                        <div class=\"gallery_item\">\r\n\t\t\t\t\t\t\t<div class=\"gallery_item_padding\">\r\n\t\t\t\t\t\t\t\t<div class=\"gallery_item_wrapper\"><a class=\"featured_ico_link swipebox\" rel=\"gallery-module\" href=\"https:\/\/frosthotel.ee\/wp-content\/uploads\/2015\/07\/Mon-Ami-Parnu-Restoran.jpg\" title=\"Ravintola Mon Ami\"><\/a><img loading=\"lazy\" decoding=\"async\" class=\"gallery-stand-img\" src=\"https:\/\/frosthotel.ee\/wp-content\/uploads\/2015\/07\/Mon-Ami-Parnu-Restoran-570x570.jpg\" alt=\"Ravintola Mon Ami\" width=\"570\" height=\"570\">\r\n\t\t\t\t\t\t\t\t\t<div class=\"gallery_fadder\"><\/div>\r\n\t\t\t\t\t\t\t\t\t<div class=\"gallery_likes gallery_likes_add \" data-attachid=\"5412\" data-modify=\"like\">\r\n\t\t\t\t\t\t\t\t\t\t<i class=\"stand_icon icon-heart-o\"><\/i>\r\n\t\t\t\t\t\t\t\t\t\t<span>0<\/span>\r\n\t\t\t\t\t\t\t\t\t<\/div>\t\t\t\t\t\t\t\t\t\r\n\t\t\t\t\t\t\t\t<\/div>\r\n\t\t\t\t\t\t\t<\/div>\r\n                        <\/div>\r\n                        \r\n                        <div class=\"gallery_item\">\r\n\t\t\t\t\t\t\t<div class=\"gallery_item_padding\">\r\n\t\t\t\t\t\t\t\t<div class=\"gallery_item_wrapper\"><a class=\"featured_ico_link swipebox\" rel=\"gallery-module\" href=\"https:\/\/frosthotel.ee\/wp-content\/uploads\/2015\/07\/RestoranMonAmiParnu.jpg\" title=\"Ravintola Mon Ami\"><\/a><img loading=\"lazy\" decoding=\"async\" class=\"gallery-stand-img\" src=\"https:\/\/frosthotel.ee\/wp-content\/uploads\/2015\/07\/RestoranMonAmiParnu-570x570.jpg\" alt=\"Ravintola Mon Ami\" width=\"570\" height=\"570\">\r\n\t\t\t\t\t\t\t\t\t<div class=\"gallery_fadder\"><\/div>\r\n\t\t\t\t\t\t\t\t\t<div class=\"gallery_likes gallery_likes_add \" data-attachid=\"5444\" data-modify=\"like\">\r\n\t\t\t\t\t\t\t\t\t\t<i class=\"stand_icon icon-heart-o\"><\/i>\r\n\t\t\t\t\t\t\t\t\t\t<span>0<\/span>\r\n\t\t\t\t\t\t\t\t\t<\/div>\t\t\t\t\t\t\t\t\t\r\n\t\t\t\t\t\t\t\t<\/div>\r\n\t\t\t\t\t\t\t<\/div>\r\n                        <\/div>\r\n                        \r\n                        <div class=\"gallery_item\">\r\n\t\t\t\t\t\t\t<div class=\"gallery_item_padding\">\r\n\t\t\t\t\t\t\t\t<div class=\"gallery_item_wrapper\"><a class=\"featured_ico_link swipebox\" rel=\"gallery-module\" href=\"https:\/\/frosthotel.ee\/wp-content\/uploads\/2015\/07\/Restoran-Mon-Ami-Parnu-1-scaled.jpg\" title=\"Ravintola Mon Ami\"><\/a><img loading=\"lazy\" decoding=\"async\" class=\"gallery-stand-img\" src=\"https:\/\/frosthotel.ee\/wp-content\/uploads\/2015\/07\/Restoran-Mon-Ami-Parnu-1-scaled-570x570.jpg\" alt=\"Ravintola Mon Ami\" width=\"570\" height=\"570\">\r\n\t\t\t\t\t\t\t\t\t<div class=\"gallery_fadder\"><\/div>\r\n\t\t\t\t\t\t\t\t\t<div class=\"gallery_likes gallery_likes_add \" data-attachid=\"5440\" data-modify=\"like\">\r\n\t\t\t\t\t\t\t\t\t\t<i class=\"stand_icon icon-heart-o\"><\/i>\r\n\t\t\t\t\t\t\t\t\t\t<span>0<\/span>\r\n\t\t\t\t\t\t\t\t\t<\/div>\t\t\t\t\t\t\t\t\t\r\n\t\t\t\t\t\t\t\t<\/div>\r\n\t\t\t\t\t\t\t<\/div>\r\n                        <\/div>\r\n                        \r\n                        <div class=\"gallery_item\">\r\n\t\t\t\t\t\t\t<div class=\"gallery_item_padding\">\r\n\t\t\t\t\t\t\t\t<div class=\"gallery_item_wrapper\"><a class=\"featured_ico_link swipebox\" rel=\"gallery-module\" href=\"https:\/\/frosthotel.ee\/wp-content\/uploads\/2015\/07\/Restaurant_Mon_Ami-Parnu.jpg\" title=\"Ravintola Mon Ami\"><\/a><img loading=\"lazy\" decoding=\"async\" class=\"gallery-stand-img\" src=\"https:\/\/frosthotel.ee\/wp-content\/uploads\/2015\/07\/Restaurant_Mon_Ami-Parnu-570x570.jpg\" alt=\"Ravintola Mon Ami\" width=\"570\" height=\"570\">\r\n\t\t\t\t\t\t\t\t\t<div class=\"gallery_fadder\"><\/div>\r\n\t\t\t\t\t\t\t\t\t<div class=\"gallery_likes gallery_likes_add \" data-attachid=\"5428\" data-modify=\"like\">\r\n\t\t\t\t\t\t\t\t\t\t<i class=\"stand_icon icon-heart-o\"><\/i>\r\n\t\t\t\t\t\t\t\t\t\t<span>0<\/span>\r\n\t\t\t\t\t\t\t\t\t<\/div>\t\t\t\t\t\t\t\t\t\r\n\t\t\t\t\t\t\t\t<\/div>\r\n\t\t\t\t\t\t\t<\/div>\r\n                        <\/div>\r\n                        \r\n                        <div class=\"gallery_item\">\r\n\t\t\t\t\t\t\t<div class=\"gallery_item_padding\">\r\n\t\t\t\t\t\t\t\t<div class=\"gallery_item_wrapper\"><a class=\"featured_ico_link swipebox\" rel=\"gallery-module\" href=\"https:\/\/frosthotel.ee\/wp-content\/uploads\/2015\/07\/Mon-Ami-Restorani-meeskond.jpg\" title=\"Ravintola Mon Ami\"><\/a><img loading=\"lazy\" decoding=\"async\" class=\"gallery-stand-img\" src=\"https:\/\/frosthotel.ee\/wp-content\/uploads\/2015\/07\/Mon-Ami-Restorani-meeskond-570x570.jpg\" alt=\"Ravintola Mon Ami\" width=\"570\" height=\"570\">\r\n\t\t\t\t\t\t\t\t\t<div class=\"gallery_fadder\"><\/div>\r\n\t\t\t\t\t\t\t\t\t<div class=\"gallery_likes gallery_likes_add \" data-attachid=\"5424\" data-modify=\"like\">\r\n\t\t\t\t\t\t\t\t\t\t<i class=\"stand_icon icon-heart-o\"><\/i>\r\n\t\t\t\t\t\t\t\t\t\t<span>0<\/span>\r\n\t\t\t\t\t\t\t\t\t<\/div>\t\t\t\t\t\t\t\t\t\r\n\t\t\t\t\t\t\t\t<\/div>\r\n\t\t\t\t\t\t\t<\/div>\r\n                        <\/div>\r\n                        \r\n                        <div class=\"gallery_item\">\r\n\t\t\t\t\t\t\t<div class=\"gallery_item_padding\">\r\n\t\t\t\t\t\t\t\t<div class=\"gallery_item_wrapper\"><a class=\"featured_ico_link swipebox\" rel=\"gallery-module\" href=\"https:\/\/frosthotel.ee\/wp-content\/uploads\/2015\/07\/Mon-Ami-Restaurant-Parnu-scaled.jpg\" title=\"Ravintola Mon Ami\"><\/a><img loading=\"lazy\" decoding=\"async\" class=\"gallery-stand-img\" src=\"https:\/\/frosthotel.ee\/wp-content\/uploads\/2015\/07\/Mon-Ami-Restaurant-Parnu-scaled-570x570.jpg\" alt=\"Ravintola Mon Ami\" width=\"570\" height=\"570\">\r\n\t\t\t\t\t\t\t\t\t<div class=\"gallery_fadder\"><\/div>\r\n\t\t\t\t\t\t\t\t\t<div class=\"gallery_likes gallery_likes_add \" data-attachid=\"5420\" data-modify=\"like\">\r\n\t\t\t\t\t\t\t\t\t\t<i class=\"stand_icon icon-heart-o\"><\/i>\r\n\t\t\t\t\t\t\t\t\t\t<span>0<\/span>\r\n\t\t\t\t\t\t\t\t\t<\/div>\t\t\t\t\t\t\t\t\t\r\n\t\t\t\t\t\t\t\t<\/div>\r\n\t\t\t\t\t\t\t<\/div>\r\n                        <\/div>\r\n                        \r\n                        <div class=\"gallery_item\">\r\n\t\t\t\t\t\t\t<div class=\"gallery_item_padding\">\r\n\t\t\t\t\t\t\t\t<div class=\"gallery_item_wrapper\"><a class=\"featured_ico_link swipebox\" rel=\"gallery-module\" href=\"https:\/\/frosthotel.ee\/wp-content\/uploads\/2015\/07\/Mon-Ami-Restaurant_Parnu.jpg\" title=\"Ravintola Mon Ami\"><\/a><img loading=\"lazy\" decoding=\"async\" class=\"gallery-stand-img\" src=\"https:\/\/frosthotel.ee\/wp-content\/uploads\/2015\/07\/Mon-Ami-Restaurant_Parnu-570x570.jpg\" alt=\"Ravintola Mon Ami\" width=\"570\" height=\"570\">\r\n\t\t\t\t\t\t\t\t\t<div class=\"gallery_fadder\"><\/div>\r\n\t\t\t\t\t\t\t\t\t<div class=\"gallery_likes gallery_likes_add \" data-attachid=\"5416\" data-modify=\"like\">\r\n\t\t\t\t\t\t\t\t\t\t<i class=\"stand_icon icon-heart-o\"><\/i>\r\n\t\t\t\t\t\t\t\t\t\t<span>0<\/span>\r\n\t\t\t\t\t\t\t\t\t<\/div>\t\t\t\t\t\t\t\t\t\r\n\t\t\t\t\t\t\t\t<\/div>\r\n\t\t\t\t\t\t\t<\/div>\r\n                        <\/div>\r\n                        \r\n                        <div class=\"gallery_item\">\r\n\t\t\t\t\t\t\t<div class=\"gallery_item_padding\">\r\n\t\t\t\t\t\t\t\t<div class=\"gallery_item_wrapper\"><a class=\"featured_ico_link swipebox\" rel=\"gallery-module\" href=\"https:\/\/frosthotel.ee\/wp-content\/uploads\/2015\/07\/Restaurant-Mon_Ami-Parnu.jpg\" title=\"Ravintola Mon Ami\"><\/a><img loading=\"lazy\" decoding=\"async\" class=\"gallery-stand-img\" src=\"https:\/\/frosthotel.ee\/wp-content\/uploads\/2015\/07\/Restaurant-Mon_Ami-Parnu-570x570.jpg\" alt=\"Ravintola Mon Ami\" width=\"570\" height=\"570\">\r\n\t\t\t\t\t\t\t\t\t<div class=\"gallery_fadder\"><\/div>\r\n\t\t\t\t\t\t\t\t\t<div class=\"gallery_likes gallery_likes_add \" data-attachid=\"5432\" data-modify=\"like\">\r\n\t\t\t\t\t\t\t\t\t\t<i class=\"stand_icon icon-heart-o\"><\/i>\r\n\t\t\t\t\t\t\t\t\t\t<span>0<\/span>\r\n\t\t\t\t\t\t\t\t\t<\/div>\t\t\t\t\t\t\t\t\t\r\n\t\t\t\t\t\t\t\t<\/div>\r\n\t\t\t\t\t\t\t<\/div>\r\n                        <\/div>\r\n                        \r\n                        <div class=\"gallery_item\">\r\n\t\t\t\t\t\t\t<div class=\"gallery_item_padding\">\r\n\t\t\t\t\t\t\t\t<div class=\"gallery_item_wrapper\"><a class=\"featured_ico_link swipebox\" rel=\"gallery-module\" href=\"https:\/\/frosthotel.ee\/wp-content\/uploads\/2015\/07\/Restoran-Mon_Ami-Parnu.jpg\" title=\"Ravintola Mon Ami\"><\/a><img loading=\"lazy\" decoding=\"async\" class=\"gallery-stand-img\" src=\"https:\/\/frosthotel.ee\/wp-content\/uploads\/2015\/07\/Restoran-Mon_Ami-Parnu-570x570.jpg\" alt=\"Ravintola Mon Ami\" width=\"570\" height=\"570\">\r\n\t\t\t\t\t\t\t\t\t<div class=\"gallery_fadder\"><\/div>\r\n\t\t\t\t\t\t\t\t\t<div class=\"gallery_likes gallery_likes_add \" data-attachid=\"5436\" data-modify=\"like\">\r\n\t\t\t\t\t\t\t\t\t\t<i class=\"stand_icon icon-heart-o\"><\/i>\r\n\t\t\t\t\t\t\t\t\t\t<span>0<\/span>\r\n\t\t\t\t\t\t\t\t\t<\/div>\t\t\t\t\t\t\t\t\t\r\n\t\t\t\t\t\t\t\t<\/div>\r\n\t\t\t\t\t\t\t<\/div>\r\n                        <\/div>\r\n                        \r\n                        <div class=\"gallery_item\">\r\n\t\t\t\t\t\t\t<div class=\"gallery_item_padding\">\r\n\t\t\t\t\t\t\t\t<div class=\"gallery_item_wrapper\"><a class=\"featured_ico_link swipebox\" rel=\"gallery-module\" href=\"https:\/\/frosthotel.ee\/wp-content\/uploads\/2015\/07\/Mon-Ami-Parnu.jpg\" title=\"Ravintola Mon Ami\"><\/a><img loading=\"lazy\" decoding=\"async\" class=\"gallery-stand-img\" src=\"https:\/\/frosthotel.ee\/wp-content\/uploads\/2015\/07\/Mon-Ami-Parnu-570x570.jpg\" alt=\"Ravintola Mon Ami\" width=\"570\" height=\"570\">\r\n\t\t\t\t\t\t\t\t\t<div class=\"gallery_fadder\"><\/div>\r\n\t\t\t\t\t\t\t\t\t<div class=\"gallery_likes gallery_likes_add \" data-attachid=\"5408\" data-modify=\"like\">\r\n\t\t\t\t\t\t\t\t\t\t<i class=\"stand_icon icon-heart-o\"><\/i>\r\n\t\t\t\t\t\t\t\t\t\t<span>0<\/span>\r\n\t\t\t\t\t\t\t\t\t<\/div>\t\t\t\t\t\t\t\t\t\r\n\t\t\t\t\t\t\t\t<\/div>\r\n\t\t\t\t\t\t\t<\/div>\r\n                        <\/div>\r\n                        \r\n            <div class='clear'><\/div>\r\n            <\/div>\r\n            <\/div><!-- .module_cont --><\/div>","protected":false},"excerpt":{"rendered":"<p>&nbsp; Tarjoamme intohimoisen omistautuneesti tuoreimpia ja turvallisimpia raaka-aineita sek&auml; kausittaisen ruokalistan, joka keskittyy paikallisuuteen, mutta on globaalisti taiteellinen. Hotellimme ravintola P&auml;rnussa tarjoaa ruokailuel&auml;myksen, jossa hyv&auml;&auml; ruokaa sy&ouml;d&auml;&auml;n rauhassa, ilman kiirett&auml;. Aikaa perheen ja yst&auml;vien kanssa arvostetaan, sit&auml; ei ahdeta kalenterissa olevaan pieneen aukkoon. Ulko- ja sis&auml;tilat on yhdistetty luomaan verrattoman rauhallinen ja levollinen tunnelma. Tunnet olevasi kaukana suurkaupungin sykkeest&auml;. Rauhan tyyssija. Tule k&auml;ym&auml;&auml;n ja koe se itse! Ruokalista. Tervetuloa illalliselle Ti &#8211; To 17:00 &#8211; 23:00; Pe 16:00 &#8211; 00:00; La 14:00 &#8211; 00:00. Leipomo Mainitsimmeko jo leipomomme? Ei ole mit&auml;&auml;n niin houkuttelevaa kuin juuri leivotun leiv&auml;n, briossin tai kakun tuoksu. Kuumana suoraan uunista p&ouml;yd&auml;llesi, leip&auml;mme ja leipomotuotteemme ovat 100 % s&auml;il&ouml;nt&auml;aineettomia ja valmistettu vain parhaista ja puhtaimmista raaka-aineista. Niin, ja meill&auml; on my&ouml;s gluteenittomia vaihtoehtoja! &nbsp; Varaa p&ouml;yt&auml; &nbsp; &nbsp; Yhteystiedot Kuninga 11 P&auml;rnu 80011ViroPuhelin: +372 5866 9990 S&auml;hk&ouml;posti:&nbsp;hello@monami.ee &nbsp; &nbsp; 0 0 0 0 0 0 0 0 0 0 0 0 0<\/p>\n","protected":false},"author":1,"featured_media":0,"parent":0,"menu_order":0,"comment_status":"closed","ping_status":"closed","template":"page-center.php","meta":{"_acf_changed":false,"footnotes":""},"class_list":["post-3037","page","type-page","status-publish","hentry"],"acf":[],"yoast_head":"<!-- This site is optimized with the Yoast SEO Premium plugin v20.6 (Yoast SEO v27.3) - https:\/\/yoast.com\/product\/yoast-seo-premium-wordpress\/ -->\n<title>Ravintola P\u00e4rnussa | Frost Boutique -hotellin ravintola<\/title>\n<meta name=\"description\" content=\"Frost Boutique -hotellin ravintola P\u00e4rnussa, sijaitsee P\u00e4rnun keskustassa Virossa. Tarjoamme fine dining -el\u00e4myksen, leipomon ja erinomaisen viinilistan...\" \/>\n<meta name=\"robots\" content=\"index, follow, max-snippet:-1, max-image-preview:large, max-video-preview:-1\" \/>\n<link rel=\"canonical\" href=\"https:\/\/frosthotel.ee\/fi\/ravintola-parnussa\/\" \/>\n<meta property=\"og:locale\" content=\"fi_FI\" \/>\n<meta property=\"og:type\" content=\"article\" \/>\n<meta property=\"og:title\" content=\"Ravintola\" \/>\n<meta property=\"og:description\" content=\"Frost Boutique -hotellin ravintola P\u00e4rnussa, sijaitsee P\u00e4rnun keskustassa Virossa. Tarjoamme fine dining -el\u00e4myksen, leipomon ja erinomaisen viinilistan...\" \/>\n<meta property=\"og:url\" content=\"https:\/\/frosthotel.ee\/fi\/ravintola-parnussa\/\" \/>\n<meta property=\"og:site_name\" content=\"Frost Boutique Hotel\" \/>\n<meta property=\"article:publisher\" content=\"https:\/\/www.facebook.com\/frostboutiquehotel\/\" \/>\n<meta property=\"article:modified_time\" content=\"2025-10-31T10:34:49+00:00\" \/>\n<meta property=\"og:image\" content=\"https:\/\/frosthotel.ee\/wp-content\/uploads\/2021\/04\/Frost-Boutique-Hotell.jpg\" \/>\n\t<meta property=\"og:image:width\" content=\"2016\" \/>\n\t<meta property=\"og:image:height\" content=\"1512\" \/>\n\t<meta property=\"og:image:type\" content=\"image\/jpeg\" \/>\n<meta name=\"twitter:card\" content=\"summary_large_image\" \/>\n<script type=\"application\/ld+json\" class=\"yoast-schema-graph\">{\"@context\":\"https:\\\/\\\/schema.org\",\"@graph\":[{\"@type\":\"WebPage\",\"@id\":\"https:\\\/\\\/frosthotel.ee\\\/fi\\\/ravintola-parnussa\\\/\",\"url\":\"https:\\\/\\\/frosthotel.ee\\\/fi\\\/ravintola-parnussa\\\/\",\"name\":\"Ravintola P\u00e4rnussa | Frost Boutique -hotellin ravintola\",\"isPartOf\":{\"@id\":\"https:\\\/\\\/frosthotel.ee\\\/fi\\\/#website\"},\"datePublished\":\"2015-07-09T12:47:23+00:00\",\"dateModified\":\"2025-10-31T10:34:49+00:00\",\"description\":\"Frost Boutique -hotellin ravintola P\u00e4rnussa, sijaitsee P\u00e4rnun keskustassa Virossa. Tarjoamme fine dining -el\u00e4myksen, leipomon ja erinomaisen viinilistan...\",\"breadcrumb\":{\"@id\":\"https:\\\/\\\/frosthotel.ee\\\/fi\\\/ravintola-parnussa\\\/#breadcrumb\"},\"inLanguage\":\"fi\",\"potentialAction\":[{\"@type\":\"ReadAction\",\"target\":[\"https:\\\/\\\/frosthotel.ee\\\/fi\\\/ravintola-parnussa\\\/\"]}]},{\"@type\":\"BreadcrumbList\",\"@id\":\"https:\\\/\\\/frosthotel.ee\\\/fi\\\/ravintola-parnussa\\\/#breadcrumb\",\"itemListElement\":[{\"@type\":\"ListItem\",\"position\":1,\"name\":\"Home\",\"item\":\"https:\\\/\\\/frosthotel.ee\\\/fi\\\/\"},{\"@type\":\"ListItem\",\"position\":2,\"name\":\"Ravintola\"}]},{\"@type\":\"WebSite\",\"@id\":\"https:\\\/\\\/frosthotel.ee\\\/fi\\\/#website\",\"url\":\"https:\\\/\\\/frosthotel.ee\\\/fi\\\/\",\"name\":\"Frost Boutique Hotel\",\"description\":\"P\u00e4rnu s\u00fcdalinna erakordne butiik-hotell\",\"publisher\":{\"@id\":\"https:\\\/\\\/frosthotel.ee\\\/fi\\\/#organization\"},\"potentialAction\":[{\"@type\":\"SearchAction\",\"target\":{\"@type\":\"EntryPoint\",\"urlTemplate\":\"https:\\\/\\\/frosthotel.ee\\\/fi\\\/?s={search_term_string}\"},\"query-input\":{\"@type\":\"PropertyValueSpecification\",\"valueRequired\":true,\"valueName\":\"search_term_string\"}}],\"inLanguage\":\"fi\"},{\"@type\":\"Organization\",\"@id\":\"https:\\\/\\\/frosthotel.ee\\\/fi\\\/#organization\",\"name\":\"Frost Boutique Hotel P\u00e4rnu\",\"url\":\"https:\\\/\\\/frosthotel.ee\\\/fi\\\/\",\"logo\":{\"@type\":\"ImageObject\",\"inLanguage\":\"fi\",\"@id\":\"https:\\\/\\\/frosthotel.ee\\\/fi\\\/#\\\/schema\\\/logo\\\/image\\\/\",\"url\":\"https:\\\/\\\/frosthotel.ee\\\/wp-content\\\/uploads\\\/2022\\\/04\\\/Frost_logo-02.png\",\"contentUrl\":\"https:\\\/\\\/frosthotel.ee\\\/wp-content\\\/uploads\\\/2022\\\/04\\\/Frost_logo-02.png\",\"width\":3545,\"height\":1772,\"caption\":\"Frost Boutique Hotel P\u00e4rnu\"},\"image\":{\"@id\":\"https:\\\/\\\/frosthotel.ee\\\/fi\\\/#\\\/schema\\\/logo\\\/image\\\/\"},\"sameAs\":[\"https:\\\/\\\/www.facebook.com\\\/frostboutiquehotel\\\/\",\"https:\\\/\\\/www.instagram.com\\\/frostboutiquehotel\\\/\"]}]}<\/script>\n<!-- \/ Yoast SEO Premium plugin. -->","yoast_head_json":{"title":"Ravintola P\u00e4rnussa | Frost Boutique -hotellin ravintola","description":"Frost Boutique -hotellin ravintola P\u00e4rnussa, sijaitsee P\u00e4rnun keskustassa Virossa. Tarjoamme fine dining -el\u00e4myksen, leipomon ja erinomaisen viinilistan...","robots":{"index":"index","follow":"follow","max-snippet":"max-snippet:-1","max-image-preview":"max-image-preview:large","max-video-preview":"max-video-preview:-1"},"canonical":"https:\/\/frosthotel.ee\/fi\/ravintola-parnussa\/","og_locale":"fi_FI","og_type":"article","og_title":"Ravintola","og_description":"Frost Boutique -hotellin ravintola P\u00e4rnussa, sijaitsee P\u00e4rnun keskustassa Virossa. Tarjoamme fine dining -el\u00e4myksen, leipomon ja erinomaisen viinilistan...","og_url":"https:\/\/frosthotel.ee\/fi\/ravintola-parnussa\/","og_site_name":"Frost Boutique Hotel","article_publisher":"https:\/\/www.facebook.com\/frostboutiquehotel\/","article_modified_time":"2025-10-31T10:34:49+00:00","og_image":[{"width":2016,"height":1512,"url":"https:\/\/frosthotel.ee\/wp-content\/uploads\/2021\/04\/Frost-Boutique-Hotell.jpg","type":"image\/jpeg"}],"twitter_card":"summary_large_image","schema":{"@context":"https:\/\/schema.org","@graph":[{"@type":"WebPage","@id":"https:\/\/frosthotel.ee\/fi\/ravintola-parnussa\/","url":"https:\/\/frosthotel.ee\/fi\/ravintola-parnussa\/","name":"Ravintola P\u00e4rnussa | Frost Boutique -hotellin ravintola","isPartOf":{"@id":"https:\/\/frosthotel.ee\/fi\/#website"},"datePublished":"2015-07-09T12:47:23+00:00","dateModified":"2025-10-31T10:34:49+00:00","description":"Frost Boutique -hotellin ravintola P\u00e4rnussa, sijaitsee P\u00e4rnun keskustassa Virossa. Tarjoamme fine dining -el\u00e4myksen, leipomon ja erinomaisen viinilistan...","breadcrumb":{"@id":"https:\/\/frosthotel.ee\/fi\/ravintola-parnussa\/#breadcrumb"},"inLanguage":"fi","potentialAction":[{"@type":"ReadAction","target":["https:\/\/frosthotel.ee\/fi\/ravintola-parnussa\/"]}]},{"@type":"BreadcrumbList","@id":"https:\/\/frosthotel.ee\/fi\/ravintola-parnussa\/#breadcrumb","itemListElement":[{"@type":"ListItem","position":1,"name":"Home","item":"https:\/\/frosthotel.ee\/fi\/"},{"@type":"ListItem","position":2,"name":"Ravintola"}]},{"@type":"WebSite","@id":"https:\/\/frosthotel.ee\/fi\/#website","url":"https:\/\/frosthotel.ee\/fi\/","name":"Frost Boutique Hotel","description":"P\u00e4rnu s\u00fcdalinna erakordne butiik-hotell","publisher":{"@id":"https:\/\/frosthotel.ee\/fi\/#organization"},"potentialAction":[{"@type":"SearchAction","target":{"@type":"EntryPoint","urlTemplate":"https:\/\/frosthotel.ee\/fi\/?s={search_term_string}"},"query-input":{"@type":"PropertyValueSpecification","valueRequired":true,"valueName":"search_term_string"}}],"inLanguage":"fi"},{"@type":"Organization","@id":"https:\/\/frosthotel.ee\/fi\/#organization","name":"Frost Boutique Hotel P\u00e4rnu","url":"https:\/\/frosthotel.ee\/fi\/","logo":{"@type":"ImageObject","inLanguage":"fi","@id":"https:\/\/frosthotel.ee\/fi\/#\/schema\/logo\/image\/","url":"https:\/\/frosthotel.ee\/wp-content\/uploads\/2022\/04\/Frost_logo-02.png","contentUrl":"https:\/\/frosthotel.ee\/wp-content\/uploads\/2022\/04\/Frost_logo-02.png","width":3545,"height":1772,"caption":"Frost Boutique Hotel P\u00e4rnu"},"image":{"@id":"https:\/\/frosthotel.ee\/fi\/#\/schema\/logo\/image\/"},"sameAs":["https:\/\/www.facebook.com\/frostboutiquehotel\/","https:\/\/www.instagram.com\/frostboutiquehotel\/"]}]}},"_links":{"self":[{"href":"https:\/\/frosthotel.ee\/fi\/wp-json\/wp\/v2\/pages\/3037","targetHints":{"allow":["GET"]}}],"collection":[{"href":"https:\/\/frosthotel.ee\/fi\/wp-json\/wp\/v2\/pages"}],"about":[{"href":"https:\/\/frosthotel.ee\/fi\/wp-json\/wp\/v2\/types\/page"}],"author":[{"embeddable":true,"href":"https:\/\/frosthotel.ee\/fi\/wp-json\/wp\/v2\/users\/1"}],"replies":[{"embeddable":true,"href":"https:\/\/frosthotel.ee\/fi\/wp-json\/wp\/v2\/comments?post=3037"}],"version-history":[{"count":1,"href":"https:\/\/frosthotel.ee\/fi\/wp-json\/wp\/v2\/pages\/3037\/revisions"}],"predecessor-version":[{"id":5769,"href":"https:\/\/frosthotel.ee\/fi\/wp-json\/wp\/v2\/pages\/3037\/revisions\/5769"}],"wp:attachment":[{"href":"https:\/\/frosthotel.ee\/fi\/wp-json\/wp\/v2\/media?parent=3037"}],"curies":[{"name":"wp","href":"https:\/\/api.w.org\/{rel}","templated":true}]}}