{"id":4182,"date":"2021-04-28T13:06:09","date_gmt":"2021-04-28T13:06:09","guid":{"rendered":"https:\/\/frosthotel.ee\/?page_id=4182"},"modified":"2025-02-20T19:52:15","modified_gmt":"2025-02-20T17:52:15","slug":"lux-sviitti","status":"publish","type":"page","link":"https:\/\/frosthotel.ee\/fi\/parnu-majoitus\/lux-sviitti\/","title":{"rendered":"LUX-SVIITTI KAHDELLA MAKUUHUONEELLA JA PARVEKKEELLA"},"content":{"rendered":"<div class='row'><div style='padding-bottom:30px;' class='span8 first-module module_number_1 module_cont  module_text_area'>\r\n                <div class='module_content'>\r\n                    <p>Olohuone, 2 makuuhuonetta, keitti&ouml;nurkkaus, parveke<\/p>\r\n<p>S&auml;ngyn(s&auml;nkyjen) koko(koot): 2 leve&auml;&auml; paris&auml;nky&auml;<\/p>\r\n<p>&nbsp;<\/p>\r\n<p>Ylellinen ja tilava kolmen huoneen sviitti (75 m2) sijaitsee hotellin p&auml;&auml;rakennuksen kolmannessa kerroksessa ja siihen mahtuu enint&auml;&auml;n 4 henke&auml;. LUX-sviitti on kuin unelmien pys&auml;hdyspaikka P&auml;rnun vanhassa kaupungissa ja sen takia sviitti on suosittu kuherruskuukauden ja merkkip&auml;ivien viettopaikka. Terassin mittainen hotellin pihan puolelle avautuva parveke sopii erinomaisesti auringonottoon, kirjan lukemiseen tai iltapalan nauttimiseen. El&auml;v&auml; takkatuli, keitti&ouml;saareke ja massiivipuinen ruokap&ouml;yt&auml; tekev&auml;t LUX-sviitist&auml; viihtyis&auml;n pys&auml;hdyspaikan pariskunnille ja kaveriporukoille. Mahdollisuus nauttia vanhan kaupungin n&auml;kymist&auml; vaahtokylvyss&auml;, toaletti t&auml;ysautomaattisella bidee-istuimella, ylelliset design huonekalut ja korkeat katot ovat kaikin puolin LUX-sviitin nimen arvoisia. Kummassakin makuuhuoneessa on leve&auml; paris&auml;nky ja sviitiss&auml; on my&ouml;s ilmastointi.<\/p>\r\n<p>Ilmainen WiFi-yhteys on saatavilla kaikissa huoneissa.<\/p>\r\n<p>V&auml;hint&auml;&auml;n 15-vuotiaat lapset ovat sviitiss&auml; sallittuja.<\/p>\r\n<p>&nbsp;<\/p>\r\n<p><a href=\"https:\/\/bouk.io\/booking\/frost\/240\/rooms?language=fi&amp;adults=2\"  class=\" shortcode_button btn_small btn_type5\">Varaa huone<\/a><\/p>\r\n                <\/div><\/div><!-- .module_cont --><div style='padding-bottom:30px;' class='span4  module_number_2 module_cont  module_text_area'><div class='bg_title'><h4 style='' class='headInModule'>Huoneissa on<\/h4><\/div>\r\n                <div class='module_content'>\r\n                    <ul>\r\n<li>Taulu-tv,<\/li>\r\n<li>minibaari,<\/li>\r\n<li>WC ja suihku,<\/li>\r\n<li>l&auml;mmitys ja tuuletin,<\/li>\r\n<li>hiustenkuivaaja,<\/li>\r\n<li>tallelokero,<\/li>\r\n<li>vedenkeitin, kahvi ja tee,&nbsp;<\/li>\r\n<li>ylellisi&auml; design huonekaluja,<\/li>\r\n<li>aidosta nahasta rahit,<\/li>\r\n<li>ilmainen WiFi,<\/li>\r\n<li>Elemis kylpyhuonetarvikkeet.<\/li>\r\n<\/ul>\r\n                <\/div><\/div><!-- .module_cont --><\/div><div class='row'><div style='padding-bottom:30px;' class='span12  module_number_3 module_cont  module_divider'><hr class=\"type3 \"><\/div><!-- .module_cont --><\/div><div class='row'><div style='padding-bottom:30px;' class='span12  module_number_4 module_cont  module_gallery'><div class='bg_title'><h2 style='' class='headInModule'>Kuvagalleria<\/h2><\/div><div class='list-of-images images_in_a_row_4'>\r\n                        <div class=\"gallery_item\">\r\n\t\t\t\t\t\t\t<div class=\"gallery_item_padding\">\r\n\t\t\t\t\t\t\t\t<div class=\"gallery_item_wrapper\"><a class=\"featured_ico_link swipebox\" rel=\"gallery-module\" href=\"https:\/\/frosthotel.ee\/wp-content\/uploads\/2025\/02\/Lux-sviit-Silver-6--scaled.jpg\" title=\"\"><\/a><img loading=\"lazy\" decoding=\"async\" class=\"gallery-stand-img\" src=\"https:\/\/frosthotel.ee\/wp-content\/uploads\/2025\/02\/Lux-sviit-Silver-6--scaled-570x570.jpg\" alt=\"\" width=\"570\" height=\"570\">\r\n\t\t\t\t\t\t\t\t\t<div class=\"gallery_fadder\"><\/div>\r\n\t\t\t\t\t\t\t\t\t<div class=\"gallery_likes gallery_likes_add \" data-attachid=\"8161\" data-modify=\"like\">\r\n\t\t\t\t\t\t\t\t\t\t<i class=\"stand_icon icon-heart-o\"><\/i>\r\n\t\t\t\t\t\t\t\t\t\t<span>0<\/span>\r\n\t\t\t\t\t\t\t\t\t<\/div>\t\t\t\t\t\t\t\t\t\r\n\t\t\t\t\t\t\t\t<\/div>\r\n\t\t\t\t\t\t\t<\/div>\r\n                        <\/div>\r\n                        \r\n                        <div class=\"gallery_item\">\r\n\t\t\t\t\t\t\t<div class=\"gallery_item_padding\">\r\n\t\t\t\t\t\t\t\t<div class=\"gallery_item_wrapper\"><a class=\"featured_ico_link swipebox\" rel=\"gallery-module\" href=\"https:\/\/frosthotel.ee\/wp-content\/uploads\/2025\/02\/Lux-sviit-Silver-5--scaled.jpg\" title=\"\"><\/a><img loading=\"lazy\" decoding=\"async\" class=\"gallery-stand-img\" src=\"https:\/\/frosthotel.ee\/wp-content\/uploads\/2025\/02\/Lux-sviit-Silver-5--scaled-570x570.jpg\" alt=\"\" width=\"570\" height=\"570\">\r\n\t\t\t\t\t\t\t\t\t<div class=\"gallery_fadder\"><\/div>\r\n\t\t\t\t\t\t\t\t\t<div class=\"gallery_likes gallery_likes_add \" data-attachid=\"8156\" data-modify=\"like\">\r\n\t\t\t\t\t\t\t\t\t\t<i class=\"stand_icon icon-heart-o\"><\/i>\r\n\t\t\t\t\t\t\t\t\t\t<span>0<\/span>\r\n\t\t\t\t\t\t\t\t\t<\/div>\t\t\t\t\t\t\t\t\t\r\n\t\t\t\t\t\t\t\t<\/div>\r\n\t\t\t\t\t\t\t<\/div>\r\n                        <\/div>\r\n                        \r\n                        <div class=\"gallery_item\">\r\n\t\t\t\t\t\t\t<div class=\"gallery_item_padding\">\r\n\t\t\t\t\t\t\t\t<div class=\"gallery_item_wrapper\"><a class=\"featured_ico_link swipebox\" rel=\"gallery-module\" href=\"https:\/\/frosthotel.ee\/wp-content\/uploads\/2025\/02\/Lux-sviit-Silver-4--scaled.jpg\" title=\"\"><\/a><img loading=\"lazy\" decoding=\"async\" class=\"gallery-stand-img\" src=\"https:\/\/frosthotel.ee\/wp-content\/uploads\/2025\/02\/Lux-sviit-Silver-4--scaled-570x570.jpg\" alt=\"\" width=\"570\" height=\"570\">\r\n\t\t\t\t\t\t\t\t\t<div class=\"gallery_fadder\"><\/div>\r\n\t\t\t\t\t\t\t\t\t<div class=\"gallery_likes gallery_likes_add \" data-attachid=\"8151\" data-modify=\"like\">\r\n\t\t\t\t\t\t\t\t\t\t<i class=\"stand_icon icon-heart-o\"><\/i>\r\n\t\t\t\t\t\t\t\t\t\t<span>0<\/span>\r\n\t\t\t\t\t\t\t\t\t<\/div>\t\t\t\t\t\t\t\t\t\r\n\t\t\t\t\t\t\t\t<\/div>\r\n\t\t\t\t\t\t\t<\/div>\r\n                        <\/div>\r\n                        \r\n                        <div class=\"gallery_item\">\r\n\t\t\t\t\t\t\t<div class=\"gallery_item_padding\">\r\n\t\t\t\t\t\t\t\t<div class=\"gallery_item_wrapper\"><a class=\"featured_ico_link swipebox\" rel=\"gallery-module\" href=\"https:\/\/frosthotel.ee\/wp-content\/uploads\/2025\/02\/Lux-sviit-Silver-1--scaled.jpg\" title=\"\"><\/a><img loading=\"lazy\" decoding=\"async\" class=\"gallery-stand-img\" src=\"https:\/\/frosthotel.ee\/wp-content\/uploads\/2025\/02\/Lux-sviit-Silver-1--scaled-570x570.jpg\" alt=\"\" width=\"570\" height=\"570\">\r\n\t\t\t\t\t\t\t\t\t<div class=\"gallery_fadder\"><\/div>\r\n\t\t\t\t\t\t\t\t\t<div class=\"gallery_likes gallery_likes_add \" data-attachid=\"8146\" data-modify=\"like\">\r\n\t\t\t\t\t\t\t\t\t\t<i class=\"stand_icon icon-heart-o\"><\/i>\r\n\t\t\t\t\t\t\t\t\t\t<span>0<\/span>\r\n\t\t\t\t\t\t\t\t\t<\/div>\t\t\t\t\t\t\t\t\t\r\n\t\t\t\t\t\t\t\t<\/div>\r\n\t\t\t\t\t\t\t<\/div>\r\n                        <\/div>\r\n                        \r\n                        <div class=\"gallery_item\">\r\n\t\t\t\t\t\t\t<div class=\"gallery_item_padding\">\r\n\t\t\t\t\t\t\t\t<div class=\"gallery_item_wrapper\"><a class=\"featured_ico_link swipebox\" rel=\"gallery-module\" href=\"https:\/\/frosthotel.ee\/wp-content\/uploads\/2025\/02\/Lux-sviit-Sillver-3--scaled.jpg\" title=\"\"><\/a><img loading=\"lazy\" decoding=\"async\" class=\"gallery-stand-img\" src=\"https:\/\/frosthotel.ee\/wp-content\/uploads\/2025\/02\/Lux-sviit-Sillver-3--scaled-570x570.jpg\" alt=\"\" width=\"570\" height=\"570\">\r\n\t\t\t\t\t\t\t\t\t<div class=\"gallery_fadder\"><\/div>\r\n\t\t\t\t\t\t\t\t\t<div class=\"gallery_likes gallery_likes_add \" data-attachid=\"8141\" data-modify=\"like\">\r\n\t\t\t\t\t\t\t\t\t\t<i class=\"stand_icon icon-heart-o\"><\/i>\r\n\t\t\t\t\t\t\t\t\t\t<span>0<\/span>\r\n\t\t\t\t\t\t\t\t\t<\/div>\t\t\t\t\t\t\t\t\t\r\n\t\t\t\t\t\t\t\t<\/div>\r\n\t\t\t\t\t\t\t<\/div>\r\n                        <\/div>\r\n                        \r\n                        <div class=\"gallery_item\">\r\n\t\t\t\t\t\t\t<div class=\"gallery_item_padding\">\r\n\t\t\t\t\t\t\t\t<div class=\"gallery_item_wrapper\"><a class=\"featured_ico_link swipebox\" rel=\"gallery-module\" href=\"https:\/\/frosthotel.ee\/wp-content\/uploads\/2025\/02\/Lix-sviit-Silver-2--scaled.jpg\" title=\"\"><\/a><img loading=\"lazy\" decoding=\"async\" class=\"gallery-stand-img\" src=\"https:\/\/frosthotel.ee\/wp-content\/uploads\/2025\/02\/Lix-sviit-Silver-2--scaled-570x570.jpg\" alt=\"\" width=\"570\" height=\"570\">\r\n\t\t\t\t\t\t\t\t\t<div class=\"gallery_fadder\"><\/div>\r\n\t\t\t\t\t\t\t\t\t<div class=\"gallery_likes gallery_likes_add \" data-attachid=\"8136\" data-modify=\"like\">\r\n\t\t\t\t\t\t\t\t\t\t<i class=\"stand_icon icon-heart-o\"><\/i>\r\n\t\t\t\t\t\t\t\t\t\t<span>0<\/span>\r\n\t\t\t\t\t\t\t\t\t<\/div>\t\t\t\t\t\t\t\t\t\r\n\t\t\t\t\t\t\t\t<\/div>\r\n\t\t\t\t\t\t\t<\/div>\r\n                        <\/div>\r\n                        \r\n            <div class='clear'><\/div>\r\n            <\/div>\r\n            <\/div><!-- .module_cont --><\/div>","protected":false},"excerpt":{"rendered":"<p>Olohuone, 2 makuuhuonetta, keitti&ouml;nurkkaus, parveke S&auml;ngyn(s&auml;nkyjen) koko(koot): 2 leve&auml;&auml; paris&auml;nky&auml; &nbsp; Ylellinen ja tilava kolmen huoneen sviitti (75 m2) sijaitsee hotellin p&auml;&auml;rakennuksen kolmannessa kerroksessa ja siihen mahtuu enint&auml;&auml;n 4 henke&auml;. LUX-sviitti on kuin unelmien pys&auml;hdyspaikka P&auml;rnun vanhassa kaupungissa ja sen takia sviitti on suosittu kuherruskuukauden ja merkkip&auml;ivien viettopaikka. Terassin mittainen hotellin pihan puolelle avautuva parveke sopii erinomaisesti auringonottoon, kirjan lukemiseen tai iltapalan nauttimiseen. El&auml;v&auml; takkatuli, keitti&ouml;saareke ja massiivipuinen ruokap&ouml;yt&auml; tekev&auml;t LUX-sviitist&auml; viihtyis&auml;n pys&auml;hdyspaikan pariskunnille ja kaveriporukoille. Mahdollisuus nauttia vanhan kaupungin n&auml;kymist&auml; vaahtokylvyss&auml;, toaletti t&auml;ysautomaattisella bidee-istuimella, ylelliset design huonekalut ja korkeat katot ovat kaikin puolin LUX-sviitin nimen arvoisia. Kummassakin makuuhuoneessa on leve&auml; paris&auml;nky ja sviitiss&auml; on my&ouml;s ilmastointi. Ilmainen WiFi-yhteys on saatavilla kaikissa huoneissa. V&auml;hint&auml;&auml;n 15-vuotiaat lapset ovat sviitiss&auml; sallittuja. &nbsp; Varaa huone Huoneissa on Taulu-tv, minibaari, WC ja suihku, l&auml;mmitys ja tuuletin, hiustenkuivaaja, tallelokero, vedenkeitin, kahvi ja tee,&nbsp; ylellisi&auml; design huonekaluja, aidosta nahasta rahit, ilmainen WiFi, Elemis kylpyhuonetarvikkeet. Kuvagalleria 0 0 0 0 0 0<\/p>\n","protected":false},"author":2,"featured_media":0,"parent":2868,"menu_order":0,"comment_status":"closed","ping_status":"closed","template":"page-center.php","meta":{"_acf_changed":false,"footnotes":""},"class_list":["post-4182","page","type-page","status-publish","hentry"],"acf":[],"yoast_head":"<!-- This site is optimized with the Yoast SEO Premium plugin v20.6 (Yoast SEO v27.3) - https:\/\/yoast.com\/product\/yoast-seo-premium-wordpress\/ -->\n<title>Sviitti P\u00e4rnussa | Frost Boutique Hotelli P\u00e4rnussa<\/title>\n<meta name=\"description\" content=\"Frost Boutique Hotelli tarjoaa ylellist\u00e4 majoitusta P\u00e4rnussa tilavissa Sviiteiss\u00e4\u00e4n. Kaikissa sviiteiss\u00e4 on yksityinen parveke ja oma istuinalue\" \/>\n<meta name=\"robots\" content=\"index, follow, max-snippet:-1, max-image-preview:large, max-video-preview:-1\" \/>\n<link rel=\"canonical\" href=\"https:\/\/frosthotel.ee\/fi\/parnu-majoitus\/lux-sviitti\/\" \/>\n<meta property=\"og:locale\" content=\"fi_FI\" \/>\n<meta property=\"og:type\" content=\"article\" \/>\n<meta property=\"og:title\" content=\"LUX-SVIITTI KAHDELLA MAKUUHUONEELLA JA PARVEKKEELLA\" \/>\n<meta property=\"og:description\" content=\"Frost Boutique Hotelli tarjoaa ylellist\u00e4 majoitusta P\u00e4rnussa tilavissa Sviiteiss\u00e4\u00e4n. Kaikissa sviiteiss\u00e4 on yksityinen parveke ja oma istuinalue\" \/>\n<meta property=\"og:url\" content=\"https:\/\/frosthotel.ee\/fi\/parnu-majoitus\/lux-sviitti\/\" \/>\n<meta property=\"og:site_name\" content=\"Frost Boutique Hotel\" \/>\n<meta property=\"article:publisher\" content=\"https:\/\/www.facebook.com\/frostboutiquehotel\/\" \/>\n<meta property=\"article:modified_time\" content=\"2025-02-20T17:52:15+00:00\" \/>\n<meta property=\"og:image\" content=\"https:\/\/frosthotel.ee\/wp-content\/uploads\/2021\/04\/Frost-Boutique-Hotell.jpg\" \/>\n\t<meta property=\"og:image:width\" content=\"2016\" \/>\n\t<meta property=\"og:image:height\" content=\"1512\" \/>\n\t<meta property=\"og:image:type\" content=\"image\/jpeg\" \/>\n<meta name=\"twitter:card\" content=\"summary_large_image\" \/>\n<script type=\"application\/ld+json\" class=\"yoast-schema-graph\">{\"@context\":\"https:\\\/\\\/schema.org\",\"@graph\":[{\"@type\":\"WebPage\",\"@id\":\"https:\\\/\\\/frosthotel.ee\\\/fi\\\/parnu-majoitus\\\/lux-sviitti\\\/\",\"url\":\"https:\\\/\\\/frosthotel.ee\\\/fi\\\/parnu-majoitus\\\/lux-sviitti\\\/\",\"name\":\"Sviitti P\u00e4rnussa | Frost Boutique Hotelli P\u00e4rnussa\",\"isPartOf\":{\"@id\":\"https:\\\/\\\/frosthotel.ee\\\/fi\\\/#website\"},\"datePublished\":\"2021-04-28T13:06:09+00:00\",\"dateModified\":\"2025-02-20T17:52:15+00:00\",\"description\":\"Frost Boutique Hotelli tarjoaa ylellist\u00e4 majoitusta P\u00e4rnussa tilavissa Sviiteiss\u00e4\u00e4n. Kaikissa sviiteiss\u00e4 on yksityinen parveke ja oma istuinalue\",\"breadcrumb\":{\"@id\":\"https:\\\/\\\/frosthotel.ee\\\/fi\\\/parnu-majoitus\\\/lux-sviitti\\\/#breadcrumb\"},\"inLanguage\":\"fi\",\"potentialAction\":[{\"@type\":\"ReadAction\",\"target\":[\"https:\\\/\\\/frosthotel.ee\\\/fi\\\/parnu-majoitus\\\/lux-sviitti\\\/\"]}]},{\"@type\":\"BreadcrumbList\",\"@id\":\"https:\\\/\\\/frosthotel.ee\\\/fi\\\/parnu-majoitus\\\/lux-sviitti\\\/#breadcrumb\",\"itemListElement\":[{\"@type\":\"ListItem\",\"position\":1,\"name\":\"Home\",\"item\":\"https:\\\/\\\/frosthotel.ee\\\/fi\\\/\"},{\"@type\":\"ListItem\",\"position\":2,\"name\":\"Huoneet\",\"item\":\"https:\\\/\\\/frosthotel.ee\\\/fi\\\/parnu-majoitus\\\/\"},{\"@type\":\"ListItem\",\"position\":3,\"name\":\"LUX-SVIITTI KAHDELLA MAKUUHUONEELLA JA PARVEKKEELLA\"}]},{\"@type\":\"WebSite\",\"@id\":\"https:\\\/\\\/frosthotel.ee\\\/fi\\\/#website\",\"url\":\"https:\\\/\\\/frosthotel.ee\\\/fi\\\/\",\"name\":\"Frost Boutique Hotel\",\"description\":\"P\u00e4rnu s\u00fcdalinna erakordne butiik-hotell\",\"publisher\":{\"@id\":\"https:\\\/\\\/frosthotel.ee\\\/fi\\\/#organization\"},\"potentialAction\":[{\"@type\":\"SearchAction\",\"target\":{\"@type\":\"EntryPoint\",\"urlTemplate\":\"https:\\\/\\\/frosthotel.ee\\\/fi\\\/?s={search_term_string}\"},\"query-input\":{\"@type\":\"PropertyValueSpecification\",\"valueRequired\":true,\"valueName\":\"search_term_string\"}}],\"inLanguage\":\"fi\"},{\"@type\":\"Organization\",\"@id\":\"https:\\\/\\\/frosthotel.ee\\\/fi\\\/#organization\",\"name\":\"Frost Boutique Hotel P\u00e4rnu\",\"url\":\"https:\\\/\\\/frosthotel.ee\\\/fi\\\/\",\"logo\":{\"@type\":\"ImageObject\",\"inLanguage\":\"fi\",\"@id\":\"https:\\\/\\\/frosthotel.ee\\\/fi\\\/#\\\/schema\\\/logo\\\/image\\\/\",\"url\":\"https:\\\/\\\/frosthotel.ee\\\/wp-content\\\/uploads\\\/2022\\\/04\\\/Frost_logo-02.png\",\"contentUrl\":\"https:\\\/\\\/frosthotel.ee\\\/wp-content\\\/uploads\\\/2022\\\/04\\\/Frost_logo-02.png\",\"width\":3545,\"height\":1772,\"caption\":\"Frost Boutique Hotel P\u00e4rnu\"},\"image\":{\"@id\":\"https:\\\/\\\/frosthotel.ee\\\/fi\\\/#\\\/schema\\\/logo\\\/image\\\/\"},\"sameAs\":[\"https:\\\/\\\/www.facebook.com\\\/frostboutiquehotel\\\/\",\"https:\\\/\\\/www.instagram.com\\\/frostboutiquehotel\\\/\"]}]}<\/script>\n<!-- \/ Yoast SEO Premium plugin. -->","yoast_head_json":{"title":"Sviitti P\u00e4rnussa | Frost Boutique Hotelli P\u00e4rnussa","description":"Frost Boutique Hotelli tarjoaa ylellist\u00e4 majoitusta P\u00e4rnussa tilavissa Sviiteiss\u00e4\u00e4n. Kaikissa sviiteiss\u00e4 on yksityinen parveke ja oma istuinalue","robots":{"index":"index","follow":"follow","max-snippet":"max-snippet:-1","max-image-preview":"max-image-preview:large","max-video-preview":"max-video-preview:-1"},"canonical":"https:\/\/frosthotel.ee\/fi\/parnu-majoitus\/lux-sviitti\/","og_locale":"fi_FI","og_type":"article","og_title":"LUX-SVIITTI KAHDELLA MAKUUHUONEELLA JA PARVEKKEELLA","og_description":"Frost Boutique Hotelli tarjoaa ylellist\u00e4 majoitusta P\u00e4rnussa tilavissa Sviiteiss\u00e4\u00e4n. Kaikissa sviiteiss\u00e4 on yksityinen parveke ja oma istuinalue","og_url":"https:\/\/frosthotel.ee\/fi\/parnu-majoitus\/lux-sviitti\/","og_site_name":"Frost Boutique Hotel","article_publisher":"https:\/\/www.facebook.com\/frostboutiquehotel\/","article_modified_time":"2025-02-20T17:52:15+00:00","og_image":[{"width":2016,"height":1512,"url":"https:\/\/frosthotel.ee\/wp-content\/uploads\/2021\/04\/Frost-Boutique-Hotell.jpg","type":"image\/jpeg"}],"twitter_card":"summary_large_image","schema":{"@context":"https:\/\/schema.org","@graph":[{"@type":"WebPage","@id":"https:\/\/frosthotel.ee\/fi\/parnu-majoitus\/lux-sviitti\/","url":"https:\/\/frosthotel.ee\/fi\/parnu-majoitus\/lux-sviitti\/","name":"Sviitti P\u00e4rnussa | Frost Boutique Hotelli P\u00e4rnussa","isPartOf":{"@id":"https:\/\/frosthotel.ee\/fi\/#website"},"datePublished":"2021-04-28T13:06:09+00:00","dateModified":"2025-02-20T17:52:15+00:00","description":"Frost Boutique Hotelli tarjoaa ylellist\u00e4 majoitusta P\u00e4rnussa tilavissa Sviiteiss\u00e4\u00e4n. Kaikissa sviiteiss\u00e4 on yksityinen parveke ja oma istuinalue","breadcrumb":{"@id":"https:\/\/frosthotel.ee\/fi\/parnu-majoitus\/lux-sviitti\/#breadcrumb"},"inLanguage":"fi","potentialAction":[{"@type":"ReadAction","target":["https:\/\/frosthotel.ee\/fi\/parnu-majoitus\/lux-sviitti\/"]}]},{"@type":"BreadcrumbList","@id":"https:\/\/frosthotel.ee\/fi\/parnu-majoitus\/lux-sviitti\/#breadcrumb","itemListElement":[{"@type":"ListItem","position":1,"name":"Home","item":"https:\/\/frosthotel.ee\/fi\/"},{"@type":"ListItem","position":2,"name":"Huoneet","item":"https:\/\/frosthotel.ee\/fi\/parnu-majoitus\/"},{"@type":"ListItem","position":3,"name":"LUX-SVIITTI KAHDELLA MAKUUHUONEELLA JA PARVEKKEELLA"}]},{"@type":"WebSite","@id":"https:\/\/frosthotel.ee\/fi\/#website","url":"https:\/\/frosthotel.ee\/fi\/","name":"Frost Boutique Hotel","description":"P\u00e4rnu s\u00fcdalinna erakordne butiik-hotell","publisher":{"@id":"https:\/\/frosthotel.ee\/fi\/#organization"},"potentialAction":[{"@type":"SearchAction","target":{"@type":"EntryPoint","urlTemplate":"https:\/\/frosthotel.ee\/fi\/?s={search_term_string}"},"query-input":{"@type":"PropertyValueSpecification","valueRequired":true,"valueName":"search_term_string"}}],"inLanguage":"fi"},{"@type":"Organization","@id":"https:\/\/frosthotel.ee\/fi\/#organization","name":"Frost Boutique Hotel P\u00e4rnu","url":"https:\/\/frosthotel.ee\/fi\/","logo":{"@type":"ImageObject","inLanguage":"fi","@id":"https:\/\/frosthotel.ee\/fi\/#\/schema\/logo\/image\/","url":"https:\/\/frosthotel.ee\/wp-content\/uploads\/2022\/04\/Frost_logo-02.png","contentUrl":"https:\/\/frosthotel.ee\/wp-content\/uploads\/2022\/04\/Frost_logo-02.png","width":3545,"height":1772,"caption":"Frost Boutique Hotel P\u00e4rnu"},"image":{"@id":"https:\/\/frosthotel.ee\/fi\/#\/schema\/logo\/image\/"},"sameAs":["https:\/\/www.facebook.com\/frostboutiquehotel\/","https:\/\/www.instagram.com\/frostboutiquehotel\/"]}]}},"_links":{"self":[{"href":"https:\/\/frosthotel.ee\/fi\/wp-json\/wp\/v2\/pages\/4182","targetHints":{"allow":["GET"]}}],"collection":[{"href":"https:\/\/frosthotel.ee\/fi\/wp-json\/wp\/v2\/pages"}],"about":[{"href":"https:\/\/frosthotel.ee\/fi\/wp-json\/wp\/v2\/types\/page"}],"author":[{"embeddable":true,"href":"https:\/\/frosthotel.ee\/fi\/wp-json\/wp\/v2\/users\/2"}],"replies":[{"embeddable":true,"href":"https:\/\/frosthotel.ee\/fi\/wp-json\/wp\/v2\/comments?post=4182"}],"version-history":[{"count":1,"href":"https:\/\/frosthotel.ee\/fi\/wp-json\/wp\/v2\/pages\/4182\/revisions"}],"predecessor-version":[{"id":5764,"href":"https:\/\/frosthotel.ee\/fi\/wp-json\/wp\/v2\/pages\/4182\/revisions\/5764"}],"up":[{"embeddable":true,"href":"https:\/\/frosthotel.ee\/fi\/wp-json\/wp\/v2\/pages\/2868"}],"wp:attachment":[{"href":"https:\/\/frosthotel.ee\/fi\/wp-json\/wp\/v2\/media?parent=4182"}],"curies":[{"name":"wp","href":"https:\/\/api.w.org\/{rel}","templated":true}]}}