{"id":5770,"date":"2015-07-10T11:58:34","date_gmt":"2015-07-10T08:58:34","guid":{"rendered":"https:\/\/frosthotel.ee\/frost-ilusalong-parnus\/"},"modified":"2021-04-28T13:30:49","modified_gmt":"2021-04-28T13:30:49","slug":"frost-kauneussalonki-parnussa","status":"publish","type":"page","link":"https:\/\/frosthotel.ee\/fi\/frost-kauneussalonki-parnussa\/","title":{"rendered":"Frost Salong"},"content":{"rendered":"<div class='row'><div style='padding-bottom:30px;' class='span8 first-module module_number_1 module_cont  module_text_area'>\r\n                <div class='module_content'>\r\n                    <p><span class='dropcap type2'>F<\/span>rost Salong tarjoaa laadukkaita palveluja ja tuotteita sek&auml; viihtyis&auml;&auml; ymp&auml;rist&ouml;&auml;, keskitymme asiakkaidemme hyvinvointiin ja positiivisten tunteiden luomiseen. Meille on eritt&auml;in t&auml;rke&auml;&auml;, ett&auml; k&auml;ytet&auml;&auml;n laadukkaita tuotteita ja sen takia teemme yhteisty&ouml;t&auml; ylellisen englantilaisen Elemis tuotemerkin sek&auml; k&auml;si- ja jalkahoitotuotteiden osalta Cuccio tuotemerkin kanssa.<\/p>\r\n<p>Elemis on saanut alkunsa 25 vuotta sitten visiosta yhdist&auml;&auml; luonnon tarjoamat biologisesti aktiiviset yhdisteet, tiede ja teknologia sek&auml; kehitt&auml;&auml; hoitotuotteita henkil&ouml;n yksil&ouml;llisten ominaisuuksien ja el&auml;m&auml;ntapojen mukaan.<\/p>\r\n<p>Cuccio Natural&eacute; k&auml;ytt&auml;&auml; parhaan mahdollisen tuloksen saavuttamiseksi vain laadukkaita tehoaineita, tuotteet on kehitetty pitk&auml;n ajan kuluessa taatakseen kynsienhoidon tavanomaista korkeamman tason.<\/p>\r\n<p>&nbsp;<\/p>\r\n<p><a href=\"https:\/\/www.fresha.com\/a\/frost-salong-parnu-kuninga-11-0lxavsxl\/booking?menu=true\" target=\"_blank\" class=\" shortcode_button btn_normal btn_type5\">Varaa hoito<\/a><\/p>\r\n                <\/div><\/div><!-- .module_cont --><div style='padding-bottom:30px;' class='span4  module_number_2 module_cont  module_text_area'><div class='bg_title'><h3 style='' class='headInModule'>Yhteystiedot<\/h3><\/div>\r\n                <div class='module_content'>\r\n                    <p>Puhelin: +372 588 566 52<\/p>\r\n<p>S&auml;hk&ouml;posti: <a href=\"mailto:frostsalong@gmail.com\">frostsalong@gmail.com<\/a><\/p>\r\n<p><a href=\"http:\/\/www.frostsalong.ee\" target=\"_blank\" rel=\"noopener\">www.frostsalong.ee<\/a><\/p>\r\n                <\/div><\/div><!-- .module_cont --><\/div><div class='row'><div style='padding-bottom:30px;' class='span12  module_number_3 module_cont  module_divider'><hr class=\"type3 \"><\/div><!-- .module_cont --><\/div><div class='row'><div style='padding-bottom:30px;' class='span12  module_number_4 module_cont  module_gallery'><div class='list-of-images images_in_a_row_4'>\r\n                        <div class=\"gallery_item\">\r\n\t\t\t\t\t\t\t<div class=\"gallery_item_padding\">\r\n\t\t\t\t\t\t\t\t<div class=\"gallery_item_wrapper\"><a class=\"featured_ico_link swipebox\" rel=\"gallery-module\" href=\"https:\/\/frosthotel.ee\/wp-content\/uploads\/2017\/01\/Frost_ilusalong-scaled.jpg\" title=\"\"><\/a><img loading=\"lazy\" decoding=\"async\" class=\"gallery-stand-img\" src=\"https:\/\/frosthotel.ee\/wp-content\/uploads\/2017\/01\/Frost_ilusalong-scaled-570x570.jpg\" alt=\"\" width=\"570\" height=\"570\">\r\n\t\t\t\t\t\t\t\t\t<div class=\"gallery_fadder\"><\/div>\r\n\t\t\t\t\t\t\t\t\t<div class=\"gallery_likes gallery_likes_add \" data-attachid=\"4825\" data-modify=\"like\">\r\n\t\t\t\t\t\t\t\t\t\t<i class=\"stand_icon icon-heart-o\"><\/i>\r\n\t\t\t\t\t\t\t\t\t\t<span>0<\/span>\r\n\t\t\t\t\t\t\t\t\t<\/div>\t\t\t\t\t\t\t\t\t\r\n\t\t\t\t\t\t\t\t<\/div>\r\n\t\t\t\t\t\t\t<\/div>\r\n                        <\/div>\r\n                        \r\n                        <div class=\"gallery_item\">\r\n\t\t\t\t\t\t\t<div class=\"gallery_item_padding\">\r\n\t\t\t\t\t\t\t\t<div class=\"gallery_item_wrapper\"><a class=\"featured_ico_link swipebox\" rel=\"gallery-module\" href=\"https:\/\/frosthotel.ee\/wp-content\/uploads\/2017\/01\/Frost_Salong_Parnu-scaled.jpg\" title=\"\"><\/a><img loading=\"lazy\" decoding=\"async\" class=\"gallery-stand-img\" src=\"https:\/\/frosthotel.ee\/wp-content\/uploads\/2017\/01\/Frost_Salong_Parnu-scaled-570x570.jpg\" alt=\"\" width=\"570\" height=\"570\">\r\n\t\t\t\t\t\t\t\t\t<div class=\"gallery_fadder\"><\/div>\r\n\t\t\t\t\t\t\t\t\t<div class=\"gallery_likes gallery_likes_add \" data-attachid=\"4829\" data-modify=\"like\">\r\n\t\t\t\t\t\t\t\t\t\t<i class=\"stand_icon icon-heart-o\"><\/i>\r\n\t\t\t\t\t\t\t\t\t\t<span>0<\/span>\r\n\t\t\t\t\t\t\t\t\t<\/div>\t\t\t\t\t\t\t\t\t\r\n\t\t\t\t\t\t\t\t<\/div>\r\n\t\t\t\t\t\t\t<\/div>\r\n                        <\/div>\r\n                        \r\n                        <div class=\"gallery_item\">\r\n\t\t\t\t\t\t\t<div class=\"gallery_item_padding\">\r\n\t\t\t\t\t\t\t\t<div class=\"gallery_item_wrapper\"><a class=\"featured_ico_link swipebox\" rel=\"gallery-module\" href=\"https:\/\/frosthotel.ee\/wp-content\/uploads\/2017\/01\/Frost-Boutique-Ilusalong-Parnu.jpg\" title=\"\"><\/a><img loading=\"lazy\" decoding=\"async\" class=\"gallery-stand-img\" src=\"https:\/\/frosthotel.ee\/wp-content\/uploads\/2017\/01\/Frost-Boutique-Ilusalong-Parnu-570x570.jpg\" alt=\"\" width=\"570\" height=\"570\">\r\n\t\t\t\t\t\t\t\t\t<div class=\"gallery_fadder\"><\/div>\r\n\t\t\t\t\t\t\t\t\t<div class=\"gallery_likes gallery_likes_add \" data-attachid=\"4833\" data-modify=\"like\">\r\n\t\t\t\t\t\t\t\t\t\t<i class=\"stand_icon icon-heart-o\"><\/i>\r\n\t\t\t\t\t\t\t\t\t\t<span>0<\/span>\r\n\t\t\t\t\t\t\t\t\t<\/div>\t\t\t\t\t\t\t\t\t\r\n\t\t\t\t\t\t\t\t<\/div>\r\n\t\t\t\t\t\t\t<\/div>\r\n                        <\/div>\r\n                        \r\n                        <div class=\"gallery_item\">\r\n\t\t\t\t\t\t\t<div class=\"gallery_item_padding\">\r\n\t\t\t\t\t\t\t\t<div class=\"gallery_item_wrapper\"><a class=\"featured_ico_link swipebox\" rel=\"gallery-module\" href=\"https:\/\/frosthotel.ee\/wp-content\/uploads\/2017\/01\/Ilusalong_Parnu_Frost-Boutique-scaled.jpg\" title=\"\"><\/a><img loading=\"lazy\" decoding=\"async\" class=\"gallery-stand-img\" src=\"https:\/\/frosthotel.ee\/wp-content\/uploads\/2017\/01\/Ilusalong_Parnu_Frost-Boutique-scaled-570x570.jpg\" alt=\"\" width=\"570\" height=\"570\">\r\n\t\t\t\t\t\t\t\t\t<div class=\"gallery_fadder\"><\/div>\r\n\t\t\t\t\t\t\t\t\t<div class=\"gallery_likes gallery_likes_add \" data-attachid=\"4837\" data-modify=\"like\">\r\n\t\t\t\t\t\t\t\t\t\t<i class=\"stand_icon icon-heart-o\"><\/i>\r\n\t\t\t\t\t\t\t\t\t\t<span>0<\/span>\r\n\t\t\t\t\t\t\t\t\t<\/div>\t\t\t\t\t\t\t\t\t\r\n\t\t\t\t\t\t\t\t<\/div>\r\n\t\t\t\t\t\t\t<\/div>\r\n                        <\/div>\r\n                        \r\n                        <div class=\"gallery_item\">\r\n\t\t\t\t\t\t\t<div class=\"gallery_item_padding\">\r\n\t\t\t\t\t\t\t\t<div class=\"gallery_item_wrapper\"><a class=\"featured_ico_link swipebox\" rel=\"gallery-module\" href=\"https:\/\/frosthotel.ee\/wp-content\/uploads\/2017\/01\/Ilusalong_Parnus-Frost-Boutique-scaled.jpg\" title=\"\"><\/a><img loading=\"lazy\" decoding=\"async\" class=\"gallery-stand-img\" src=\"https:\/\/frosthotel.ee\/wp-content\/uploads\/2017\/01\/Ilusalong_Parnus-Frost-Boutique-scaled-570x570.jpg\" alt=\"\" width=\"570\" height=\"570\">\r\n\t\t\t\t\t\t\t\t\t<div class=\"gallery_fadder\"><\/div>\r\n\t\t\t\t\t\t\t\t\t<div class=\"gallery_likes gallery_likes_add \" data-attachid=\"4841\" data-modify=\"like\">\r\n\t\t\t\t\t\t\t\t\t\t<i class=\"stand_icon icon-heart-o\"><\/i>\r\n\t\t\t\t\t\t\t\t\t\t<span>0<\/span>\r\n\t\t\t\t\t\t\t\t\t<\/div>\t\t\t\t\t\t\t\t\t\r\n\t\t\t\t\t\t\t\t<\/div>\r\n\t\t\t\t\t\t\t<\/div>\r\n                        <\/div>\r\n                        \r\n                        <div class=\"gallery_item\">\r\n\t\t\t\t\t\t\t<div class=\"gallery_item_padding\">\r\n\t\t\t\t\t\t\t\t<div class=\"gallery_item_wrapper\"><a class=\"featured_ico_link swipebox\" rel=\"gallery-module\" href=\"https:\/\/frosthotel.ee\/wp-content\/uploads\/2017\/01\/Ilusalong-Frost-Boutique-Parnu.jpg\" title=\"\"><\/a><img loading=\"lazy\" decoding=\"async\" class=\"gallery-stand-img\" src=\"https:\/\/frosthotel.ee\/wp-content\/uploads\/2017\/01\/Ilusalong-Frost-Boutique-Parnu-570x570.jpg\" alt=\"\" width=\"570\" height=\"570\">\r\n\t\t\t\t\t\t\t\t\t<div class=\"gallery_fadder\"><\/div>\r\n\t\t\t\t\t\t\t\t\t<div class=\"gallery_likes gallery_likes_add \" data-attachid=\"4845\" data-modify=\"like\">\r\n\t\t\t\t\t\t\t\t\t\t<i class=\"stand_icon icon-heart-o\"><\/i>\r\n\t\t\t\t\t\t\t\t\t\t<span>0<\/span>\r\n\t\t\t\t\t\t\t\t\t<\/div>\t\t\t\t\t\t\t\t\t\r\n\t\t\t\t\t\t\t\t<\/div>\r\n\t\t\t\t\t\t\t<\/div>\r\n                        <\/div>\r\n                        \r\n                        <div class=\"gallery_item\">\r\n\t\t\t\t\t\t\t<div class=\"gallery_item_padding\">\r\n\t\t\t\t\t\t\t\t<div class=\"gallery_item_wrapper\"><a class=\"featured_ico_link swipebox\" rel=\"gallery-module\" href=\"https:\/\/frosthotel.ee\/wp-content\/uploads\/2017\/01\/Salong-Parnu-Frost-Boutique.png\" title=\"\"><\/a><img loading=\"lazy\" decoding=\"async\" class=\"gallery-stand-img\" src=\"https:\/\/frosthotel.ee\/wp-content\/uploads\/2017\/01\/Salong-Parnu-Frost-Boutique-570x570.png\" alt=\"\" width=\"570\" height=\"570\">\r\n\t\t\t\t\t\t\t\t\t<div class=\"gallery_fadder\"><\/div>\r\n\t\t\t\t\t\t\t\t\t<div class=\"gallery_likes gallery_likes_add \" data-attachid=\"4849\" data-modify=\"like\">\r\n\t\t\t\t\t\t\t\t\t\t<i class=\"stand_icon icon-heart-o\"><\/i>\r\n\t\t\t\t\t\t\t\t\t\t<span>0<\/span>\r\n\t\t\t\t\t\t\t\t\t<\/div>\t\t\t\t\t\t\t\t\t\r\n\t\t\t\t\t\t\t\t<\/div>\r\n\t\t\t\t\t\t\t<\/div>\r\n                        <\/div>\r\n                        \r\n            <div class='clear'><\/div>\r\n            <\/div>\r\n            <\/div><!-- .module_cont --><\/div>","protected":false},"excerpt":{"rendered":"<p>Frost Salong tarjoaa laadukkaita palveluja ja tuotteita sek&auml; viihtyis&auml;&auml; ymp&auml;rist&ouml;&auml;, keskitymme asiakkaidemme hyvinvointiin ja positiivisten tunteiden luomiseen. Meille on eritt&auml;in t&auml;rke&auml;&auml;, ett&auml; k&auml;ytet&auml;&auml;n laadukkaita tuotteita ja sen takia teemme yhteisty&ouml;t&auml; ylellisen englantilaisen Elemis tuotemerkin sek&auml; k&auml;si- ja jalkahoitotuotteiden osalta Cuccio tuotemerkin kanssa. Elemis on saanut alkunsa 25 vuotta sitten visiosta yhdist&auml;&auml; luonnon tarjoamat biologisesti aktiiviset yhdisteet, tiede ja teknologia sek&auml; kehitt&auml;&auml; hoitotuotteita henkil&ouml;n yksil&ouml;llisten ominaisuuksien ja el&auml;m&auml;ntapojen mukaan. Cuccio Natural&eacute; k&auml;ytt&auml;&auml; parhaan mahdollisen tuloksen saavuttamiseksi vain laadukkaita tehoaineita, tuotteet on kehitetty pitk&auml;n ajan kuluessa taatakseen kynsienhoidon tavanomaista korkeamman tason. &nbsp; Varaa hoito Yhteystiedot Puhelin: +372 588 566 52 S&auml;hk&ouml;posti: frostsalong@gmail.com www.frostsalong.ee 0 0 0 0 0 0 0<\/p>\n","protected":false},"author":1,"featured_media":0,"parent":0,"menu_order":0,"comment_status":"closed","ping_status":"closed","template":"page-center.php","meta":{"_acf_changed":false,"footnotes":""},"class_list":["post-5770","page","type-page","status-publish","hentry"],"acf":[],"yoast_head":"<!-- This site is optimized with the Yoast SEO Premium plugin v20.6 (Yoast SEO v27.3) - https:\/\/yoast.com\/product\/yoast-seo-premium-wordpress\/ -->\n<title>Frost Salong | Kauneussalonki P\u00e4rnussa<\/title>\n<meta name=\"description\" content=\"Frost Salong on P\u00e4rnun vanhassakaupungissa sijaitseva kauneussalonki, jossa tarjoamme jalka- ja k\u00e4sihoitoa, kosmetologin palveluja ja hierontaa.\" \/>\n<meta name=\"robots\" content=\"index, follow, max-snippet:-1, max-image-preview:large, max-video-preview:-1\" \/>\n<link rel=\"canonical\" href=\"https:\/\/frosthotel.ee\/fi\/frost-kauneussalonki-parnussa\/\" \/>\n<meta property=\"og:locale\" content=\"fi_FI\" \/>\n<meta property=\"og:type\" content=\"article\" \/>\n<meta property=\"og:title\" content=\"Frost Salong\" \/>\n<meta property=\"og:description\" content=\"Frost Salong on P\u00e4rnun vanhassakaupungissa sijaitseva kauneussalonki, jossa tarjoamme jalka- ja k\u00e4sihoitoa, kosmetologin palveluja ja hierontaa.\" \/>\n<meta property=\"og:url\" content=\"https:\/\/frosthotel.ee\/fi\/frost-kauneussalonki-parnussa\/\" \/>\n<meta property=\"og:site_name\" content=\"Frost Boutique Hotel\" \/>\n<meta property=\"article:publisher\" content=\"https:\/\/www.facebook.com\/frostboutiquehotel\/\" \/>\n<meta property=\"article:modified_time\" content=\"2021-04-28T13:30:49+00:00\" \/>\n<meta property=\"og:image\" content=\"https:\/\/frosthotel.ee\/wp-content\/uploads\/2021\/04\/Frost-Boutique-Hotell.jpg\" \/>\n\t<meta property=\"og:image:width\" content=\"2016\" \/>\n\t<meta property=\"og:image:height\" content=\"1512\" \/>\n\t<meta property=\"og:image:type\" content=\"image\/jpeg\" \/>\n<meta name=\"twitter:card\" content=\"summary_large_image\" \/>\n<script type=\"application\/ld+json\" class=\"yoast-schema-graph\">{\"@context\":\"https:\\\/\\\/schema.org\",\"@graph\":[{\"@type\":\"WebPage\",\"@id\":\"https:\\\/\\\/frosthotel.ee\\\/fi\\\/frost-kauneussalonki-parnussa\\\/\",\"url\":\"https:\\\/\\\/frosthotel.ee\\\/fi\\\/frost-kauneussalonki-parnussa\\\/\",\"name\":\"Frost Salong | Kauneussalonki P\u00e4rnussa\",\"isPartOf\":{\"@id\":\"https:\\\/\\\/frosthotel.ee\\\/fi\\\/#website\"},\"datePublished\":\"2015-07-10T08:58:34+00:00\",\"dateModified\":\"2021-04-28T13:30:49+00:00\",\"description\":\"Frost Salong on P\u00e4rnun vanhassakaupungissa sijaitseva kauneussalonki, jossa tarjoamme jalka- ja k\u00e4sihoitoa, kosmetologin palveluja ja hierontaa.\",\"breadcrumb\":{\"@id\":\"https:\\\/\\\/frosthotel.ee\\\/fi\\\/frost-kauneussalonki-parnussa\\\/#breadcrumb\"},\"inLanguage\":\"fi\",\"potentialAction\":[{\"@type\":\"ReadAction\",\"target\":[\"https:\\\/\\\/frosthotel.ee\\\/fi\\\/frost-kauneussalonki-parnussa\\\/\"]}]},{\"@type\":\"BreadcrumbList\",\"@id\":\"https:\\\/\\\/frosthotel.ee\\\/fi\\\/frost-kauneussalonki-parnussa\\\/#breadcrumb\",\"itemListElement\":[{\"@type\":\"ListItem\",\"position\":1,\"name\":\"Home\",\"item\":\"https:\\\/\\\/frosthotel.ee\\\/fi\\\/\"},{\"@type\":\"ListItem\",\"position\":2,\"name\":\"Frost Salong\"}]},{\"@type\":\"WebSite\",\"@id\":\"https:\\\/\\\/frosthotel.ee\\\/fi\\\/#website\",\"url\":\"https:\\\/\\\/frosthotel.ee\\\/fi\\\/\",\"name\":\"Frost Boutique Hotel\",\"description\":\"P\u00e4rnu s\u00fcdalinna erakordne butiik-hotell\",\"publisher\":{\"@id\":\"https:\\\/\\\/frosthotel.ee\\\/fi\\\/#organization\"},\"potentialAction\":[{\"@type\":\"SearchAction\",\"target\":{\"@type\":\"EntryPoint\",\"urlTemplate\":\"https:\\\/\\\/frosthotel.ee\\\/fi\\\/?s={search_term_string}\"},\"query-input\":{\"@type\":\"PropertyValueSpecification\",\"valueRequired\":true,\"valueName\":\"search_term_string\"}}],\"inLanguage\":\"fi\"},{\"@type\":\"Organization\",\"@id\":\"https:\\\/\\\/frosthotel.ee\\\/fi\\\/#organization\",\"name\":\"Frost Boutique Hotel P\u00e4rnu\",\"url\":\"https:\\\/\\\/frosthotel.ee\\\/fi\\\/\",\"logo\":{\"@type\":\"ImageObject\",\"inLanguage\":\"fi\",\"@id\":\"https:\\\/\\\/frosthotel.ee\\\/fi\\\/#\\\/schema\\\/logo\\\/image\\\/\",\"url\":\"https:\\\/\\\/frosthotel.ee\\\/wp-content\\\/uploads\\\/2022\\\/04\\\/Frost_logo-02.png\",\"contentUrl\":\"https:\\\/\\\/frosthotel.ee\\\/wp-content\\\/uploads\\\/2022\\\/04\\\/Frost_logo-02.png\",\"width\":3545,\"height\":1772,\"caption\":\"Frost Boutique Hotel P\u00e4rnu\"},\"image\":{\"@id\":\"https:\\\/\\\/frosthotel.ee\\\/fi\\\/#\\\/schema\\\/logo\\\/image\\\/\"},\"sameAs\":[\"https:\\\/\\\/www.facebook.com\\\/frostboutiquehotel\\\/\",\"https:\\\/\\\/www.instagram.com\\\/frostboutiquehotel\\\/\"]}]}<\/script>\n<!-- \/ Yoast SEO Premium plugin. -->","yoast_head_json":{"title":"Frost Salong | Kauneussalonki P\u00e4rnussa","description":"Frost Salong on P\u00e4rnun vanhassakaupungissa sijaitseva kauneussalonki, jossa tarjoamme jalka- ja k\u00e4sihoitoa, kosmetologin palveluja ja hierontaa.","robots":{"index":"index","follow":"follow","max-snippet":"max-snippet:-1","max-image-preview":"max-image-preview:large","max-video-preview":"max-video-preview:-1"},"canonical":"https:\/\/frosthotel.ee\/fi\/frost-kauneussalonki-parnussa\/","og_locale":"fi_FI","og_type":"article","og_title":"Frost Salong","og_description":"Frost Salong on P\u00e4rnun vanhassakaupungissa sijaitseva kauneussalonki, jossa tarjoamme jalka- ja k\u00e4sihoitoa, kosmetologin palveluja ja hierontaa.","og_url":"https:\/\/frosthotel.ee\/fi\/frost-kauneussalonki-parnussa\/","og_site_name":"Frost Boutique Hotel","article_publisher":"https:\/\/www.facebook.com\/frostboutiquehotel\/","article_modified_time":"2021-04-28T13:30:49+00:00","og_image":[{"width":2016,"height":1512,"url":"https:\/\/frosthotel.ee\/wp-content\/uploads\/2021\/04\/Frost-Boutique-Hotell.jpg","type":"image\/jpeg"}],"twitter_card":"summary_large_image","schema":{"@context":"https:\/\/schema.org","@graph":[{"@type":"WebPage","@id":"https:\/\/frosthotel.ee\/fi\/frost-kauneussalonki-parnussa\/","url":"https:\/\/frosthotel.ee\/fi\/frost-kauneussalonki-parnussa\/","name":"Frost Salong | Kauneussalonki P\u00e4rnussa","isPartOf":{"@id":"https:\/\/frosthotel.ee\/fi\/#website"},"datePublished":"2015-07-10T08:58:34+00:00","dateModified":"2021-04-28T13:30:49+00:00","description":"Frost Salong on P\u00e4rnun vanhassakaupungissa sijaitseva kauneussalonki, jossa tarjoamme jalka- ja k\u00e4sihoitoa, kosmetologin palveluja ja hierontaa.","breadcrumb":{"@id":"https:\/\/frosthotel.ee\/fi\/frost-kauneussalonki-parnussa\/#breadcrumb"},"inLanguage":"fi","potentialAction":[{"@type":"ReadAction","target":["https:\/\/frosthotel.ee\/fi\/frost-kauneussalonki-parnussa\/"]}]},{"@type":"BreadcrumbList","@id":"https:\/\/frosthotel.ee\/fi\/frost-kauneussalonki-parnussa\/#breadcrumb","itemListElement":[{"@type":"ListItem","position":1,"name":"Home","item":"https:\/\/frosthotel.ee\/fi\/"},{"@type":"ListItem","position":2,"name":"Frost Salong"}]},{"@type":"WebSite","@id":"https:\/\/frosthotel.ee\/fi\/#website","url":"https:\/\/frosthotel.ee\/fi\/","name":"Frost Boutique Hotel","description":"P\u00e4rnu s\u00fcdalinna erakordne butiik-hotell","publisher":{"@id":"https:\/\/frosthotel.ee\/fi\/#organization"},"potentialAction":[{"@type":"SearchAction","target":{"@type":"EntryPoint","urlTemplate":"https:\/\/frosthotel.ee\/fi\/?s={search_term_string}"},"query-input":{"@type":"PropertyValueSpecification","valueRequired":true,"valueName":"search_term_string"}}],"inLanguage":"fi"},{"@type":"Organization","@id":"https:\/\/frosthotel.ee\/fi\/#organization","name":"Frost Boutique Hotel P\u00e4rnu","url":"https:\/\/frosthotel.ee\/fi\/","logo":{"@type":"ImageObject","inLanguage":"fi","@id":"https:\/\/frosthotel.ee\/fi\/#\/schema\/logo\/image\/","url":"https:\/\/frosthotel.ee\/wp-content\/uploads\/2022\/04\/Frost_logo-02.png","contentUrl":"https:\/\/frosthotel.ee\/wp-content\/uploads\/2022\/04\/Frost_logo-02.png","width":3545,"height":1772,"caption":"Frost Boutique Hotel P\u00e4rnu"},"image":{"@id":"https:\/\/frosthotel.ee\/fi\/#\/schema\/logo\/image\/"},"sameAs":["https:\/\/www.facebook.com\/frostboutiquehotel\/","https:\/\/www.instagram.com\/frostboutiquehotel\/"]}]}},"_links":{"self":[{"href":"https:\/\/frosthotel.ee\/fi\/wp-json\/wp\/v2\/pages\/5770","targetHints":{"allow":["GET"]}}],"collection":[{"href":"https:\/\/frosthotel.ee\/fi\/wp-json\/wp\/v2\/pages"}],"about":[{"href":"https:\/\/frosthotel.ee\/fi\/wp-json\/wp\/v2\/types\/page"}],"author":[{"embeddable":true,"href":"https:\/\/frosthotel.ee\/fi\/wp-json\/wp\/v2\/users\/1"}],"replies":[{"embeddable":true,"href":"https:\/\/frosthotel.ee\/fi\/wp-json\/wp\/v2\/comments?post=5770"}],"version-history":[{"count":1,"href":"https:\/\/frosthotel.ee\/fi\/wp-json\/wp\/v2\/pages\/5770\/revisions"}],"predecessor-version":[{"id":5771,"href":"https:\/\/frosthotel.ee\/fi\/wp-json\/wp\/v2\/pages\/5770\/revisions\/5771"}],"wp:attachment":[{"href":"https:\/\/frosthotel.ee\/fi\/wp-json\/wp\/v2\/media?parent=5770"}],"curies":[{"name":"wp","href":"https:\/\/api.w.org\/{rel}","templated":true}]}}