{"id":6391,"date":"2022-07-13T11:03:38","date_gmt":"2022-07-13T08:03:38","guid":{"rendered":"https:\/\/frosthotel.ee\/?page_id=6391"},"modified":"2024-04-17T13:40:00","modified_gmt":"2024-04-17T10:40:00","slug":"aamiainen","status":"publish","type":"page","link":"https:\/\/frosthotel.ee\/fi\/aamiainen\/","title":{"rendered":"AAMIAINEN"},"content":{"rendered":"<div class='row'><div style='padding-bottom:30px;' class='span12 first-module module_number_1 module_cont  module_text_area'>\r\n                <div class='module_content'>\r\n                    <p>&nbsp;<\/p>\r\n<p><blockquote class='shortcode_blockquote right type5' style='width:25%;'><div class='blockquote_wrapper'><p>Aamiainen, joka arvostaa p&auml;iv&auml;&auml; ja antaa voimia voittamaan haasteita. Valmistamme itse runsaan aamiaisen tuoreista raaka-aineista. <\/p><div class='author'><\/div><\/div><\/blockquote><span class='dropcap type2'>A<\/span>loita p&auml;iv&auml; Frostin &agrave; la carte aamiaisella, joka arvostaa tuoreita raaka-aineita ja alkavaa p&auml;iv&auml;&auml;. Valikoimassa on aidoista kananmunista valmistettuja munaruokia &ndash; pannumunakas, parmesaanilla h&ouml;ystetty munakokkeli ja avokadoa rapealla ciabatalla, katkarapusalaattia ja avokadoa kirjolohen m&auml;dill&auml;. Suu makeaksi suussa sulavalla mascarponevaahdolla tuoreine mansikkoineen. Lis&auml;ksi tarjoamme samana aamuna uunista otettua ciabattaa, croissanteja ja leip&auml;&auml;. Aromaattista ja vaahtoavaa kahvikoneella valmistettua kahvia, teet&auml; ja appelsiinimehua.*<\/p>\r\n<p>Kysy lis&auml;&auml; henkil&ouml;kunnalta!<\/p>\r\n                <\/div><\/div><!-- .module_cont --><\/div><div class='row'><div style='padding-bottom:30px;' class='span9  module_number_2 module_cont  module_text_area'>\r\n                <div class='module_content'>\r\n                    <p><strong>Tarjoamme aamiaisen Mon Ami -ravintolassa joka p&auml;iv&auml; kello 9 &ndash; 11. Muistathan varata paikat aamiaiselle etuk&auml;teen, koska paikkoja on vain rajoitettu m&auml;&auml;r&auml;.<\/strong><\/p>\r\n                <\/div><\/div><!-- .module_cont --><div style='padding-bottom:30px;' class='span3  module_number_3 module_cont  module_text_area'><div class='bg_title'><h4 style='' class='headInModule'>Yhteystiedot<\/h4><\/div>\r\n                <div class='module_content'>\r\n                    <p>Kuninga 11,&nbsp;P&auml;rnu<br \/>Puhelin:&nbsp;+372 5303 0424<\/p>\r\n<p>&nbsp;<\/p>\r\n                <\/div><\/div><!-- .module_cont --><\/div><div class='row'><div style='padding-bottom:30px;' class='span12  module_number_4 module_cont  module_divider'><hr class=\"type3 \"><\/div><!-- .module_cont --><\/div><div class='row'><div style='padding-bottom:30px;' class='span12  module_number_5 module_cont  module_gallery'><div class='list-of-images images_in_a_row_4'>\r\n                        <div class=\"gallery_item\">\r\n\t\t\t\t\t\t\t<div class=\"gallery_item_padding\">\r\n\t\t\t\t\t\t\t\t<div class=\"gallery_item_wrapper\"><a class=\"featured_ico_link swipebox\" rel=\"gallery-module\" href=\"https:\/\/frosthotel.ee\/wp-content\/uploads\/2022\/05\/4B4A9910-scaled.jpg\" title=\"\"><\/a><img loading=\"lazy\" decoding=\"async\" class=\"gallery-stand-img\" src=\"https:\/\/frosthotel.ee\/wp-content\/uploads\/2022\/05\/4B4A9910-scaled-570x570.jpg\" alt=\"\" width=\"570\" height=\"570\">\r\n\t\t\t\t\t\t\t\t\t<div class=\"gallery_fadder\"><\/div>\r\n\t\t\t\t\t\t\t\t\t<div class=\"gallery_likes gallery_likes_add \" data-attachid=\"6872\" data-modify=\"like\">\r\n\t\t\t\t\t\t\t\t\t\t<i class=\"stand_icon icon-heart-o\"><\/i>\r\n\t\t\t\t\t\t\t\t\t\t<span>0<\/span>\r\n\t\t\t\t\t\t\t\t\t<\/div>\t\t\t\t\t\t\t\t\t\r\n\t\t\t\t\t\t\t\t<\/div>\r\n\t\t\t\t\t\t\t<\/div>\r\n                        <\/div>\r\n                        \r\n                        <div class=\"gallery_item\">\r\n\t\t\t\t\t\t\t<div class=\"gallery_item_padding\">\r\n\t\t\t\t\t\t\t\t<div class=\"gallery_item_wrapper\"><a class=\"featured_ico_link swipebox\" rel=\"gallery-module\" href=\"https:\/\/frosthotel.ee\/wp-content\/uploads\/2022\/05\/4B4A9929-scaled.jpg\" title=\"\"><\/a><img loading=\"lazy\" decoding=\"async\" class=\"gallery-stand-img\" src=\"https:\/\/frosthotel.ee\/wp-content\/uploads\/2022\/05\/4B4A9929-scaled-570x570.jpg\" alt=\"\" width=\"570\" height=\"570\">\r\n\t\t\t\t\t\t\t\t\t<div class=\"gallery_fadder\"><\/div>\r\n\t\t\t\t\t\t\t\t\t<div class=\"gallery_likes gallery_likes_add \" data-attachid=\"6877\" data-modify=\"like\">\r\n\t\t\t\t\t\t\t\t\t\t<i class=\"stand_icon icon-heart-o\"><\/i>\r\n\t\t\t\t\t\t\t\t\t\t<span>0<\/span>\r\n\t\t\t\t\t\t\t\t\t<\/div>\t\t\t\t\t\t\t\t\t\r\n\t\t\t\t\t\t\t\t<\/div>\r\n\t\t\t\t\t\t\t<\/div>\r\n                        <\/div>\r\n                        \r\n                        <div class=\"gallery_item\">\r\n\t\t\t\t\t\t\t<div class=\"gallery_item_padding\">\r\n\t\t\t\t\t\t\t\t<div class=\"gallery_item_wrapper\"><a class=\"featured_ico_link swipebox\" rel=\"gallery-module\" href=\"https:\/\/frosthotel.ee\/wp-content\/uploads\/2022\/05\/image00075-scaled.jpeg\" title=\"\"><\/a><img loading=\"lazy\" decoding=\"async\" class=\"gallery-stand-img\" src=\"https:\/\/frosthotel.ee\/wp-content\/uploads\/2022\/05\/image00075-scaled-570x570.jpeg\" alt=\"\" width=\"570\" height=\"570\">\r\n\t\t\t\t\t\t\t\t\t<div class=\"gallery_fadder\"><\/div>\r\n\t\t\t\t\t\t\t\t\t<div class=\"gallery_likes gallery_likes_add \" data-attachid=\"6526\" data-modify=\"like\">\r\n\t\t\t\t\t\t\t\t\t\t<i class=\"stand_icon icon-heart-o\"><\/i>\r\n\t\t\t\t\t\t\t\t\t\t<span>0<\/span>\r\n\t\t\t\t\t\t\t\t\t<\/div>\t\t\t\t\t\t\t\t\t\r\n\t\t\t\t\t\t\t\t<\/div>\r\n\t\t\t\t\t\t\t<\/div>\r\n                        <\/div>\r\n                        \r\n                        <div class=\"gallery_item\">\r\n\t\t\t\t\t\t\t<div class=\"gallery_item_padding\">\r\n\t\t\t\t\t\t\t\t<div class=\"gallery_item_wrapper\"><a class=\"featured_ico_link swipebox\" rel=\"gallery-module\" href=\"https:\/\/frosthotel.ee\/wp-content\/uploads\/2022\/05\/4B4A9984-scaled.jpg\" title=\"\"><\/a><img loading=\"lazy\" decoding=\"async\" class=\"gallery-stand-img\" src=\"https:\/\/frosthotel.ee\/wp-content\/uploads\/2022\/05\/4B4A9984-scaled-570x570.jpg\" alt=\"\" width=\"570\" height=\"570\">\r\n\t\t\t\t\t\t\t\t\t<div class=\"gallery_fadder\"><\/div>\r\n\t\t\t\t\t\t\t\t\t<div class=\"gallery_likes gallery_likes_add \" data-attachid=\"6882\" data-modify=\"like\">\r\n\t\t\t\t\t\t\t\t\t\t<i class=\"stand_icon icon-heart-o\"><\/i>\r\n\t\t\t\t\t\t\t\t\t\t<span>0<\/span>\r\n\t\t\t\t\t\t\t\t\t<\/div>\t\t\t\t\t\t\t\t\t\r\n\t\t\t\t\t\t\t\t<\/div>\r\n\t\t\t\t\t\t\t<\/div>\r\n                        <\/div>\r\n                        \r\n                        <div class=\"gallery_item\">\r\n\t\t\t\t\t\t\t<div class=\"gallery_item_padding\">\r\n\t\t\t\t\t\t\t\t<div class=\"gallery_item_wrapper\"><a class=\"featured_ico_link swipebox\" rel=\"gallery-module\" href=\"https:\/\/frosthotel.ee\/wp-content\/uploads\/2022\/05\/4B4A0005-scaled.jpg\" title=\"\"><\/a><img loading=\"lazy\" decoding=\"async\" class=\"gallery-stand-img\" src=\"https:\/\/frosthotel.ee\/wp-content\/uploads\/2022\/05\/4B4A0005-scaled-570x570.jpg\" alt=\"\" width=\"570\" height=\"570\">\r\n\t\t\t\t\t\t\t\t\t<div class=\"gallery_fadder\"><\/div>\r\n\t\t\t\t\t\t\t\t\t<div class=\"gallery_likes gallery_likes_add \" data-attachid=\"6867\" data-modify=\"like\">\r\n\t\t\t\t\t\t\t\t\t\t<i class=\"stand_icon icon-heart-o\"><\/i>\r\n\t\t\t\t\t\t\t\t\t\t<span>0<\/span>\r\n\t\t\t\t\t\t\t\t\t<\/div>\t\t\t\t\t\t\t\t\t\r\n\t\t\t\t\t\t\t\t<\/div>\r\n\t\t\t\t\t\t\t<\/div>\r\n                        <\/div>\r\n                        \r\n                        <div class=\"gallery_item\">\r\n\t\t\t\t\t\t\t<div class=\"gallery_item_padding\">\r\n\t\t\t\t\t\t\t\t<div class=\"gallery_item_wrapper\"><a class=\"featured_ico_link swipebox\" rel=\"gallery-module\" href=\"https:\/\/frosthotel.ee\/wp-content\/uploads\/2022\/05\/image00008-scaled.jpeg\" title=\"\"><\/a><img loading=\"lazy\" decoding=\"async\" class=\"gallery-stand-img\" src=\"https:\/\/frosthotel.ee\/wp-content\/uploads\/2022\/05\/image00008-scaled-570x570.jpeg\" alt=\"\" width=\"570\" height=\"570\">\r\n\t\t\t\t\t\t\t\t\t<div class=\"gallery_fadder\"><\/div>\r\n\t\t\t\t\t\t\t\t\t<div class=\"gallery_likes gallery_likes_add \" data-attachid=\"6466\" data-modify=\"like\">\r\n\t\t\t\t\t\t\t\t\t\t<i class=\"stand_icon icon-heart-o\"><\/i>\r\n\t\t\t\t\t\t\t\t\t\t<span>0<\/span>\r\n\t\t\t\t\t\t\t\t\t<\/div>\t\t\t\t\t\t\t\t\t\r\n\t\t\t\t\t\t\t\t<\/div>\r\n\t\t\t\t\t\t\t<\/div>\r\n                        <\/div>\r\n                        \r\n                        <div class=\"gallery_item\">\r\n\t\t\t\t\t\t\t<div class=\"gallery_item_padding\">\r\n\t\t\t\t\t\t\t\t<div class=\"gallery_item_wrapper\"><a class=\"featured_ico_link swipebox\" rel=\"gallery-module\" href=\"https:\/\/frosthotel.ee\/wp-content\/uploads\/2022\/05\/image00076-scaled.jpeg\" title=\"\"><\/a><img loading=\"lazy\" decoding=\"async\" class=\"gallery-stand-img\" src=\"https:\/\/frosthotel.ee\/wp-content\/uploads\/2022\/05\/image00076-scaled-570x570.jpeg\" alt=\"\" width=\"570\" height=\"570\">\r\n\t\t\t\t\t\t\t\t\t<div class=\"gallery_fadder\"><\/div>\r\n\t\t\t\t\t\t\t\t\t<div class=\"gallery_likes gallery_likes_add \" data-attachid=\"6531\" data-modify=\"like\">\r\n\t\t\t\t\t\t\t\t\t\t<i class=\"stand_icon icon-heart-o\"><\/i>\r\n\t\t\t\t\t\t\t\t\t\t<span>0<\/span>\r\n\t\t\t\t\t\t\t\t\t<\/div>\t\t\t\t\t\t\t\t\t\r\n\t\t\t\t\t\t\t\t<\/div>\r\n\t\t\t\t\t\t\t<\/div>\r\n                        <\/div>\r\n                        \r\n                        <div class=\"gallery_item\">\r\n\t\t\t\t\t\t\t<div class=\"gallery_item_padding\">\r\n\t\t\t\t\t\t\t\t<div class=\"gallery_item_wrapper\"><a class=\"featured_ico_link swipebox\" rel=\"gallery-module\" href=\"https:\/\/frosthotel.ee\/wp-content\/uploads\/2022\/05\/image00002-scaled.jpeg\" title=\"\"><\/a><img loading=\"lazy\" decoding=\"async\" class=\"gallery-stand-img\" src=\"https:\/\/frosthotel.ee\/wp-content\/uploads\/2022\/05\/image00002-scaled-570x570.jpeg\" alt=\"\" width=\"570\" height=\"570\">\r\n\t\t\t\t\t\t\t\t\t<div class=\"gallery_fadder\"><\/div>\r\n\t\t\t\t\t\t\t\t\t<div class=\"gallery_likes gallery_likes_add \" data-attachid=\"6436\" data-modify=\"like\">\r\n\t\t\t\t\t\t\t\t\t\t<i class=\"stand_icon icon-heart-o\"><\/i>\r\n\t\t\t\t\t\t\t\t\t\t<span>0<\/span>\r\n\t\t\t\t\t\t\t\t\t<\/div>\t\t\t\t\t\t\t\t\t\r\n\t\t\t\t\t\t\t\t<\/div>\r\n\t\t\t\t\t\t\t<\/div>\r\n                        <\/div>\r\n                        \r\n                        <div class=\"gallery_item\">\r\n\t\t\t\t\t\t\t<div class=\"gallery_item_padding\">\r\n\t\t\t\t\t\t\t\t<div class=\"gallery_item_wrapper\"><a class=\"featured_ico_link swipebox\" rel=\"gallery-module\" href=\"https:\/\/frosthotel.ee\/wp-content\/uploads\/2022\/05\/4B4A9928-scaled.jpg\" title=\"\"><\/a><img loading=\"lazy\" decoding=\"async\" class=\"gallery-stand-img\" src=\"https:\/\/frosthotel.ee\/wp-content\/uploads\/2022\/05\/4B4A9928-scaled-570x570.jpg\" alt=\"\" width=\"570\" height=\"570\">\r\n\t\t\t\t\t\t\t\t\t<div class=\"gallery_fadder\"><\/div>\r\n\t\t\t\t\t\t\t\t\t<div class=\"gallery_likes gallery_likes_add \" data-attachid=\"6902\" data-modify=\"like\">\r\n\t\t\t\t\t\t\t\t\t\t<i class=\"stand_icon icon-heart-o\"><\/i>\r\n\t\t\t\t\t\t\t\t\t\t<span>0<\/span>\r\n\t\t\t\t\t\t\t\t\t<\/div>\t\t\t\t\t\t\t\t\t\r\n\t\t\t\t\t\t\t\t<\/div>\r\n\t\t\t\t\t\t\t<\/div>\r\n                        <\/div>\r\n                        \r\n                        <div class=\"gallery_item\">\r\n\t\t\t\t\t\t\t<div class=\"gallery_item_padding\">\r\n\t\t\t\t\t\t\t\t<div class=\"gallery_item_wrapper\"><a class=\"featured_ico_link swipebox\" rel=\"gallery-module\" href=\"https:\/\/frosthotel.ee\/wp-content\/uploads\/2022\/05\/4B4A9994-scaled.jpg\" title=\"\"><\/a><img loading=\"lazy\" decoding=\"async\" class=\"gallery-stand-img\" src=\"https:\/\/frosthotel.ee\/wp-content\/uploads\/2022\/05\/4B4A9994-scaled-570x570.jpg\" alt=\"\" width=\"570\" height=\"570\">\r\n\t\t\t\t\t\t\t\t\t<div class=\"gallery_fadder\"><\/div>\r\n\t\t\t\t\t\t\t\t\t<div class=\"gallery_likes gallery_likes_add \" data-attachid=\"6887\" data-modify=\"like\">\r\n\t\t\t\t\t\t\t\t\t\t<i class=\"stand_icon icon-heart-o\"><\/i>\r\n\t\t\t\t\t\t\t\t\t\t<span>0<\/span>\r\n\t\t\t\t\t\t\t\t\t<\/div>\t\t\t\t\t\t\t\t\t\r\n\t\t\t\t\t\t\t\t<\/div>\r\n\t\t\t\t\t\t\t<\/div>\r\n                        <\/div>\r\n                        \r\n            <div class='clear'><\/div>\r\n            <\/div>\r\n            <\/div><!-- .module_cont --><\/div>","protected":false},"excerpt":{"rendered":"<p>&nbsp; Aamiainen, joka arvostaa p&auml;iv&auml;&auml; ja antaa voimia voittamaan haasteita. Valmistamme itse runsaan aamiaisen tuoreista raaka-aineista. Aloita p&auml;iv&auml; Frostin &agrave; la carte aamiaisella, joka arvostaa tuoreita raaka-aineita ja alkavaa p&auml;iv&auml;&auml;. Valikoimassa on aidoista kananmunista valmistettuja munaruokia &ndash; pannumunakas, parmesaanilla h&ouml;ystetty munakokkeli ja avokadoa rapealla ciabatalla, katkarapusalaattia ja avokadoa kirjolohen m&auml;dill&auml;. Suu makeaksi suussa sulavalla mascarponevaahdolla tuoreine mansikkoineen. Lis&auml;ksi tarjoamme samana aamuna uunista otettua ciabattaa, croissanteja ja leip&auml;&auml;. Aromaattista ja vaahtoavaa kahvikoneella valmistettua kahvia, teet&auml; ja appelsiinimehua.* Kysy lis&auml;&auml; henkil&ouml;kunnalta! Tarjoamme aamiaisen Mon Ami -ravintolassa joka p&auml;iv&auml; kello 9 &ndash; 11. Muistathan varata paikat aamiaiselle etuk&auml;teen, koska paikkoja on vain rajoitettu m&auml;&auml;r&auml;. Yhteystiedot Kuninga 11,&nbsp;P&auml;rnuPuhelin:&nbsp;+372 5303 0424 &nbsp; 0 0 0 0 0 0 0 0 0 0<\/p>\n","protected":false},"author":6,"featured_media":0,"parent":0,"menu_order":0,"comment_status":"closed","ping_status":"closed","template":"page-center.php","meta":{"_acf_changed":false,"footnotes":""},"class_list":["post-6391","page","type-page","status-publish","hentry"],"acf":[],"yoast_head":"<!-- This site is optimized with the Yoast SEO Premium plugin v20.6 (Yoast SEO v27.5) - https:\/\/yoast.com\/product\/yoast-seo-premium-wordpress\/ -->\n<title>Aamiainen | Frost Boutique -hotellin ravintola<\/title>\n<meta name=\"description\" content=\"Aloita p\u00e4iv\u00e4 Frostin \u00e0 la carte aamiaisella, joka arvostaa tuoreita raaka-aineita ja alkavaa p\u00e4iv\u00e4\u00e4.\" \/>\n<meta name=\"robots\" content=\"index, follow, max-snippet:-1, max-image-preview:large, max-video-preview:-1\" \/>\n<link rel=\"canonical\" href=\"https:\/\/frosthotel.ee\/fi\/aamiainen\/\" \/>\n<meta property=\"og:locale\" content=\"fi_FI\" \/>\n<meta property=\"og:type\" content=\"article\" \/>\n<meta property=\"og:title\" content=\"AAMIAINEN\" \/>\n<meta property=\"og:description\" content=\"Aloita p\u00e4iv\u00e4 Frostin \u00e0 la carte aamiaisella, joka arvostaa tuoreita raaka-aineita ja alkavaa p\u00e4iv\u00e4\u00e4.\" \/>\n<meta property=\"og:url\" content=\"https:\/\/frosthotel.ee\/fi\/aamiainen\/\" \/>\n<meta property=\"og:site_name\" content=\"Frost Boutique Hotel\" \/>\n<meta property=\"article:publisher\" content=\"https:\/\/www.facebook.com\/frostboutiquehotel\/\" \/>\n<meta property=\"article:modified_time\" content=\"2024-04-17T10:40:00+00:00\" \/>\n<meta property=\"og:image\" content=\"https:\/\/frosthotel.ee\/wp-content\/uploads\/2021\/04\/Frost-Boutique-Hotell.jpg\" \/>\n\t<meta property=\"og:image:width\" content=\"2016\" \/>\n\t<meta property=\"og:image:height\" content=\"1512\" \/>\n\t<meta property=\"og:image:type\" content=\"image\/jpeg\" \/>\n<meta name=\"twitter:card\" content=\"summary_large_image\" \/>\n<script type=\"application\/ld+json\" class=\"yoast-schema-graph\">{\"@context\":\"https:\\\/\\\/schema.org\",\"@graph\":[{\"@type\":\"WebPage\",\"@id\":\"https:\\\/\\\/frosthotel.ee\\\/fi\\\/aamiainen\\\/\",\"url\":\"https:\\\/\\\/frosthotel.ee\\\/fi\\\/aamiainen\\\/\",\"name\":\"Aamiainen | Frost Boutique -hotellin ravintola\",\"isPartOf\":{\"@id\":\"https:\\\/\\\/frosthotel.ee\\\/fi\\\/#website\"},\"datePublished\":\"2022-07-13T08:03:38+00:00\",\"dateModified\":\"2024-04-17T10:40:00+00:00\",\"description\":\"Aloita p\u00e4iv\u00e4 Frostin \u00e0 la carte aamiaisella, joka arvostaa tuoreita raaka-aineita ja alkavaa p\u00e4iv\u00e4\u00e4.\",\"breadcrumb\":{\"@id\":\"https:\\\/\\\/frosthotel.ee\\\/fi\\\/aamiainen\\\/#breadcrumb\"},\"inLanguage\":\"fi\",\"potentialAction\":[{\"@type\":\"ReadAction\",\"target\":[\"https:\\\/\\\/frosthotel.ee\\\/fi\\\/aamiainen\\\/\"]}]},{\"@type\":\"BreadcrumbList\",\"@id\":\"https:\\\/\\\/frosthotel.ee\\\/fi\\\/aamiainen\\\/#breadcrumb\",\"itemListElement\":[{\"@type\":\"ListItem\",\"position\":1,\"name\":\"Home\",\"item\":\"https:\\\/\\\/frosthotel.ee\\\/fi\\\/\"},{\"@type\":\"ListItem\",\"position\":2,\"name\":\"AAMIAINEN\"}]},{\"@type\":\"WebSite\",\"@id\":\"https:\\\/\\\/frosthotel.ee\\\/fi\\\/#website\",\"url\":\"https:\\\/\\\/frosthotel.ee\\\/fi\\\/\",\"name\":\"Frost Boutique Hotel\",\"description\":\"P\u00e4rnu s\u00fcdalinna erakordne butiik-hotell\",\"publisher\":{\"@id\":\"https:\\\/\\\/frosthotel.ee\\\/fi\\\/#organization\"},\"potentialAction\":[{\"@type\":\"SearchAction\",\"target\":{\"@type\":\"EntryPoint\",\"urlTemplate\":\"https:\\\/\\\/frosthotel.ee\\\/fi\\\/?s={search_term_string}\"},\"query-input\":{\"@type\":\"PropertyValueSpecification\",\"valueRequired\":true,\"valueName\":\"search_term_string\"}}],\"inLanguage\":\"fi\"},{\"@type\":\"Organization\",\"@id\":\"https:\\\/\\\/frosthotel.ee\\\/fi\\\/#organization\",\"name\":\"Frost Boutique Hotel P\u00e4rnu\",\"url\":\"https:\\\/\\\/frosthotel.ee\\\/fi\\\/\",\"logo\":{\"@type\":\"ImageObject\",\"inLanguage\":\"fi\",\"@id\":\"https:\\\/\\\/frosthotel.ee\\\/fi\\\/#\\\/schema\\\/logo\\\/image\\\/\",\"url\":\"https:\\\/\\\/frosthotel.ee\\\/wp-content\\\/uploads\\\/2022\\\/04\\\/Frost_logo-02.png\",\"contentUrl\":\"https:\\\/\\\/frosthotel.ee\\\/wp-content\\\/uploads\\\/2022\\\/04\\\/Frost_logo-02.png\",\"width\":3545,\"height\":1772,\"caption\":\"Frost Boutique Hotel P\u00e4rnu\"},\"image\":{\"@id\":\"https:\\\/\\\/frosthotel.ee\\\/fi\\\/#\\\/schema\\\/logo\\\/image\\\/\"},\"sameAs\":[\"https:\\\/\\\/www.facebook.com\\\/frostboutiquehotel\\\/\",\"https:\\\/\\\/www.instagram.com\\\/frostboutiquehotel\\\/\"]}]}<\/script>\n<!-- \/ Yoast SEO Premium plugin. -->","yoast_head_json":{"title":"Aamiainen | Frost Boutique -hotellin ravintola","description":"Aloita p\u00e4iv\u00e4 Frostin \u00e0 la carte aamiaisella, joka arvostaa tuoreita raaka-aineita ja alkavaa p\u00e4iv\u00e4\u00e4.","robots":{"index":"index","follow":"follow","max-snippet":"max-snippet:-1","max-image-preview":"max-image-preview:large","max-video-preview":"max-video-preview:-1"},"canonical":"https:\/\/frosthotel.ee\/fi\/aamiainen\/","og_locale":"fi_FI","og_type":"article","og_title":"AAMIAINEN","og_description":"Aloita p\u00e4iv\u00e4 Frostin \u00e0 la carte aamiaisella, joka arvostaa tuoreita raaka-aineita ja alkavaa p\u00e4iv\u00e4\u00e4.","og_url":"https:\/\/frosthotel.ee\/fi\/aamiainen\/","og_site_name":"Frost Boutique Hotel","article_publisher":"https:\/\/www.facebook.com\/frostboutiquehotel\/","article_modified_time":"2024-04-17T10:40:00+00:00","og_image":[{"width":2016,"height":1512,"url":"https:\/\/frosthotel.ee\/wp-content\/uploads\/2021\/04\/Frost-Boutique-Hotell.jpg","type":"image\/jpeg"}],"twitter_card":"summary_large_image","schema":{"@context":"https:\/\/schema.org","@graph":[{"@type":"WebPage","@id":"https:\/\/frosthotel.ee\/fi\/aamiainen\/","url":"https:\/\/frosthotel.ee\/fi\/aamiainen\/","name":"Aamiainen | Frost Boutique -hotellin ravintola","isPartOf":{"@id":"https:\/\/frosthotel.ee\/fi\/#website"},"datePublished":"2022-07-13T08:03:38+00:00","dateModified":"2024-04-17T10:40:00+00:00","description":"Aloita p\u00e4iv\u00e4 Frostin \u00e0 la carte aamiaisella, joka arvostaa tuoreita raaka-aineita ja alkavaa p\u00e4iv\u00e4\u00e4.","breadcrumb":{"@id":"https:\/\/frosthotel.ee\/fi\/aamiainen\/#breadcrumb"},"inLanguage":"fi","potentialAction":[{"@type":"ReadAction","target":["https:\/\/frosthotel.ee\/fi\/aamiainen\/"]}]},{"@type":"BreadcrumbList","@id":"https:\/\/frosthotel.ee\/fi\/aamiainen\/#breadcrumb","itemListElement":[{"@type":"ListItem","position":1,"name":"Home","item":"https:\/\/frosthotel.ee\/fi\/"},{"@type":"ListItem","position":2,"name":"AAMIAINEN"}]},{"@type":"WebSite","@id":"https:\/\/frosthotel.ee\/fi\/#website","url":"https:\/\/frosthotel.ee\/fi\/","name":"Frost Boutique Hotel","description":"P\u00e4rnu s\u00fcdalinna erakordne butiik-hotell","publisher":{"@id":"https:\/\/frosthotel.ee\/fi\/#organization"},"potentialAction":[{"@type":"SearchAction","target":{"@type":"EntryPoint","urlTemplate":"https:\/\/frosthotel.ee\/fi\/?s={search_term_string}"},"query-input":{"@type":"PropertyValueSpecification","valueRequired":true,"valueName":"search_term_string"}}],"inLanguage":"fi"},{"@type":"Organization","@id":"https:\/\/frosthotel.ee\/fi\/#organization","name":"Frost Boutique Hotel P\u00e4rnu","url":"https:\/\/frosthotel.ee\/fi\/","logo":{"@type":"ImageObject","inLanguage":"fi","@id":"https:\/\/frosthotel.ee\/fi\/#\/schema\/logo\/image\/","url":"https:\/\/frosthotel.ee\/wp-content\/uploads\/2022\/04\/Frost_logo-02.png","contentUrl":"https:\/\/frosthotel.ee\/wp-content\/uploads\/2022\/04\/Frost_logo-02.png","width":3545,"height":1772,"caption":"Frost Boutique Hotel P\u00e4rnu"},"image":{"@id":"https:\/\/frosthotel.ee\/fi\/#\/schema\/logo\/image\/"},"sameAs":["https:\/\/www.facebook.com\/frostboutiquehotel\/","https:\/\/www.instagram.com\/frostboutiquehotel\/"]}]}},"_links":{"self":[{"href":"https:\/\/frosthotel.ee\/fi\/wp-json\/wp\/v2\/pages\/6391","targetHints":{"allow":["GET"]}}],"collection":[{"href":"https:\/\/frosthotel.ee\/fi\/wp-json\/wp\/v2\/pages"}],"about":[{"href":"https:\/\/frosthotel.ee\/fi\/wp-json\/wp\/v2\/types\/page"}],"author":[{"embeddable":true,"href":"https:\/\/frosthotel.ee\/fi\/wp-json\/wp\/v2\/users\/6"}],"replies":[{"embeddable":true,"href":"https:\/\/frosthotel.ee\/fi\/wp-json\/wp\/v2\/comments?post=6391"}],"version-history":[{"count":1,"href":"https:\/\/frosthotel.ee\/fi\/wp-json\/wp\/v2\/pages\/6391\/revisions"}],"predecessor-version":[{"id":6639,"href":"https:\/\/frosthotel.ee\/fi\/wp-json\/wp\/v2\/pages\/6391\/revisions\/6639"}],"wp:attachment":[{"href":"https:\/\/frosthotel.ee\/fi\/wp-json\/wp\/v2\/media?parent=6391"}],"curies":[{"name":"wp","href":"https:\/\/api.w.org\/{rel}","templated":true}]}}