{"id":6406,"date":"2022-06-02T12:16:14","date_gmt":"2022-06-02T09:16:14","guid":{"rendered":"https:\/\/frosthotel.ee\/?page_id=6406"},"modified":"2026-03-12T18:17:22","modified_gmt":"2026-03-12T16:17:22","slug":"varausjaperuutusehdot","status":"publish","type":"page","link":"https:\/\/frosthotel.ee\/fi\/varausjaperuutusehdot\/","title":{"rendered":"VARAUS- JA PERUUTUSEHDOT"},"content":{"rendered":"<p>1. Varaus- ja peruutusehdot koskevat majoituksen varaamista kaikilla kanavilla.<br \/>\n2. Pyyd\u00e4mme takaamaan tilauksen pankkikortilla.<br \/>\n3. Majoituskaudelle <b>01.01-04.06<\/b> ja <b> 17.08-30.12 <\/b>tehtyjen varausten takaamiseksi hotelli veloittaa 100% majoituksen ja lis\u00e4palveluiden hinnasta 1 (\u00fcksi) p\u00e4iv\u00e4\u00e4 ennen saapumisp\u00e4iv\u00e4\u00e4. Sen j\u00e4lkeen varausta ei ole en\u00e4\u00e4 mahdollista perua eik\u00e4 rahoja palauteta.<br \/>\n4. Majoituskaudelle <b>05.06-16.08<\/b> \u00a0tehtyjen varausten takaamiseksi hotelli veloittaa 100% majoituksen ja lis\u00e4palveluiden hinnasta 7 p\u00e4iv\u00e4\u00e4 ennen saapumisp\u00e4iv\u00e4\u00e4. Sen j\u00e4lkeen varausta ei ole en\u00e4\u00e4 mahdollista perua eik\u00e4 rahoja palauteta.<br \/>\n5. Majoituskaudelle 31.12 &#8211; 01.01 tehtyjen varausten takaamiseksi hotelli veloittaa heti 100% majoituksen ja lis\u00e4palveluiden hinnasta. Sen j\u00e4lkeen varausta ei ole en\u00e4\u00e4 mahdollista perua eik\u00e4 rahoja palauteta.<br \/>\n6. Varaamalla 3 (kolme) tai enemm\u00e4n huonetta ja\/tai 7 (seitsem\u00e4st\u00e4) hotellivieraasta alkaen, hotelli veloittaa 100% majoituksen ja lis\u00e4palveluiden hinnasta 21 (kaksikymment\u00e4yksi) p\u00e4iv\u00e4\u00e4 ennen saapumisp\u00e4iv\u00e4\u00e4. Sen j\u00e4lkeen varausta ei ole en\u00e4\u00e4 mahdollista perua eik\u00e4 rahoja palauteta.<br \/>\n7. Varaamalla v\u00e4hint\u00e4\u00e4n 7 (seitsem\u00e4n) huonetta kaudelle 18.06 &#8211; 22.08, hotelli veloittaa 50% majoituksen ja lis\u00e4palveluiden hinnasta 10 (kymmenen) p\u00e4iv\u00e4n kuluttua varauksen vahvistamisesta. 50 % hinnasta on maksettava v\u00e4hint\u00e4\u00e4n 21 (kaksikymment\u00e4yksi) p\u00e4iv\u00e4\u00e4 ennen majoituksen alkamista. Sen j\u00e4lkeen varausta ei ole en\u00e4\u00e4 mahdollista perua eik\u00e4 rahoja palauteta.<br \/>\n8. Hotellilla on oikeus perua varaus, mik\u00e4li maksu ep\u00e4onnistuu.<br \/>\n9. Check-in alkaa saapumisp\u00e4iv\u00e4n\u00e4 kello 15.00. My\u00f6h\u00e4inen sis\u00e4\u00e4nkirjautuminen klo 00.00 alkaen maksaa 30 \u20ac. Huone on luovutettava ja check-out viimeist\u00e4\u00e4n kello 12.00. Mik\u00e4li vapaita huoneita on saatavilla, tarjoamme my\u00f6hemp\u00e4\u00e4 check-outia lis\u00e4maksusta.<br \/>\n10. 0-2-vuotias lapsi majoittuu vanhemman kanssa ilmaiseksi ja h\u00e4nelle on mahdollista varata maksuton vauvas\u00e4nky. Lis\u00e4vuoteen tarpeesta pyyd\u00e4mme ilmoittamaan varaamisen yhteydess\u00e4.<br \/>\n11. 3-7-vuotias lapsi majoittuu ilmaiseksi, mik\u00e4li lapsi nukkuu kahden vanhemman kanssa samassa s\u00e4ngyss\u00e4. Majoituksen hintaan lis\u00e4\u00e4ntyy aamiaisen hinta 10 \u20ac.<br \/>\n12. 8. (kahdeksannesta) ik\u00e4vuodesta alkaen lapsiin sovelletaan aikuisten hintoja.<br \/>\n13. Kahden makuuhuoneen ja parvekkeen k\u00e4sitt\u00e4v\u00e4\u00e4n Deluxe sviittiin majoitamme vanhemman kanssa lapsia 8. (kahdeksannesta) ik\u00e4vuodesta alkaen.<br \/>\n14. Perhehuone sopii majoitukseen kahdelle aikuiselle tai kahdelle aikuiselle ja kahdelle 5-15-vuotiaalle lapselle.<br \/>\n15. Palveluiden sujuvampaa toteuttamista ja mahdollisten lis\u00e4kustannusten korvaamista varten pyyd\u00e4mme sviittiin majoittuessa hotelliin sis\u00e4\u00e4nkirjautumisen yhteydess\u00e4 100 (sata) \u20ac suuruisen takuusumman maksamista per sviitti. Takuusumma palautetaan hotellista uloskirjoittautumisen yhteydess\u00e4 t\u00e4ysim\u00e4\u00e4r\u00e4isen\u00e4 ja heti, mik\u00e4li huoneen tarkastuksessa ei havaita vaurioita.<br \/>\n16. Hotelli pid\u00e4tt\u00e4\u00e4 oikeuden ehtojen muutoksiin, ilmoittamalla niist\u00e4 selv\u00e4ll\u00e4 ja ymm\u00e4rrett\u00e4v\u00e4ll\u00e4 tavalla valitun majoituksen ja\/tai hinnan yhteydess\u00e4.<br \/>\n17. Varaus- ja peruutusehdot ovat voimassa yleisten ehtojen kanssa.<br \/>\n18. Jos n\u00e4iden ehtojen vironkielinen versio ja muut kieliversiot ovat eri\u00e4vi\u00e4 tai ristiriidassa, etusijalla on vironkielinen versio.<\/p>\n","protected":false},"excerpt":{"rendered":"<p>1. Varaus- ja peruutusehdot koskevat majoituksen varaamista kaikilla kanavilla. 2. Pyyd\u00e4mme takaamaan tilauksen pankkikortilla. 3. Majoituskaudelle 01.01-04.06 ja 17.08-30.12 tehtyjen varausten takaamiseksi hotelli veloittaa 100% majoituksen ja lis\u00e4palveluiden hinnasta 1 (\u00fcksi) p\u00e4iv\u00e4\u00e4 ennen saapumisp\u00e4iv\u00e4\u00e4. Sen j\u00e4lkeen varausta ei ole en\u00e4\u00e4 mahdollista perua eik\u00e4 rahoja palauteta. 4. Majoituskaudelle 05.06-16.08 \u00a0tehtyjen varausten takaamiseksi hotelli veloittaa 100% majoituksen ja lis\u00e4palveluiden hinnasta 7 p\u00e4iv\u00e4\u00e4 ennen saapumisp\u00e4iv\u00e4\u00e4. Sen j\u00e4lkeen varausta ei ole en\u00e4\u00e4 mahdollista perua eik\u00e4 rahoja palauteta. 5. Majoituskaudelle 31.12 &#8211; 01.01 tehtyjen varausten takaamiseksi hotelli veloittaa heti 100% majoituksen ja lis\u00e4palveluiden hinnasta. Sen j\u00e4lkeen varausta ei ole en\u00e4\u00e4 mahdollista perua eik\u00e4 rahoja palauteta. 6. Varaamalla 3 (kolme) tai enemm\u00e4n huonetta ja\/tai 7 (seitsem\u00e4st\u00e4) hotellivieraasta alkaen, hotelli veloittaa 100% majoituksen ja lis\u00e4palveluiden hinnasta 21 (kaksikymment\u00e4yksi) p\u00e4iv\u00e4\u00e4 ennen saapumisp\u00e4iv\u00e4\u00e4. Sen j\u00e4lkeen varausta ei ole en\u00e4\u00e4 mahdollista perua eik\u00e4 rahoja palauteta. 7. Varaamalla v\u00e4hint\u00e4\u00e4n 7 (seitsem\u00e4n) huonetta kaudelle 18.06 &#8211; 22.08, hotelli veloittaa 50% majoituksen ja lis\u00e4palveluiden hinnasta 10 (kymmenen) p\u00e4iv\u00e4n kuluttua varauksen vahvistamisesta. 50 % hinnasta on maksettava v\u00e4hint\u00e4\u00e4n 21 (kaksikymment\u00e4yksi) p\u00e4iv\u00e4\u00e4 ennen majoituksen alkamista. Sen j\u00e4lkeen varausta ei ole en\u00e4\u00e4 mahdollista perua eik\u00e4 rahoja palauteta. 8. Hotellilla on oikeus perua varaus, mik\u00e4li maksu ep\u00e4onnistuu. 9. Check-in alkaa saapumisp\u00e4iv\u00e4n\u00e4 kello 15.00. My\u00f6h\u00e4inen sis\u00e4\u00e4nkirjautuminen klo 00.00 [&hellip;]<\/p>\n","protected":false},"author":6,"featured_media":0,"parent":0,"menu_order":0,"comment_status":"closed","ping_status":"closed","template":"","meta":{"_acf_changed":false,"footnotes":""},"class_list":["post-6406","page","type-page","status-publish","hentry"],"acf":[],"yoast_head":"<!-- This site is optimized with the Yoast SEO Premium plugin v20.6 (Yoast SEO v27.5) - https:\/\/yoast.com\/product\/yoast-seo-premium-wordpress\/ -->\n<title>VARAUS- JA PERUUTUSEHDOT | Frost Boutique Hotel<\/title>\n<meta name=\"robots\" content=\"index, follow, max-snippet:-1, max-image-preview:large, max-video-preview:-1\" \/>\n<link rel=\"canonical\" href=\"https:\/\/frosthotel.ee\/fi\/varausjaperuutusehdot\/\" \/>\n<meta property=\"og:locale\" content=\"fi_FI\" \/>\n<meta property=\"og:type\" content=\"article\" \/>\n<meta property=\"og:title\" content=\"VARAUS- JA PERUUTUSEHDOT\" \/>\n<meta property=\"og:description\" content=\"1. Varaus- ja peruutusehdot koskevat majoituksen varaamista kaikilla kanavilla. 2. Pyyd\u00e4mme takaamaan tilauksen pankkikortilla. 3. Majoituskaudelle 01.01-04.06 ja 17.08-30.12 tehtyjen varausten takaamiseksi hotelli veloittaa 100% majoituksen ja lis\u00e4palveluiden hinnasta 1 (\u00fcksi) p\u00e4iv\u00e4\u00e4 ennen saapumisp\u00e4iv\u00e4\u00e4. Sen j\u00e4lkeen varausta ei ole en\u00e4\u00e4 mahdollista perua eik\u00e4 rahoja palauteta. 4. Majoituskaudelle 05.06-16.08 \u00a0tehtyjen varausten takaamiseksi hotelli veloittaa 100% majoituksen ja lis\u00e4palveluiden hinnasta 7 p\u00e4iv\u00e4\u00e4 ennen saapumisp\u00e4iv\u00e4\u00e4. Sen j\u00e4lkeen varausta ei ole en\u00e4\u00e4 mahdollista perua eik\u00e4 rahoja palauteta. 5. Majoituskaudelle 31.12 &#8211; 01.01 tehtyjen varausten takaamiseksi hotelli veloittaa heti 100% majoituksen ja lis\u00e4palveluiden hinnasta. Sen j\u00e4lkeen varausta ei ole en\u00e4\u00e4 mahdollista perua eik\u00e4 rahoja palauteta. 6. Varaamalla 3 (kolme) tai enemm\u00e4n huonetta ja\/tai 7 (seitsem\u00e4st\u00e4) hotellivieraasta alkaen, hotelli veloittaa 100% majoituksen ja lis\u00e4palveluiden hinnasta 21 (kaksikymment\u00e4yksi) p\u00e4iv\u00e4\u00e4 ennen saapumisp\u00e4iv\u00e4\u00e4. Sen j\u00e4lkeen varausta ei ole en\u00e4\u00e4 mahdollista perua eik\u00e4 rahoja palauteta. 7. Varaamalla v\u00e4hint\u00e4\u00e4n 7 (seitsem\u00e4n) huonetta kaudelle 18.06 &#8211; 22.08, hotelli veloittaa 50% majoituksen ja lis\u00e4palveluiden hinnasta 10 (kymmenen) p\u00e4iv\u00e4n kuluttua varauksen vahvistamisesta. 50 % hinnasta on maksettava v\u00e4hint\u00e4\u00e4n 21 (kaksikymment\u00e4yksi) p\u00e4iv\u00e4\u00e4 ennen majoituksen alkamista. Sen j\u00e4lkeen varausta ei ole en\u00e4\u00e4 mahdollista perua eik\u00e4 rahoja palauteta. 8. Hotellilla on oikeus perua varaus, mik\u00e4li maksu ep\u00e4onnistuu. 9. Check-in alkaa saapumisp\u00e4iv\u00e4n\u00e4 kello 15.00. My\u00f6h\u00e4inen sis\u00e4\u00e4nkirjautuminen klo 00.00 [&hellip;]\" \/>\n<meta property=\"og:url\" content=\"https:\/\/frosthotel.ee\/fi\/varausjaperuutusehdot\/\" \/>\n<meta property=\"og:site_name\" content=\"Frost Boutique Hotel\" \/>\n<meta property=\"article:publisher\" content=\"https:\/\/www.facebook.com\/frostboutiquehotel\/\" \/>\n<meta property=\"article:modified_time\" content=\"2026-03-12T16:17:22+00:00\" \/>\n<meta property=\"og:image\" content=\"https:\/\/frosthotel.ee\/wp-content\/uploads\/2021\/04\/Frost-Boutique-Hotell.jpg\" \/>\n\t<meta property=\"og:image:width\" content=\"2016\" \/>\n\t<meta property=\"og:image:height\" content=\"1512\" \/>\n\t<meta property=\"og:image:type\" content=\"image\/jpeg\" \/>\n<meta name=\"twitter:card\" content=\"summary_large_image\" \/>\n<meta name=\"twitter:label1\" content=\"Arvioitu lukuaika\" \/>\n\t<meta name=\"twitter:data1\" content=\"2 minuuttia\" \/>\n<script type=\"application\/ld+json\" class=\"yoast-schema-graph\">{\"@context\":\"https:\\\/\\\/schema.org\",\"@graph\":[{\"@type\":\"WebPage\",\"@id\":\"https:\\\/\\\/frosthotel.ee\\\/fi\\\/varausjaperuutusehdot\\\/\",\"url\":\"https:\\\/\\\/frosthotel.ee\\\/fi\\\/varausjaperuutusehdot\\\/\",\"name\":\"VARAUS- JA PERUUTUSEHDOT | Frost Boutique Hotel\",\"isPartOf\":{\"@id\":\"https:\\\/\\\/frosthotel.ee\\\/fi\\\/#website\"},\"datePublished\":\"2022-06-02T09:16:14+00:00\",\"dateModified\":\"2026-03-12T16:17:22+00:00\",\"breadcrumb\":{\"@id\":\"https:\\\/\\\/frosthotel.ee\\\/fi\\\/varausjaperuutusehdot\\\/#breadcrumb\"},\"inLanguage\":\"fi\",\"potentialAction\":[{\"@type\":\"ReadAction\",\"target\":[\"https:\\\/\\\/frosthotel.ee\\\/fi\\\/varausjaperuutusehdot\\\/\"]}]},{\"@type\":\"BreadcrumbList\",\"@id\":\"https:\\\/\\\/frosthotel.ee\\\/fi\\\/varausjaperuutusehdot\\\/#breadcrumb\",\"itemListElement\":[{\"@type\":\"ListItem\",\"position\":1,\"name\":\"Home\",\"item\":\"https:\\\/\\\/frosthotel.ee\\\/fi\\\/\"},{\"@type\":\"ListItem\",\"position\":2,\"name\":\"VARAUS- JA PERUUTUSEHDOT\"}]},{\"@type\":\"WebSite\",\"@id\":\"https:\\\/\\\/frosthotel.ee\\\/fi\\\/#website\",\"url\":\"https:\\\/\\\/frosthotel.ee\\\/fi\\\/\",\"name\":\"Frost Boutique Hotel\",\"description\":\"P\u00e4rnu s\u00fcdalinna erakordne butiik-hotell\",\"publisher\":{\"@id\":\"https:\\\/\\\/frosthotel.ee\\\/fi\\\/#organization\"},\"potentialAction\":[{\"@type\":\"SearchAction\",\"target\":{\"@type\":\"EntryPoint\",\"urlTemplate\":\"https:\\\/\\\/frosthotel.ee\\\/fi\\\/?s={search_term_string}\"},\"query-input\":{\"@type\":\"PropertyValueSpecification\",\"valueRequired\":true,\"valueName\":\"search_term_string\"}}],\"inLanguage\":\"fi\"},{\"@type\":\"Organization\",\"@id\":\"https:\\\/\\\/frosthotel.ee\\\/fi\\\/#organization\",\"name\":\"Frost Boutique Hotel P\u00e4rnu\",\"url\":\"https:\\\/\\\/frosthotel.ee\\\/fi\\\/\",\"logo\":{\"@type\":\"ImageObject\",\"inLanguage\":\"fi\",\"@id\":\"https:\\\/\\\/frosthotel.ee\\\/fi\\\/#\\\/schema\\\/logo\\\/image\\\/\",\"url\":\"https:\\\/\\\/frosthotel.ee\\\/wp-content\\\/uploads\\\/2022\\\/04\\\/Frost_logo-02.png\",\"contentUrl\":\"https:\\\/\\\/frosthotel.ee\\\/wp-content\\\/uploads\\\/2022\\\/04\\\/Frost_logo-02.png\",\"width\":3545,\"height\":1772,\"caption\":\"Frost Boutique Hotel P\u00e4rnu\"},\"image\":{\"@id\":\"https:\\\/\\\/frosthotel.ee\\\/fi\\\/#\\\/schema\\\/logo\\\/image\\\/\"},\"sameAs\":[\"https:\\\/\\\/www.facebook.com\\\/frostboutiquehotel\\\/\",\"https:\\\/\\\/www.instagram.com\\\/frostboutiquehotel\\\/\"]}]}<\/script>\n<!-- \/ Yoast SEO Premium plugin. -->","yoast_head_json":{"title":"VARAUS- JA PERUUTUSEHDOT | Frost Boutique Hotel","robots":{"index":"index","follow":"follow","max-snippet":"max-snippet:-1","max-image-preview":"max-image-preview:large","max-video-preview":"max-video-preview:-1"},"canonical":"https:\/\/frosthotel.ee\/fi\/varausjaperuutusehdot\/","og_locale":"fi_FI","og_type":"article","og_title":"VARAUS- JA PERUUTUSEHDOT","og_description":"1. Varaus- ja peruutusehdot koskevat majoituksen varaamista kaikilla kanavilla. 2. Pyyd\u00e4mme takaamaan tilauksen pankkikortilla. 3. Majoituskaudelle 01.01-04.06 ja 17.08-30.12 tehtyjen varausten takaamiseksi hotelli veloittaa 100% majoituksen ja lis\u00e4palveluiden hinnasta 1 (\u00fcksi) p\u00e4iv\u00e4\u00e4 ennen saapumisp\u00e4iv\u00e4\u00e4. Sen j\u00e4lkeen varausta ei ole en\u00e4\u00e4 mahdollista perua eik\u00e4 rahoja palauteta. 4. Majoituskaudelle 05.06-16.08 \u00a0tehtyjen varausten takaamiseksi hotelli veloittaa 100% majoituksen ja lis\u00e4palveluiden hinnasta 7 p\u00e4iv\u00e4\u00e4 ennen saapumisp\u00e4iv\u00e4\u00e4. Sen j\u00e4lkeen varausta ei ole en\u00e4\u00e4 mahdollista perua eik\u00e4 rahoja palauteta. 5. Majoituskaudelle 31.12 &#8211; 01.01 tehtyjen varausten takaamiseksi hotelli veloittaa heti 100% majoituksen ja lis\u00e4palveluiden hinnasta. Sen j\u00e4lkeen varausta ei ole en\u00e4\u00e4 mahdollista perua eik\u00e4 rahoja palauteta. 6. Varaamalla 3 (kolme) tai enemm\u00e4n huonetta ja\/tai 7 (seitsem\u00e4st\u00e4) hotellivieraasta alkaen, hotelli veloittaa 100% majoituksen ja lis\u00e4palveluiden hinnasta 21 (kaksikymment\u00e4yksi) p\u00e4iv\u00e4\u00e4 ennen saapumisp\u00e4iv\u00e4\u00e4. Sen j\u00e4lkeen varausta ei ole en\u00e4\u00e4 mahdollista perua eik\u00e4 rahoja palauteta. 7. Varaamalla v\u00e4hint\u00e4\u00e4n 7 (seitsem\u00e4n) huonetta kaudelle 18.06 &#8211; 22.08, hotelli veloittaa 50% majoituksen ja lis\u00e4palveluiden hinnasta 10 (kymmenen) p\u00e4iv\u00e4n kuluttua varauksen vahvistamisesta. 50 % hinnasta on maksettava v\u00e4hint\u00e4\u00e4n 21 (kaksikymment\u00e4yksi) p\u00e4iv\u00e4\u00e4 ennen majoituksen alkamista. Sen j\u00e4lkeen varausta ei ole en\u00e4\u00e4 mahdollista perua eik\u00e4 rahoja palauteta. 8. Hotellilla on oikeus perua varaus, mik\u00e4li maksu ep\u00e4onnistuu. 9. Check-in alkaa saapumisp\u00e4iv\u00e4n\u00e4 kello 15.00. My\u00f6h\u00e4inen sis\u00e4\u00e4nkirjautuminen klo 00.00 [&hellip;]","og_url":"https:\/\/frosthotel.ee\/fi\/varausjaperuutusehdot\/","og_site_name":"Frost Boutique Hotel","article_publisher":"https:\/\/www.facebook.com\/frostboutiquehotel\/","article_modified_time":"2026-03-12T16:17:22+00:00","og_image":[{"width":2016,"height":1512,"url":"https:\/\/frosthotel.ee\/wp-content\/uploads\/2021\/04\/Frost-Boutique-Hotell.jpg","type":"image\/jpeg"}],"twitter_card":"summary_large_image","twitter_misc":{"Arvioitu lukuaika":"2 minuuttia"},"schema":{"@context":"https:\/\/schema.org","@graph":[{"@type":"WebPage","@id":"https:\/\/frosthotel.ee\/fi\/varausjaperuutusehdot\/","url":"https:\/\/frosthotel.ee\/fi\/varausjaperuutusehdot\/","name":"VARAUS- JA PERUUTUSEHDOT | Frost Boutique Hotel","isPartOf":{"@id":"https:\/\/frosthotel.ee\/fi\/#website"},"datePublished":"2022-06-02T09:16:14+00:00","dateModified":"2026-03-12T16:17:22+00:00","breadcrumb":{"@id":"https:\/\/frosthotel.ee\/fi\/varausjaperuutusehdot\/#breadcrumb"},"inLanguage":"fi","potentialAction":[{"@type":"ReadAction","target":["https:\/\/frosthotel.ee\/fi\/varausjaperuutusehdot\/"]}]},{"@type":"BreadcrumbList","@id":"https:\/\/frosthotel.ee\/fi\/varausjaperuutusehdot\/#breadcrumb","itemListElement":[{"@type":"ListItem","position":1,"name":"Home","item":"https:\/\/frosthotel.ee\/fi\/"},{"@type":"ListItem","position":2,"name":"VARAUS- JA PERUUTUSEHDOT"}]},{"@type":"WebSite","@id":"https:\/\/frosthotel.ee\/fi\/#website","url":"https:\/\/frosthotel.ee\/fi\/","name":"Frost Boutique Hotel","description":"P\u00e4rnu s\u00fcdalinna erakordne butiik-hotell","publisher":{"@id":"https:\/\/frosthotel.ee\/fi\/#organization"},"potentialAction":[{"@type":"SearchAction","target":{"@type":"EntryPoint","urlTemplate":"https:\/\/frosthotel.ee\/fi\/?s={search_term_string}"},"query-input":{"@type":"PropertyValueSpecification","valueRequired":true,"valueName":"search_term_string"}}],"inLanguage":"fi"},{"@type":"Organization","@id":"https:\/\/frosthotel.ee\/fi\/#organization","name":"Frost Boutique Hotel P\u00e4rnu","url":"https:\/\/frosthotel.ee\/fi\/","logo":{"@type":"ImageObject","inLanguage":"fi","@id":"https:\/\/frosthotel.ee\/fi\/#\/schema\/logo\/image\/","url":"https:\/\/frosthotel.ee\/wp-content\/uploads\/2022\/04\/Frost_logo-02.png","contentUrl":"https:\/\/frosthotel.ee\/wp-content\/uploads\/2022\/04\/Frost_logo-02.png","width":3545,"height":1772,"caption":"Frost Boutique Hotel P\u00e4rnu"},"image":{"@id":"https:\/\/frosthotel.ee\/fi\/#\/schema\/logo\/image\/"},"sameAs":["https:\/\/www.facebook.com\/frostboutiquehotel\/","https:\/\/www.instagram.com\/frostboutiquehotel\/"]}]}},"_links":{"self":[{"href":"https:\/\/frosthotel.ee\/fi\/wp-json\/wp\/v2\/pages\/6406","targetHints":{"allow":["GET"]}}],"collection":[{"href":"https:\/\/frosthotel.ee\/fi\/wp-json\/wp\/v2\/pages"}],"about":[{"href":"https:\/\/frosthotel.ee\/fi\/wp-json\/wp\/v2\/types\/page"}],"author":[{"embeddable":true,"href":"https:\/\/frosthotel.ee\/fi\/wp-json\/wp\/v2\/users\/6"}],"replies":[{"embeddable":true,"href":"https:\/\/frosthotel.ee\/fi\/wp-json\/wp\/v2\/comments?post=6406"}],"version-history":[{"count":6,"href":"https:\/\/frosthotel.ee\/fi\/wp-json\/wp\/v2\/pages\/6406\/revisions"}],"predecessor-version":[{"id":8485,"href":"https:\/\/frosthotel.ee\/fi\/wp-json\/wp\/v2\/pages\/6406\/revisions\/8485"}],"wp:attachment":[{"href":"https:\/\/frosthotel.ee\/fi\/wp-json\/wp\/v2\/media?parent=6406"}],"curies":[{"name":"wp","href":"https:\/\/api.w.org\/{rel}","templated":true}]}}