{"id":6678,"date":"2022-07-27T12:11:30","date_gmt":"2022-07-27T09:11:30","guid":{"rendered":"https:\/\/frosthotel.ee\/?page_id=6678"},"modified":"2023-03-02T12:28:54","modified_gmt":"2023-03-02T10:28:54","slug":"standardkahdenhengenhuone","status":"publish","type":"page","link":"https:\/\/frosthotel.ee\/fi\/parnu-majoitus\/standardkahdenhengenhuone\/","title":{"rendered":"Standard kahden hengen huone"},"content":{"rendered":"<div class='row'><div style='padding-bottom:30px;' class='span8 first-module module_number_1 module_cont  module_text_area'>\r\n                <div class='module_content'>\r\n                    <p>S&auml;ngyn(s&auml;nkyjen) koko(koot):1 leve&auml; kahden hengen vuode<\/p>\r\n<p>&nbsp;<\/p>\r\n<p><span class='dropcap type2'>S<\/span>tandard kahden hengen huone (14 m2) sijaitsee Frost Boutique Hotellin piharakennuksen ensimm&auml;isess&auml; kerroksessa, p&auml;&auml;oven vieress&auml;. Huoneesta p&auml;&auml;see mukavasti sis&auml;pihalle ja loungeen. Hotellihuoneessa on yksi leve&auml; ja hyvin mukava jenkkis&auml;nky ja koko hotellille tyypillinen pehme&auml; kalusto, tammilattia sek&auml; hotellille tyypillinen antiikkisen puun ja puhtaiden linjojen kontrasti. Huoneessa on huolellisesti valitut yksityiskohdat, jotka lis&auml;&auml;v&auml;t lomaan ylellisyytt&auml;. Huoneella on tilava terassi, josta avautuu n&auml;kym&auml; hotellin sis&auml;pihalle. Kaikissa hotellin tiloissa on maksuton WiFi.<\/p>\r\n<p>Ilmainen WiFi-yhteys on saatavilla kaikissa huoneissa.<\/p>\r\n<p><a href=\"https:\/\/bouk.io\/booking\/frost\/240\/rooms?language=fi&amp;adults=2\"  class=\" shortcode_button btn_small btn_type5\">Varaa huone<\/a><\/p>\r\n                <\/div><\/div><!-- .module_cont --><div style='padding-bottom:30px;' class='span4  module_number_2 module_cont  module_text_area'><div class='bg_title'><h4 style='' class='headInModule'>Huoneissa on<\/h4><\/div>\r\n                <div class='module_content'>\r\n                    <ul>\r\n<li>Taulu-tv,<\/li>\r\n<li>minibaari,<\/li>\r\n<li>WC ja suihku,<\/li>\r\n<li>paikallinen ilmanvaihto,<\/li>\r\n<li>hiustenkuivaaja,<\/li>\r\n<li>vedenkeitin, kahvi ja tee,&nbsp;<\/li>\r\n<li>ylellisi&auml; design huonekaluja,<\/li>\r\n<li>aidosta nahasta rahit,<\/li>\r\n<li>maksuton WiFi,<\/li>\r\n<li>toalettivalmisteet.<\/li>\r\n<\/ul>\r\n                <\/div><\/div><!-- .module_cont --><\/div><div class='row'><div style='padding-bottom:30px;' class='span12  module_number_3 module_cont  module_divider'><hr class=\"type3 \"><\/div><!-- .module_cont --><\/div><div class='row'><div style='padding-bottom:30px;' class='span12  module_number_4 module_cont  module_gallery'><div class='bg_title'><h2 style='' class='headInModule'>Kuvagalleria<\/h2><\/div><div class='list-of-images images_in_a_row_2'>\r\n                        <div class=\"gallery_item\">\r\n\t\t\t\t\t\t\t<div class=\"gallery_item_padding\">\r\n\t\t\t\t\t\t\t\t<div class=\"gallery_item_wrapper\"><a class=\"featured_ico_link swipebox\" rel=\"gallery-module\" href=\"https:\/\/frosthotel.ee\/wp-content\/uploads\/2022\/07\/Vanilla_S-3-scaled.jpg\" title=\"\"><\/a><img loading=\"lazy\" decoding=\"async\" class=\"gallery-stand-img\" src=\"https:\/\/frosthotel.ee\/wp-content\/uploads\/2022\/07\/Vanilla_S-3-scaled-570x368.jpg\" alt=\"\" width=\"570\" height=\"368\">\r\n\t\t\t\t\t\t\t\t\t<div class=\"gallery_fadder\"><\/div>\r\n\t\t\t\t\t\t\t\t\t<div class=\"gallery_likes gallery_likes_add \" data-attachid=\"6684\" data-modify=\"like\">\r\n\t\t\t\t\t\t\t\t\t\t<i class=\"stand_icon icon-heart-o\"><\/i>\r\n\t\t\t\t\t\t\t\t\t\t<span>0<\/span>\r\n\t\t\t\t\t\t\t\t\t<\/div>\t\t\t\t\t\t\t\t\t\r\n\t\t\t\t\t\t\t\t<\/div>\r\n\t\t\t\t\t\t\t<\/div>\r\n                        <\/div>\r\n                        \r\n                        <div class=\"gallery_item\">\r\n\t\t\t\t\t\t\t<div class=\"gallery_item_padding\">\r\n\t\t\t\t\t\t\t\t<div class=\"gallery_item_wrapper\"><a class=\"featured_ico_link swipebox\" rel=\"gallery-module\" href=\"https:\/\/frosthotel.ee\/wp-content\/uploads\/2022\/07\/Vanilla_S-5-scaled.jpg\" title=\"\"><\/a><img loading=\"lazy\" decoding=\"async\" class=\"gallery-stand-img\" src=\"https:\/\/frosthotel.ee\/wp-content\/uploads\/2022\/07\/Vanilla_S-5-scaled-570x368.jpg\" alt=\"\" width=\"570\" height=\"368\">\r\n\t\t\t\t\t\t\t\t\t<div class=\"gallery_fadder\"><\/div>\r\n\t\t\t\t\t\t\t\t\t<div class=\"gallery_likes gallery_likes_add \" data-attachid=\"6689\" data-modify=\"like\">\r\n\t\t\t\t\t\t\t\t\t\t<i class=\"stand_icon icon-heart-o\"><\/i>\r\n\t\t\t\t\t\t\t\t\t\t<span>0<\/span>\r\n\t\t\t\t\t\t\t\t\t<\/div>\t\t\t\t\t\t\t\t\t\r\n\t\t\t\t\t\t\t\t<\/div>\r\n\t\t\t\t\t\t\t<\/div>\r\n                        <\/div>\r\n                        \r\n            <div class='clear'><\/div>\r\n            <\/div>\r\n            <\/div><!-- .module_cont --><\/div>","protected":false},"excerpt":{"rendered":"<p>S&auml;ngyn(s&auml;nkyjen) koko(koot):1 leve&auml; kahden hengen vuode &nbsp; Standard kahden hengen huone (14 m2) sijaitsee Frost Boutique Hotellin piharakennuksen ensimm&auml;isess&auml; kerroksessa, p&auml;&auml;oven vieress&auml;. Huoneesta p&auml;&auml;see mukavasti sis&auml;pihalle ja loungeen. Hotellihuoneessa on yksi leve&auml; ja hyvin mukava jenkkis&auml;nky ja koko hotellille tyypillinen pehme&auml; kalusto, tammilattia sek&auml; hotellille tyypillinen antiikkisen puun ja puhtaiden linjojen kontrasti. Huoneessa on huolellisesti valitut yksityiskohdat, jotka lis&auml;&auml;v&auml;t lomaan ylellisyytt&auml;. Huoneella on tilava terassi, josta avautuu n&auml;kym&auml; hotellin sis&auml;pihalle. Kaikissa hotellin tiloissa on maksuton WiFi. Ilmainen WiFi-yhteys on saatavilla kaikissa huoneissa. Varaa huone Huoneissa on Taulu-tv, minibaari, WC ja suihku, paikallinen ilmanvaihto, hiustenkuivaaja, vedenkeitin, kahvi ja tee,&nbsp; ylellisi&auml; design huonekaluja, aidosta nahasta rahit, maksuton WiFi, toalettivalmisteet. Kuvagalleria 0 0<\/p>\n","protected":false},"author":6,"featured_media":0,"parent":2868,"menu_order":0,"comment_status":"closed","ping_status":"closed","template":"page-center.php","meta":{"_acf_changed":false,"footnotes":""},"class_list":["post-6678","page","type-page","status-publish","hentry"],"acf":[],"yoast_head":"<!-- This site is optimized with the Yoast SEO Premium plugin v20.6 (Yoast SEO v27.3) - https:\/\/yoast.com\/product\/yoast-seo-premium-wordpress\/ -->\n<title>Standard kahden hengen huone | Frost Boutique Hotelli P\u00e4rnussa<\/title>\n<meta name=\"description\" content=\"P\u00e4rnun vanhassakaupungissa sijaitsevan Frost Boutique Hotellin standard kahden hengen huoneissa on ylellisi\u00e4 design huonekaluja, ilmainen WiFi; vedenkeitin, kahvi ja tee.\" \/>\n<meta name=\"robots\" content=\"index, follow, max-snippet:-1, max-image-preview:large, max-video-preview:-1\" \/>\n<link rel=\"canonical\" href=\"https:\/\/frosthotel.ee\/fi\/parnu-majoitus\/standardkahdenhengenhuone\/\" \/>\n<meta property=\"og:locale\" content=\"fi_FI\" \/>\n<meta property=\"og:type\" content=\"article\" \/>\n<meta property=\"og:title\" content=\"Standard kahden hengen huone\" \/>\n<meta property=\"og:description\" content=\"P\u00e4rnun vanhassakaupungissa sijaitsevan Frost Boutique Hotellin standard kahden hengen huoneissa on ylellisi\u00e4 design huonekaluja, ilmainen WiFi; vedenkeitin, kahvi ja tee.\" \/>\n<meta property=\"og:url\" content=\"https:\/\/frosthotel.ee\/fi\/parnu-majoitus\/standardkahdenhengenhuone\/\" \/>\n<meta property=\"og:site_name\" content=\"Frost Boutique Hotel\" \/>\n<meta property=\"article:publisher\" content=\"https:\/\/www.facebook.com\/frostboutiquehotel\/\" \/>\n<meta property=\"article:modified_time\" content=\"2023-03-02T10:28:54+00:00\" \/>\n<meta property=\"og:image\" content=\"https:\/\/frosthotel.ee\/wp-content\/uploads\/2021\/04\/Frost-Boutique-Hotell.jpg\" \/>\n\t<meta property=\"og:image:width\" content=\"2016\" \/>\n\t<meta property=\"og:image:height\" content=\"1512\" \/>\n\t<meta property=\"og:image:type\" content=\"image\/jpeg\" \/>\n<meta name=\"twitter:card\" content=\"summary_large_image\" \/>\n<script type=\"application\/ld+json\" class=\"yoast-schema-graph\">{\"@context\":\"https:\\\/\\\/schema.org\",\"@graph\":[{\"@type\":\"WebPage\",\"@id\":\"https:\\\/\\\/frosthotel.ee\\\/fi\\\/parnu-majoitus\\\/standardkahdenhengenhuone\\\/\",\"url\":\"https:\\\/\\\/frosthotel.ee\\\/fi\\\/parnu-majoitus\\\/standardkahdenhengenhuone\\\/\",\"name\":\"Standard kahden hengen huone | Frost Boutique Hotelli P\u00e4rnussa\",\"isPartOf\":{\"@id\":\"https:\\\/\\\/frosthotel.ee\\\/fi\\\/#website\"},\"datePublished\":\"2022-07-27T09:11:30+00:00\",\"dateModified\":\"2023-03-02T10:28:54+00:00\",\"description\":\"P\u00e4rnun vanhassakaupungissa sijaitsevan Frost Boutique Hotellin standard kahden hengen huoneissa on ylellisi\u00e4 design huonekaluja, ilmainen WiFi; vedenkeitin, kahvi ja tee.\",\"breadcrumb\":{\"@id\":\"https:\\\/\\\/frosthotel.ee\\\/fi\\\/parnu-majoitus\\\/standardkahdenhengenhuone\\\/#breadcrumb\"},\"inLanguage\":\"fi\",\"potentialAction\":[{\"@type\":\"ReadAction\",\"target\":[\"https:\\\/\\\/frosthotel.ee\\\/fi\\\/parnu-majoitus\\\/standardkahdenhengenhuone\\\/\"]}]},{\"@type\":\"BreadcrumbList\",\"@id\":\"https:\\\/\\\/frosthotel.ee\\\/fi\\\/parnu-majoitus\\\/standardkahdenhengenhuone\\\/#breadcrumb\",\"itemListElement\":[{\"@type\":\"ListItem\",\"position\":1,\"name\":\"Home\",\"item\":\"https:\\\/\\\/frosthotel.ee\\\/fi\\\/\"},{\"@type\":\"ListItem\",\"position\":2,\"name\":\"Huoneet\",\"item\":\"https:\\\/\\\/frosthotel.ee\\\/fi\\\/parnu-majoitus\\\/\"},{\"@type\":\"ListItem\",\"position\":3,\"name\":\"Standard kahden hengen huone\"}]},{\"@type\":\"WebSite\",\"@id\":\"https:\\\/\\\/frosthotel.ee\\\/fi\\\/#website\",\"url\":\"https:\\\/\\\/frosthotel.ee\\\/fi\\\/\",\"name\":\"Frost Boutique Hotel\",\"description\":\"P\u00e4rnu s\u00fcdalinna erakordne butiik-hotell\",\"publisher\":{\"@id\":\"https:\\\/\\\/frosthotel.ee\\\/fi\\\/#organization\"},\"potentialAction\":[{\"@type\":\"SearchAction\",\"target\":{\"@type\":\"EntryPoint\",\"urlTemplate\":\"https:\\\/\\\/frosthotel.ee\\\/fi\\\/?s={search_term_string}\"},\"query-input\":{\"@type\":\"PropertyValueSpecification\",\"valueRequired\":true,\"valueName\":\"search_term_string\"}}],\"inLanguage\":\"fi\"},{\"@type\":\"Organization\",\"@id\":\"https:\\\/\\\/frosthotel.ee\\\/fi\\\/#organization\",\"name\":\"Frost Boutique Hotel P\u00e4rnu\",\"url\":\"https:\\\/\\\/frosthotel.ee\\\/fi\\\/\",\"logo\":{\"@type\":\"ImageObject\",\"inLanguage\":\"fi\",\"@id\":\"https:\\\/\\\/frosthotel.ee\\\/fi\\\/#\\\/schema\\\/logo\\\/image\\\/\",\"url\":\"https:\\\/\\\/frosthotel.ee\\\/wp-content\\\/uploads\\\/2022\\\/04\\\/Frost_logo-02.png\",\"contentUrl\":\"https:\\\/\\\/frosthotel.ee\\\/wp-content\\\/uploads\\\/2022\\\/04\\\/Frost_logo-02.png\",\"width\":3545,\"height\":1772,\"caption\":\"Frost Boutique Hotel P\u00e4rnu\"},\"image\":{\"@id\":\"https:\\\/\\\/frosthotel.ee\\\/fi\\\/#\\\/schema\\\/logo\\\/image\\\/\"},\"sameAs\":[\"https:\\\/\\\/www.facebook.com\\\/frostboutiquehotel\\\/\",\"https:\\\/\\\/www.instagram.com\\\/frostboutiquehotel\\\/\"]}]}<\/script>\n<!-- \/ Yoast SEO Premium plugin. -->","yoast_head_json":{"title":"Standard kahden hengen huone | Frost Boutique Hotelli P\u00e4rnussa","description":"P\u00e4rnun vanhassakaupungissa sijaitsevan Frost Boutique Hotellin standard kahden hengen huoneissa on ylellisi\u00e4 design huonekaluja, ilmainen WiFi; vedenkeitin, kahvi ja tee.","robots":{"index":"index","follow":"follow","max-snippet":"max-snippet:-1","max-image-preview":"max-image-preview:large","max-video-preview":"max-video-preview:-1"},"canonical":"https:\/\/frosthotel.ee\/fi\/parnu-majoitus\/standardkahdenhengenhuone\/","og_locale":"fi_FI","og_type":"article","og_title":"Standard kahden hengen huone","og_description":"P\u00e4rnun vanhassakaupungissa sijaitsevan Frost Boutique Hotellin standard kahden hengen huoneissa on ylellisi\u00e4 design huonekaluja, ilmainen WiFi; vedenkeitin, kahvi ja tee.","og_url":"https:\/\/frosthotel.ee\/fi\/parnu-majoitus\/standardkahdenhengenhuone\/","og_site_name":"Frost Boutique Hotel","article_publisher":"https:\/\/www.facebook.com\/frostboutiquehotel\/","article_modified_time":"2023-03-02T10:28:54+00:00","og_image":[{"width":2016,"height":1512,"url":"https:\/\/frosthotel.ee\/wp-content\/uploads\/2021\/04\/Frost-Boutique-Hotell.jpg","type":"image\/jpeg"}],"twitter_card":"summary_large_image","schema":{"@context":"https:\/\/schema.org","@graph":[{"@type":"WebPage","@id":"https:\/\/frosthotel.ee\/fi\/parnu-majoitus\/standardkahdenhengenhuone\/","url":"https:\/\/frosthotel.ee\/fi\/parnu-majoitus\/standardkahdenhengenhuone\/","name":"Standard kahden hengen huone | Frost Boutique Hotelli P\u00e4rnussa","isPartOf":{"@id":"https:\/\/frosthotel.ee\/fi\/#website"},"datePublished":"2022-07-27T09:11:30+00:00","dateModified":"2023-03-02T10:28:54+00:00","description":"P\u00e4rnun vanhassakaupungissa sijaitsevan Frost Boutique Hotellin standard kahden hengen huoneissa on ylellisi\u00e4 design huonekaluja, ilmainen WiFi; vedenkeitin, kahvi ja tee.","breadcrumb":{"@id":"https:\/\/frosthotel.ee\/fi\/parnu-majoitus\/standardkahdenhengenhuone\/#breadcrumb"},"inLanguage":"fi","potentialAction":[{"@type":"ReadAction","target":["https:\/\/frosthotel.ee\/fi\/parnu-majoitus\/standardkahdenhengenhuone\/"]}]},{"@type":"BreadcrumbList","@id":"https:\/\/frosthotel.ee\/fi\/parnu-majoitus\/standardkahdenhengenhuone\/#breadcrumb","itemListElement":[{"@type":"ListItem","position":1,"name":"Home","item":"https:\/\/frosthotel.ee\/fi\/"},{"@type":"ListItem","position":2,"name":"Huoneet","item":"https:\/\/frosthotel.ee\/fi\/parnu-majoitus\/"},{"@type":"ListItem","position":3,"name":"Standard kahden hengen huone"}]},{"@type":"WebSite","@id":"https:\/\/frosthotel.ee\/fi\/#website","url":"https:\/\/frosthotel.ee\/fi\/","name":"Frost Boutique Hotel","description":"P\u00e4rnu s\u00fcdalinna erakordne butiik-hotell","publisher":{"@id":"https:\/\/frosthotel.ee\/fi\/#organization"},"potentialAction":[{"@type":"SearchAction","target":{"@type":"EntryPoint","urlTemplate":"https:\/\/frosthotel.ee\/fi\/?s={search_term_string}"},"query-input":{"@type":"PropertyValueSpecification","valueRequired":true,"valueName":"search_term_string"}}],"inLanguage":"fi"},{"@type":"Organization","@id":"https:\/\/frosthotel.ee\/fi\/#organization","name":"Frost Boutique Hotel P\u00e4rnu","url":"https:\/\/frosthotel.ee\/fi\/","logo":{"@type":"ImageObject","inLanguage":"fi","@id":"https:\/\/frosthotel.ee\/fi\/#\/schema\/logo\/image\/","url":"https:\/\/frosthotel.ee\/wp-content\/uploads\/2022\/04\/Frost_logo-02.png","contentUrl":"https:\/\/frosthotel.ee\/wp-content\/uploads\/2022\/04\/Frost_logo-02.png","width":3545,"height":1772,"caption":"Frost Boutique Hotel P\u00e4rnu"},"image":{"@id":"https:\/\/frosthotel.ee\/fi\/#\/schema\/logo\/image\/"},"sameAs":["https:\/\/www.facebook.com\/frostboutiquehotel\/","https:\/\/www.instagram.com\/frostboutiquehotel\/"]}]}},"_links":{"self":[{"href":"https:\/\/frosthotel.ee\/fi\/wp-json\/wp\/v2\/pages\/6678","targetHints":{"allow":["GET"]}}],"collection":[{"href":"https:\/\/frosthotel.ee\/fi\/wp-json\/wp\/v2\/pages"}],"about":[{"href":"https:\/\/frosthotel.ee\/fi\/wp-json\/wp\/v2\/types\/page"}],"author":[{"embeddable":true,"href":"https:\/\/frosthotel.ee\/fi\/wp-json\/wp\/v2\/users\/6"}],"replies":[{"embeddable":true,"href":"https:\/\/frosthotel.ee\/fi\/wp-json\/wp\/v2\/comments?post=6678"}],"version-history":[{"count":2,"href":"https:\/\/frosthotel.ee\/fi\/wp-json\/wp\/v2\/pages\/6678\/revisions"}],"predecessor-version":[{"id":6733,"href":"https:\/\/frosthotel.ee\/fi\/wp-json\/wp\/v2\/pages\/6678\/revisions\/6733"}],"up":[{"embeddable":true,"href":"https:\/\/frosthotel.ee\/fi\/wp-json\/wp\/v2\/pages\/2868"}],"wp:attachment":[{"href":"https:\/\/frosthotel.ee\/fi\/wp-json\/wp\/v2\/media?parent=6678"}],"curies":[{"name":"wp","href":"https:\/\/api.w.org\/{rel}","templated":true}]}}