{"id":6810,"date":"2022-09-11T17:32:22","date_gmt":"2022-09-11T14:32:22","guid":{"rendered":"https:\/\/frosthotel.ee\/heakorrareeglid\/"},"modified":"2026-03-13T15:59:13","modified_gmt":"2026-03-13T13:59:13","slug":"rentoutumisaluesaannot","status":"publish","type":"page","link":"https:\/\/frosthotel.ee\/fi\/rentoutumisaluesaannot\/","title":{"rendered":"Rentoutumisalueen s\u00e4\u00e4nn\u00f6t"},"content":{"rendered":"<p>UUTUUS! Olemme avanneet suomalaisen saunan, h\u00f6yrysaunan sek\u00e4 viihtyis\u00e4n rentoutumisalueen, josta l\u00f6ytyy my\u00f6s uima-allas. P\u00e4\u00e4sy rentoutumisalueelle on maksullinen, maksu ei koske hotellin asiakkaita, mik\u00e4li sis\u00e4\u00e4np\u00e4\u00e4sy sis\u00e4ltyy vastaavan majoituspaketin hintaan.*<\/p>\n<p>1. Rentoutumisalue on auki Ti &#8211; La kello 9.00-22.00, Su kello 9.00-16.00 (sis\u00e4\u00e4np\u00e4\u00e4sy p\u00e4\u00e4ttyy 2 tuntia ennen keskuksen sulkemista)<br \/>\n2. 0-7-vuotias lapsi on aikuisen kanssa tervetullut kello 17 saakka (sunnuntaina kello 16 saakka)<br \/>\n3. Lapsi saa rentoutumisalueella olla vain aikuisen valvonnassa.<br \/>\n4. Varmistaaksemme kaikkien vieraidemme mukavuuden, pyyd\u00e4mme ottamaan huomioon, ett\u00e4 suositeltu vierailuaika on enint\u00e4\u00e4n 2 h (yht\u00e4 y\u00f6t\u00e4 kohden).<br \/>\n5. Ennen uima-altaaseen menoa ja saunan j\u00e4lkeen on k\u00e4yt\u00e4v\u00e4 suihkussa.<br \/>\n6. Rentoutusalueen altaissa ja saunoissa on k\u00e4ytett\u00e4v\u00e4 uimavaatteita, pikkulapsilla k\u00e4ytett\u00e4v\u00e4 uimavaippoja.<br \/>\n7. Pitk\u00e4t hiukset on laitettava kiinni tai k\u00e4ytett\u00e4v\u00e4 uimalakkia.<br \/>\n8. Saunoissa ei saa kytt\u00e4\u00e4 kuorinta-aineita ja muita voiteita.<br \/>\n9. Suihkuhuoneessa ei saa ajella ihokarvoja tai v\u00e4rj\u00e4t\u00e4 hiuksia.<br \/>\n10. Pyyd\u00e4mme saunoissa heitt\u00e4m\u00e4\u00e4n l\u00f6ylyvett\u00e4 vain kuiville kiville ja olemaan h\u00e4iritsem\u00e4tt\u00e4 toisia saunoilijoita.<br \/>\n11. Uima-altaaseen hypp\u00e4\u00e4minen on kielletty.<br \/>\n12. Pyyd\u00e4mme rentoutumiskeskuksessa kulkemaan rauhallisesti ja olemaan juoksematta.<br \/>\n13. Rentoutumisalueella on asiakkaita varten pyyhkeit\u00e4, pyyd\u00e4mme laittamaan k\u00e4ytetyt pyyhkeet niille varattuun koriin.<br \/>\n14. Hotelli ei ota vastuuta rikkoutuneista uimavaatteista.<br \/>\n15. Rentoutumisalueella ei saa sy\u00f6d\u00e4 ja juoda omia ev\u00e4it\u00e4.<br \/>\n16. \u00c4l\u00e4 j\u00e4t\u00e4 ranneketta tai arvoesineit\u00e4 vartioimatta. Hotelli ei ole vastuussa ilman valvontaa j\u00e4tetyist\u00e4 esineist\u00e4. Arvoesineiden s\u00e4ilytt\u00e4miseen pyyd\u00e4mme k\u00e4ytt\u00e4m\u00e4\u00e4n vastaanotossa sijaitsevia tallelokeroita.<br \/>\n17. Keskuksessa on videovalvonta.<br \/>\n18. Hotelli ei ole vastuussa asiakkaille aiheutuneista vammoista tai muista terveyshaitoista eik\u00e4 korvaa niist\u00e4 aiheutuvia vahinkoja.<br \/>\n19. Rannekkeen rikkomisesta tai kadottamisesta on maksettava vahingonkorvausta 50 EUR.<br \/>\n20. Rentoutumisalualueella on tupakointi, oleskelu huumeiden tai alkoholin vaikutuksen alaisena kielletty.<br \/>\n21. Henkil\u00f6kunnalla on oikeus est\u00e4\u00e4 h\u00e4iritsev\u00e4sti k\u00e4ytt\u00e4ytyv\u00e4lt\u00e4 asiakkaalta p\u00e4\u00e4sy vesikeskukseen tai mit\u00e4t\u00f6id\u00e4 h\u00e4iritsev\u00e4sti k\u00e4ytt\u00e4ytyvien asiakkaiden lipun voimassaolo ja pyyt\u00e4\u00e4 heit\u00e4 poistumaan.<br \/>\n22. Sopimussakko kielletyist\u00e4 toiminnoista ja kotirauhan rikkomisesta on 60 EUR.<br \/>\n23. Lahjakortti on n\u00e4ytett\u00e4v\u00e4 aina ennen oston suorittamista.<br \/>\n24. Rentoutumiskeskus ei korvaa etuuksia rahallisesti j\u00e4lkeenp\u00e4in.<\/p>\n<p>*Booking.comin kautta tehdyt varaukset eiv\u00e4t sis\u00e4ll\u00e4 p\u00e4\u00e4sy\u00e4 rentoutumisalueelle. Lue ennen varauksen tekemist\u00e4, mit\u00e4 palveluita paketti sis\u00e4lt\u00e4\u00e4.<\/p>\n","protected":false},"excerpt":{"rendered":"<p>UUTUUS! Olemme avanneet suomalaisen saunan, h\u00f6yrysaunan sek\u00e4 viihtyis\u00e4n rentoutumisalueen, josta l\u00f6ytyy my\u00f6s uima-allas. P\u00e4\u00e4sy rentoutumisalueelle on maksullinen, maksu ei koske hotellin asiakkaita, mik\u00e4li sis\u00e4\u00e4np\u00e4\u00e4sy sis\u00e4ltyy vastaavan majoituspaketin hintaan.* 1. Rentoutumisalue on auki Ti &#8211; La kello 9.00-22.00, Su kello 9.00-16.00 (sis\u00e4\u00e4np\u00e4\u00e4sy p\u00e4\u00e4ttyy 2 tuntia ennen keskuksen sulkemista) 2. 0-7-vuotias lapsi on aikuisen kanssa tervetullut kello 17 saakka (sunnuntaina kello 16 saakka) 3. Lapsi saa rentoutumisalueella olla vain aikuisen valvonnassa. 4. Varmistaaksemme kaikkien vieraidemme mukavuuden, pyyd\u00e4mme ottamaan huomioon, ett\u00e4 suositeltu vierailuaika on enint\u00e4\u00e4n 2 h (yht\u00e4 y\u00f6t\u00e4 kohden). 5. Ennen uima-altaaseen menoa ja saunan j\u00e4lkeen on k\u00e4yt\u00e4v\u00e4 suihkussa. 6. Rentoutusalueen altaissa ja saunoissa on k\u00e4ytett\u00e4v\u00e4 uimavaatteita, pikkulapsilla k\u00e4ytett\u00e4v\u00e4 uimavaippoja. 7. Pitk\u00e4t hiukset on laitettava kiinni tai k\u00e4ytett\u00e4v\u00e4 uimalakkia. 8. Saunoissa ei saa kytt\u00e4\u00e4 kuorinta-aineita ja muita voiteita. 9. Suihkuhuoneessa ei saa ajella ihokarvoja tai v\u00e4rj\u00e4t\u00e4 hiuksia. 10. Pyyd\u00e4mme saunoissa heitt\u00e4m\u00e4\u00e4n l\u00f6ylyvett\u00e4 vain kuiville kiville ja olemaan h\u00e4iritsem\u00e4tt\u00e4 toisia saunoilijoita. 11. Uima-altaaseen hypp\u00e4\u00e4minen on kielletty. 12. Pyyd\u00e4mme rentoutumiskeskuksessa kulkemaan rauhallisesti ja olemaan juoksematta. 13. Rentoutumisalueella on asiakkaita varten pyyhkeit\u00e4, pyyd\u00e4mme laittamaan k\u00e4ytetyt pyyhkeet niille varattuun koriin. 14. Hotelli ei ota vastuuta rikkoutuneista uimavaatteista. 15. Rentoutumisalueella ei saa sy\u00f6d\u00e4 ja juoda omia ev\u00e4it\u00e4. 16. \u00c4l\u00e4 j\u00e4t\u00e4 ranneketta tai arvoesineit\u00e4 vartioimatta. Hotelli ei ole [&hellip;]<\/p>\n","protected":false},"author":6,"featured_media":0,"parent":0,"menu_order":0,"comment_status":"closed","ping_status":"closed","template":"","meta":{"_acf_changed":false,"footnotes":""},"class_list":["post-6810","page","type-page","status-publish","hentry"],"acf":[],"yoast_head":"<!-- This site is optimized with the Yoast SEO Premium plugin v20.6 (Yoast SEO v27.3) - https:\/\/yoast.com\/product\/yoast-seo-premium-wordpress\/ -->\n<title>Rentoutumisalueen s\u00e4\u00e4nn\u00f6t | Frost Boutique Hotel<\/title>\n<meta name=\"robots\" content=\"index, follow, max-snippet:-1, max-image-preview:large, max-video-preview:-1\" \/>\n<link rel=\"canonical\" href=\"https:\/\/frosthotel.ee\/fi\/rentoutumisaluesaannot\/\" \/>\n<meta property=\"og:locale\" content=\"fi_FI\" \/>\n<meta property=\"og:type\" content=\"article\" \/>\n<meta property=\"og:title\" content=\"Rentoutumisalueen s\u00e4\u00e4nn\u00f6t\" \/>\n<meta property=\"og:description\" content=\"UUTUUS! Olemme avanneet suomalaisen saunan, h\u00f6yrysaunan sek\u00e4 viihtyis\u00e4n rentoutumisalueen, josta l\u00f6ytyy my\u00f6s uima-allas. P\u00e4\u00e4sy rentoutumisalueelle on maksullinen, maksu ei koske hotellin asiakkaita, mik\u00e4li sis\u00e4\u00e4np\u00e4\u00e4sy sis\u00e4ltyy vastaavan majoituspaketin hintaan.* 1. Rentoutumisalue on auki Ti &#8211; La kello 9.00-22.00, Su kello 9.00-16.00 (sis\u00e4\u00e4np\u00e4\u00e4sy p\u00e4\u00e4ttyy 2 tuntia ennen keskuksen sulkemista) 2. 0-7-vuotias lapsi on aikuisen kanssa tervetullut kello 17 saakka (sunnuntaina kello 16 saakka) 3. Lapsi saa rentoutumisalueella olla vain aikuisen valvonnassa. 4. Varmistaaksemme kaikkien vieraidemme mukavuuden, pyyd\u00e4mme ottamaan huomioon, ett\u00e4 suositeltu vierailuaika on enint\u00e4\u00e4n 2 h (yht\u00e4 y\u00f6t\u00e4 kohden). 5. Ennen uima-altaaseen menoa ja saunan j\u00e4lkeen on k\u00e4yt\u00e4v\u00e4 suihkussa. 6. Rentoutusalueen altaissa ja saunoissa on k\u00e4ytett\u00e4v\u00e4 uimavaatteita, pikkulapsilla k\u00e4ytett\u00e4v\u00e4 uimavaippoja. 7. Pitk\u00e4t hiukset on laitettava kiinni tai k\u00e4ytett\u00e4v\u00e4 uimalakkia. 8. Saunoissa ei saa kytt\u00e4\u00e4 kuorinta-aineita ja muita voiteita. 9. Suihkuhuoneessa ei saa ajella ihokarvoja tai v\u00e4rj\u00e4t\u00e4 hiuksia. 10. Pyyd\u00e4mme saunoissa heitt\u00e4m\u00e4\u00e4n l\u00f6ylyvett\u00e4 vain kuiville kiville ja olemaan h\u00e4iritsem\u00e4tt\u00e4 toisia saunoilijoita. 11. Uima-altaaseen hypp\u00e4\u00e4minen on kielletty. 12. Pyyd\u00e4mme rentoutumiskeskuksessa kulkemaan rauhallisesti ja olemaan juoksematta. 13. Rentoutumisalueella on asiakkaita varten pyyhkeit\u00e4, pyyd\u00e4mme laittamaan k\u00e4ytetyt pyyhkeet niille varattuun koriin. 14. Hotelli ei ota vastuuta rikkoutuneista uimavaatteista. 15. Rentoutumisalueella ei saa sy\u00f6d\u00e4 ja juoda omia ev\u00e4it\u00e4. 16. \u00c4l\u00e4 j\u00e4t\u00e4 ranneketta tai arvoesineit\u00e4 vartioimatta. Hotelli ei ole [&hellip;]\" \/>\n<meta property=\"og:url\" content=\"https:\/\/frosthotel.ee\/fi\/rentoutumisaluesaannot\/\" \/>\n<meta property=\"og:site_name\" content=\"Frost Boutique Hotel\" \/>\n<meta property=\"article:publisher\" content=\"https:\/\/www.facebook.com\/frostboutiquehotel\/\" \/>\n<meta property=\"article:modified_time\" content=\"2026-03-13T13:59:13+00:00\" \/>\n<meta property=\"og:image\" content=\"https:\/\/frosthotel.ee\/wp-content\/uploads\/2021\/04\/Frost-Boutique-Hotell.jpg\" \/>\n\t<meta property=\"og:image:width\" content=\"2016\" \/>\n\t<meta property=\"og:image:height\" content=\"1512\" \/>\n\t<meta property=\"og:image:type\" content=\"image\/jpeg\" \/>\n<meta name=\"twitter:card\" content=\"summary_large_image\" \/>\n<meta name=\"twitter:label1\" content=\"Arvioitu lukuaika\" \/>\n\t<meta name=\"twitter:data1\" content=\"2 minuuttia\" \/>\n<script type=\"application\/ld+json\" class=\"yoast-schema-graph\">{\"@context\":\"https:\\\/\\\/schema.org\",\"@graph\":[{\"@type\":\"WebPage\",\"@id\":\"https:\\\/\\\/frosthotel.ee\\\/fi\\\/rentoutumisaluesaannot\\\/\",\"url\":\"https:\\\/\\\/frosthotel.ee\\\/fi\\\/rentoutumisaluesaannot\\\/\",\"name\":\"Rentoutumisalueen s\u00e4\u00e4nn\u00f6t | Frost Boutique Hotel\",\"isPartOf\":{\"@id\":\"https:\\\/\\\/frosthotel.ee\\\/fi\\\/#website\"},\"datePublished\":\"2022-09-11T14:32:22+00:00\",\"dateModified\":\"2026-03-13T13:59:13+00:00\",\"breadcrumb\":{\"@id\":\"https:\\\/\\\/frosthotel.ee\\\/fi\\\/rentoutumisaluesaannot\\\/#breadcrumb\"},\"inLanguage\":\"fi\",\"potentialAction\":[{\"@type\":\"ReadAction\",\"target\":[\"https:\\\/\\\/frosthotel.ee\\\/fi\\\/rentoutumisaluesaannot\\\/\"]}]},{\"@type\":\"BreadcrumbList\",\"@id\":\"https:\\\/\\\/frosthotel.ee\\\/fi\\\/rentoutumisaluesaannot\\\/#breadcrumb\",\"itemListElement\":[{\"@type\":\"ListItem\",\"position\":1,\"name\":\"Home\",\"item\":\"https:\\\/\\\/frosthotel.ee\\\/fi\\\/\"},{\"@type\":\"ListItem\",\"position\":2,\"name\":\"Rentoutumisalueen s\u00e4\u00e4nn\u00f6t\"}]},{\"@type\":\"WebSite\",\"@id\":\"https:\\\/\\\/frosthotel.ee\\\/fi\\\/#website\",\"url\":\"https:\\\/\\\/frosthotel.ee\\\/fi\\\/\",\"name\":\"Frost Boutique Hotel\",\"description\":\"P\u00e4rnu s\u00fcdalinna erakordne butiik-hotell\",\"publisher\":{\"@id\":\"https:\\\/\\\/frosthotel.ee\\\/fi\\\/#organization\"},\"potentialAction\":[{\"@type\":\"SearchAction\",\"target\":{\"@type\":\"EntryPoint\",\"urlTemplate\":\"https:\\\/\\\/frosthotel.ee\\\/fi\\\/?s={search_term_string}\"},\"query-input\":{\"@type\":\"PropertyValueSpecification\",\"valueRequired\":true,\"valueName\":\"search_term_string\"}}],\"inLanguage\":\"fi\"},{\"@type\":\"Organization\",\"@id\":\"https:\\\/\\\/frosthotel.ee\\\/fi\\\/#organization\",\"name\":\"Frost Boutique Hotel P\u00e4rnu\",\"url\":\"https:\\\/\\\/frosthotel.ee\\\/fi\\\/\",\"logo\":{\"@type\":\"ImageObject\",\"inLanguage\":\"fi\",\"@id\":\"https:\\\/\\\/frosthotel.ee\\\/fi\\\/#\\\/schema\\\/logo\\\/image\\\/\",\"url\":\"https:\\\/\\\/frosthotel.ee\\\/wp-content\\\/uploads\\\/2022\\\/04\\\/Frost_logo-02.png\",\"contentUrl\":\"https:\\\/\\\/frosthotel.ee\\\/wp-content\\\/uploads\\\/2022\\\/04\\\/Frost_logo-02.png\",\"width\":3545,\"height\":1772,\"caption\":\"Frost Boutique Hotel P\u00e4rnu\"},\"image\":{\"@id\":\"https:\\\/\\\/frosthotel.ee\\\/fi\\\/#\\\/schema\\\/logo\\\/image\\\/\"},\"sameAs\":[\"https:\\\/\\\/www.facebook.com\\\/frostboutiquehotel\\\/\",\"https:\\\/\\\/www.instagram.com\\\/frostboutiquehotel\\\/\"]}]}<\/script>\n<!-- \/ Yoast SEO Premium plugin. -->","yoast_head_json":{"title":"Rentoutumisalueen s\u00e4\u00e4nn\u00f6t | Frost Boutique Hotel","robots":{"index":"index","follow":"follow","max-snippet":"max-snippet:-1","max-image-preview":"max-image-preview:large","max-video-preview":"max-video-preview:-1"},"canonical":"https:\/\/frosthotel.ee\/fi\/rentoutumisaluesaannot\/","og_locale":"fi_FI","og_type":"article","og_title":"Rentoutumisalueen s\u00e4\u00e4nn\u00f6t","og_description":"UUTUUS! Olemme avanneet suomalaisen saunan, h\u00f6yrysaunan sek\u00e4 viihtyis\u00e4n rentoutumisalueen, josta l\u00f6ytyy my\u00f6s uima-allas. P\u00e4\u00e4sy rentoutumisalueelle on maksullinen, maksu ei koske hotellin asiakkaita, mik\u00e4li sis\u00e4\u00e4np\u00e4\u00e4sy sis\u00e4ltyy vastaavan majoituspaketin hintaan.* 1. Rentoutumisalue on auki Ti &#8211; La kello 9.00-22.00, Su kello 9.00-16.00 (sis\u00e4\u00e4np\u00e4\u00e4sy p\u00e4\u00e4ttyy 2 tuntia ennen keskuksen sulkemista) 2. 0-7-vuotias lapsi on aikuisen kanssa tervetullut kello 17 saakka (sunnuntaina kello 16 saakka) 3. Lapsi saa rentoutumisalueella olla vain aikuisen valvonnassa. 4. Varmistaaksemme kaikkien vieraidemme mukavuuden, pyyd\u00e4mme ottamaan huomioon, ett\u00e4 suositeltu vierailuaika on enint\u00e4\u00e4n 2 h (yht\u00e4 y\u00f6t\u00e4 kohden). 5. Ennen uima-altaaseen menoa ja saunan j\u00e4lkeen on k\u00e4yt\u00e4v\u00e4 suihkussa. 6. Rentoutusalueen altaissa ja saunoissa on k\u00e4ytett\u00e4v\u00e4 uimavaatteita, pikkulapsilla k\u00e4ytett\u00e4v\u00e4 uimavaippoja. 7. Pitk\u00e4t hiukset on laitettava kiinni tai k\u00e4ytett\u00e4v\u00e4 uimalakkia. 8. Saunoissa ei saa kytt\u00e4\u00e4 kuorinta-aineita ja muita voiteita. 9. Suihkuhuoneessa ei saa ajella ihokarvoja tai v\u00e4rj\u00e4t\u00e4 hiuksia. 10. Pyyd\u00e4mme saunoissa heitt\u00e4m\u00e4\u00e4n l\u00f6ylyvett\u00e4 vain kuiville kiville ja olemaan h\u00e4iritsem\u00e4tt\u00e4 toisia saunoilijoita. 11. Uima-altaaseen hypp\u00e4\u00e4minen on kielletty. 12. Pyyd\u00e4mme rentoutumiskeskuksessa kulkemaan rauhallisesti ja olemaan juoksematta. 13. Rentoutumisalueella on asiakkaita varten pyyhkeit\u00e4, pyyd\u00e4mme laittamaan k\u00e4ytetyt pyyhkeet niille varattuun koriin. 14. Hotelli ei ota vastuuta rikkoutuneista uimavaatteista. 15. Rentoutumisalueella ei saa sy\u00f6d\u00e4 ja juoda omia ev\u00e4it\u00e4. 16. \u00c4l\u00e4 j\u00e4t\u00e4 ranneketta tai arvoesineit\u00e4 vartioimatta. Hotelli ei ole [&hellip;]","og_url":"https:\/\/frosthotel.ee\/fi\/rentoutumisaluesaannot\/","og_site_name":"Frost Boutique Hotel","article_publisher":"https:\/\/www.facebook.com\/frostboutiquehotel\/","article_modified_time":"2026-03-13T13:59:13+00:00","og_image":[{"width":2016,"height":1512,"url":"https:\/\/frosthotel.ee\/wp-content\/uploads\/2021\/04\/Frost-Boutique-Hotell.jpg","type":"image\/jpeg"}],"twitter_card":"summary_large_image","twitter_misc":{"Arvioitu lukuaika":"2 minuuttia"},"schema":{"@context":"https:\/\/schema.org","@graph":[{"@type":"WebPage","@id":"https:\/\/frosthotel.ee\/fi\/rentoutumisaluesaannot\/","url":"https:\/\/frosthotel.ee\/fi\/rentoutumisaluesaannot\/","name":"Rentoutumisalueen s\u00e4\u00e4nn\u00f6t | Frost Boutique Hotel","isPartOf":{"@id":"https:\/\/frosthotel.ee\/fi\/#website"},"datePublished":"2022-09-11T14:32:22+00:00","dateModified":"2026-03-13T13:59:13+00:00","breadcrumb":{"@id":"https:\/\/frosthotel.ee\/fi\/rentoutumisaluesaannot\/#breadcrumb"},"inLanguage":"fi","potentialAction":[{"@type":"ReadAction","target":["https:\/\/frosthotel.ee\/fi\/rentoutumisaluesaannot\/"]}]},{"@type":"BreadcrumbList","@id":"https:\/\/frosthotel.ee\/fi\/rentoutumisaluesaannot\/#breadcrumb","itemListElement":[{"@type":"ListItem","position":1,"name":"Home","item":"https:\/\/frosthotel.ee\/fi\/"},{"@type":"ListItem","position":2,"name":"Rentoutumisalueen s\u00e4\u00e4nn\u00f6t"}]},{"@type":"WebSite","@id":"https:\/\/frosthotel.ee\/fi\/#website","url":"https:\/\/frosthotel.ee\/fi\/","name":"Frost Boutique Hotel","description":"P\u00e4rnu s\u00fcdalinna erakordne butiik-hotell","publisher":{"@id":"https:\/\/frosthotel.ee\/fi\/#organization"},"potentialAction":[{"@type":"SearchAction","target":{"@type":"EntryPoint","urlTemplate":"https:\/\/frosthotel.ee\/fi\/?s={search_term_string}"},"query-input":{"@type":"PropertyValueSpecification","valueRequired":true,"valueName":"search_term_string"}}],"inLanguage":"fi"},{"@type":"Organization","@id":"https:\/\/frosthotel.ee\/fi\/#organization","name":"Frost Boutique Hotel P\u00e4rnu","url":"https:\/\/frosthotel.ee\/fi\/","logo":{"@type":"ImageObject","inLanguage":"fi","@id":"https:\/\/frosthotel.ee\/fi\/#\/schema\/logo\/image\/","url":"https:\/\/frosthotel.ee\/wp-content\/uploads\/2022\/04\/Frost_logo-02.png","contentUrl":"https:\/\/frosthotel.ee\/wp-content\/uploads\/2022\/04\/Frost_logo-02.png","width":3545,"height":1772,"caption":"Frost Boutique Hotel P\u00e4rnu"},"image":{"@id":"https:\/\/frosthotel.ee\/fi\/#\/schema\/logo\/image\/"},"sameAs":["https:\/\/www.facebook.com\/frostboutiquehotel\/","https:\/\/www.instagram.com\/frostboutiquehotel\/"]}]}},"_links":{"self":[{"href":"https:\/\/frosthotel.ee\/fi\/wp-json\/wp\/v2\/pages\/6810","targetHints":{"allow":["GET"]}}],"collection":[{"href":"https:\/\/frosthotel.ee\/fi\/wp-json\/wp\/v2\/pages"}],"about":[{"href":"https:\/\/frosthotel.ee\/fi\/wp-json\/wp\/v2\/types\/page"}],"author":[{"embeddable":true,"href":"https:\/\/frosthotel.ee\/fi\/wp-json\/wp\/v2\/users\/6"}],"replies":[{"embeddable":true,"href":"https:\/\/frosthotel.ee\/fi\/wp-json\/wp\/v2\/comments?post=6810"}],"version-history":[{"count":20,"href":"https:\/\/frosthotel.ee\/fi\/wp-json\/wp\/v2\/pages\/6810\/revisions"}],"predecessor-version":[{"id":8493,"href":"https:\/\/frosthotel.ee\/fi\/wp-json\/wp\/v2\/pages\/6810\/revisions\/8493"}],"wp:attachment":[{"href":"https:\/\/frosthotel.ee\/fi\/wp-json\/wp\/v2\/media?parent=6810"}],"curies":[{"name":"wp","href":"https:\/\/api.w.org\/{rel}","templated":true}]}}