{"id":6831,"date":"2022-09-13T11:21:52","date_gmt":"2022-09-13T08:21:52","guid":{"rendered":"https:\/\/frosthotel.ee\/?page_id=6831"},"modified":"2026-05-10T15:08:25","modified_gmt":"2026-05-10T12:08:25","slug":"rentoutumisalue","status":"publish","type":"page","link":"https:\/\/frosthotel.ee\/fi\/rentoutumisalue\/","title":{"rendered":"rentoutumisalue"},"content":{"rendered":"<div class='row'><div style='padding-bottom:30px;' class='span12 first-module module_number_1 module_cont  module_text_area'>\r\n                <div class='module_content'>\r\n                    <p><blockquote class='shortcode_blockquote right type5' style='width:25%;'><div class='blockquote_wrapper'><p>Salli kehollesi rakkautta ja rentoutusta &ndash; se on sen arvoista. <\/p><div class='author'><\/div><\/div><\/blockquote><span class='dropcap type2'>F<\/span>rost Boutique hotellin rentoutumisalue on yksityinen ja viihtyis&auml; keidas keskell&auml; P&auml;rnun ydinkeskustaa, jossa sek&auml; keho ett&auml; mieli lep&auml;&auml;v&auml;t.<\/p>\r\n<p>Alueella on kaksi saunaa &ndash; klassinen suomalainen sauna, jossa ilma on kuuma ja kuiva (90 C), sek&auml; h&ouml;yrysauna, jossa on korkea ilmankosteus (45 C). Ainoastaan Frost hotellissa voi nauttia shungiittikivien rentouttavasta vaikutuksesta ja j&auml;&auml;hdytt&auml;&auml; itse&auml;&auml;n kloorittomassa allasvedess&auml;. Altaan syvyys on 130 cm.<\/p>\r\n<p>Rentoutumisalueelle p&auml;&auml;see samanaikaisesti enint&auml;&auml;n 15 henke&auml;, varmistaakseen asiakkaille riitt&auml;v&auml;sti tilaa ja taukoa arjesta. Alue on ensisijaisesti avoinna hotelliasiakkaille, mutta tarjoamme palvelua my&ouml;s kaupunkilaisille ja ryhmille. Hotellin rentoutumisalueella ei leijaile kloorin voimakasta ja pist&auml;v&auml;&auml; hajua. Altaan vesi puhdistetaan suolalla, joka on keholle ja iholle luonnollinen ja mieto. Suolalla puhdistettu vesi on terveydelle turvallista ja t&auml;ytt&auml;&auml; Viron viranomaisvaatimukset. Alueella on vaatteita varten 10 lukittavaa kaappia. Asiakkaidemme k&auml;ytett&auml;viss&auml; ovat pyyhkeet ja hiustenkuivaimet.<\/p>\r\n<p>Rentoutumisalueen k&auml;ytt&ouml;aika on 2 tuntia (yht&auml; y&ouml;t&auml; kohden).<\/p>\r\n<p>Aukioloajat: <br \/><strong>Ti - La 9:00 - 12:00 ja 15:00 - 22:00<\/strong><br \/><strong>Su 9:00 - 16:00 <\/strong><br \/><strong>Sis&auml;&auml;np&auml;&auml;sy p&auml;&auml;ttyy kaksi tuntia ennen alueen sulkemista. <\/strong><br \/><br \/>* 0-7-vuotiaat lapset ovat aikuisen kanssa tervetulleita kello 17:00 saakka (sunnuntaisin kello 16:00 saakka) <br \/>* Hotellin ulkopuolelta tulevalle asiakkaalle maksaa sis&auml;&auml;np&auml;&auml;sy rentoutumiskeskukseen 40 &euro;. Lapsi enint&auml;&auml;n 14 v (my&ouml;s 14-vuotiaat) ilmainen. Lapsi 15 vuodesta alkaen aikuisen hinta (sis&auml;lt&auml;&auml; 2 h k&auml;ytt&ouml;aikaa ja pyyhkeiden k&auml;yt&ouml;n).<br \/>* Hotellin asiakkaille p&auml;&auml;symaksu rentoutumiskeskukseen on 30 &euro;. Lapset enint&auml;&auml;n 14 vuotta (my&ouml;s 14-vuotiaat) ovat maksuttomia. 15-vuotiaat ja sit&auml; vanhemmat maksavat aikuisen hinnan (sis&auml;lt&auml;&auml; 2 tunnin k&auml;ynnin ja pyyhkeiden k&auml;yt&ouml;n).<br \/>* Tutustuthan rentoutumisalueen s&auml;&auml;nt&ouml;ihin etuk&auml;teen <a href=\"\/fi\/rentoutumisaluesaannot\/\">T&Auml;SS&Auml;<\/a><br \/>* Pyyd&auml;mme varaamaan rentoutumisalueen k&auml;yt&ouml;n etuk&auml;teen.<br \/>* P&auml;&auml;sy rentoutumisalueelle on maksullinen, maksu ei koske hotellin asiakkaita, mik&auml;li sis&auml;&auml;np&auml;&auml;sy sis&auml;ltyy vastaavan majoituspaketin hintaan.<br \/>*Booking.comin kautta tehdyt varaukset eiv&auml;t sis&auml;ll&auml; p&auml;&auml;sy&auml; rentoutumisalueelle.<\/p>\r\n<p class=\"MsoNormal\">&nbsp;<\/p>\r\n                <\/div><\/div><!-- .module_cont --><\/div><div class='row'><div style='padding-bottom:30px;' class='span9  module_number_2 module_cont  module_text_area'><div class='bg_title'><h3 style='' class='headInModule'>SHUNGIITISTA<\/h3><\/div>\r\n                <div class='module_content'>\r\n                    <p>Frostin rentoutumisalueesta tekee erityisen shungiitti. Kiilt&auml;vi&auml; mustia kivi&auml; voi n&auml;hd&auml; uima-altaan reunalla ja saunassa. Shungiitti on luonnollinen mineraali, jonka p&auml;&auml;ainesosa on hiili. Kivilajin geologinen ik&auml; on yli 2 miljardia vuotta. Shungiitista tekee todella erityisen ja kiinnostavan tosiasia, ett&auml; sit&auml; kivilajia l&ouml;ytyy maailmassa vain yhdest&auml; paikasta &ndash; Karjalasta, yhden maailman puhtaimman j&auml;rven eli &Auml;&auml;nisj&auml;rven pohjoisrannalta. Shungiitti on arvokas mineraali puhdistavien ominaisuuksien ansiosta. Shungiitista on useita vuosia valmistettu suodattimia, joiden suodattama vesi on erityisen kirkas, raikas ja puhdas. Puhdistettua vett&auml; k&auml;ytet&auml;&auml;n sek&auml; juomiseen ett&auml; ruoanvalmistuksessa. Vierailijoita odottavat shungiittivedell&auml; t&auml;ytetyt kannut, jotta voisitte maistaa sit&auml; ja vilvoitella kuuman saunan j&auml;lkeen. Shungiitista valmistetaan my&ouml;s saippuaa. Mustanv&auml;rinen saippuanpalanen saattaa ensi silm&auml;yksell&auml; tuntua oudolta, mutta kostuttamalla saippuan vedell&auml; se alkaa mukavasti vaahtoamaan, poistaa lian ja tekee ihosta puhtaan, silkkisen ja pehme&auml;n. Erikoista saippuaa voi ostaa my&ouml;s hotellistamme. Shungiitti on luonnonkivi, joka sis&auml;lt&auml;&auml; fullereenia eli pallohiilt&auml;, joilla selitet&auml;&auml;n shungiitin monenlaisia terveytt&auml; edist&auml;vi&auml; ominaisuuksia. Onko se shungiitin parantava vaikutus, veden virtaus altaassa, saunomisen aiheuttama v&auml;symys tai irtiotto arjen h&auml;lin&auml;st&auml; -t&auml;rkeint&auml; on, ett&auml; tunnette saunarituaalien j&auml;lkeen olonne lev&auml;nneeksi ja virke&auml;ksi. Tervetuloa rentoutumaan keitaaseen kaupungin syd&auml;mess&auml;!&nbsp;<\/p>\r\n                <\/div><\/div><!-- .module_cont --><div style='padding-bottom:30px;' class='span3  module_number_3 module_cont  module_text_area'><div class='bg_title'><h4 style='' class='headInModule'>kontakt<\/h4><\/div>\r\n                <div class='module_content'>\r\n                    <p>Kuninga 11 <br \/>P&auml;rnu 80011<\/p>\r\n<p>Telefon: +372 5303 0424<br \/>E-post:&nbsp;<a href=\"mailto:info@frosthotel.ee\">info@frosthotel.ee<\/a><\/p>\r\n<p>&nbsp;<\/p>\r\n                <\/div><\/div><!-- .module_cont --><\/div><div class='row'><div style='padding-bottom:30px;' class='span12  module_number_4 module_cont  module_divider'><hr class=\"type3 \"><\/div><!-- .module_cont --><\/div><div class='row'><div style='padding-bottom:30px;' class='span12  module_number_5 module_cont  module_gallery'><div class='list-of-images images_in_a_row_1'>\r\n                        <div class=\"gallery_item\">\r\n\t\t\t\t\t\t\t<div class=\"gallery_item_padding\">\r\n\t\t\t\t\t\t\t\t<div class=\"gallery_item_wrapper\"><a class=\"featured_ico_link swipebox\" rel=\"gallery-module\" href=\"https:\/\/frosthotel.ee\/wp-content\/uploads\/2025\/03\/frost_spa_area-scaled.jpg\" title=\"\"><\/a><img loading=\"lazy\" decoding=\"async\" class=\"gallery-stand-img\" src=\"https:\/\/frosthotel.ee\/wp-content\/uploads\/2025\/03\/frost_spa_area-scaled-1140x736.jpg\" alt=\"\" width=\"1140\" height=\"736\">\r\n\t\t\t\t\t\t\t\t\t<div class=\"gallery_fadder\"><\/div>\r\n\t\t\t\t\t\t\t\t\t<div class=\"gallery_likes gallery_likes_add \" data-attachid=\"8319\" data-modify=\"like\">\r\n\t\t\t\t\t\t\t\t\t\t<i class=\"stand_icon icon-heart-o\"><\/i>\r\n\t\t\t\t\t\t\t\t\t\t<span>0<\/span>\r\n\t\t\t\t\t\t\t\t\t<\/div>\t\t\t\t\t\t\t\t\t\r\n\t\t\t\t\t\t\t\t<\/div>\r\n\t\t\t\t\t\t\t<\/div>\r\n                        <\/div>\r\n                        \r\n                        <div class=\"gallery_item\">\r\n\t\t\t\t\t\t\t<div class=\"gallery_item_padding\">\r\n\t\t\t\t\t\t\t\t<div class=\"gallery_item_wrapper\"><a class=\"featured_ico_link swipebox\" rel=\"gallery-module\" href=\"https:\/\/frosthotel.ee\/wp-content\/uploads\/2025\/03\/frosthotel_parnu_spa-scaled.jpg\" title=\"\"><\/a><img loading=\"lazy\" decoding=\"async\" class=\"gallery-stand-img\" src=\"https:\/\/frosthotel.ee\/wp-content\/uploads\/2025\/03\/frosthotel_parnu_spa-scaled-1140x736.jpg\" alt=\"\" width=\"1140\" height=\"736\">\r\n\t\t\t\t\t\t\t\t\t<div class=\"gallery_fadder\"><\/div>\r\n\t\t\t\t\t\t\t\t\t<div class=\"gallery_likes gallery_likes_add \" data-attachid=\"8329\" data-modify=\"like\">\r\n\t\t\t\t\t\t\t\t\t\t<i class=\"stand_icon icon-heart-o\"><\/i>\r\n\t\t\t\t\t\t\t\t\t\t<span>0<\/span>\r\n\t\t\t\t\t\t\t\t\t<\/div>\t\t\t\t\t\t\t\t\t\r\n\t\t\t\t\t\t\t\t<\/div>\r\n\t\t\t\t\t\t\t<\/div>\r\n                        <\/div>\r\n                        \r\n            <div class='clear'><\/div>\r\n            <\/div>\r\n            <\/div><!-- .module_cont --><\/div>","protected":false},"excerpt":{"rendered":"<p>Salli kehollesi rakkautta ja rentoutusta &ndash; se on sen arvoista. Frost Boutique hotellin rentoutumisalue on yksityinen ja viihtyis&auml; keidas keskell&auml; P&auml;rnun ydinkeskustaa, jossa sek&auml; keho ett&auml; mieli lep&auml;&auml;v&auml;t. Alueella on kaksi saunaa &ndash; klassinen suomalainen sauna, jossa ilma on kuuma ja kuiva (90 C), sek&auml; h&ouml;yrysauna, jossa on korkea ilmankosteus (45 C). Ainoastaan Frost hotellissa voi nauttia shungiittikivien rentouttavasta vaikutuksesta ja j&auml;&auml;hdytt&auml;&auml; itse&auml;&auml;n kloorittomassa allasvedess&auml;. Altaan syvyys on 130 cm. Rentoutumisalueelle p&auml;&auml;see samanaikaisesti enint&auml;&auml;n 15 henke&auml;, varmistaakseen asiakkaille riitt&auml;v&auml;sti tilaa ja taukoa arjesta. Alue on ensisijaisesti avoinna hotelliasiakkaille, mutta tarjoamme palvelua my&ouml;s kaupunkilaisille ja ryhmille. Hotellin rentoutumisalueella ei leijaile kloorin voimakasta ja pist&auml;v&auml;&auml; hajua. Altaan vesi puhdistetaan suolalla, joka on keholle ja iholle luonnollinen ja mieto. Suolalla puhdistettu vesi on terveydelle turvallista ja t&auml;ytt&auml;&auml; Viron viranomaisvaatimukset. Alueella on vaatteita varten 10 lukittavaa kaappia. Asiakkaidemme k&auml;ytett&auml;viss&auml; ovat pyyhkeet ja hiustenkuivaimet. Rentoutumisalueen k&auml;ytt&ouml;aika on 2 tuntia (yht&auml; y&ouml;t&auml; kohden). Aukioloajat: Ti &#8211; La 9:00 &#8211; 12:00 ja 15:00 &#8211; 22:00Su 9:00 &#8211; 16:00 Sis&auml;&auml;np&auml;&auml;sy p&auml;&auml;ttyy kaksi tuntia ennen alueen sulkemista. * 0-7-vuotiaat lapset ovat aikuisen kanssa tervetulleita kello 17:00 saakka (sunnuntaisin kello 16:00 saakka) * Hotellin ulkopuolelta tulevalle asiakkaalle maksaa sis&auml;&auml;np&auml;&auml;sy rentoutumiskeskukseen 40 &euro;. Lapsi enint&auml;&auml;n 14 v (my&ouml;s 14-vuotiaat) ilmainen. Lapsi [&hellip;]<\/p>\n","protected":false},"author":6,"featured_media":0,"parent":0,"menu_order":0,"comment_status":"closed","ping_status":"closed","template":"page-center.php","meta":{"_acf_changed":false,"footnotes":""},"class_list":["post-6831","page","type-page","status-publish","hentry"],"acf":[],"yoast_head":"<!-- This site is optimized with the Yoast SEO Premium plugin v20.6 (Yoast SEO v27.5) - https:\/\/yoast.com\/product\/yoast-seo-premium-wordpress\/ -->\n<title>Rentoutumisalue P\u00e4rnus | Frost Boutique Hotelli Spaa<\/title>\n<meta name=\"description\" content=\"Frost Boutique Hotelli privaatses l\u00f5\u00f5gastusalal on Soome saun ning aurusaun ning l\u00f5\u00f5gastav bassein, mis on kloorivaba.\" \/>\n<meta name=\"robots\" content=\"index, follow, max-snippet:-1, max-image-preview:large, max-video-preview:-1\" \/>\n<link rel=\"canonical\" href=\"https:\/\/frosthotel.ee\/fi\/rentoutumisalue\/\" \/>\n<meta property=\"og:locale\" content=\"fi_FI\" \/>\n<meta property=\"og:type\" content=\"article\" \/>\n<meta property=\"og:title\" content=\"rentoutumisalue\" \/>\n<meta property=\"og:description\" content=\"Frost Boutique Hotelli privaatses l\u00f5\u00f5gastusalal on Soome saun ning aurusaun ning l\u00f5\u00f5gastav bassein, mis on kloorivaba.\" \/>\n<meta property=\"og:url\" content=\"https:\/\/frosthotel.ee\/fi\/rentoutumisalue\/\" \/>\n<meta property=\"og:site_name\" content=\"Frost Boutique Hotel\" \/>\n<meta property=\"article:publisher\" content=\"https:\/\/www.facebook.com\/frostboutiquehotel\/\" \/>\n<meta property=\"article:modified_time\" content=\"2026-05-10T12:08:25+00:00\" \/>\n<meta property=\"og:image\" content=\"https:\/\/frosthotel.ee\/wp-content\/uploads\/2021\/04\/Frost-Boutique-Hotell.jpg\" \/>\n\t<meta property=\"og:image:width\" content=\"2016\" \/>\n\t<meta property=\"og:image:height\" content=\"1512\" \/>\n\t<meta property=\"og:image:type\" content=\"image\/jpeg\" \/>\n<meta name=\"twitter:card\" content=\"summary_large_image\" \/>\n<script type=\"application\/ld+json\" class=\"yoast-schema-graph\">{\"@context\":\"https:\\\/\\\/schema.org\",\"@graph\":[{\"@type\":\"WebPage\",\"@id\":\"https:\\\/\\\/frosthotel.ee\\\/fi\\\/rentoutumisalue\\\/\",\"url\":\"https:\\\/\\\/frosthotel.ee\\\/fi\\\/rentoutumisalue\\\/\",\"name\":\"Rentoutumisalue P\u00e4rnus | Frost Boutique Hotelli Spaa\",\"isPartOf\":{\"@id\":\"https:\\\/\\\/frosthotel.ee\\\/fi\\\/#website\"},\"datePublished\":\"2022-09-13T08:21:52+00:00\",\"dateModified\":\"2026-05-10T12:08:25+00:00\",\"description\":\"Frost Boutique Hotelli privaatses l\u00f5\u00f5gastusalal on Soome saun ning aurusaun ning l\u00f5\u00f5gastav bassein, mis on kloorivaba.\",\"breadcrumb\":{\"@id\":\"https:\\\/\\\/frosthotel.ee\\\/fi\\\/rentoutumisalue\\\/#breadcrumb\"},\"inLanguage\":\"fi\",\"potentialAction\":[{\"@type\":\"ReadAction\",\"target\":[\"https:\\\/\\\/frosthotel.ee\\\/fi\\\/rentoutumisalue\\\/\"]}]},{\"@type\":\"BreadcrumbList\",\"@id\":\"https:\\\/\\\/frosthotel.ee\\\/fi\\\/rentoutumisalue\\\/#breadcrumb\",\"itemListElement\":[{\"@type\":\"ListItem\",\"position\":1,\"name\":\"Home\",\"item\":\"https:\\\/\\\/frosthotel.ee\\\/fi\\\/\"},{\"@type\":\"ListItem\",\"position\":2,\"name\":\"rentoutumisalue\"}]},{\"@type\":\"WebSite\",\"@id\":\"https:\\\/\\\/frosthotel.ee\\\/fi\\\/#website\",\"url\":\"https:\\\/\\\/frosthotel.ee\\\/fi\\\/\",\"name\":\"Frost Boutique Hotel\",\"description\":\"P\u00e4rnu s\u00fcdalinna erakordne butiik-hotell\",\"publisher\":{\"@id\":\"https:\\\/\\\/frosthotel.ee\\\/fi\\\/#organization\"},\"potentialAction\":[{\"@type\":\"SearchAction\",\"target\":{\"@type\":\"EntryPoint\",\"urlTemplate\":\"https:\\\/\\\/frosthotel.ee\\\/fi\\\/?s={search_term_string}\"},\"query-input\":{\"@type\":\"PropertyValueSpecification\",\"valueRequired\":true,\"valueName\":\"search_term_string\"}}],\"inLanguage\":\"fi\"},{\"@type\":\"Organization\",\"@id\":\"https:\\\/\\\/frosthotel.ee\\\/fi\\\/#organization\",\"name\":\"Frost Boutique Hotel P\u00e4rnu\",\"url\":\"https:\\\/\\\/frosthotel.ee\\\/fi\\\/\",\"logo\":{\"@type\":\"ImageObject\",\"inLanguage\":\"fi\",\"@id\":\"https:\\\/\\\/frosthotel.ee\\\/fi\\\/#\\\/schema\\\/logo\\\/image\\\/\",\"url\":\"https:\\\/\\\/frosthotel.ee\\\/wp-content\\\/uploads\\\/2022\\\/04\\\/Frost_logo-02.png\",\"contentUrl\":\"https:\\\/\\\/frosthotel.ee\\\/wp-content\\\/uploads\\\/2022\\\/04\\\/Frost_logo-02.png\",\"width\":3545,\"height\":1772,\"caption\":\"Frost Boutique Hotel P\u00e4rnu\"},\"image\":{\"@id\":\"https:\\\/\\\/frosthotel.ee\\\/fi\\\/#\\\/schema\\\/logo\\\/image\\\/\"},\"sameAs\":[\"https:\\\/\\\/www.facebook.com\\\/frostboutiquehotel\\\/\",\"https:\\\/\\\/www.instagram.com\\\/frostboutiquehotel\\\/\"]}]}<\/script>\n<!-- \/ Yoast SEO Premium plugin. -->","yoast_head_json":{"title":"Rentoutumisalue P\u00e4rnus | Frost Boutique Hotelli Spaa","description":"Frost Boutique Hotelli privaatses l\u00f5\u00f5gastusalal on Soome saun ning aurusaun ning l\u00f5\u00f5gastav bassein, mis on kloorivaba.","robots":{"index":"index","follow":"follow","max-snippet":"max-snippet:-1","max-image-preview":"max-image-preview:large","max-video-preview":"max-video-preview:-1"},"canonical":"https:\/\/frosthotel.ee\/fi\/rentoutumisalue\/","og_locale":"fi_FI","og_type":"article","og_title":"rentoutumisalue","og_description":"Frost Boutique Hotelli privaatses l\u00f5\u00f5gastusalal on Soome saun ning aurusaun ning l\u00f5\u00f5gastav bassein, mis on kloorivaba.","og_url":"https:\/\/frosthotel.ee\/fi\/rentoutumisalue\/","og_site_name":"Frost Boutique Hotel","article_publisher":"https:\/\/www.facebook.com\/frostboutiquehotel\/","article_modified_time":"2026-05-10T12:08:25+00:00","og_image":[{"width":2016,"height":1512,"url":"https:\/\/frosthotel.ee\/wp-content\/uploads\/2021\/04\/Frost-Boutique-Hotell.jpg","type":"image\/jpeg"}],"twitter_card":"summary_large_image","schema":{"@context":"https:\/\/schema.org","@graph":[{"@type":"WebPage","@id":"https:\/\/frosthotel.ee\/fi\/rentoutumisalue\/","url":"https:\/\/frosthotel.ee\/fi\/rentoutumisalue\/","name":"Rentoutumisalue P\u00e4rnus | Frost Boutique Hotelli Spaa","isPartOf":{"@id":"https:\/\/frosthotel.ee\/fi\/#website"},"datePublished":"2022-09-13T08:21:52+00:00","dateModified":"2026-05-10T12:08:25+00:00","description":"Frost Boutique Hotelli privaatses l\u00f5\u00f5gastusalal on Soome saun ning aurusaun ning l\u00f5\u00f5gastav bassein, mis on kloorivaba.","breadcrumb":{"@id":"https:\/\/frosthotel.ee\/fi\/rentoutumisalue\/#breadcrumb"},"inLanguage":"fi","potentialAction":[{"@type":"ReadAction","target":["https:\/\/frosthotel.ee\/fi\/rentoutumisalue\/"]}]},{"@type":"BreadcrumbList","@id":"https:\/\/frosthotel.ee\/fi\/rentoutumisalue\/#breadcrumb","itemListElement":[{"@type":"ListItem","position":1,"name":"Home","item":"https:\/\/frosthotel.ee\/fi\/"},{"@type":"ListItem","position":2,"name":"rentoutumisalue"}]},{"@type":"WebSite","@id":"https:\/\/frosthotel.ee\/fi\/#website","url":"https:\/\/frosthotel.ee\/fi\/","name":"Frost Boutique Hotel","description":"P\u00e4rnu s\u00fcdalinna erakordne butiik-hotell","publisher":{"@id":"https:\/\/frosthotel.ee\/fi\/#organization"},"potentialAction":[{"@type":"SearchAction","target":{"@type":"EntryPoint","urlTemplate":"https:\/\/frosthotel.ee\/fi\/?s={search_term_string}"},"query-input":{"@type":"PropertyValueSpecification","valueRequired":true,"valueName":"search_term_string"}}],"inLanguage":"fi"},{"@type":"Organization","@id":"https:\/\/frosthotel.ee\/fi\/#organization","name":"Frost Boutique Hotel P\u00e4rnu","url":"https:\/\/frosthotel.ee\/fi\/","logo":{"@type":"ImageObject","inLanguage":"fi","@id":"https:\/\/frosthotel.ee\/fi\/#\/schema\/logo\/image\/","url":"https:\/\/frosthotel.ee\/wp-content\/uploads\/2022\/04\/Frost_logo-02.png","contentUrl":"https:\/\/frosthotel.ee\/wp-content\/uploads\/2022\/04\/Frost_logo-02.png","width":3545,"height":1772,"caption":"Frost Boutique Hotel P\u00e4rnu"},"image":{"@id":"https:\/\/frosthotel.ee\/fi\/#\/schema\/logo\/image\/"},"sameAs":["https:\/\/www.facebook.com\/frostboutiquehotel\/","https:\/\/www.instagram.com\/frostboutiquehotel\/"]}]}},"_links":{"self":[{"href":"https:\/\/frosthotel.ee\/fi\/wp-json\/wp\/v2\/pages\/6831","targetHints":{"allow":["GET"]}}],"collection":[{"href":"https:\/\/frosthotel.ee\/fi\/wp-json\/wp\/v2\/pages"}],"about":[{"href":"https:\/\/frosthotel.ee\/fi\/wp-json\/wp\/v2\/types\/page"}],"author":[{"embeddable":true,"href":"https:\/\/frosthotel.ee\/fi\/wp-json\/wp\/v2\/users\/6"}],"replies":[{"embeddable":true,"href":"https:\/\/frosthotel.ee\/fi\/wp-json\/wp\/v2\/comments?post=6831"}],"version-history":[{"count":2,"href":"https:\/\/frosthotel.ee\/fi\/wp-json\/wp\/v2\/pages\/6831\/revisions"}],"predecessor-version":[{"id":6837,"href":"https:\/\/frosthotel.ee\/fi\/wp-json\/wp\/v2\/pages\/6831\/revisions\/6837"}],"wp:attachment":[{"href":"https:\/\/frosthotel.ee\/fi\/wp-json\/wp\/v2\/media?parent=6831"}],"curies":[{"name":"wp","href":"https:\/\/api.w.org\/{rel}","templated":true}]}}