{"id":7820,"date":"2023-04-19T10:00:28","date_gmt":"2023-04-19T07:00:28","guid":{"rendered":"https:\/\/frosthotel.ee\/?page_id=7820"},"modified":"2023-04-19T10:00:28","modified_gmt":"2023-04-19T07:00:28","slug":"hotellin_sopimusehdot","status":"publish","type":"page","link":"https:\/\/frosthotel.ee\/fi\/hotellin_sopimusehdot\/","title":{"rendered":"HOTELLIN SOPIMUSEHDOT"},"content":{"rendered":"<h2>Hotellin sopimusehdot<\/h2>\n<p><strong>1<\/strong>. <strong>Tilausehdot<\/strong><br \/>\n1.1. N\u00e4m\u00e4 ehdot s\u00e4\u00e4telev\u00e4t henkil\u00f6n (j\u00e4ljemp\u00e4n\u00e4 Asiakas) ja ostoymp\u00e4rist\u00f6n https:\/\/frosthotel.ee\/ (j\u00e4ljemp\u00e4\u00e4n Frost Boutique Hotel varaussivusto) omistajan A.L.L. Arenduse O\u00dc v\u00e4lill\u00e4 Frost Boutique Hotel varaussivuston kautta palveluja ja tuotteita ostettaessa syntyvi\u00e4 oikeussuhteita.<br \/>\n1.2. N\u00e4iden ehtojen lis\u00e4ksi Frost Boutique Hotel varaussivuston kautta palvelujen ja tuotteiden oston yhteydess\u00e4 syntyvi\u00e4 oikeussuhteita s\u00e4\u00e4telee Viron tasavallan lains\u00e4\u00e4d\u00e4nt\u00f6.<br \/>\n1.3. Varaussivustolla saa tilauksia ja ostoksia tehd\u00e4 v\u00e4hint\u00e4\u00e4n 18-vuotias oikeustoimikelpoinen henkil\u00f6. Mik\u00e4li tilauksen tekee henkil\u00f6 joka ei t\u00e4yt\u00e4 edell\u00e4 mainittua vaatimusta, niin seurauksista vastaa henkil\u00f6, jonka pankkitili\u00e4 tai luottokorttia k\u00e4ytt\u00e4en maksu on suoritettu.<\/p>\n<p><strong>2. Hintatiedot<\/strong><br \/>\n2.1. Kaikki hinnat ovat esitetty euroina ja hintoihin kuuluu Viron tasavallan liikevaihtovero.<br \/>\n2.2. Noudata valittuja hintatietoja huolellisesti. Joihinkin hintoihin sis\u00e4ltyy pakollinen varausmaksu. Kun peruutat varauksen, hotellilla on oikeus olla palauttamatta jo maksettua varausmaksua. Varausten hakukoneessa muussa valuutassa n\u00e4ytetyt hinnat ovat viitteellisi\u00e4.<br \/>\n2.3. Jos huonetta ei ole maksettu ennakkoon, se on maksettava paikallisessa valuutassa hotelliin saavuttaessa. Hotellissamme voi maksaa niin debit- kuin luottokortillakin.<\/p>\n<p><strong>3. Ennakkomaksutuotteiden maksuehdot<\/strong><br \/>\n3.1. Asiakkaan on Frost Boutique Hotel varaussivuston kautta ostamasta palvelusta\/tuotteesta maksettava kokonaissumma. Maksun suorittamalla asiakas vahvistaa, ett\u00e4 h\u00e4n on tutustunut kaikkiin varaussivustolla palveluntarjoajan esitt\u00e4miin ehtoihin ja s\u00e4\u00e4nt\u00f6ihin ja hyv\u00e4ksyy ne.<br \/>\n3.2. Maksaminen Online -varaussivustolla tapahtuu pankkisiirrolla verkkopankin kautta tai Visa ja MasterCard debit- tai luottokorttimaksuna.<br \/>\nPankkisiirron tai korttimaksun suoritettuaan asiakkaan on maksun rekister\u00f6inti\u00e4 varten heti klikattava nappia \u201dPalaa palveluntarjoajan palveluun\u201d.<\/p>\n<p><strong>4. Varaaminen ja varausvahvistus<\/strong><br \/>\n4.1. Tee varaus sy\u00f6tt\u00e4m\u00e4ll\u00e4 varausj\u00e4rjestelm\u00e4\u00e4n nimesi, puhelinnumerosi, s\u00e4hk\u00f6postiosoitteesi, asuinosoitteesi, saapumisajankohta ja \u00f6iden lukum\u00e4\u00e4r\u00e4. Varauksesi on vahvistettu, kun olet saanut varausvahvistuksen.<\/p>\n<p><strong>5. Varauksen peruuttaminen ja muuttaminen ja rahan palautus<\/strong><br \/>\n5.1. Majoituksen ja majoituspakettien ostossa p\u00e4tev\u00e4t majoitukseen ja paketteihin erilaiset peruutus- ja rahan palautusehdot. Majoituksen ja majoituspakettien muutoksia, peruutuksia ja rahan palauttamista koskevat ehdot on kirjattu valitun majoituksen ja\/tai majoituspaketin hintakuvaukseen varaussivustolla.<br \/>\n5.2. Voit muuttaa tilausta perumalla vanhan varauksen ja tekem\u00e4ll\u00e4 sen j\u00e4lkeen uuden varauksen. Uutta tilausta teht\u00e4ess\u00e4 hinnat ja huonetyypin saatavuus voivat muuttua.<\/p>\n<p><strong>6. Luottamuksellisuus<\/strong><br \/>\n6.1. Online-varaussivustolla tilausten tekemisen ja ostojen suorittamisen yhteydess\u00e4 annetut henkil\u00f6tiedot ovat luottamuksellisia ja niit\u00e4 k\u00e4sitell\u00e4\u00e4n henkil\u00f6tietolain vaatimusten mukaisesti. A.L.L. Arenduse O\u00dc ei luovuta Asiakkaan henkil\u00f6tietoja kolmansille osapuolille ilman Asiakkaan suostumusta.<\/p>\n<p><strong>7. Hotellin lis\u00e4tiedot<\/strong><br \/>\n7.1. Hotellissa noudatetaan hyvi\u00e4 tapoja.<br \/>\n7.2. Jos varausvahvistuksen vastaanottamisen j\u00e4lkeen ilmenee, ett\u00e4 hotelli ei voi my\u00f6nt\u00e4\u00e4 sinulle varattua huonetta, hotelli on velvollinen tarjoamaan sinulle ilman lis\u00e4maksua paremman tyyppisen huoneen tai huoneen samassa tason hotelli.<br \/>\n7.3. Saapuminen ja l\u00e4ht\u00f6. Huoneesi on k\u00e4ytett\u00e4viss\u00e4si tulop\u00e4iv\u00e4n\u00e4 klo 15.00 (15.00) l\u00e4ht\u00f6p\u00e4iv\u00e4n\u00e4 klo 12.00 (12.00). My\u00f6h\u00e4inen sis\u00e4\u00e4nkirjautuminen klo 00.00 alkaen on 30 \u20ac.<br \/>\n7.4. Tupakointi huoneissa on kielletty.<br \/>\n7.5. Hotellin sis\u00e4pihalla on kolme pys\u00e4k\u00f6intipaikka pienille autoille. Pys\u00e4k\u00f6inti on maksullista ja tarvitaan ennakkovaraus.<br \/>\n7.6. Lemmikkiel\u00e4imet eiv\u00e4t ole luvanneet.<br \/>\n7.7. Y\u00f6rauha alkaa hotellissa kello 23:00 alkaen. Hotellivieras on taloudellisesti vastuussa odottamattoman tapahtuman j\u00e4rjest\u00e4misest\u00e4 ja\/tai hotellin tiloille ja sisustukselle tai muille hotellivieraille tai niiden omaisuudelle aiheuttamista vahingoista.<br \/>\n7.8. S\u00e4\u00e4nt\u00f6jen rikkomisesta seuraa sopimussakko 300 \u20ac.<br \/>\n7.9. Avaamme 28.10.2022 suomalaisen saunan, h\u00f6yrysaunan sek\u00e4 viihtyis\u00e4n rentoutumisalueen, josta l\u00f6ytyy my\u00f6s uima-allas. Sis\u00e4\u00e4np\u00e4\u00e4sy rentoutumisalueelle on maksullinen, hotelliasiakkaille se sis\u00e4ltyy majoituspaketin hintaan.\u00a0Rentoutumisalueen s\u00e4\u00e4nn\u00f6t ovat olennainen osa hotellin yleisi\u00e4 ehtoja.<\/p>\n<p><strong>8. Muuta<\/strong><br \/>\n8.1 Mahdolliset Asiakkaan ja Frost Boutique Hotel v\u00e4lill\u00e4 varaussivuston kautta palvelujen tilaamisen ja ostamisen yhteydess\u00e4 syntyv\u00e4t riitaisuudet ratkaistaan osapuolten v\u00e4lisin neuvotteluin. Jos asiassa ei p\u00e4\u00e4st\u00e4 yhteisymm\u00e4rrykseen, on Asiakkaalla oikeus k\u00e4\u00e4nty\u00e4 oikeuksiensa puolustamiseksi kuluttajansuojaviraston puoleen. Erimielisyydet ja n\u00e4iss\u00e4 ehdoissa k\u00e4sittelem\u00e4tt\u00f6m\u00e4t asiat ratkaistaan Viron tasavallan lains\u00e4\u00e4d\u00e4nn\u00f6n mukaisesti.<\/p>\n<p>9. \u00a0Jos n\u00e4iden ehtojen vironkielinen versio ja muut kieliversiot ovat eri\u00e4vi\u00e4 tai ristiriidassa, etusijalla on vironkielinen versio.<\/p>\n<p>Yhti\u00f6n virallinen nimi: A.L.L. Arenduse O\u00dc<br \/>\nRekisterinumero: 10215138<br \/>\nALV-tunniste: EE100567375<br \/>\nOsoite: Kuninga 11, P\u00e4rnu, Viro, 80011<br \/>\nPankki: SEB<br \/>\nIBAN koodi: EE461010220007390017<br \/>\nSWIFT koodi: EEUHEE2X<br \/>\nPuh: +372 5303 0424<br \/>\nE-posti: info@frosthotel.ee<\/p>\n","protected":false},"excerpt":{"rendered":"<p>Hotellin sopimusehdot 1. Tilausehdot 1.1. N\u00e4m\u00e4 ehdot s\u00e4\u00e4telev\u00e4t henkil\u00f6n (j\u00e4ljemp\u00e4n\u00e4 Asiakas) ja ostoymp\u00e4rist\u00f6n https:\/\/frosthotel.ee\/ (j\u00e4ljemp\u00e4\u00e4n Frost Boutique Hotel varaussivusto) omistajan A.L.L. Arenduse O\u00dc v\u00e4lill\u00e4 Frost Boutique Hotel varaussivuston kautta palveluja ja tuotteita ostettaessa syntyvi\u00e4 oikeussuhteita. 1.2. N\u00e4iden ehtojen lis\u00e4ksi Frost Boutique Hotel varaussivuston kautta palvelujen ja tuotteiden oston yhteydess\u00e4 syntyvi\u00e4 oikeussuhteita s\u00e4\u00e4telee Viron tasavallan lains\u00e4\u00e4d\u00e4nt\u00f6. 1.3. Varaussivustolla saa tilauksia ja ostoksia tehd\u00e4 v\u00e4hint\u00e4\u00e4n 18-vuotias oikeustoimikelpoinen henkil\u00f6. Mik\u00e4li tilauksen tekee henkil\u00f6 joka ei t\u00e4yt\u00e4 edell\u00e4 mainittua vaatimusta, niin seurauksista vastaa henkil\u00f6, jonka pankkitili\u00e4 tai luottokorttia k\u00e4ytt\u00e4en maksu on suoritettu. 2. Hintatiedot 2.1. Kaikki hinnat ovat esitetty euroina ja hintoihin kuuluu Viron tasavallan liikevaihtovero. 2.2. Noudata valittuja hintatietoja huolellisesti. Joihinkin hintoihin sis\u00e4ltyy pakollinen varausmaksu. Kun peruutat varauksen, hotellilla on oikeus olla palauttamatta jo maksettua varausmaksua. Varausten hakukoneessa muussa valuutassa n\u00e4ytetyt hinnat ovat viitteellisi\u00e4. 2.3. Jos huonetta ei ole maksettu ennakkoon, se on maksettava paikallisessa valuutassa hotelliin saavuttaessa. Hotellissamme voi maksaa niin debit- kuin luottokortillakin. 3. Ennakkomaksutuotteiden maksuehdot 3.1. Asiakkaan on Frost Boutique Hotel varaussivuston kautta ostamasta palvelusta\/tuotteesta maksettava kokonaissumma. Maksun suorittamalla asiakas vahvistaa, ett\u00e4 h\u00e4n on tutustunut kaikkiin varaussivustolla palveluntarjoajan esitt\u00e4miin ehtoihin ja s\u00e4\u00e4nt\u00f6ihin ja hyv\u00e4ksyy ne. 3.2. Maksaminen Online -varaussivustolla tapahtuu pankkisiirrolla verkkopankin kautta tai Visa ja MasterCard debit- tai luottokorttimaksuna. [&hellip;]<\/p>\n","protected":false},"author":6,"featured_media":0,"parent":0,"menu_order":0,"comment_status":"closed","ping_status":"closed","template":"","meta":{"_acf_changed":false,"footnotes":""},"class_list":["post-7820","page","type-page","status-publish","hentry"],"acf":[],"yoast_head":"<!-- This site is optimized with the Yoast SEO Premium plugin v20.6 (Yoast SEO v27.4) - https:\/\/yoast.com\/product\/yoast-seo-premium-wordpress\/ -->\n<title>HOTELLIN SOPIMUSEHDOT | Frost Boutique Hotel<\/title>\n<meta name=\"robots\" content=\"index, follow, max-snippet:-1, max-image-preview:large, max-video-preview:-1\" \/>\n<link rel=\"canonical\" href=\"https:\/\/frosthotel.ee\/fi\/hotellin_sopimusehdot\/\" \/>\n<meta property=\"og:locale\" content=\"fi_FI\" \/>\n<meta property=\"og:type\" content=\"article\" \/>\n<meta property=\"og:title\" content=\"HOTELLIN SOPIMUSEHDOT\" \/>\n<meta property=\"og:description\" content=\"Hotellin sopimusehdot 1. Tilausehdot 1.1. N\u00e4m\u00e4 ehdot s\u00e4\u00e4telev\u00e4t henkil\u00f6n (j\u00e4ljemp\u00e4n\u00e4 Asiakas) ja ostoymp\u00e4rist\u00f6n https:\/\/frosthotel.ee\/ (j\u00e4ljemp\u00e4\u00e4n Frost Boutique Hotel varaussivusto) omistajan A.L.L. Arenduse O\u00dc v\u00e4lill\u00e4 Frost Boutique Hotel varaussivuston kautta palveluja ja tuotteita ostettaessa syntyvi\u00e4 oikeussuhteita. 1.2. N\u00e4iden ehtojen lis\u00e4ksi Frost Boutique Hotel varaussivuston kautta palvelujen ja tuotteiden oston yhteydess\u00e4 syntyvi\u00e4 oikeussuhteita s\u00e4\u00e4telee Viron tasavallan lains\u00e4\u00e4d\u00e4nt\u00f6. 1.3. Varaussivustolla saa tilauksia ja ostoksia tehd\u00e4 v\u00e4hint\u00e4\u00e4n 18-vuotias oikeustoimikelpoinen henkil\u00f6. Mik\u00e4li tilauksen tekee henkil\u00f6 joka ei t\u00e4yt\u00e4 edell\u00e4 mainittua vaatimusta, niin seurauksista vastaa henkil\u00f6, jonka pankkitili\u00e4 tai luottokorttia k\u00e4ytt\u00e4en maksu on suoritettu. 2. Hintatiedot 2.1. Kaikki hinnat ovat esitetty euroina ja hintoihin kuuluu Viron tasavallan liikevaihtovero. 2.2. Noudata valittuja hintatietoja huolellisesti. Joihinkin hintoihin sis\u00e4ltyy pakollinen varausmaksu. Kun peruutat varauksen, hotellilla on oikeus olla palauttamatta jo maksettua varausmaksua. Varausten hakukoneessa muussa valuutassa n\u00e4ytetyt hinnat ovat viitteellisi\u00e4. 2.3. Jos huonetta ei ole maksettu ennakkoon, se on maksettava paikallisessa valuutassa hotelliin saavuttaessa. Hotellissamme voi maksaa niin debit- kuin luottokortillakin. 3. Ennakkomaksutuotteiden maksuehdot 3.1. Asiakkaan on Frost Boutique Hotel varaussivuston kautta ostamasta palvelusta\/tuotteesta maksettava kokonaissumma. Maksun suorittamalla asiakas vahvistaa, ett\u00e4 h\u00e4n on tutustunut kaikkiin varaussivustolla palveluntarjoajan esitt\u00e4miin ehtoihin ja s\u00e4\u00e4nt\u00f6ihin ja hyv\u00e4ksyy ne. 3.2. Maksaminen Online -varaussivustolla tapahtuu pankkisiirrolla verkkopankin kautta tai Visa ja MasterCard debit- tai luottokorttimaksuna. [&hellip;]\" \/>\n<meta property=\"og:url\" content=\"https:\/\/frosthotel.ee\/fi\/hotellin_sopimusehdot\/\" \/>\n<meta property=\"og:site_name\" content=\"Frost Boutique Hotel\" \/>\n<meta property=\"article:publisher\" content=\"https:\/\/www.facebook.com\/frostboutiquehotel\/\" \/>\n<meta property=\"og:image\" content=\"https:\/\/frosthotel.ee\/wp-content\/uploads\/2021\/04\/Frost-Boutique-Hotell.jpg\" \/>\n\t<meta property=\"og:image:width\" content=\"2016\" \/>\n\t<meta property=\"og:image:height\" content=\"1512\" \/>\n\t<meta property=\"og:image:type\" content=\"image\/jpeg\" \/>\n<meta name=\"twitter:card\" content=\"summary_large_image\" \/>\n<meta name=\"twitter:label1\" content=\"Arvioitu lukuaika\" \/>\n\t<meta name=\"twitter:data1\" content=\"3 minuuttia\" \/>\n<script type=\"application\/ld+json\" class=\"yoast-schema-graph\">{\"@context\":\"https:\\\/\\\/schema.org\",\"@graph\":[{\"@type\":\"WebPage\",\"@id\":\"https:\\\/\\\/frosthotel.ee\\\/fi\\\/hotellin_sopimusehdot\\\/\",\"url\":\"https:\\\/\\\/frosthotel.ee\\\/fi\\\/hotellin_sopimusehdot\\\/\",\"name\":\"HOTELLIN SOPIMUSEHDOT | Frost Boutique Hotel\",\"isPartOf\":{\"@id\":\"https:\\\/\\\/frosthotel.ee\\\/fi\\\/#website\"},\"datePublished\":\"2023-04-19T07:00:28+00:00\",\"breadcrumb\":{\"@id\":\"https:\\\/\\\/frosthotel.ee\\\/fi\\\/hotellin_sopimusehdot\\\/#breadcrumb\"},\"inLanguage\":\"fi\",\"potentialAction\":[{\"@type\":\"ReadAction\",\"target\":[\"https:\\\/\\\/frosthotel.ee\\\/fi\\\/hotellin_sopimusehdot\\\/\"]}]},{\"@type\":\"BreadcrumbList\",\"@id\":\"https:\\\/\\\/frosthotel.ee\\\/fi\\\/hotellin_sopimusehdot\\\/#breadcrumb\",\"itemListElement\":[{\"@type\":\"ListItem\",\"position\":1,\"name\":\"Home\",\"item\":\"https:\\\/\\\/frosthotel.ee\\\/fi\\\/\"},{\"@type\":\"ListItem\",\"position\":2,\"name\":\"HOTELLIN SOPIMUSEHDOT\"}]},{\"@type\":\"WebSite\",\"@id\":\"https:\\\/\\\/frosthotel.ee\\\/fi\\\/#website\",\"url\":\"https:\\\/\\\/frosthotel.ee\\\/fi\\\/\",\"name\":\"Frost Boutique Hotel\",\"description\":\"P\u00e4rnu s\u00fcdalinna erakordne butiik-hotell\",\"publisher\":{\"@id\":\"https:\\\/\\\/frosthotel.ee\\\/fi\\\/#organization\"},\"potentialAction\":[{\"@type\":\"SearchAction\",\"target\":{\"@type\":\"EntryPoint\",\"urlTemplate\":\"https:\\\/\\\/frosthotel.ee\\\/fi\\\/?s={search_term_string}\"},\"query-input\":{\"@type\":\"PropertyValueSpecification\",\"valueRequired\":true,\"valueName\":\"search_term_string\"}}],\"inLanguage\":\"fi\"},{\"@type\":\"Organization\",\"@id\":\"https:\\\/\\\/frosthotel.ee\\\/fi\\\/#organization\",\"name\":\"Frost Boutique Hotel P\u00e4rnu\",\"url\":\"https:\\\/\\\/frosthotel.ee\\\/fi\\\/\",\"logo\":{\"@type\":\"ImageObject\",\"inLanguage\":\"fi\",\"@id\":\"https:\\\/\\\/frosthotel.ee\\\/fi\\\/#\\\/schema\\\/logo\\\/image\\\/\",\"url\":\"https:\\\/\\\/frosthotel.ee\\\/wp-content\\\/uploads\\\/2022\\\/04\\\/Frost_logo-02.png\",\"contentUrl\":\"https:\\\/\\\/frosthotel.ee\\\/wp-content\\\/uploads\\\/2022\\\/04\\\/Frost_logo-02.png\",\"width\":3545,\"height\":1772,\"caption\":\"Frost Boutique Hotel P\u00e4rnu\"},\"image\":{\"@id\":\"https:\\\/\\\/frosthotel.ee\\\/fi\\\/#\\\/schema\\\/logo\\\/image\\\/\"},\"sameAs\":[\"https:\\\/\\\/www.facebook.com\\\/frostboutiquehotel\\\/\",\"https:\\\/\\\/www.instagram.com\\\/frostboutiquehotel\\\/\"]}]}<\/script>\n<!-- \/ Yoast SEO Premium plugin. -->","yoast_head_json":{"title":"HOTELLIN SOPIMUSEHDOT | Frost Boutique Hotel","robots":{"index":"index","follow":"follow","max-snippet":"max-snippet:-1","max-image-preview":"max-image-preview:large","max-video-preview":"max-video-preview:-1"},"canonical":"https:\/\/frosthotel.ee\/fi\/hotellin_sopimusehdot\/","og_locale":"fi_FI","og_type":"article","og_title":"HOTELLIN SOPIMUSEHDOT","og_description":"Hotellin sopimusehdot 1. Tilausehdot 1.1. N\u00e4m\u00e4 ehdot s\u00e4\u00e4telev\u00e4t henkil\u00f6n (j\u00e4ljemp\u00e4n\u00e4 Asiakas) ja ostoymp\u00e4rist\u00f6n https:\/\/frosthotel.ee\/ (j\u00e4ljemp\u00e4\u00e4n Frost Boutique Hotel varaussivusto) omistajan A.L.L. Arenduse O\u00dc v\u00e4lill\u00e4 Frost Boutique Hotel varaussivuston kautta palveluja ja tuotteita ostettaessa syntyvi\u00e4 oikeussuhteita. 1.2. N\u00e4iden ehtojen lis\u00e4ksi Frost Boutique Hotel varaussivuston kautta palvelujen ja tuotteiden oston yhteydess\u00e4 syntyvi\u00e4 oikeussuhteita s\u00e4\u00e4telee Viron tasavallan lains\u00e4\u00e4d\u00e4nt\u00f6. 1.3. Varaussivustolla saa tilauksia ja ostoksia tehd\u00e4 v\u00e4hint\u00e4\u00e4n 18-vuotias oikeustoimikelpoinen henkil\u00f6. Mik\u00e4li tilauksen tekee henkil\u00f6 joka ei t\u00e4yt\u00e4 edell\u00e4 mainittua vaatimusta, niin seurauksista vastaa henkil\u00f6, jonka pankkitili\u00e4 tai luottokorttia k\u00e4ytt\u00e4en maksu on suoritettu. 2. Hintatiedot 2.1. Kaikki hinnat ovat esitetty euroina ja hintoihin kuuluu Viron tasavallan liikevaihtovero. 2.2. Noudata valittuja hintatietoja huolellisesti. Joihinkin hintoihin sis\u00e4ltyy pakollinen varausmaksu. Kun peruutat varauksen, hotellilla on oikeus olla palauttamatta jo maksettua varausmaksua. Varausten hakukoneessa muussa valuutassa n\u00e4ytetyt hinnat ovat viitteellisi\u00e4. 2.3. Jos huonetta ei ole maksettu ennakkoon, se on maksettava paikallisessa valuutassa hotelliin saavuttaessa. Hotellissamme voi maksaa niin debit- kuin luottokortillakin. 3. Ennakkomaksutuotteiden maksuehdot 3.1. Asiakkaan on Frost Boutique Hotel varaussivuston kautta ostamasta palvelusta\/tuotteesta maksettava kokonaissumma. Maksun suorittamalla asiakas vahvistaa, ett\u00e4 h\u00e4n on tutustunut kaikkiin varaussivustolla palveluntarjoajan esitt\u00e4miin ehtoihin ja s\u00e4\u00e4nt\u00f6ihin ja hyv\u00e4ksyy ne. 3.2. Maksaminen Online -varaussivustolla tapahtuu pankkisiirrolla verkkopankin kautta tai Visa ja MasterCard debit- tai luottokorttimaksuna. [&hellip;]","og_url":"https:\/\/frosthotel.ee\/fi\/hotellin_sopimusehdot\/","og_site_name":"Frost Boutique Hotel","article_publisher":"https:\/\/www.facebook.com\/frostboutiquehotel\/","og_image":[{"width":2016,"height":1512,"url":"https:\/\/frosthotel.ee\/wp-content\/uploads\/2021\/04\/Frost-Boutique-Hotell.jpg","type":"image\/jpeg"}],"twitter_card":"summary_large_image","twitter_misc":{"Arvioitu lukuaika":"3 minuuttia"},"schema":{"@context":"https:\/\/schema.org","@graph":[{"@type":"WebPage","@id":"https:\/\/frosthotel.ee\/fi\/hotellin_sopimusehdot\/","url":"https:\/\/frosthotel.ee\/fi\/hotellin_sopimusehdot\/","name":"HOTELLIN SOPIMUSEHDOT | Frost Boutique Hotel","isPartOf":{"@id":"https:\/\/frosthotel.ee\/fi\/#website"},"datePublished":"2023-04-19T07:00:28+00:00","breadcrumb":{"@id":"https:\/\/frosthotel.ee\/fi\/hotellin_sopimusehdot\/#breadcrumb"},"inLanguage":"fi","potentialAction":[{"@type":"ReadAction","target":["https:\/\/frosthotel.ee\/fi\/hotellin_sopimusehdot\/"]}]},{"@type":"BreadcrumbList","@id":"https:\/\/frosthotel.ee\/fi\/hotellin_sopimusehdot\/#breadcrumb","itemListElement":[{"@type":"ListItem","position":1,"name":"Home","item":"https:\/\/frosthotel.ee\/fi\/"},{"@type":"ListItem","position":2,"name":"HOTELLIN SOPIMUSEHDOT"}]},{"@type":"WebSite","@id":"https:\/\/frosthotel.ee\/fi\/#website","url":"https:\/\/frosthotel.ee\/fi\/","name":"Frost Boutique Hotel","description":"P\u00e4rnu s\u00fcdalinna erakordne butiik-hotell","publisher":{"@id":"https:\/\/frosthotel.ee\/fi\/#organization"},"potentialAction":[{"@type":"SearchAction","target":{"@type":"EntryPoint","urlTemplate":"https:\/\/frosthotel.ee\/fi\/?s={search_term_string}"},"query-input":{"@type":"PropertyValueSpecification","valueRequired":true,"valueName":"search_term_string"}}],"inLanguage":"fi"},{"@type":"Organization","@id":"https:\/\/frosthotel.ee\/fi\/#organization","name":"Frost Boutique Hotel P\u00e4rnu","url":"https:\/\/frosthotel.ee\/fi\/","logo":{"@type":"ImageObject","inLanguage":"fi","@id":"https:\/\/frosthotel.ee\/fi\/#\/schema\/logo\/image\/","url":"https:\/\/frosthotel.ee\/wp-content\/uploads\/2022\/04\/Frost_logo-02.png","contentUrl":"https:\/\/frosthotel.ee\/wp-content\/uploads\/2022\/04\/Frost_logo-02.png","width":3545,"height":1772,"caption":"Frost Boutique Hotel P\u00e4rnu"},"image":{"@id":"https:\/\/frosthotel.ee\/fi\/#\/schema\/logo\/image\/"},"sameAs":["https:\/\/www.facebook.com\/frostboutiquehotel\/","https:\/\/www.instagram.com\/frostboutiquehotel\/"]}]}},"_links":{"self":[{"href":"https:\/\/frosthotel.ee\/fi\/wp-json\/wp\/v2\/pages\/7820","targetHints":{"allow":["GET"]}}],"collection":[{"href":"https:\/\/frosthotel.ee\/fi\/wp-json\/wp\/v2\/pages"}],"about":[{"href":"https:\/\/frosthotel.ee\/fi\/wp-json\/wp\/v2\/types\/page"}],"author":[{"embeddable":true,"href":"https:\/\/frosthotel.ee\/fi\/wp-json\/wp\/v2\/users\/6"}],"replies":[{"embeddable":true,"href":"https:\/\/frosthotel.ee\/fi\/wp-json\/wp\/v2\/comments?post=7820"}],"version-history":[{"count":1,"href":"https:\/\/frosthotel.ee\/fi\/wp-json\/wp\/v2\/pages\/7820\/revisions"}],"predecessor-version":[{"id":7839,"href":"https:\/\/frosthotel.ee\/fi\/wp-json\/wp\/v2\/pages\/7820\/revisions\/7839"}],"wp:attachment":[{"href":"https:\/\/frosthotel.ee\/fi\/wp-json\/wp\/v2\/media?parent=7820"}],"curies":[{"name":"wp","href":"https:\/\/api.w.org\/{rel}","templated":true}]}}