{"id":5474,"date":"2015-05-19T15:34:39","date_gmt":"2015-05-19T12:34:39","guid":{"rendered":"https:\/\/frosthotel.ee\/accommodation-in-parnu\/"},"modified":"2023-03-02T12:20:02","modified_gmt":"2023-03-02T10:20:02","slug":"accommodation-in-parnu","status":"publish","type":"page","link":"https:\/\/frosthotel.ee\/zh-hant\/accommodation-in-parnu\/","title":{"rendered":"\u5ba2\u623f"},"content":{"rendered":"<div class='row'><div style='padding-bottom:30px;' class='span3 first-module module_number_1 module_cont  module_text_area'><div class='bg_title'><h3 style='' class='headInModule'>\u9ad8\u7ea7\u5ba2\u623f<\/h3><\/div>\r\n                <div class='module_content'>\r\n                    <p><a href=\"\/en\/accommodation-in-parnu\/superior-room\/\"><img loading=\"lazy\" decoding=\"async\" src=\"\/wp-content\/uploads\/2021\/03\/Paul-Keres_Superior-Frost-Boutique-Parnu-scaled.jpg\" alt=\"Paul Keres Superior Room\" width=\"1920\" height=\"1080\" \/><\/a><\/p>\r\n<p>Frost Boutique Hotel\u9152\u5e97\u7684\u9ad8\u7ea7\u5ba2\u623f\u4f4d\u4e8e\u56db\u5408\u9662\u3002 \u3002\u5ba2\u623f\u4e0e\u8f6f\u57ab\u5bb6\u5177\uff0c\u6a61\u6728\u5730\u677f\uff0c\u4eff\u53e4\u6728\u548c\u73b0\u4ee3\u6e05\u6d01\u7ebf\u6761\u5f62\u6210\u9c9c\u660e\u5bf9\u6bd4\u3002\u6574\u4e2a\u5047\u671f\uff0c\u623f\u95f4\u7684\u76ae\u51f3\u90fd\u589e\u6dfb\u4e86\u5962\u534e\u611f\u3002\u671d\u897f\u7684\u623f\u95f4\u5728\u5ead\u9662\u9732\u53f0\u4e0a\u4eab\u53d7\u508d\u665a\u7684\u9633\u5149\u3002<\/p>\r\n<p>&nbsp;<\/p>\r\n<p><strong>\u5e8a\u94fa\u5c3a\u5bf8\uff1a1\u5f20\u5bbd\u5927\u53cc\u4eba\u5e8a<\/strong><\/p>\r\n<p>&nbsp;<\/p>\r\n<p>&nbsp;<\/p>\r\n<p>&nbsp;<\/p>\r\n<p>&nbsp;<\/p>\r\n<p><a href=\"\/zh-hant\/accommodation-in-parnu\/superior-room\/\"  class=\" shortcode_button btn_small btn_type3\"><span lang=\"EN-US\" style=\"font-size: 11.0pt; font-family: 'Microsoft JhengHei',sans-serif; mso-bidi-font-family: Calibri; mso-ansi-language: EN-US; mso-fareast-language: EN-US; mso-bidi-language: AR-SA;\">\u9605\u8bfb\u66f4\u591a<\/span><\/a><a href=\"https:\/\/bouk.io\/booking\/frost\/240\/rooms?language=en&amp;adults=2\"  class=\" shortcode_button btn_small btn_type5\">\u9884\u5b9a\u5ba2\u623f<\/a><\/p>\r\n<p class=\"MsoNormal\">&nbsp;<\/p>\r\n                <\/div><\/div><!-- .module_cont --><div style='padding-bottom:30px;' class='span3  module_number_2 module_cont  module_text_area'><div class='bg_title'><h3 style='' class='headInModule'>\u5bb6\u5ead\u623f<\/h3><\/div>\r\n                <div class='module_content'>\r\n                    <p><a href=\"\/en\/accommodation-in-parnu\/family-room\/\"><img loading=\"lazy\" decoding=\"async\" src=\"\/wp-content\/uploads\/2021\/03\/White-Suite_peretuba-Frost-Boutique-Parnu-scaled.jpg\" alt=\"Family Room\" width=\"1920\" height=\"1080\" \/><\/a><\/p>\r\n<p>Frost Boutique Hotel\u8c6a\u534e\u5bb6\u5ead\u5ba2\u623f\u7684\u9ad8\u5929\u82b1\u677f\u7a97\u6237\u4eab\u6709\u6d3e\u5c14\u52aa\u65e7\u57ce\u533a\u7684\u7f8e\u666f\u3002 \u9664\u4e86\u5e38\u89c4\u53cc\u4eba\u5e8a\u4e4b\u5916\uff0c\u8c6a\u534e\u5bb6\u5ead\u623f\u8fd8\u63d0\u4f9b\u53e6\u4e00\u5f20\u53cc\u4eba\u5e8a\uff0c\u975e\u5e38\u9002\u5408\u5bb6\u5ead\u5165\u4f4f\u3002\u53cc\u5c42\u9ad8\u7684\u5929\u82b1\u677f\u548c\u53e4\u8272\u53e4\u9999\u7684\u5929\u82b1\u677f\u6a2a\u6881\u4e3a\u623f\u95f4\u589e\u6dfb\u4e86\u7a7a\u95f4\uff0c\u65e9\u6668\u7684\u9633\u5149\u7167\u5728\u5927\u7a97\u6237\u4e0a\uff0c\u53ef\u6b23\u8d4f\u6d3e\u5c14\u52aaElisabeth\u6559\u5802\u5854\u697c\u7684\u58ee\u4e3d\u666f\u8272\u3002 \u5ba2\u623f\u4ee5\u8f6f\u57ab\u5bb6\u5177\uff0c\u6a61\u6728\u5730\u677f\uff0c\u4eff\u53e4\u6728\u548c\u73b0\u4ee3\u7b80\u6d01\u7ebf\u6761\u4e4b\u95f4\u7684\u5bf9\u6bd4\u4e3a\u7279\u8272\u3002<\/p>\r\n<p><strong>\u5e8a\u94fa\u5c3a\u5bf8\uff1a1\u5f20\u5bbd\u5927\u53cc\u4eba\u5e8a\u3001\u53e6\u52a01\u5f20\u53cc\u4eba\u5e8a\u3002<\/strong><\/p>\r\n<p>&nbsp;<\/p>\r\n<p><a href=\"\/zh-hant\/accommodation-in-parnu\/family-room\/\"  class=\" shortcode_button btn_small btn_type3\"><span lang=\"EN-US\" style=\"font-size: 11.0pt; font-family: 'Microsoft JhengHei',sans-serif; mso-bidi-font-family: Calibri; mso-ansi-language: EN-US; mso-fareast-language: EN-US; mso-bidi-language: AR-SA;\">\u9605\u8bfb\u66f4\u591a<\/span><\/a><a href=\"https:\/\/bouk.io\/booking\/frost\/240\/rooms?language=en&amp;adults=2\"  class=\" shortcode_button btn_small btn_type5\">\u9884\u5b9a\u5ba2\u623f<\/a><\/p>\r\n                <\/div><\/div><!-- .module_cont --><div style='padding-bottom:30px;' class='span3  module_number_3 module_cont  module_text_area'><div class='bg_title'><h3 style='' class='headInModule'>\u5c0f\u578b\u5957\u623f<\/h3><\/div>\r\n                <div class='module_content'>\r\n                    <p><a href=\"\/en\/accommodation-in-parnu\/junior-suite\/\"><img loading=\"lazy\" decoding=\"async\" src=\"\/wp-content\/uploads\/2021\/03\/Golden-Suite_Junior-Suite-Frost-Boutique-Parnu-scaled.jpg\" alt=\"Junior Suite\" width=\"1920\" height=\"1080\" \/><\/a><\/p>\r\n<p>\u5957\u623f\u53ef\u5bb9\u7eb3\u4e24\u4eba\u5165\u4f4f\u3002 \u6240\u6709\u897f\u5f0f\u5ba2\u623f\u90fd\u6709\u8f83\u5927\u7684\u9ad8\u5929\u82b1\u677f\u7a97\u6237\uff0c\u53ef\u76f4\u901a\u5ead\u9662\u623f\u7684\u72ec\u7acb\u9732\u53f0\u3002<\/p>\r\n<p>&nbsp;<\/p>\r\n<p><strong>\u5e8a\u94fa\u5c3a\u5bf8\uff1a1\u5f20\u5bbd\u5927\u53cc\u4eba\u5e8a<\/strong><\/p>\r\n<p>&nbsp;<\/p>\r\n<p>&nbsp;<\/p>\r\n<p>&nbsp;<\/p>\r\n<p>&nbsp;<\/p>\r\n<p>&nbsp;<\/p>\r\n<p>&nbsp;<\/p>\r\n<p>&nbsp;<\/p>\r\n<p><a href=\"\/zh-hant\/accommodation-in-parnu\/junior-suite\/\"  class=\" shortcode_button btn_small btn_type3\">\u9605\u8bfb\u66f4\u591a<\/a><a href=\"https:\/\/bouk.io\/booking\/frost\/240\/rooms?language=en&amp;adults=2\"  class=\" shortcode_button btn_small btn_type5\">\u9884\u5b9a\u5ba2\u623f<\/a><\/p>\r\n                <\/div><\/div><!-- .module_cont --><div style='padding-bottom:30px;' class='span3  module_number_4 module_cont  module_text_area'><div class='bg_title'><h3 style='' class='headInModule'>\u8c6a\u534e\u5957\u623f<\/h3><\/div>\r\n                <div class='module_content'>\r\n                    <p><a href=\"\/en\/accommodation-in-parnu\/deluxe-suite\/\"><img loading=\"lazy\" decoding=\"async\" src=\"\/wp-content\/uploads\/2021\/03\/Coral-Deluxe-Suite-Frost-Boutique-Parnu-scaled.jpg\" alt=\"Deluxe Suite\" width=\"1920\" height=\"1080\" \/><\/a><\/p>\r\n<p>\u8c6a\u534e\u5957\u623f\u53ef\u5bb9\u7eb3\u4e24\u4eba\u5165\u4f4f\u3002 1\u95f4\u5367\u5ba4\uff0c\u5e26\u9633\u53f0\u7684\u5ba2\u5385\uff0c\u53a8\u623f\uff0c\u6d74\u5ba4\u3002 \u514d\u8d39\u4e0a\u7f51\u3002<\/p>\r\n<p>\u6cd5\u5f0f\u5957\u623f\u8425\u9020\u51fa\u8212\u9002\u7684\u6c1b\u56f4\u3002<\/p>\r\n<p>&nbsp;<\/p>\r\n<p><strong>\u5e8a\u94fa\u5c3a\u5bf8\uff1a1\u5f20\u5bbd\u5927\u53cc\u4eba\u5e8a<\/strong><\/p>\r\n<p>&nbsp;<\/p>\r\n<p>&nbsp;<\/p>\r\n<p>&nbsp;<\/p>\r\n<p>&nbsp;<\/p>\r\n<p>&nbsp;<\/p>\r\n<p>&nbsp;<\/p>\r\n<p><a href=\"\/zh-hant\/accommodation-in-parnu\/deluxe-suite\/\"  class=\" shortcode_button btn_small btn_type3\">\u9605\u8bfb\u66f4\u591a<\/a><a href=\"https:\/\/bouk.io\/booking\/frost\/240\/rooms?language=en&amp;adults=2\"  class=\" shortcode_button btn_small btn_type5\">\u9884\u5b9a\u5ba2\u623f<\/a><\/p>\r\n                <\/div><\/div><!-- .module_cont --><\/div><div class='row'><div style='padding-bottom:30px;' class='span3  module_number_5 module_cont  module_text_area'><div class='bg_title'><h3 style='' class='headInModule'>\u5bb6\u5ead\u5957\u623f<\/h3><\/div>\r\n                <div class='module_content'>\r\n                    <p><a href=\"\/en\/accommodation-in-parnu\/family-suite\/\"><img loading=\"lazy\" decoding=\"async\" src=\"\/wp-content\/uploads\/2021\/03\/Honey_deluxe-peresviit-Frost-Boutique-Parnu-scaled.jpg\" alt=\"Family Suite\" width=\"1920\" height=\"1080\" \/><\/a><\/p>\r\n<p>\u5bb6\u5ead\u5957\u623f\u53ef\u5bb9\u7eb3\u56db\u4eba\u5165\u4f4f\u3002 2\u95f4\u5367\u5ba4\uff0c\u5f00\u653e\u5f0f\u53a8\u623f\u671d\u5411\u5ba2\u5385\uff0c\u6d74\u5ba4\uff0c\u514d\u8d39\u4e0a\u7f51\u3002<\/p>\r\n<p>\u5957\u623f\u8272\u5f69\u660e\u4eae\uff0c\u4fef\u77b0\u516c\u56ed\u548c\u65e7\u57ce\u533a\u3002 \u9002\u5408\u6709\u5b69\u5b50\u7684\u5bb6\u5ead\u3002<\/p>\r\n<p>&nbsp;<\/p>\r\n<p>&nbsp;<\/p>\r\n<p><a href=\"\/zh-hant\/accommodation-in-parnu\/family-suite\/\"  class=\" shortcode_button btn_small btn_type3\">\u9605\u8bfb\u66f4\u591a<\/a><a href=\"https:\/\/bouk.io\/booking\/frost\/240\/rooms?language=en&amp;adults=2\"  class=\" shortcode_button btn_small btn_type5\">\u9884\u5b9a\u5ba2\u623f<\/a><\/p>\r\n                <\/div><\/div><!-- .module_cont --><div style='padding-bottom:30px;' class='span3  module_number_6 module_cont  module_text_area'><div class='bg_title'><h3 style='' class='headInModule'>\u5957\u623f<\/h3><\/div>\r\n                <div class='module_content'>\r\n                    <p><a href=\"\/en\/accommodation-in-parnu\/suite-in-parnu\/\"><img loading=\"lazy\" decoding=\"async\" src=\"\/wp-content\/uploads\/2021\/03\/Perle_Sviit-Frost-Boutique-Hotel-Parnu-scaled.jpg\" alt=\"Suite with balcony\" width=\"1920\" height=\"1080\" \/><\/a><\/p>\r\n<p>\u5957\u623f\u53ef\u5bb9\u7eb3\u56db\u4eba\u5165\u4f4f\u3002 2\u95f4\u5367\u5ba4\uff0c\u5e26\u58c1\u7089\u7684\u5bbd\u655e\u5ba2\u5385\uff0c\u53a8\u623f\u89d2\uff0c\u5e26\u6d74\u7f38\u7684\u6d74\u5ba4\u548c\u7a7a\u8c03\u3002 \u514d\u8d39\u4e0a\u7f51\u3002 \u5bbd\u655e\u7684\u5ba2\u5385\u4ece\u9633\u53f0\u5f00\u653e\uff0c\u5e76\u4eab\u6709\u65e7\u57ce\u533a\u7684\u7f8e\u666f\u3002<\/p>\r\n<p>&nbsp;<\/p>\r\n<p>&nbsp;<\/p>\r\n<p><a href=\"\/zh-hant\/accommodation-in-parnu\/suite-in-parnu\/\"  class=\" shortcode_button btn_small btn_type3\">\u9605\u8bfb\u66f4\u591a<\/a><a href=\"https:\/\/bouk.io\/booking\/frost\/240\/rooms?language=en&amp;adults=2\"  class=\" shortcode_button btn_small btn_type5\">\u9884\u5b9a\u5ba2\u623f<\/a><\/p>\r\n                <\/div><\/div><!-- .module_cont --><div style='padding-bottom:30px;' class='span3  module_number_7 module_cont  module_text_area'><div class='bg_title'><h3 style='' class='headInModule'>\u8c6a\u534e\u5957\u623f<\/h3><\/div>\r\n                <div class='module_content'>\r\n                    <p><a href=\"\/en\/accommodation-in-parnu\/luxury-suite-parnu\/\"><img loading=\"lazy\" decoding=\"async\" src=\"\/wp-content\/uploads\/2021\/03\/Silver_Sviit-Frost-Boutique-Hotel-Parnu-scaled.jpg\" alt=\"Lux-suite\" width=\"1920\" height=\"1080\" \/><\/a><\/p>\r\n<p>\u8c6a\u534e\u5957\u623f\u53ef\u5bb9\u7eb3\u56db\u4eba\u5165\u4f4f\u3002 2\u95f4\u5367\u5ba4\uff0c\u5e26\u58c1\u7089\u7684\u5bbd\u655e\u5ba2\u5385\uff0c\u53a8\u623f\uff0c\u7a7a\u8c03\u7cfb\u7edf\u3002 \u8c6a\u534e\u7684\u6d74\u5ba4\u5e26\u6709\u4fef\u77b0\u65e7\u57ce\u533a\u7684\u7a97\u6237\u3002 \u5ba2\u4eba\u53ef\u4ee5\u5728\u8d85\u5927\u9633\u53f0\u4e0a\u4eab\u7528\u65e9\u95f4\u5496\u5561\uff0c\u5728\u9633\u53f0\u4e0a\u53ef\u6b23\u8d4f\u5230\u5723\u4f0a\u4e3d\u838e\u767d\u6559\u5802\u7684\u7f8e\u666f\u3002<\/p>\r\n<p>&nbsp;<\/p>\r\n<p><a href=\"\/zh-hant\/accommodation-in-parnu\/luxury-suite-parnu\/\"  class=\" shortcode_button btn_small btn_type3\">\u9605\u8bfb\u66f4\u591a<\/a><a href=\"https:\/\/bouk.io\/booking\/frost\/240\/rooms?language=en&amp;adults=2\"  class=\" shortcode_button btn_small btn_type5\">\u9884\u5b9a\u5ba2\u623f<\/a><\/p>\r\n                <\/div><\/div><!-- .module_cont --><div style='padding-bottom:30px;' class='span3  module_number_8 module_cont  module_text_area'><div class='bg_title'><h3 style='' class='headInModule'>\u7687\u5bb6\u5957\u623f<\/h3><\/div>\r\n                <div class='module_content'>\r\n                    <p><a href=\"\/en\/accommodation-in-parnu\/royal-suite\/\"><img loading=\"lazy\" decoding=\"async\" src=\"\/wp-content\/uploads\/2021\/03\/Royal_Suite-Frost-Boutique-Hotel-Parnu-scaled.jpg\" alt=\"Royal Suite\" width=\"1920\" height=\"1080\" \/><\/a><\/p>\r\n<p>\u8be5\u516c\u5bd3\u53ef\u5bb9\u7eb3\u4e24\u4eba\u5165\u4f4f\u3002 1\u95f4\u5367\u5ba4\uff0c\u53a8\u623f\uff0c\u5e26\u58c1\u7089\u7684\u5ba2\u5385\uff0c\u5e26\u6d74\u7f38\u7684\u6d74\u5ba4\uff0c\u7a7a\u8c03\u3002 \u5305\u542b\u7528\u4e8e\u4f1a\u8bae\u548c\u5546\u52a1\u4f1a\u8bae\u7684\u5fc5\u8981\u6280\u672f\u8bbe\u5907\u3002 \u514d\u8d39\u4e0a\u7f51\u3002 \u4fef\u77b0\u8001\u57ce\u533a\u3002<\/p>\r\n<p><strong>\u5e8a\u94fa\u5c3a\u5bf8\uff1a1\u5f20\u5bbd\u5927\u53cc\u4eba\u5e8a<\/strong><\/p>\r\n<p>&nbsp;<\/p>\r\n<p><a href=\"\/zh-hant\/accommodation-in-parnu\/royal-suite\/\"  class=\" shortcode_button btn_small btn_type3\">\u9605\u8bfb\u66f4\u591a<\/a><a href=\"https:\/\/bouk.io\/booking\/frost\/240\/rooms?language=en&amp;adults=2\"  class=\" shortcode_button btn_small btn_type5\"><span lang=\"ZH-CN\" style=\"font-size: 11.0pt; line-height: 107%; font-family: SimSun; mso-ascii-font-family: 'Times New Roman'; mso-hansi-font-family: 'Times New Roman'; mso-bidi-font-family: Arial; mso-ansi-language: EN-US; mso-fareast-language: ZH-CN; mso-bidi-language: AR-SA;\">\u9884\u5b9a\u5ba2\u623f<\/span><\/a><\/p>\r\n                <\/div><\/div><!-- .module_cont --><\/div>","protected":false},"excerpt":{"rendered":"<p>\u9ad8\u7ea7\u5ba2\u623f Frost Boutique Hotel\u9152\u5e97\u7684\u9ad8\u7ea7\u5ba2\u623f\u4f4d\u4e8e\u56db\u5408\u9662\u3002 \u3002\u5ba2\u623f\u4e0e\u8f6f\u57ab\u5bb6\u5177\uff0c\u6a61\u6728\u5730\u677f\uff0c\u4eff\u53e4\u6728\u548c\u73b0\u4ee3\u6e05\u6d01\u7ebf\u6761\u5f62\u6210\u9c9c\u660e\u5bf9\u6bd4\u3002\u6574\u4e2a\u5047\u671f\uff0c\u623f\u95f4\u7684\u76ae\u51f3\u90fd\u589e\u6dfb\u4e86\u5962\u534e\u611f\u3002\u671d\u897f\u7684\u623f\u95f4\u5728\u5ead\u9662\u9732\u53f0\u4e0a\u4eab\u53d7\u508d\u665a\u7684\u9633\u5149\u3002 &nbsp; \u5e8a\u94fa\u5c3a\u5bf8\uff1a1\u5f20\u5bbd\u5927\u53cc\u4eba\u5e8a &nbsp; &nbsp; &nbsp; &nbsp; \u9605\u8bfb\u66f4\u591a\u9884\u5b9a\u5ba2\u623f &nbsp; \u5bb6\u5ead\u623f Frost Boutique Hotel\u8c6a\u534e\u5bb6\u5ead [&hellip;]<\/p>\n","protected":false},"author":1,"featured_media":0,"parent":0,"menu_order":0,"comment_status":"closed","ping_status":"closed","template":"page-center.php","meta":{"_acf_changed":false,"footnotes":""},"class_list":["post-5474","page","type-page","status-publish","hentry"],"acf":[],"yoast_head":"<!-- This site is optimized with the Yoast SEO Premium plugin v20.6 (Yoast SEO v27.3) - https:\/\/yoast.com\/product\/yoast-seo-premium-wordpress\/ -->\n<title>Accommodation in P\u00e4rnu | Superior rooms and luxurious Suites in P\u00e4rnu<\/title>\n<meta name=\"description\" content=\"The accommodation in P\u00e4rnu in Frost Boutique is provided in spacious and luxuriously designed rooms with balconies and a superb view!\" \/>\n<meta name=\"robots\" content=\"index, follow, max-snippet:-1, max-image-preview:large, max-video-preview:-1\" \/>\n<link rel=\"canonical\" href=\"https:\/\/frosthotel.ee\/zh-hant\/accommodation-in-parnu\/\" \/>\n<meta property=\"og:locale\" content=\"zh_TW\" \/>\n<meta property=\"og:type\" content=\"article\" \/>\n<meta property=\"og:title\" content=\"\u5ba2\u623f\" \/>\n<meta property=\"og:description\" content=\"The accommodation in P\u00e4rnu in Frost Boutique is provided in spacious and luxuriously designed rooms with balconies and a superb view!\" \/>\n<meta property=\"og:url\" content=\"https:\/\/frosthotel.ee\/zh-hant\/accommodation-in-parnu\/\" \/>\n<meta property=\"og:site_name\" content=\"Frost Boutique Hotel\" \/>\n<meta property=\"article:publisher\" content=\"https:\/\/www.facebook.com\/frostboutiquehotel\/\" \/>\n<meta property=\"article:modified_time\" content=\"2023-03-02T10:20:02+00:00\" \/>\n<meta property=\"og:image\" content=\"https:\/\/frosthotel.ee\/wp-content\/uploads\/2021\/04\/Frost-Boutique-Hotell.jpg\" \/>\n\t<meta property=\"og:image:width\" content=\"2016\" \/>\n\t<meta property=\"og:image:height\" content=\"1512\" \/>\n\t<meta property=\"og:image:type\" content=\"image\/jpeg\" \/>\n<meta name=\"twitter:card\" content=\"summary_large_image\" \/>\n<script type=\"application\/ld+json\" class=\"yoast-schema-graph\">{\"@context\":\"https:\\\/\\\/schema.org\",\"@graph\":[{\"@type\":\"WebPage\",\"@id\":\"https:\\\/\\\/frosthotel.ee\\\/zh-hant\\\/accommodation-in-parnu\\\/\",\"url\":\"https:\\\/\\\/frosthotel.ee\\\/zh-hant\\\/accommodation-in-parnu\\\/\",\"name\":\"Accommodation in P\u00e4rnu | Superior rooms and luxurious Suites in P\u00e4rnu\",\"isPartOf\":{\"@id\":\"https:\\\/\\\/frosthotel.ee\\\/zh-hant\\\/#website\"},\"datePublished\":\"2015-05-19T12:34:39+00:00\",\"dateModified\":\"2023-03-02T10:20:02+00:00\",\"description\":\"The accommodation in P\u00e4rnu in Frost Boutique is provided in spacious and luxuriously designed rooms with balconies and a superb view!\",\"breadcrumb\":{\"@id\":\"https:\\\/\\\/frosthotel.ee\\\/zh-hant\\\/accommodation-in-parnu\\\/#breadcrumb\"},\"inLanguage\":\"zh-TW\",\"potentialAction\":[{\"@type\":\"ReadAction\",\"target\":[\"https:\\\/\\\/frosthotel.ee\\\/zh-hant\\\/accommodation-in-parnu\\\/\"]}]},{\"@type\":\"BreadcrumbList\",\"@id\":\"https:\\\/\\\/frosthotel.ee\\\/zh-hant\\\/accommodation-in-parnu\\\/#breadcrumb\",\"itemListElement\":[{\"@type\":\"ListItem\",\"position\":1,\"name\":\"Home\",\"item\":\"https:\\\/\\\/frosthotel.ee\\\/zh-hant\\\/\"},{\"@type\":\"ListItem\",\"position\":2,\"name\":\"\u5ba2\u623f\"}]},{\"@type\":\"WebSite\",\"@id\":\"https:\\\/\\\/frosthotel.ee\\\/zh-hant\\\/#website\",\"url\":\"https:\\\/\\\/frosthotel.ee\\\/zh-hant\\\/\",\"name\":\"Frost Boutique Hotel\",\"description\":\"P\u00e4rnu s\u00fcdalinna erakordne butiik-hotell\",\"publisher\":{\"@id\":\"https:\\\/\\\/frosthotel.ee\\\/zh-hant\\\/#organization\"},\"potentialAction\":[{\"@type\":\"SearchAction\",\"target\":{\"@type\":\"EntryPoint\",\"urlTemplate\":\"https:\\\/\\\/frosthotel.ee\\\/zh-hant\\\/?s={search_term_string}\"},\"query-input\":{\"@type\":\"PropertyValueSpecification\",\"valueRequired\":true,\"valueName\":\"search_term_string\"}}],\"inLanguage\":\"zh-TW\"},{\"@type\":\"Organization\",\"@id\":\"https:\\\/\\\/frosthotel.ee\\\/zh-hant\\\/#organization\",\"name\":\"Frost Boutique Hotel P\u00e4rnu\",\"url\":\"https:\\\/\\\/frosthotel.ee\\\/zh-hant\\\/\",\"logo\":{\"@type\":\"ImageObject\",\"inLanguage\":\"zh-TW\",\"@id\":\"https:\\\/\\\/frosthotel.ee\\\/zh-hant\\\/#\\\/schema\\\/logo\\\/image\\\/\",\"url\":\"https:\\\/\\\/frosthotel.ee\\\/wp-content\\\/uploads\\\/2022\\\/04\\\/Frost_logo-02.png\",\"contentUrl\":\"https:\\\/\\\/frosthotel.ee\\\/wp-content\\\/uploads\\\/2022\\\/04\\\/Frost_logo-02.png\",\"width\":3545,\"height\":1772,\"caption\":\"Frost Boutique Hotel P\u00e4rnu\"},\"image\":{\"@id\":\"https:\\\/\\\/frosthotel.ee\\\/zh-hant\\\/#\\\/schema\\\/logo\\\/image\\\/\"},\"sameAs\":[\"https:\\\/\\\/www.facebook.com\\\/frostboutiquehotel\\\/\",\"https:\\\/\\\/www.instagram.com\\\/frostboutiquehotel\\\/\"]}]}<\/script>\n<!-- \/ Yoast SEO Premium plugin. -->","yoast_head_json":{"title":"Accommodation in P\u00e4rnu | Superior rooms and luxurious Suites in P\u00e4rnu","description":"The accommodation in P\u00e4rnu in Frost Boutique is provided in spacious and luxuriously designed rooms with balconies and a superb view!","robots":{"index":"index","follow":"follow","max-snippet":"max-snippet:-1","max-image-preview":"max-image-preview:large","max-video-preview":"max-video-preview:-1"},"canonical":"https:\/\/frosthotel.ee\/zh-hant\/accommodation-in-parnu\/","og_locale":"zh_TW","og_type":"article","og_title":"\u5ba2\u623f","og_description":"The accommodation in P\u00e4rnu in Frost Boutique is provided in spacious and luxuriously designed rooms with balconies and a superb view!","og_url":"https:\/\/frosthotel.ee\/zh-hant\/accommodation-in-parnu\/","og_site_name":"Frost Boutique Hotel","article_publisher":"https:\/\/www.facebook.com\/frostboutiquehotel\/","article_modified_time":"2023-03-02T10:20:02+00:00","og_image":[{"width":2016,"height":1512,"url":"https:\/\/frosthotel.ee\/wp-content\/uploads\/2021\/04\/Frost-Boutique-Hotell.jpg","type":"image\/jpeg"}],"twitter_card":"summary_large_image","schema":{"@context":"https:\/\/schema.org","@graph":[{"@type":"WebPage","@id":"https:\/\/frosthotel.ee\/zh-hant\/accommodation-in-parnu\/","url":"https:\/\/frosthotel.ee\/zh-hant\/accommodation-in-parnu\/","name":"Accommodation in P\u00e4rnu | Superior rooms and luxurious Suites in P\u00e4rnu","isPartOf":{"@id":"https:\/\/frosthotel.ee\/zh-hant\/#website"},"datePublished":"2015-05-19T12:34:39+00:00","dateModified":"2023-03-02T10:20:02+00:00","description":"The accommodation in P\u00e4rnu in Frost Boutique is provided in spacious and luxuriously designed rooms with balconies and a superb view!","breadcrumb":{"@id":"https:\/\/frosthotel.ee\/zh-hant\/accommodation-in-parnu\/#breadcrumb"},"inLanguage":"zh-TW","potentialAction":[{"@type":"ReadAction","target":["https:\/\/frosthotel.ee\/zh-hant\/accommodation-in-parnu\/"]}]},{"@type":"BreadcrumbList","@id":"https:\/\/frosthotel.ee\/zh-hant\/accommodation-in-parnu\/#breadcrumb","itemListElement":[{"@type":"ListItem","position":1,"name":"Home","item":"https:\/\/frosthotel.ee\/zh-hant\/"},{"@type":"ListItem","position":2,"name":"\u5ba2\u623f"}]},{"@type":"WebSite","@id":"https:\/\/frosthotel.ee\/zh-hant\/#website","url":"https:\/\/frosthotel.ee\/zh-hant\/","name":"Frost Boutique Hotel","description":"P\u00e4rnu s\u00fcdalinna erakordne butiik-hotell","publisher":{"@id":"https:\/\/frosthotel.ee\/zh-hant\/#organization"},"potentialAction":[{"@type":"SearchAction","target":{"@type":"EntryPoint","urlTemplate":"https:\/\/frosthotel.ee\/zh-hant\/?s={search_term_string}"},"query-input":{"@type":"PropertyValueSpecification","valueRequired":true,"valueName":"search_term_string"}}],"inLanguage":"zh-TW"},{"@type":"Organization","@id":"https:\/\/frosthotel.ee\/zh-hant\/#organization","name":"Frost Boutique Hotel P\u00e4rnu","url":"https:\/\/frosthotel.ee\/zh-hant\/","logo":{"@type":"ImageObject","inLanguage":"zh-TW","@id":"https:\/\/frosthotel.ee\/zh-hant\/#\/schema\/logo\/image\/","url":"https:\/\/frosthotel.ee\/wp-content\/uploads\/2022\/04\/Frost_logo-02.png","contentUrl":"https:\/\/frosthotel.ee\/wp-content\/uploads\/2022\/04\/Frost_logo-02.png","width":3545,"height":1772,"caption":"Frost Boutique Hotel P\u00e4rnu"},"image":{"@id":"https:\/\/frosthotel.ee\/zh-hant\/#\/schema\/logo\/image\/"},"sameAs":["https:\/\/www.facebook.com\/frostboutiquehotel\/","https:\/\/www.instagram.com\/frostboutiquehotel\/"]}]}},"_links":{"self":[{"href":"https:\/\/frosthotel.ee\/zh-hant\/wp-json\/wp\/v2\/pages\/5474","targetHints":{"allow":["GET"]}}],"collection":[{"href":"https:\/\/frosthotel.ee\/zh-hant\/wp-json\/wp\/v2\/pages"}],"about":[{"href":"https:\/\/frosthotel.ee\/zh-hant\/wp-json\/wp\/v2\/types\/page"}],"author":[{"embeddable":true,"href":"https:\/\/frosthotel.ee\/zh-hant\/wp-json\/wp\/v2\/users\/1"}],"replies":[{"embeddable":true,"href":"https:\/\/frosthotel.ee\/zh-hant\/wp-json\/wp\/v2\/comments?post=5474"}],"version-history":[{"count":3,"href":"https:\/\/frosthotel.ee\/zh-hant\/wp-json\/wp\/v2\/pages\/5474\/revisions"}],"predecessor-version":[{"id":5564,"href":"https:\/\/frosthotel.ee\/zh-hant\/wp-json\/wp\/v2\/pages\/5474\/revisions\/5564"}],"wp:attachment":[{"href":"https:\/\/frosthotel.ee\/zh-hant\/wp-json\/wp\/v2\/media?parent=5474"}],"curies":[{"name":"wp","href":"https:\/\/api.w.org\/{rel}","templated":true}]}}