{"id":5517,"date":"2015-05-28T13:30:02","date_gmt":"2015-05-28T10:30:02","guid":{"rendered":"https:\/\/frosthotel.ee\/accommodation-in-parnu\/suite-in-parnu\/"},"modified":"2023-03-02T13:03:42","modified_gmt":"2023-03-02T11:03:42","slug":"suite-in-parnu","status":"publish","type":"page","link":"https:\/\/frosthotel.ee\/zh-hant\/accommodation-in-parnu\/suite-in-parnu\/","title":{"rendered":"\u8c6a\u534e\u5957\u623f"},"content":{"rendered":"<p>&nbsp;<\/p>\n<p>&nbsp;<\/p>\n<div class='row'><div style='padding-bottom:30px;' class='span8 first-module module_number_1 module_cont  module_text_area'>\r\n                <div class='module_content'>\r\n                    <p>Living room, 2 bedrooms, kitchenette<\/p>\r\n<p>Bed size(s): 1 king-size bed and 2 single beds.<\/p>\r\n<p>&nbsp;<\/p>\r\n<p><span class='dropcap type2'>T<\/span>he suite with two bedrooms on the third floor of the main house is a luxurious place to stay for up to 4 people. The west-facing balcony has sunshine from midday until sunset. The roof windows that can be opened and high ceilings make the suite pleasantly spacious and add extra room. No need to leave your hotel room to enjoy a comfortable holiday with family or friends. The living room with an open kitchen and kitchen island, a fireplace and a dining table large enough for all your family and friends, is the ideal place to spend time together. On the other hand, the two separate bedrooms are private enough to ensure that even those on longer holidays feel comfortable and don't have to depend too much on each other. The suite is equipped with air-conditioning, a storage room under the roof, a bathroom with bathtub and a separate toilet.&nbsp;<\/p>\r\n<p>Free Wi-Fi is available in all rooms.&nbsp;<\/p>\r\n<p>Children from the age of 15 are allowed in the suites.<\/p>\r\n<p>&nbsp;<\/p>\r\n<p><a href=\"https:\/\/bouk.io\/booking\/frost\/240\/rooms?language=en&amp;adults=2\"  class=\" shortcode_button btn_small btn_type5\">\u9884\u5b9a\u5ba2\u623f<\/a><\/p>\r\n                <\/div><\/div><!-- .module_cont --><div style='padding-bottom:30px;' class='span4  module_number_2 module_cont  module_text_area'><div class='bg_title'><h4 style='' class='headInModule'>Suite features<\/h4><\/div>\r\n                <div class='module_content'>\r\n                    <ul>\r\n<li>Flat-screen TV,<\/li>\r\n<li>mini-bar,<\/li>\r\n<li>toilet &amp; bathroom,<\/li>\r\n<li>air conditioner,<\/li>\r\n<li>hairdryer,<\/li>\r\n<li>safe deposit box,<\/li>\r\n<li>slippers,<\/li>\r\n<li>coffee and tea making facilities,<\/li>\r\n<li>luxurious design furniture,<\/li>\r\n<li>genuine leather ottomans,<\/li>\r\n<li>free WiFi,<\/li>\r\n<li>Elemis amenities.<\/li>\r\n<\/ul>\r\n                <\/div><\/div><!-- .module_cont --><\/div><div class='row'><div style='padding-bottom:30px;' class='span12  module_number_3 module_cont  module_divider'><hr class=\"type3 \"><\/div><!-- .module_cont --><\/div><div class='row'><div style='padding-bottom:30px;' class='span12  module_number_4 module_cont  module_gallery'><div class='list-of-images images_in_a_row_4'>\r\n                        <div class=\"gallery_item\">\r\n\t\t\t\t\t\t\t<div class=\"gallery_item_padding\">\r\n\t\t\t\t\t\t\t\t<div class=\"gallery_item_wrapper\"><a class=\"featured_ico_link swipebox\" rel=\"gallery-module\" href=\"https:\/\/frosthotel.ee\/wp-content\/uploads\/2025\/02\/Sviit-roduga-Perle-1-1-1.jpg\" title=\"\"><\/a><img loading=\"lazy\" decoding=\"async\" class=\"gallery-stand-img\" src=\"https:\/\/frosthotel.ee\/wp-content\/uploads\/2025\/02\/Sviit-roduga-Perle-1-1-1-570x570.jpg\" alt=\"\" width=\"570\" height=\"570\">\r\n\t\t\t\t\t\t\t\t\t<div class=\"gallery_fadder\"><\/div>\r\n\t\t\t\t\t\t\t\t\t<div class=\"gallery_likes gallery_likes_add \" data-attachid=\"8283\" data-modify=\"like\">\r\n\t\t\t\t\t\t\t\t\t\t<i class=\"stand_icon icon-heart-o\"><\/i>\r\n\t\t\t\t\t\t\t\t\t\t<span>0<\/span>\r\n\t\t\t\t\t\t\t\t\t<\/div>\t\t\t\t\t\t\t\t\t\r\n\t\t\t\t\t\t\t\t<\/div>\r\n\t\t\t\t\t\t\t<\/div>\r\n                        <\/div>\r\n                        \r\n                        <div class=\"gallery_item\">\r\n\t\t\t\t\t\t\t<div class=\"gallery_item_padding\">\r\n\t\t\t\t\t\t\t\t<div class=\"gallery_item_wrapper\"><a class=\"featured_ico_link swipebox\" rel=\"gallery-module\" href=\"https:\/\/frosthotel.ee\/wp-content\/uploads\/2025\/02\/Sviit-roduga-Perle-5--scaled.jpg\" title=\"\"><\/a><img loading=\"lazy\" decoding=\"async\" class=\"gallery-stand-img\" src=\"https:\/\/frosthotel.ee\/wp-content\/uploads\/2025\/02\/Sviit-roduga-Perle-5--scaled-570x570.jpg\" alt=\"\" width=\"570\" height=\"570\">\r\n\t\t\t\t\t\t\t\t\t<div class=\"gallery_fadder\"><\/div>\r\n\t\t\t\t\t\t\t\t\t<div class=\"gallery_likes gallery_likes_add \" data-attachid=\"8278\" data-modify=\"like\">\r\n\t\t\t\t\t\t\t\t\t\t<i class=\"stand_icon icon-heart-o\"><\/i>\r\n\t\t\t\t\t\t\t\t\t\t<span>0<\/span>\r\n\t\t\t\t\t\t\t\t\t<\/div>\t\t\t\t\t\t\t\t\t\r\n\t\t\t\t\t\t\t\t<\/div>\r\n\t\t\t\t\t\t\t<\/div>\r\n                        <\/div>\r\n                        \r\n                        <div class=\"gallery_item\">\r\n\t\t\t\t\t\t\t<div class=\"gallery_item_padding\">\r\n\t\t\t\t\t\t\t\t<div class=\"gallery_item_wrapper\"><a class=\"featured_ico_link swipebox\" rel=\"gallery-module\" href=\"https:\/\/frosthotel.ee\/wp-content\/uploads\/2025\/02\/Sviit-roduga-Perle-4--scaled.jpg\" title=\"\"><\/a><img loading=\"lazy\" decoding=\"async\" class=\"gallery-stand-img\" src=\"https:\/\/frosthotel.ee\/wp-content\/uploads\/2025\/02\/Sviit-roduga-Perle-4--scaled-570x570.jpg\" alt=\"\" width=\"570\" height=\"570\">\r\n\t\t\t\t\t\t\t\t\t<div class=\"gallery_fadder\"><\/div>\r\n\t\t\t\t\t\t\t\t\t<div class=\"gallery_likes gallery_likes_add \" data-attachid=\"8273\" data-modify=\"like\">\r\n\t\t\t\t\t\t\t\t\t\t<i class=\"stand_icon icon-heart-o\"><\/i>\r\n\t\t\t\t\t\t\t\t\t\t<span>0<\/span>\r\n\t\t\t\t\t\t\t\t\t<\/div>\t\t\t\t\t\t\t\t\t\r\n\t\t\t\t\t\t\t\t<\/div>\r\n\t\t\t\t\t\t\t<\/div>\r\n                        <\/div>\r\n                        \r\n                        <div class=\"gallery_item\">\r\n\t\t\t\t\t\t\t<div class=\"gallery_item_padding\">\r\n\t\t\t\t\t\t\t\t<div class=\"gallery_item_wrapper\"><a class=\"featured_ico_link swipebox\" rel=\"gallery-module\" href=\"https:\/\/frosthotel.ee\/wp-content\/uploads\/2025\/02\/Sviit-roduga-Perle-3--scaled.jpg\" title=\"\"><\/a><img loading=\"lazy\" decoding=\"async\" class=\"gallery-stand-img\" src=\"https:\/\/frosthotel.ee\/wp-content\/uploads\/2025\/02\/Sviit-roduga-Perle-3--scaled-570x570.jpg\" alt=\"\" width=\"570\" height=\"570\">\r\n\t\t\t\t\t\t\t\t\t<div class=\"gallery_fadder\"><\/div>\r\n\t\t\t\t\t\t\t\t\t<div class=\"gallery_likes gallery_likes_add \" data-attachid=\"8268\" data-modify=\"like\">\r\n\t\t\t\t\t\t\t\t\t\t<i class=\"stand_icon icon-heart-o\"><\/i>\r\n\t\t\t\t\t\t\t\t\t\t<span>0<\/span>\r\n\t\t\t\t\t\t\t\t\t<\/div>\t\t\t\t\t\t\t\t\t\r\n\t\t\t\t\t\t\t\t<\/div>\r\n\t\t\t\t\t\t\t<\/div>\r\n                        <\/div>\r\n                        \r\n                        <div class=\"gallery_item\">\r\n\t\t\t\t\t\t\t<div class=\"gallery_item_padding\">\r\n\t\t\t\t\t\t\t\t<div class=\"gallery_item_wrapper\"><a class=\"featured_ico_link swipebox\" rel=\"gallery-module\" href=\"https:\/\/frosthotel.ee\/wp-content\/uploads\/2025\/02\/Sviit-roduga-Perle-2--scaled.jpg\" title=\"\"><\/a><img loading=\"lazy\" decoding=\"async\" class=\"gallery-stand-img\" src=\"https:\/\/frosthotel.ee\/wp-content\/uploads\/2025\/02\/Sviit-roduga-Perle-2--scaled-570x570.jpg\" alt=\"\" width=\"570\" height=\"570\">\r\n\t\t\t\t\t\t\t\t\t<div class=\"gallery_fadder\"><\/div>\r\n\t\t\t\t\t\t\t\t\t<div class=\"gallery_likes gallery_likes_add \" data-attachid=\"8263\" data-modify=\"like\">\r\n\t\t\t\t\t\t\t\t\t\t<i class=\"stand_icon icon-heart-o\"><\/i>\r\n\t\t\t\t\t\t\t\t\t\t<span>0<\/span>\r\n\t\t\t\t\t\t\t\t\t<\/div>\t\t\t\t\t\t\t\t\t\r\n\t\t\t\t\t\t\t\t<\/div>\r\n\t\t\t\t\t\t\t<\/div>\r\n                        <\/div>\r\n                        \r\n            <div class='clear'><\/div>\r\n            <\/div>\r\n            <\/div><!-- .module_cont --><\/div>","protected":false},"excerpt":{"rendered":"<p>&nbsp; &nbsp; Living room, 2 bedrooms, kitchenette Bed size(s): 1 king-size bed and 2 single beds. &nbsp; The suite with two bedrooms on the third floor of the main house is a luxurious place to stay  [&hellip;]<\/p>\n","protected":false},"author":1,"featured_media":0,"parent":5474,"menu_order":0,"comment_status":"closed","ping_status":"closed","template":"page-center.php","meta":{"_acf_changed":false,"footnotes":""},"class_list":["post-5517","page","type-page","status-publish","hentry"],"acf":[],"yoast_head":"<!-- This site is optimized with the Yoast SEO Premium plugin v20.6 (Yoast SEO v27.3) - https:\/\/yoast.com\/product\/yoast-seo-premium-wordpress\/ -->\n<title>Suite in P\u00e4rnu | Luxurious accommodation | Frost Boutique Hotel in P\u00e4rnu<\/title>\n<meta name=\"description\" content=\"Frost Boutique Hotel provides luxurious accommodation in P\u00e4rnu in its spacious suites. Our suites have private balconies...\" \/>\n<meta name=\"robots\" content=\"index, follow, max-snippet:-1, max-image-preview:large, max-video-preview:-1\" \/>\n<link rel=\"canonical\" href=\"https:\/\/frosthotel.ee\/zh-hant\/accommodation-in-parnu\/suite-in-parnu\/\" \/>\n<meta property=\"og:locale\" content=\"zh_TW\" \/>\n<meta property=\"og:type\" content=\"article\" \/>\n<meta property=\"og:title\" content=\"\u8c6a\u534e\u5957\u623f\" \/>\n<meta property=\"og:description\" content=\"Frost Boutique Hotel provides luxurious accommodation in P\u00e4rnu in its spacious suites. Our suites have private balconies...\" \/>\n<meta property=\"og:url\" content=\"https:\/\/frosthotel.ee\/zh-hant\/accommodation-in-parnu\/suite-in-parnu\/\" \/>\n<meta property=\"og:site_name\" content=\"Frost Boutique Hotel\" \/>\n<meta property=\"article:publisher\" content=\"https:\/\/www.facebook.com\/frostboutiquehotel\/\" \/>\n<meta property=\"article:modified_time\" content=\"2023-03-02T11:03:42+00:00\" \/>\n<meta property=\"og:image\" content=\"https:\/\/frosthotel.ee\/wp-content\/uploads\/2021\/04\/Frost-Boutique-Hotell.jpg\" \/>\n\t<meta property=\"og:image:width\" content=\"2016\" \/>\n\t<meta property=\"og:image:height\" content=\"1512\" \/>\n\t<meta property=\"og:image:type\" content=\"image\/jpeg\" \/>\n<meta name=\"twitter:card\" content=\"summary_large_image\" \/>\n<script type=\"application\/ld+json\" class=\"yoast-schema-graph\">{\"@context\":\"https:\\\/\\\/schema.org\",\"@graph\":[{\"@type\":\"WebPage\",\"@id\":\"https:\\\/\\\/frosthotel.ee\\\/zh-hant\\\/accommodation-in-parnu\\\/suite-in-parnu\\\/\",\"url\":\"https:\\\/\\\/frosthotel.ee\\\/zh-hant\\\/accommodation-in-parnu\\\/suite-in-parnu\\\/\",\"name\":\"Suite in P\u00e4rnu | Luxurious accommodation | Frost Boutique Hotel in P\u00e4rnu\",\"isPartOf\":{\"@id\":\"https:\\\/\\\/frosthotel.ee\\\/zh-hant\\\/#website\"},\"datePublished\":\"2015-05-28T10:30:02+00:00\",\"dateModified\":\"2023-03-02T11:03:42+00:00\",\"description\":\"Frost Boutique Hotel provides luxurious accommodation in P\u00e4rnu in its spacious suites. Our suites have private balconies...\",\"breadcrumb\":{\"@id\":\"https:\\\/\\\/frosthotel.ee\\\/zh-hant\\\/accommodation-in-parnu\\\/suite-in-parnu\\\/#breadcrumb\"},\"inLanguage\":\"zh-TW\",\"potentialAction\":[{\"@type\":\"ReadAction\",\"target\":[\"https:\\\/\\\/frosthotel.ee\\\/zh-hant\\\/accommodation-in-parnu\\\/suite-in-parnu\\\/\"]}]},{\"@type\":\"BreadcrumbList\",\"@id\":\"https:\\\/\\\/frosthotel.ee\\\/zh-hant\\\/accommodation-in-parnu\\\/suite-in-parnu\\\/#breadcrumb\",\"itemListElement\":[{\"@type\":\"ListItem\",\"position\":1,\"name\":\"Home\",\"item\":\"https:\\\/\\\/frosthotel.ee\\\/zh-hant\\\/\"},{\"@type\":\"ListItem\",\"position\":2,\"name\":\"\u5ba2\u623f\",\"item\":\"https:\\\/\\\/frosthotel.ee\\\/zh-hant\\\/accommodation-in-parnu\\\/\"},{\"@type\":\"ListItem\",\"position\":3,\"name\":\"\u8c6a\u534e\u5957\u623f\"}]},{\"@type\":\"WebSite\",\"@id\":\"https:\\\/\\\/frosthotel.ee\\\/zh-hant\\\/#website\",\"url\":\"https:\\\/\\\/frosthotel.ee\\\/zh-hant\\\/\",\"name\":\"Frost Boutique Hotel\",\"description\":\"P\u00e4rnu s\u00fcdalinna erakordne butiik-hotell\",\"publisher\":{\"@id\":\"https:\\\/\\\/frosthotel.ee\\\/zh-hant\\\/#organization\"},\"potentialAction\":[{\"@type\":\"SearchAction\",\"target\":{\"@type\":\"EntryPoint\",\"urlTemplate\":\"https:\\\/\\\/frosthotel.ee\\\/zh-hant\\\/?s={search_term_string}\"},\"query-input\":{\"@type\":\"PropertyValueSpecification\",\"valueRequired\":true,\"valueName\":\"search_term_string\"}}],\"inLanguage\":\"zh-TW\"},{\"@type\":\"Organization\",\"@id\":\"https:\\\/\\\/frosthotel.ee\\\/zh-hant\\\/#organization\",\"name\":\"Frost Boutique Hotel P\u00e4rnu\",\"url\":\"https:\\\/\\\/frosthotel.ee\\\/zh-hant\\\/\",\"logo\":{\"@type\":\"ImageObject\",\"inLanguage\":\"zh-TW\",\"@id\":\"https:\\\/\\\/frosthotel.ee\\\/zh-hant\\\/#\\\/schema\\\/logo\\\/image\\\/\",\"url\":\"https:\\\/\\\/frosthotel.ee\\\/wp-content\\\/uploads\\\/2022\\\/04\\\/Frost_logo-02.png\",\"contentUrl\":\"https:\\\/\\\/frosthotel.ee\\\/wp-content\\\/uploads\\\/2022\\\/04\\\/Frost_logo-02.png\",\"width\":3545,\"height\":1772,\"caption\":\"Frost Boutique Hotel P\u00e4rnu\"},\"image\":{\"@id\":\"https:\\\/\\\/frosthotel.ee\\\/zh-hant\\\/#\\\/schema\\\/logo\\\/image\\\/\"},\"sameAs\":[\"https:\\\/\\\/www.facebook.com\\\/frostboutiquehotel\\\/\",\"https:\\\/\\\/www.instagram.com\\\/frostboutiquehotel\\\/\"]}]}<\/script>\n<!-- \/ Yoast SEO Premium plugin. -->","yoast_head_json":{"title":"Suite in P\u00e4rnu | Luxurious accommodation | Frost Boutique Hotel in P\u00e4rnu","description":"Frost Boutique Hotel provides luxurious accommodation in P\u00e4rnu in its spacious suites. Our suites have private balconies...","robots":{"index":"index","follow":"follow","max-snippet":"max-snippet:-1","max-image-preview":"max-image-preview:large","max-video-preview":"max-video-preview:-1"},"canonical":"https:\/\/frosthotel.ee\/zh-hant\/accommodation-in-parnu\/suite-in-parnu\/","og_locale":"zh_TW","og_type":"article","og_title":"\u8c6a\u534e\u5957\u623f","og_description":"Frost Boutique Hotel provides luxurious accommodation in P\u00e4rnu in its spacious suites. Our suites have private balconies...","og_url":"https:\/\/frosthotel.ee\/zh-hant\/accommodation-in-parnu\/suite-in-parnu\/","og_site_name":"Frost Boutique Hotel","article_publisher":"https:\/\/www.facebook.com\/frostboutiquehotel\/","article_modified_time":"2023-03-02T11:03:42+00:00","og_image":[{"width":2016,"height":1512,"url":"https:\/\/frosthotel.ee\/wp-content\/uploads\/2021\/04\/Frost-Boutique-Hotell.jpg","type":"image\/jpeg"}],"twitter_card":"summary_large_image","schema":{"@context":"https:\/\/schema.org","@graph":[{"@type":"WebPage","@id":"https:\/\/frosthotel.ee\/zh-hant\/accommodation-in-parnu\/suite-in-parnu\/","url":"https:\/\/frosthotel.ee\/zh-hant\/accommodation-in-parnu\/suite-in-parnu\/","name":"Suite in P\u00e4rnu | Luxurious accommodation | Frost Boutique Hotel in P\u00e4rnu","isPartOf":{"@id":"https:\/\/frosthotel.ee\/zh-hant\/#website"},"datePublished":"2015-05-28T10:30:02+00:00","dateModified":"2023-03-02T11:03:42+00:00","description":"Frost Boutique Hotel provides luxurious accommodation in P\u00e4rnu in its spacious suites. Our suites have private balconies...","breadcrumb":{"@id":"https:\/\/frosthotel.ee\/zh-hant\/accommodation-in-parnu\/suite-in-parnu\/#breadcrumb"},"inLanguage":"zh-TW","potentialAction":[{"@type":"ReadAction","target":["https:\/\/frosthotel.ee\/zh-hant\/accommodation-in-parnu\/suite-in-parnu\/"]}]},{"@type":"BreadcrumbList","@id":"https:\/\/frosthotel.ee\/zh-hant\/accommodation-in-parnu\/suite-in-parnu\/#breadcrumb","itemListElement":[{"@type":"ListItem","position":1,"name":"Home","item":"https:\/\/frosthotel.ee\/zh-hant\/"},{"@type":"ListItem","position":2,"name":"\u5ba2\u623f","item":"https:\/\/frosthotel.ee\/zh-hant\/accommodation-in-parnu\/"},{"@type":"ListItem","position":3,"name":"\u8c6a\u534e\u5957\u623f"}]},{"@type":"WebSite","@id":"https:\/\/frosthotel.ee\/zh-hant\/#website","url":"https:\/\/frosthotel.ee\/zh-hant\/","name":"Frost Boutique Hotel","description":"P\u00e4rnu s\u00fcdalinna erakordne butiik-hotell","publisher":{"@id":"https:\/\/frosthotel.ee\/zh-hant\/#organization"},"potentialAction":[{"@type":"SearchAction","target":{"@type":"EntryPoint","urlTemplate":"https:\/\/frosthotel.ee\/zh-hant\/?s={search_term_string}"},"query-input":{"@type":"PropertyValueSpecification","valueRequired":true,"valueName":"search_term_string"}}],"inLanguage":"zh-TW"},{"@type":"Organization","@id":"https:\/\/frosthotel.ee\/zh-hant\/#organization","name":"Frost Boutique Hotel P\u00e4rnu","url":"https:\/\/frosthotel.ee\/zh-hant\/","logo":{"@type":"ImageObject","inLanguage":"zh-TW","@id":"https:\/\/frosthotel.ee\/zh-hant\/#\/schema\/logo\/image\/","url":"https:\/\/frosthotel.ee\/wp-content\/uploads\/2022\/04\/Frost_logo-02.png","contentUrl":"https:\/\/frosthotel.ee\/wp-content\/uploads\/2022\/04\/Frost_logo-02.png","width":3545,"height":1772,"caption":"Frost Boutique Hotel P\u00e4rnu"},"image":{"@id":"https:\/\/frosthotel.ee\/zh-hant\/#\/schema\/logo\/image\/"},"sameAs":["https:\/\/www.facebook.com\/frostboutiquehotel\/","https:\/\/www.instagram.com\/frostboutiquehotel\/"]}]}},"_links":{"self":[{"href":"https:\/\/frosthotel.ee\/zh-hant\/wp-json\/wp\/v2\/pages\/5517","targetHints":{"allow":["GET"]}}],"collection":[{"href":"https:\/\/frosthotel.ee\/zh-hant\/wp-json\/wp\/v2\/pages"}],"about":[{"href":"https:\/\/frosthotel.ee\/zh-hant\/wp-json\/wp\/v2\/types\/page"}],"author":[{"embeddable":true,"href":"https:\/\/frosthotel.ee\/zh-hant\/wp-json\/wp\/v2\/users\/1"}],"replies":[{"embeddable":true,"href":"https:\/\/frosthotel.ee\/zh-hant\/wp-json\/wp\/v2\/comments?post=5517"}],"version-history":[{"count":2,"href":"https:\/\/frosthotel.ee\/zh-hant\/wp-json\/wp\/v2\/pages\/5517\/revisions"}],"predecessor-version":[{"id":5562,"href":"https:\/\/frosthotel.ee\/zh-hant\/wp-json\/wp\/v2\/pages\/5517\/revisions\/5562"}],"up":[{"embeddable":true,"href":"https:\/\/frosthotel.ee\/zh-hant\/wp-json\/wp\/v2\/pages\/5474"}],"wp:attachment":[{"href":"https:\/\/frosthotel.ee\/zh-hant\/wp-json\/wp\/v2\/media?parent=5517"}],"curies":[{"name":"wp","href":"https:\/\/api.w.org\/{rel}","templated":true}]}}