{"id":5524,"date":"2015-05-19T18:49:24","date_gmt":"2015-05-19T15:49:24","guid":{"rendered":"https:\/\/frosthotel.ee\/feedback\/"},"modified":"2015-05-19T18:49:24","modified_gmt":"2015-05-19T15:49:24","slug":"feedback","status":"publish","type":"page","link":"https:\/\/frosthotel.ee\/zh-hant\/feedback\/","title":{"rendered":"Feedback"},"content":{"rendered":"<div class='row'><div style='padding-bottom:30px;' class='span8 first-module module_number_1 module_cont  module_html'><div class='bg_title'><h3 style='' class='headInModule'>Feedback in Tripadvisor<\/h3><\/div>\r\n                <div class='module_content'>\r\n                    <div id=\"TA_selfserveprop647\" class=\"TA_selfserveprop\">\r\n<ul id=\"ARUFdMOsiCBO\" class=\"TA_links tqiW004vz\">\r\n<li id=\"OGb58qqTrNe\" class=\"Lwg6wnOoj\">\r\n<a target=\"_blank\" href=\"\/\/www.tripadvisor.com\/\"><img decoding=\"async\" src=\"\/\/www.tripadvisor.com\/img\/cdsi\/img2\/branding\/150_logo-11900-2.png\" alt=\"TripAdvisor\"\/><\/a>\r\n<\/li>\r\n<\/ul>\r\n<\/div>\r\n<script src=\"\/\/www.jscache.com\/wejs?wtype=selfserveprop&uniq=647&locationId=1831168&lang=en_US&rating=true&nreviews=4&writereviewlink=true&popIdx=true&iswide=true&border=false&display_version=2\"><\/script>\r\n                <\/div><\/div><!-- .module_cont --><div style='padding-bottom:30px;' class='span4  module_number_2 module_cont  module_text_area'><div class='bg_title'><h4 style='' class='headInModule'>What guests are saying<\/h4><\/div>\r\n                <div class='module_content'>\r\n                    <p><blockquote class='shortcode_blockquote left type5' style='width:100%;'><div class='blockquote_wrapper'><p>Very cozy, homey hotel from interior to staff. The Best ever seen hotel in Parnu.<\/p><div class='author'>Aivars (Latvia)<\/div><\/div><\/blockquote><\/p>\r\n<p>&nbsp;<\/p>\r\n<p><blockquote class='shortcode_blockquote left type5' style='width:100%;'><div class='blockquote_wrapper'><p>We loved this place. Very well located in the old town part of Parnu, you would never know it from the quiet ambience. Set back from the street, it has all of the amenities required for a lovely stay. The staff was friendly and helpful. The common rooms are beautiful. GREAT breakfast upon request served with style. We would not hesitate to stay here again<\/p><div class='author'>Stephen (USA)<\/div><\/div><\/blockquote><\/p>\r\n<p>&nbsp;<\/p>\r\n<p>Source: <a href=\"http:\/\/www.booking.com\/hotel\/ee\/frost-house-boutique.en-gb.html?sid=8e76732b68ff38f4ff1ee42d6d6a774d;dcid=1;checkin=2015-10-05;checkout=2015-10-07;ucfs=1;srfid=94ba21837cf5bd9b70d1c7adda5df20f5d055e52X1;hptv=do#tab-reviews\" target=\"_blank\" rel=\"noopener\">booking.com<\/a><\/p>\r\n                <\/div><\/div><!-- .module_cont --><\/div>","protected":false},"excerpt":{"rendered":"<p>Feedback in Tripadvisor What guests are saying Very cozy, homey hotel from interior to staff. The Best ever seen hotel in Parnu.Aivars (Latvia) &nbsp; We loved this place. Very well located in the old [&hellip;]<\/p>\n","protected":false},"author":1,"featured_media":0,"parent":0,"menu_order":0,"comment_status":"closed","ping_status":"closed","template":"page-center.php","meta":{"_acf_changed":false,"footnotes":""},"class_list":["post-5524","page","type-page","status-publish","hentry"],"acf":[],"yoast_head":"<!-- This site is optimized with the Yoast SEO Premium plugin v20.6 (Yoast SEO v27.3) - https:\/\/yoast.com\/product\/yoast-seo-premium-wordpress\/ -->\n<title>Feedback for Hotel in P\u00e4rnu| Frost Boutique Hotel in P\u00e4rnu<\/title>\n<meta name=\"description\" content=\"Frost Boutique Hotel is No. 1 hotel in P\u00e4rnu on TripAdvisor\" \/>\n<meta name=\"robots\" content=\"index, follow, max-snippet:-1, max-image-preview:large, max-video-preview:-1\" \/>\n<link rel=\"canonical\" href=\"https:\/\/frosthotel.ee\/zh-hant\/feedback\/\" \/>\n<meta property=\"og:locale\" content=\"zh_TW\" \/>\n<meta property=\"og:type\" content=\"article\" \/>\n<meta property=\"og:title\" content=\"Feedback\" \/>\n<meta property=\"og:description\" content=\"Frost Boutique Hotel is No. 1 hotel in P\u00e4rnu on TripAdvisor\" \/>\n<meta property=\"og:url\" content=\"https:\/\/frosthotel.ee\/zh-hant\/feedback\/\" \/>\n<meta property=\"og:site_name\" content=\"Frost Boutique Hotel\" \/>\n<meta property=\"article:publisher\" content=\"https:\/\/www.facebook.com\/frostboutiquehotel\/\" \/>\n<meta property=\"og:image\" content=\"https:\/\/frosthotel.ee\/wp-content\/uploads\/2021\/04\/Frost-Boutique-Hotell.jpg\" \/>\n\t<meta property=\"og:image:width\" content=\"2016\" \/>\n\t<meta property=\"og:image:height\" content=\"1512\" \/>\n\t<meta property=\"og:image:type\" content=\"image\/jpeg\" \/>\n<meta name=\"twitter:card\" content=\"summary_large_image\" \/>\n<script type=\"application\/ld+json\" class=\"yoast-schema-graph\">{\"@context\":\"https:\\\/\\\/schema.org\",\"@graph\":[{\"@type\":\"WebPage\",\"@id\":\"https:\\\/\\\/frosthotel.ee\\\/zh-hant\\\/feedback\\\/\",\"url\":\"https:\\\/\\\/frosthotel.ee\\\/zh-hant\\\/feedback\\\/\",\"name\":\"Feedback for Hotel in P\u00e4rnu| Frost Boutique Hotel in P\u00e4rnu\",\"isPartOf\":{\"@id\":\"https:\\\/\\\/frosthotel.ee\\\/zh-hant\\\/#website\"},\"datePublished\":\"2015-05-19T15:49:24+00:00\",\"description\":\"Frost Boutique Hotel is No. 1 hotel in P\u00e4rnu on TripAdvisor\",\"breadcrumb\":{\"@id\":\"https:\\\/\\\/frosthotel.ee\\\/zh-hant\\\/feedback\\\/#breadcrumb\"},\"inLanguage\":\"zh-TW\",\"potentialAction\":[{\"@type\":\"ReadAction\",\"target\":[\"https:\\\/\\\/frosthotel.ee\\\/zh-hant\\\/feedback\\\/\"]}]},{\"@type\":\"BreadcrumbList\",\"@id\":\"https:\\\/\\\/frosthotel.ee\\\/zh-hant\\\/feedback\\\/#breadcrumb\",\"itemListElement\":[{\"@type\":\"ListItem\",\"position\":1,\"name\":\"Home\",\"item\":\"https:\\\/\\\/frosthotel.ee\\\/zh-hant\\\/\"},{\"@type\":\"ListItem\",\"position\":2,\"name\":\"Feedback\"}]},{\"@type\":\"WebSite\",\"@id\":\"https:\\\/\\\/frosthotel.ee\\\/zh-hant\\\/#website\",\"url\":\"https:\\\/\\\/frosthotel.ee\\\/zh-hant\\\/\",\"name\":\"Frost Boutique Hotel\",\"description\":\"P\u00e4rnu s\u00fcdalinna erakordne butiik-hotell\",\"publisher\":{\"@id\":\"https:\\\/\\\/frosthotel.ee\\\/zh-hant\\\/#organization\"},\"potentialAction\":[{\"@type\":\"SearchAction\",\"target\":{\"@type\":\"EntryPoint\",\"urlTemplate\":\"https:\\\/\\\/frosthotel.ee\\\/zh-hant\\\/?s={search_term_string}\"},\"query-input\":{\"@type\":\"PropertyValueSpecification\",\"valueRequired\":true,\"valueName\":\"search_term_string\"}}],\"inLanguage\":\"zh-TW\"},{\"@type\":\"Organization\",\"@id\":\"https:\\\/\\\/frosthotel.ee\\\/zh-hant\\\/#organization\",\"name\":\"Frost Boutique Hotel P\u00e4rnu\",\"url\":\"https:\\\/\\\/frosthotel.ee\\\/zh-hant\\\/\",\"logo\":{\"@type\":\"ImageObject\",\"inLanguage\":\"zh-TW\",\"@id\":\"https:\\\/\\\/frosthotel.ee\\\/zh-hant\\\/#\\\/schema\\\/logo\\\/image\\\/\",\"url\":\"https:\\\/\\\/frosthotel.ee\\\/wp-content\\\/uploads\\\/2022\\\/04\\\/Frost_logo-02.png\",\"contentUrl\":\"https:\\\/\\\/frosthotel.ee\\\/wp-content\\\/uploads\\\/2022\\\/04\\\/Frost_logo-02.png\",\"width\":3545,\"height\":1772,\"caption\":\"Frost Boutique Hotel P\u00e4rnu\"},\"image\":{\"@id\":\"https:\\\/\\\/frosthotel.ee\\\/zh-hant\\\/#\\\/schema\\\/logo\\\/image\\\/\"},\"sameAs\":[\"https:\\\/\\\/www.facebook.com\\\/frostboutiquehotel\\\/\",\"https:\\\/\\\/www.instagram.com\\\/frostboutiquehotel\\\/\"]}]}<\/script>\n<!-- \/ Yoast SEO Premium plugin. -->","yoast_head_json":{"title":"Feedback for Hotel in P\u00e4rnu| Frost Boutique Hotel in P\u00e4rnu","description":"Frost Boutique Hotel is No. 1 hotel in P\u00e4rnu on TripAdvisor","robots":{"index":"index","follow":"follow","max-snippet":"max-snippet:-1","max-image-preview":"max-image-preview:large","max-video-preview":"max-video-preview:-1"},"canonical":"https:\/\/frosthotel.ee\/zh-hant\/feedback\/","og_locale":"zh_TW","og_type":"article","og_title":"Feedback","og_description":"Frost Boutique Hotel is No. 1 hotel in P\u00e4rnu on TripAdvisor","og_url":"https:\/\/frosthotel.ee\/zh-hant\/feedback\/","og_site_name":"Frost Boutique Hotel","article_publisher":"https:\/\/www.facebook.com\/frostboutiquehotel\/","og_image":[{"width":2016,"height":1512,"url":"https:\/\/frosthotel.ee\/wp-content\/uploads\/2021\/04\/Frost-Boutique-Hotell.jpg","type":"image\/jpeg"}],"twitter_card":"summary_large_image","schema":{"@context":"https:\/\/schema.org","@graph":[{"@type":"WebPage","@id":"https:\/\/frosthotel.ee\/zh-hant\/feedback\/","url":"https:\/\/frosthotel.ee\/zh-hant\/feedback\/","name":"Feedback for Hotel in P\u00e4rnu| Frost Boutique Hotel in P\u00e4rnu","isPartOf":{"@id":"https:\/\/frosthotel.ee\/zh-hant\/#website"},"datePublished":"2015-05-19T15:49:24+00:00","description":"Frost Boutique Hotel is No. 1 hotel in P\u00e4rnu on TripAdvisor","breadcrumb":{"@id":"https:\/\/frosthotel.ee\/zh-hant\/feedback\/#breadcrumb"},"inLanguage":"zh-TW","potentialAction":[{"@type":"ReadAction","target":["https:\/\/frosthotel.ee\/zh-hant\/feedback\/"]}]},{"@type":"BreadcrumbList","@id":"https:\/\/frosthotel.ee\/zh-hant\/feedback\/#breadcrumb","itemListElement":[{"@type":"ListItem","position":1,"name":"Home","item":"https:\/\/frosthotel.ee\/zh-hant\/"},{"@type":"ListItem","position":2,"name":"Feedback"}]},{"@type":"WebSite","@id":"https:\/\/frosthotel.ee\/zh-hant\/#website","url":"https:\/\/frosthotel.ee\/zh-hant\/","name":"Frost Boutique Hotel","description":"P\u00e4rnu s\u00fcdalinna erakordne butiik-hotell","publisher":{"@id":"https:\/\/frosthotel.ee\/zh-hant\/#organization"},"potentialAction":[{"@type":"SearchAction","target":{"@type":"EntryPoint","urlTemplate":"https:\/\/frosthotel.ee\/zh-hant\/?s={search_term_string}"},"query-input":{"@type":"PropertyValueSpecification","valueRequired":true,"valueName":"search_term_string"}}],"inLanguage":"zh-TW"},{"@type":"Organization","@id":"https:\/\/frosthotel.ee\/zh-hant\/#organization","name":"Frost Boutique Hotel P\u00e4rnu","url":"https:\/\/frosthotel.ee\/zh-hant\/","logo":{"@type":"ImageObject","inLanguage":"zh-TW","@id":"https:\/\/frosthotel.ee\/zh-hant\/#\/schema\/logo\/image\/","url":"https:\/\/frosthotel.ee\/wp-content\/uploads\/2022\/04\/Frost_logo-02.png","contentUrl":"https:\/\/frosthotel.ee\/wp-content\/uploads\/2022\/04\/Frost_logo-02.png","width":3545,"height":1772,"caption":"Frost Boutique Hotel P\u00e4rnu"},"image":{"@id":"https:\/\/frosthotel.ee\/zh-hant\/#\/schema\/logo\/image\/"},"sameAs":["https:\/\/www.facebook.com\/frostboutiquehotel\/","https:\/\/www.instagram.com\/frostboutiquehotel\/"]}]}},"_links":{"self":[{"href":"https:\/\/frosthotel.ee\/zh-hant\/wp-json\/wp\/v2\/pages\/5524","targetHints":{"allow":["GET"]}}],"collection":[{"href":"https:\/\/frosthotel.ee\/zh-hant\/wp-json\/wp\/v2\/pages"}],"about":[{"href":"https:\/\/frosthotel.ee\/zh-hant\/wp-json\/wp\/v2\/types\/page"}],"author":[{"embeddable":true,"href":"https:\/\/frosthotel.ee\/zh-hant\/wp-json\/wp\/v2\/users\/1"}],"replies":[{"embeddable":true,"href":"https:\/\/frosthotel.ee\/zh-hant\/wp-json\/wp\/v2\/comments?post=5524"}],"version-history":[{"count":0,"href":"https:\/\/frosthotel.ee\/zh-hant\/wp-json\/wp\/v2\/pages\/5524\/revisions"}],"wp:attachment":[{"href":"https:\/\/frosthotel.ee\/zh-hant\/wp-json\/wp\/v2\/media?parent=5524"}],"curies":[{"name":"wp","href":"https:\/\/api.w.org\/{rel}","templated":true}]}}